{"id":8912,"date":"2023-06-05T16:16:04","date_gmt":"2023-06-05T14:16:04","guid":{"rendered":"http:\/\/vsrl.sviluppokeyweb.com\/news\/"},"modified":"2025-10-23T09:47:09","modified_gmt":"2025-10-23T07:47:09","slug":"news","status":"publish","type":"page","link":"https:\/\/www.vezzosisrl.com\/es\/news\/","title":{"rendered":"News"},"content":{"rendered":"\t<section class=\"section\" id=\"section_299314720\">\n\t\t<div class=\"bg section-bg fill bg-fill  bg-loaded\" >\n\n\t\t\t\n\t\t\t\n\t\t\t\n\n\t\t<\/div>\n\n\t\t\n\n\t\t<div class=\"section-content relative\">\n\t\t\t\n<div class=\"row\"  id=\"row-1314416680\">\n\n\t<div id=\"col-1508947765\" class=\"col small-12 large-12\"  >\n\t\t\t\t<div class=\"col-inner\"  >\n\t\t\t\n\t\t\t\n<p><img loading=\"lazy\" decoding=\"async\" class=\"iconas aligncenter\" src=\"https:\/\/www.vezzosisrl.com\/wp-content\/uploads\/2023\/04\/icon.jpg\" alt=\"icon vezzosi\" width=\"50\" height=\"50\" \/><\/p>\n<h2 style=\"text-align: center;\">Aggiornamenti e novit\u00e0<\/h2>\n\t\t<\/div>\n\t\t\t\t\t<\/div>\n\n\t\n\n\t<div id=\"col-2092135487\" class=\"col small-12 large-12\"  >\n\t\t\t\t<div class=\"col-inner\"  >\n\t\t\t\n\t\t\t\n\n  \n    <div class=\"row large-columns-4 medium-columns-1 small-columns-1\">\n  <div class=\"col post-item\" >\r\n\t\t\t<div class=\"col-inner\">\r\n\t\t\t<a href=\"https:\/\/www.vezzosisrl.com\/es\/promo-2023-copy\/\" class=\"plain\">\r\n\t\t\t\t<div class=\"box box-push box-text-bottom box-blog-post has-hover\">\r\n            \t\t\t\t\t<div class=\"box-image\" >\r\n  \t\t\t\t\t\t<div class=\"image-cover\" style=\"padding-top:75%;\">\r\n  \t\t\t\t\t\t\t<img loading=\"lazy\" decoding=\"async\" width=\"2036\" height=\"2880\" src=\"https:\/\/www.vezzosisrl.com\/wp-content\/uploads\/2025\/02\/copertina-promo2025-scaled.jpg\" class=\"attachment-original size-original wp-post-image\" alt=\"\" srcset=\"https:\/\/www.vezzosisrl.com\/wp-content\/uploads\/2025\/02\/copertina-promo2025-scaled.jpg 2036w, https:\/\/www.vezzosisrl.com\/wp-content\/uploads\/2025\/02\/copertina-promo2025-scaled-600x849.jpg 600w, https:\/\/www.vezzosisrl.com\/wp-content\/uploads\/2025\/02\/copertina-promo2025-scaled-800x1132.jpg 800w, https:\/\/www.vezzosisrl.com\/wp-content\/uploads\/2025\/02\/copertina-promo2025-scaled-64x91.jpg 64w, https:\/\/www.vezzosisrl.com\/wp-content\/uploads\/2025\/02\/copertina-promo2025-212x300.jpg 212w, https:\/\/www.vezzosisrl.com\/wp-content\/uploads\/2025\/02\/copertina-promo2025-724x1024.jpg 724w, https:\/\/www.vezzosisrl.com\/wp-content\/uploads\/2025\/02\/copertina-promo2025-768x1086.jpg 768w, https:\/\/www.vezzosisrl.com\/wp-content\/uploads\/2025\/02\/copertina-promo2025-1086x1536.jpg 1086w, https:\/\/www.vezzosisrl.com\/wp-content\/uploads\/2025\/02\/copertina-promo2025-1448x2048.jpg 1448w\" sizes=\"auto, (max-width: 2036px) 100vw, 2036px\" \/>  \t\t\t\t\t\t\t  \t\t\t\t\t\t\t  \t\t\t\t\t\t<\/div>\r\n  \t\t\t\t\t\t  \t\t\t\t\t<\/div>\r\n          \t\t\t\t\t<div class=\"box-text text-center is-large\" >\r\n\t\t\t\t\t<div class=\"box-text-inner blog-post-inner\">\r\n\r\n\t\t\t\t\t\r\n\t\t\t\t\t\t\t\t\t\t\t<p class=\"cat-label tag-label is-xxsmall op-7 uppercase\">\r\n\t\t\t\t\tNews \t\t\t\t\t<\/p>\r\n\t\t\t\t\t\t\t\t\t\t<h5 class=\"post-title is-large uppercase\">PROMO 2025<\/h5>\r\n\t\t\t\t\t<div class=\"post-meta is-small op-8\">14 de febrero de 2025<\/div>\t\t\t\t\t<div class=\"is-divider\"><\/div>\r\n\t\t\t\t\t\t\r\n\t\t\t\t\t\t\r\n\t\t\t\t\t\t \r\n\t\t\t\t\t\t\r\n\t\t\t\t\t                    \r\n\t\t\t\t\t\r\n\t\t\t\t\t\r\n\t\t\t\t\t<\/div>\r\n\t\t\t\t\t<\/div>\r\n\t\t\t\t\t\t\t\t\t<\/div>\r\n\t\t\t\t<\/a>\r\n\t\t\t<\/div>\r\n\t\t<\/div><div class=\"col post-item\" >\r\n\t\t\t<div class=\"col-inner\">\r\n\t\t\t<a href=\"https:\/\/www.vezzosisrl.com\/es\/fancy-flora-2\/\" class=\"plain\">\r\n\t\t\t\t<div class=\"box box-push box-text-bottom box-blog-post has-hover\">\r\n            \t\t\t\t\t<div class=\"box-image\" >\r\n  \t\t\t\t\t\t<div class=\"image-cover\" style=\"padding-top:75%;\">\r\n  \t\t\t\t\t\t\t<img loading=\"lazy\" decoding=\"async\" width=\"2880\" height=\"2218\" src=\"https:\/\/www.vezzosisrl.com\/wp-content\/uploads\/2023\/11\/ok-scaled.jpg\" class=\"attachment-original size-original wp-post-image\" alt=\"\" srcset=\"https:\/\/www.vezzosisrl.com\/wp-content\/uploads\/2023\/11\/ok-scaled.jpg 2880w, https:\/\/www.vezzosisrl.com\/wp-content\/uploads\/2023\/11\/ok-scaled-600x462.jpg 600w, https:\/\/www.vezzosisrl.com\/wp-content\/uploads\/2023\/11\/ok-scaled-800x616.jpg 800w, https:\/\/www.vezzosisrl.com\/wp-content\/uploads\/2023\/11\/ok-scaled-64x49.jpg 64w, https:\/\/www.vezzosisrl.com\/wp-content\/uploads\/2023\/11\/ok-300x231.jpg 300w, https:\/\/www.vezzosisrl.com\/wp-content\/uploads\/2023\/11\/ok-1024x788.jpg 1024w, https:\/\/www.vezzosisrl.com\/wp-content\/uploads\/2023\/11\/ok-768x591.jpg 768w, https:\/\/www.vezzosisrl.com\/wp-content\/uploads\/2023\/11\/ok-1536x1183.jpg 1536w, https:\/\/www.vezzosisrl.com\/wp-content\/uploads\/2023\/11\/ok-2048x1577.jpg 2048w\" sizes=\"auto, (max-width: 2880px) 100vw, 2880px\" \/>  \t\t\t\t\t\t\t  \t\t\t\t\t\t\t  \t\t\t\t\t\t<\/div>\r\n  \t\t\t\t\t\t  \t\t\t\t\t<\/div>\r\n          \t\t\t\t\t<div class=\"box-text text-center is-large\" >\r\n\t\t\t\t\t<div class=\"box-text-inner blog-post-inner\">\r\n\r\n\t\t\t\t\t\r\n\t\t\t\t\t\t\t\t\t\t\t<p class=\"cat-label tag-label is-xxsmall op-7 uppercase\">\r\n\t\t\t\t\tNews \t\t\t\t\t<\/p>\r\n\t\t\t\t\t\t\t\t\t\t<h5 class=\"post-title is-large uppercase\">NUOVO SHOWROOM &#8211; VALENCIA (Spagna)<\/h5>\r\n\t\t\t\t\t<div class=\"post-meta is-small op-8\">20 de noviembre de 2023<\/div>\t\t\t\t\t<div class=\"is-divider\"><\/div>\r\n\t\t\t\t\t\t\r\n\t\t\t\t\t\t\r\n\t\t\t\t\t\t \r\n\t\t\t\t\t\t\r\n\t\t\t\t\t\t\t\t\t\t<p class=\"from_the_blog_excerpt show-on-hover hover-PROMO 2025 Es hora de renovar tu espacio con estilo y comodidad. El cat\u00e1logo Promo 2025 est\u00e1 lleno de soluciones modernas, elegantes y funcionales para tu sal\u00f3n. Encontrar\u00e1s todo lo que necesitas para crear el ambiente perfecto. Aproveche nuestras ofertas \">...\t\t\t\t\t<\/p>\r\n\t\t\t\t\t                    \r\n\t\t\t\t\t\r\n\t\t\t\t\t\r\n\t\t\t\t\t<\/div>\r\n\t\t\t\t\t<\/div>\r\n\t\t\t\t\t\t\t\t\t<\/div>\r\n\t\t\t\t<\/a>\r\n\t\t\t<\/div>\r\n\t\t<\/div><\/div>\n\t\t<\/div>\n\t\t\t\t\t<\/div>\n\n\t\n<\/div>\n\t\t<\/div>\n\n\t\t\n<style>\n#section_299314720 {\n  padding-top: 0px;\n  padding-bottom: 0px;\n}\n#section_299314720 .ux-shape-divider--top svg {\n  height: 150px;\n  --divider-top-width: 100%;\n}\n#section_299314720 .ux-shape-divider--bottom svg {\n  height: 150px;\n  --divider-width: 100%;\n}\n<\/style>\n\t<\/section>\n\t\n","protected":false},"excerpt":{"rendered":"","protected":false},"author":1,"featured_media":0,"parent":0,"menu_order":0,"comment_status":"closed","ping_status":"closed","template":"","meta":{"footnotes":""},"class_list":["post-8912","page","type-page","status-publish","hentry"],"acf":[],"yoast_head":"<!-- This site is optimized with the Yoast SEO plugin v26.9 - https:\/\/yoast.com\/product\/yoast-seo-wordpress\/ -->\n<title>News - Vezzosi Arredamenti<\/title>\n<meta name=\"robots\" content=\"index, follow, max-snippet:-1, max-image-preview:large, max-video-preview:-1\" \/>\n<link rel=\"canonical\" href=\"https:\/\/www.vezzosisrl.com\/es\/news\/\" \/>\n<meta property=\"og:locale\" content=\"es_ES\" \/>\n<meta property=\"og:type\" content=\"article\" \/>\n<meta property=\"og:title\" content=\"News - Vezzosi Arredamenti\" \/>\n<meta property=\"og:url\" content=\"https:\/\/www.vezzosisrl.com\/es\/news\/\" \/>\n<meta property=\"og:site_name\" content=\"Vezzosi Arredamenti\" \/>\n<meta property=\"article:modified_time\" content=\"2025-10-23T07:47:09+00:00\" \/>\n<meta property=\"og:image\" content=\"https:\/\/www.vezzosisrl.com\/wp-content\/uploads\/2023\/04\/icon.jpg\" \/>\n<meta name=\"twitter:card\" content=\"summary_large_image\" \/>\n<script type=\"application\/ld+json\" class=\"yoast-schema-graph\">{\"@context\":\"https:\/\/schema.org\",\"@graph\":[{\"@type\":\"WebPage\",\"@id\":\"https:\/\/www.vezzosisrl.com\/es\/news\/\",\"url\":\"https:\/\/www.vezzosisrl.com\/es\/news\/\",\"name\":\"News - Vezzosi Arredamenti\",\"isPartOf\":{\"@id\":\"https:\/\/www.vezzosisrl.com\/es\/#website\"},\"primaryImageOfPage\":{\"@id\":\"https:\/\/www.vezzosisrl.com\/es\/news\/#primaryimage\"},\"image\":{\"@id\":\"https:\/\/www.vezzosisrl.com\/es\/news\/#primaryimage\"},\"thumbnailUrl\":\"https:\/\/www.vezzosisrl.com\/wp-content\/uploads\/2023\/04\/icon.jpg\",\"datePublished\":\"2023-06-05T14:16:04+00:00\",\"dateModified\":\"2025-10-23T07:47:09+00:00\",\"breadcrumb\":{\"@id\":\"https:\/\/www.vezzosisrl.com\/es\/news\/#breadcrumb\"},\"inLanguage\":\"es\",\"potentialAction\":[{\"@type\":\"ReadAction\",\"target\":[\"https:\/\/www.vezzosisrl.com\/es\/news\/\"]}]},{\"@type\":\"ImageObject\",\"inLanguage\":\"es\",\"@id\":\"https:\/\/www.vezzosisrl.com\/es\/news\/#primaryimage\",\"url\":\"https:\/\/www.vezzosisrl.com\/wp-content\/uploads\/2023\/04\/icon.jpg\",\"contentUrl\":\"https:\/\/www.vezzosisrl.com\/wp-content\/uploads\/2023\/04\/icon.jpg\"},{\"@type\":\"BreadcrumbList\",\"@id\":\"https:\/\/www.vezzosisrl.com\/es\/news\/#breadcrumb\",\"itemListElement\":[{\"@type\":\"ListItem\",\"position\":1,\"name\":\"Home\",\"item\":\"https:\/\/www.vezzosisrl.com\/es\/\"},{\"@type\":\"ListItem\",\"position\":2,\"name\":\"News\"}]},{\"@type\":\"WebSite\",\"@id\":\"https:\/\/www.vezzosisrl.com\/es\/#website\",\"url\":\"https:\/\/www.vezzosisrl.com\/es\/\",\"name\":\"Vezzosi Arredamenti\",\"description\":\"\",\"potentialAction\":[{\"@type\":\"SearchAction\",\"target\":{\"@type\":\"EntryPoint\",\"urlTemplate\":\"https:\/\/www.vezzosisrl.com\/es\/?s={search_term_string}\"},\"query-input\":{\"@type\":\"PropertyValueSpecification\",\"valueRequired\":true,\"valueName\":\"search_term_string\"}}],\"inLanguage\":\"es\"}]}<\/script>\n<!-- \/ Yoast SEO plugin. -->","yoast_head_json":{"title":"News - Vezzosi Arredamenti","robots":{"index":"index","follow":"follow","max-snippet":"max-snippet:-1","max-image-preview":"max-image-preview:large","max-video-preview":"max-video-preview:-1"},"canonical":"https:\/\/www.vezzosisrl.com\/es\/news\/","og_locale":"es_ES","og_type":"article","og_title":"News - Vezzosi Arredamenti","og_url":"https:\/\/www.vezzosisrl.com\/es\/news\/","og_site_name":"Vezzosi Arredamenti","article_modified_time":"2025-10-23T07:47:09+00:00","og_image":[{"url":"https:\/\/www.vezzosisrl.com\/wp-content\/uploads\/2023\/04\/icon.jpg","type":"","width":"","height":""}],"twitter_card":"summary_large_image","schema":{"@context":"https:\/\/schema.org","@graph":[{"@type":"WebPage","@id":"https:\/\/www.vezzosisrl.com\/es\/news\/","url":"https:\/\/www.vezzosisrl.com\/es\/news\/","name":"News - Vezzosi Arredamenti","isPartOf":{"@id":"https:\/\/www.vezzosisrl.com\/es\/#website"},"primaryImageOfPage":{"@id":"https:\/\/www.vezzosisrl.com\/es\/news\/#primaryimage"},"image":{"@id":"https:\/\/www.vezzosisrl.com\/es\/news\/#primaryimage"},"thumbnailUrl":"https:\/\/www.vezzosisrl.com\/wp-content\/uploads\/2023\/04\/icon.jpg","datePublished":"2023-06-05T14:16:04+00:00","dateModified":"2025-10-23T07:47:09+00:00","breadcrumb":{"@id":"https:\/\/www.vezzosisrl.com\/es\/news\/#breadcrumb"},"inLanguage":"es","potentialAction":[{"@type":"ReadAction","target":["https:\/\/www.vezzosisrl.com\/es\/news\/"]}]},{"@type":"ImageObject","inLanguage":"es","@id":"https:\/\/www.vezzosisrl.com\/es\/news\/#primaryimage","url":"https:\/\/www.vezzosisrl.com\/wp-content\/uploads\/2023\/04\/icon.jpg","contentUrl":"https:\/\/www.vezzosisrl.com\/wp-content\/uploads\/2023\/04\/icon.jpg"},{"@type":"BreadcrumbList","@id":"https:\/\/www.vezzosisrl.com\/es\/news\/#breadcrumb","itemListElement":[{"@type":"ListItem","position":1,"name":"Home","item":"https:\/\/www.vezzosisrl.com\/es\/"},{"@type":"ListItem","position":2,"name":"News"}]},{"@type":"WebSite","@id":"https:\/\/www.vezzosisrl.com\/es\/#website","url":"https:\/\/www.vezzosisrl.com\/es\/","name":"Vezzosi Arredamenti","description":"","potentialAction":[{"@type":"SearchAction","target":{"@type":"EntryPoint","urlTemplate":"https:\/\/www.vezzosisrl.com\/es\/?s={search_term_string}"},"query-input":{"@type":"PropertyValueSpecification","valueRequired":true,"valueName":"search_term_string"}}],"inLanguage":"es"}]}},"_links":{"self":[{"href":"https:\/\/www.vezzosisrl.com\/es\/wp-json\/wp\/v2\/pages\/8912","targetHints":{"allow":["GET"]}}],"collection":[{"href":"https:\/\/www.vezzosisrl.com\/es\/wp-json\/wp\/v2\/pages"}],"about":[{"href":"https:\/\/www.vezzosisrl.com\/es\/wp-json\/wp\/v2\/types\/page"}],"author":[{"embeddable":true,"href":"https:\/\/www.vezzosisrl.com\/es\/wp-json\/wp\/v2\/users\/1"}],"replies":[{"embeddable":true,"href":"https:\/\/www.vezzosisrl.com\/es\/wp-json\/wp\/v2\/comments?post=8912"}],"version-history":[{"count":4,"href":"https:\/\/www.vezzosisrl.com\/es\/wp-json\/wp\/v2\/pages\/8912\/revisions"}],"predecessor-version":[{"id":13025,"href":"https:\/\/www.vezzosisrl.com\/es\/wp-json\/wp\/v2\/pages\/8912\/revisions\/13025"}],"wp:attachment":[{"href":"https:\/\/www.vezzosisrl.com\/es\/wp-json\/wp\/v2\/media?parent=8912"}],"curies":[{"name":"wp","href":"https:\/\/api.w.org\/{rel}","templated":true}]}}