{"id":12071,"date":"2024-12-13T14:15:55","date_gmt":"2024-12-13T13:15:55","guid":{"rendered":"https:\/\/www.vezzosisrl.com\/prodotto\/spa-waterfall\/"},"modified":"2024-12-17T10:05:08","modified_gmt":"2024-12-17T09:05:08","slug":"spa-waterfall","status":"publish","type":"product","link":"https:\/\/www.vezzosisrl.com\/es\/spa-waterfall\/","title":{"rendered":"Spa Waterfall"},"content":{"rendered":"<p>Spa Waterfall es el innovador sistema de cascada de conexi\u00f3n y liberaci\u00f3n r\u00e1pida que convierte los lavabos Vezzosi en un spa para el cabello.<\/p>\n<p>El sistema de recirculaci\u00f3n de agua permite evitar desperdicios innecesarios con el consiguiente ahorro en el consumo de agua.<\/p>\n<p>La cascada se activa electr\u00f3nicamente mediante el teclado de control que tambi\u00e9n regula el reposapi\u00e9s y el masaje.<\/p>\n","protected":false},"excerpt":{"rendered":"<p>Spa Waterfall es el innovador sistema de cascada de conexi\u00f3n y liberaci\u00f3n r\u00e1pida que convierte los lavabos Vezzosi en un spa para el cabello. El sistema de recirculaci\u00f3n de agua permite evitar desperdicios innecesarios con el consiguiente ahorro en el consumo de agua. La cascada se activa electr\u00f3nicamente mediante el teclado de control que tambi\u00e9n&#8230;<\/p>\n","protected":false},"featured_media":12064,"template":"","meta":[],"product_brand":[],"product_cat":[624],"product_tag":[],"class_list":{"0":"post-12071","1":"product","2":"type-product","3":"status-publish","4":"has-post-thumbnail","6":"product_cat-hair-spa-concepts","8":"first","9":"instock","10":"shipping-taxable","11":"product-type-simple"},"acf":[],"yoast_head":"<!-- This site is optimized with the Yoast SEO plugin v26.9 - https:\/\/yoast.com\/product\/yoast-seo-wordpress\/ -->\n<title>Spa Waterfall - Vezzosi Arredamenti<\/title>\n<meta name=\"robots\" content=\"index, follow, max-snippet:-1, max-image-preview:large, max-video-preview:-1\" \/>\n<link rel=\"canonical\" href=\"https:\/\/www.vezzosisrl.com\/es\/spa-waterfall\/\" \/>\n<meta property=\"og:locale\" content=\"es_ES\" \/>\n<meta property=\"og:type\" content=\"article\" \/>\n<meta property=\"og:title\" content=\"Spa Waterfall - Vezzosi Arredamenti\" \/>\n<meta property=\"og:description\" content=\"Spa Waterfall es el innovador sistema de cascada de conexi\u00f3n y liberaci\u00f3n r\u00e1pida que convierte los lavabos Vezzosi en un spa para el cabello. El sistema de recirculaci\u00f3n de agua permite evitar desperdicios innecesarios con el consiguiente ahorro en el consumo de agua. La cascada se activa electr\u00f3nicamente mediante el teclado de control que tambi\u00e9n...\" \/>\n<meta property=\"og:url\" content=\"https:\/\/www.vezzosisrl.com\/es\/spa-waterfall\/\" \/>\n<meta property=\"og:site_name\" content=\"Vezzosi Arredamenti\" \/>\n<meta property=\"article:modified_time\" content=\"2024-12-17T09:05:08+00:00\" \/>\n<meta property=\"og:image\" content=\"https:\/\/www.vezzosisrl.com\/wp-content\/uploads\/2024\/12\/lavaggio-2-cascata-2.jpg\" \/>\n\t<meta property=\"og:image:width\" content=\"2303\" \/>\n\t<meta property=\"og:image:height\" content=\"2500\" \/>\n\t<meta property=\"og:image:type\" content=\"image\/jpeg\" \/>\n<meta name=\"twitter:card\" content=\"summary_large_image\" \/>\n<meta name=\"twitter:label1\" content=\"Tiempo de lectura\" \/>\n\t<meta name=\"twitter:data1\" content=\"1 minuto\" \/>\n<script type=\"application\/ld+json\" class=\"yoast-schema-graph\">{\"@context\":\"https:\/\/schema.org\",\"@graph\":[{\"@type\":\"WebPage\",\"@id\":\"https:\/\/www.vezzosisrl.com\/es\/spa-waterfall\/\",\"url\":\"https:\/\/www.vezzosisrl.com\/es\/spa-waterfall\/\",\"name\":\"Spa Waterfall - Vezzosi Arredamenti\",\"isPartOf\":{\"@id\":\"https:\/\/www.vezzosisrl.com\/es\/#website\"},\"primaryImageOfPage\":{\"@id\":\"https:\/\/www.vezzosisrl.com\/es\/spa-waterfall\/#primaryimage\"},\"image\":{\"@id\":\"https:\/\/www.vezzosisrl.com\/es\/spa-waterfall\/#primaryimage\"},\"thumbnailUrl\":\"https:\/\/www.vezzosisrl.com\/wp-content\/uploads\/2024\/12\/lavaggio-2-cascata-2.jpg\",\"datePublished\":\"2024-12-13T13:15:55+00:00\",\"dateModified\":\"2024-12-17T09:05:08+00:00\",\"breadcrumb\":{\"@id\":\"https:\/\/www.vezzosisrl.com\/es\/spa-waterfall\/#breadcrumb\"},\"inLanguage\":\"es\",\"potentialAction\":[{\"@type\":\"ReadAction\",\"target\":[\"https:\/\/www.vezzosisrl.com\/es\/spa-waterfall\/\"]}]},{\"@type\":\"ImageObject\",\"inLanguage\":\"es\",\"@id\":\"https:\/\/www.vezzosisrl.com\/es\/spa-waterfall\/#primaryimage\",\"url\":\"https:\/\/www.vezzosisrl.com\/wp-content\/uploads\/2024\/12\/lavaggio-2-cascata-2.jpg\",\"contentUrl\":\"https:\/\/www.vezzosisrl.com\/wp-content\/uploads\/2024\/12\/lavaggio-2-cascata-2.jpg\",\"width\":2303,\"height\":2500},{\"@type\":\"BreadcrumbList\",\"@id\":\"https:\/\/www.vezzosisrl.com\/es\/spa-waterfall\/#breadcrumb\",\"itemListElement\":[{\"@type\":\"ListItem\",\"position\":1,\"name\":\"Home\",\"item\":\"https:\/\/www.vezzosisrl.com\/es\/\"},{\"@type\":\"ListItem\",\"position\":2,\"name\":\"Productos\",\"item\":\"https:\/\/www.vezzosisrl.com\/prodotti\/\"},{\"@type\":\"ListItem\",\"position\":3,\"name\":\"Spa Waterfall\"}]},{\"@type\":\"WebSite\",\"@id\":\"https:\/\/www.vezzosisrl.com\/es\/#website\",\"url\":\"https:\/\/www.vezzosisrl.com\/es\/\",\"name\":\"Vezzosi Arredamenti\",\"description\":\"\",\"potentialAction\":[{\"@type\":\"SearchAction\",\"target\":{\"@type\":\"EntryPoint\",\"urlTemplate\":\"https:\/\/www.vezzosisrl.com\/es\/?s={search_term_string}\"},\"query-input\":{\"@type\":\"PropertyValueSpecification\",\"valueRequired\":true,\"valueName\":\"search_term_string\"}}],\"inLanguage\":\"es\"}]}<\/script>\n<!-- \/ Yoast SEO plugin. -->","yoast_head_json":{"title":"Spa Waterfall - Vezzosi Arredamenti","robots":{"index":"index","follow":"follow","max-snippet":"max-snippet:-1","max-image-preview":"max-image-preview:large","max-video-preview":"max-video-preview:-1"},"canonical":"https:\/\/www.vezzosisrl.com\/es\/spa-waterfall\/","og_locale":"es_ES","og_type":"article","og_title":"Spa Waterfall - Vezzosi Arredamenti","og_description":"Spa Waterfall es el innovador sistema de cascada de conexi\u00f3n y liberaci\u00f3n r\u00e1pida que convierte los lavabos Vezzosi en un spa para el cabello. El sistema de recirculaci\u00f3n de agua permite evitar desperdicios innecesarios con el consiguiente ahorro en el consumo de agua. La cascada se activa electr\u00f3nicamente mediante el teclado de control que tambi\u00e9n...","og_url":"https:\/\/www.vezzosisrl.com\/es\/spa-waterfall\/","og_site_name":"Vezzosi Arredamenti","article_modified_time":"2024-12-17T09:05:08+00:00","og_image":[{"width":2303,"height":2500,"url":"https:\/\/www.vezzosisrl.com\/wp-content\/uploads\/2024\/12\/lavaggio-2-cascata-2.jpg","type":"image\/jpeg"}],"twitter_card":"summary_large_image","twitter_misc":{"Tiempo de lectura":"1 minuto"},"schema":{"@context":"https:\/\/schema.org","@graph":[{"@type":"WebPage","@id":"https:\/\/www.vezzosisrl.com\/es\/spa-waterfall\/","url":"https:\/\/www.vezzosisrl.com\/es\/spa-waterfall\/","name":"Spa Waterfall - Vezzosi Arredamenti","isPartOf":{"@id":"https:\/\/www.vezzosisrl.com\/es\/#website"},"primaryImageOfPage":{"@id":"https:\/\/www.vezzosisrl.com\/es\/spa-waterfall\/#primaryimage"},"image":{"@id":"https:\/\/www.vezzosisrl.com\/es\/spa-waterfall\/#primaryimage"},"thumbnailUrl":"https:\/\/www.vezzosisrl.com\/wp-content\/uploads\/2024\/12\/lavaggio-2-cascata-2.jpg","datePublished":"2024-12-13T13:15:55+00:00","dateModified":"2024-12-17T09:05:08+00:00","breadcrumb":{"@id":"https:\/\/www.vezzosisrl.com\/es\/spa-waterfall\/#breadcrumb"},"inLanguage":"es","potentialAction":[{"@type":"ReadAction","target":["https:\/\/www.vezzosisrl.com\/es\/spa-waterfall\/"]}]},{"@type":"ImageObject","inLanguage":"es","@id":"https:\/\/www.vezzosisrl.com\/es\/spa-waterfall\/#primaryimage","url":"https:\/\/www.vezzosisrl.com\/wp-content\/uploads\/2024\/12\/lavaggio-2-cascata-2.jpg","contentUrl":"https:\/\/www.vezzosisrl.com\/wp-content\/uploads\/2024\/12\/lavaggio-2-cascata-2.jpg","width":2303,"height":2500},{"@type":"BreadcrumbList","@id":"https:\/\/www.vezzosisrl.com\/es\/spa-waterfall\/#breadcrumb","itemListElement":[{"@type":"ListItem","position":1,"name":"Home","item":"https:\/\/www.vezzosisrl.com\/es\/"},{"@type":"ListItem","position":2,"name":"Productos","item":"https:\/\/www.vezzosisrl.com\/prodotti\/"},{"@type":"ListItem","position":3,"name":"Spa Waterfall"}]},{"@type":"WebSite","@id":"https:\/\/www.vezzosisrl.com\/es\/#website","url":"https:\/\/www.vezzosisrl.com\/es\/","name":"Vezzosi Arredamenti","description":"","potentialAction":[{"@type":"SearchAction","target":{"@type":"EntryPoint","urlTemplate":"https:\/\/www.vezzosisrl.com\/es\/?s={search_term_string}"},"query-input":{"@type":"PropertyValueSpecification","valueRequired":true,"valueName":"search_term_string"}}],"inLanguage":"es"}]}},"_links":{"self":[{"href":"https:\/\/www.vezzosisrl.com\/es\/wp-json\/wp\/v2\/product\/12071","targetHints":{"allow":["GET"]}}],"collection":[{"href":"https:\/\/www.vezzosisrl.com\/es\/wp-json\/wp\/v2\/product"}],"about":[{"href":"https:\/\/www.vezzosisrl.com\/es\/wp-json\/wp\/v2\/types\/product"}],"wp:featuredmedia":[{"embeddable":true,"href":"https:\/\/www.vezzosisrl.com\/es\/wp-json\/wp\/v2\/media\/12064"}],"wp:attachment":[{"href":"https:\/\/www.vezzosisrl.com\/es\/wp-json\/wp\/v2\/media?parent=12071"}],"wp:term":[{"taxonomy":"product_brand","embeddable":true,"href":"https:\/\/www.vezzosisrl.com\/es\/wp-json\/wp\/v2\/product_brand?post=12071"},{"taxonomy":"product_cat","embeddable":true,"href":"https:\/\/www.vezzosisrl.com\/es\/wp-json\/wp\/v2\/product_cat?post=12071"},{"taxonomy":"product_tag","embeddable":true,"href":"https:\/\/www.vezzosisrl.com\/es\/wp-json\/wp\/v2\/product_tag?post=12071"}],"curies":[{"name":"wp","href":"https:\/\/api.w.org\/{rel}","templated":true}]}}