{"id":12855,"date":"2025-07-09T14:45:28","date_gmt":"2025-07-09T12:45:28","guid":{"rendered":"https:\/\/www.vezzosisrl.com\/prodotto\/3241-ergobac-relax-3242-ergobac-massage\/"},"modified":"2025-07-09T17:36:31","modified_gmt":"2025-07-09T15:36:31","slug":"3241-ergobac-relax-3242-ergobac-massage","status":"publish","type":"product","link":"https:\/\/www.vezzosisrl.com\/es\/3241-ergobac-relax-3242-ergobac-massage\/","title":{"rendered":"3241 Ergobac relax &#8211; 3242 Ergobac massage"},"content":{"rendered":"<p><strong>3241 Ergobac relax<\/strong><br \/>\n<strong>Lavado certificado apave a las normas europeas<\/strong>, pica basculante, estructura completamente ajustable el\u00e9ctricamente en altura.Reposapi\u00e9s<br \/>\nAjustable el\u00e9ctricamente . Disponible con pica blanco o negro, pl\u00e1stico bajo pica blanco o negro, puerta trasera color negro, z\u00f3calo negro, color de tapicer\u00eda a elegir<\/p>\n<p><strong>3242 Ergobac massage<\/strong><br \/>\n<strong>Lavado certificado apave a las normas europeas<\/strong>, pica basculante, estructura totalmente regulable en altura electr\u00f3nicamente. Apoya pies<br \/>\nAjustable el\u00e9ctricamente. Masaje total linfodrenante flujo de aire a variaci\u00f3n continua en el asiento y en el respaldo. . Disponible con pica blanco o negro, pl\u00e1stico bajo pica blanco o negro, puerta trasera color negro, z\u00f3calo negro, color de tapicer\u00eda a elegir<\/p>\n","protected":false},"excerpt":{"rendered":"<p>3241 Ergobac relax Lavado certificado apave a las normas europeas, pica basculante, estructura completamente ajustable el\u00e9ctricamente en altura.Reposapi\u00e9s Ajustable el\u00e9ctricamente . Disponible con pica blanco o negro, pl\u00e1stico bajo pica blanco o negro, puerta trasera color negro, z\u00f3calo negro, color de tapicer\u00eda a elegir 3242 Ergobac massage Lavado certificado apave a las normas europeas, pica&#8230;<\/p>\n","protected":false},"featured_media":12831,"template":"","meta":[],"product_brand":[],"product_cat":[465],"product_tag":[],"class_list":{"0":"post-12855","1":"product","2":"type-product","3":"status-publish","4":"has-post-thumbnail","6":"product_cat-puestos-de-lavado","8":"first","9":"instock","10":"product-type-simple"},"acf":[],"yoast_head":"<!-- This site is optimized with the Yoast SEO plugin v26.9 - https:\/\/yoast.com\/product\/yoast-seo-wordpress\/ -->\n<title>3241 Ergobac relax - 3242 Ergobac massage - Vezzosi Arredamenti<\/title>\n<meta name=\"robots\" content=\"index, follow, max-snippet:-1, max-image-preview:large, max-video-preview:-1\" \/>\n<link rel=\"canonical\" href=\"https:\/\/www.vezzosisrl.com\/es\/3241-ergobac-relax-3242-ergobac-massage\/\" \/>\n<meta property=\"og:locale\" content=\"es_ES\" \/>\n<meta property=\"og:type\" content=\"article\" \/>\n<meta property=\"og:title\" content=\"3241 Ergobac relax - 3242 Ergobac massage - Vezzosi Arredamenti\" \/>\n<meta property=\"og:description\" content=\"3241 Ergobac relax Lavado certificado apave a las normas europeas, pica basculante, estructura completamente ajustable el\u00e9ctricamente en altura.Reposapi\u00e9s Ajustable el\u00e9ctricamente . Disponible con pica blanco o negro, pl\u00e1stico bajo pica blanco o negro, puerta trasera color negro, z\u00f3calo negro, color de tapicer\u00eda a elegir 3242 Ergobac massage Lavado certificado apave a las normas europeas, pica...\" \/>\n<meta property=\"og:url\" content=\"https:\/\/www.vezzosisrl.com\/es\/3241-ergobac-relax-3242-ergobac-massage\/\" \/>\n<meta property=\"og:site_name\" content=\"Vezzosi Arredamenti\" \/>\n<meta property=\"article:modified_time\" content=\"2025-07-09T15:36:31+00:00\" \/>\n<meta property=\"og:image\" content=\"https:\/\/www.vezzosisrl.com\/wp-content\/uploads\/2025\/07\/lavatesta-verde_trequarti_01_sc.jpg\" \/>\n\t<meta property=\"og:image:width\" content=\"2500\" \/>\n\t<meta property=\"og:image:height\" content=\"1984\" \/>\n\t<meta property=\"og:image:type\" content=\"image\/jpeg\" \/>\n<meta name=\"twitter:card\" content=\"summary_large_image\" \/>\n<meta name=\"twitter:label1\" content=\"Tiempo de lectura\" \/>\n\t<meta name=\"twitter:data1\" content=\"1 minuto\" \/>\n<script type=\"application\/ld+json\" class=\"yoast-schema-graph\">{\"@context\":\"https:\/\/schema.org\",\"@graph\":[{\"@type\":\"WebPage\",\"@id\":\"https:\/\/www.vezzosisrl.com\/es\/3241-ergobac-relax-3242-ergobac-massage\/\",\"url\":\"https:\/\/www.vezzosisrl.com\/es\/3241-ergobac-relax-3242-ergobac-massage\/\",\"name\":\"3241 Ergobac relax - 3242 Ergobac massage - Vezzosi Arredamenti\",\"isPartOf\":{\"@id\":\"https:\/\/www.vezzosisrl.com\/es\/#website\"},\"primaryImageOfPage\":{\"@id\":\"https:\/\/www.vezzosisrl.com\/es\/3241-ergobac-relax-3242-ergobac-massage\/#primaryimage\"},\"image\":{\"@id\":\"https:\/\/www.vezzosisrl.com\/es\/3241-ergobac-relax-3242-ergobac-massage\/#primaryimage\"},\"thumbnailUrl\":\"https:\/\/www.vezzosisrl.com\/wp-content\/uploads\/2025\/07\/lavatesta-verde_trequarti_01_sc.jpg\",\"datePublished\":\"2025-07-09T12:45:28+00:00\",\"dateModified\":\"2025-07-09T15:36:31+00:00\",\"breadcrumb\":{\"@id\":\"https:\/\/www.vezzosisrl.com\/es\/3241-ergobac-relax-3242-ergobac-massage\/#breadcrumb\"},\"inLanguage\":\"es\",\"potentialAction\":[{\"@type\":\"ReadAction\",\"target\":[\"https:\/\/www.vezzosisrl.com\/es\/3241-ergobac-relax-3242-ergobac-massage\/\"]}]},{\"@type\":\"ImageObject\",\"inLanguage\":\"es\",\"@id\":\"https:\/\/www.vezzosisrl.com\/es\/3241-ergobac-relax-3242-ergobac-massage\/#primaryimage\",\"url\":\"https:\/\/www.vezzosisrl.com\/wp-content\/uploads\/2025\/07\/lavatesta-verde_trequarti_01_sc.jpg\",\"contentUrl\":\"https:\/\/www.vezzosisrl.com\/wp-content\/uploads\/2025\/07\/lavatesta-verde_trequarti_01_sc.jpg\",\"width\":2500,\"height\":1984},{\"@type\":\"BreadcrumbList\",\"@id\":\"https:\/\/www.vezzosisrl.com\/es\/3241-ergobac-relax-3242-ergobac-massage\/#breadcrumb\",\"itemListElement\":[{\"@type\":\"ListItem\",\"position\":1,\"name\":\"Home\",\"item\":\"https:\/\/www.vezzosisrl.com\/es\/\"},{\"@type\":\"ListItem\",\"position\":2,\"name\":\"Productos\",\"item\":\"https:\/\/www.vezzosisrl.com\/prodotti\/\"},{\"@type\":\"ListItem\",\"position\":3,\"name\":\"3241 Ergobac relax &#8211; 3242 Ergobac massage\"}]},{\"@type\":\"WebSite\",\"@id\":\"https:\/\/www.vezzosisrl.com\/es\/#website\",\"url\":\"https:\/\/www.vezzosisrl.com\/es\/\",\"name\":\"Vezzosi Arredamenti\",\"description\":\"\",\"potentialAction\":[{\"@type\":\"SearchAction\",\"target\":{\"@type\":\"EntryPoint\",\"urlTemplate\":\"https:\/\/www.vezzosisrl.com\/es\/?s={search_term_string}\"},\"query-input\":{\"@type\":\"PropertyValueSpecification\",\"valueRequired\":true,\"valueName\":\"search_term_string\"}}],\"inLanguage\":\"es\"}]}<\/script>\n<!-- \/ Yoast SEO plugin. -->","yoast_head_json":{"title":"3241 Ergobac relax - 3242 Ergobac massage - Vezzosi Arredamenti","robots":{"index":"index","follow":"follow","max-snippet":"max-snippet:-1","max-image-preview":"max-image-preview:large","max-video-preview":"max-video-preview:-1"},"canonical":"https:\/\/www.vezzosisrl.com\/es\/3241-ergobac-relax-3242-ergobac-massage\/","og_locale":"es_ES","og_type":"article","og_title":"3241 Ergobac relax - 3242 Ergobac massage - Vezzosi Arredamenti","og_description":"3241 Ergobac relax Lavado certificado apave a las normas europeas, pica basculante, estructura completamente ajustable el\u00e9ctricamente en altura.Reposapi\u00e9s Ajustable el\u00e9ctricamente . Disponible con pica blanco o negro, pl\u00e1stico bajo pica blanco o negro, puerta trasera color negro, z\u00f3calo negro, color de tapicer\u00eda a elegir 3242 Ergobac massage Lavado certificado apave a las normas europeas, pica...","og_url":"https:\/\/www.vezzosisrl.com\/es\/3241-ergobac-relax-3242-ergobac-massage\/","og_site_name":"Vezzosi Arredamenti","article_modified_time":"2025-07-09T15:36:31+00:00","og_image":[{"width":2500,"height":1984,"url":"https:\/\/www.vezzosisrl.com\/wp-content\/uploads\/2025\/07\/lavatesta-verde_trequarti_01_sc.jpg","type":"image\/jpeg"}],"twitter_card":"summary_large_image","twitter_misc":{"Tiempo de lectura":"1 minuto"},"schema":{"@context":"https:\/\/schema.org","@graph":[{"@type":"WebPage","@id":"https:\/\/www.vezzosisrl.com\/es\/3241-ergobac-relax-3242-ergobac-massage\/","url":"https:\/\/www.vezzosisrl.com\/es\/3241-ergobac-relax-3242-ergobac-massage\/","name":"3241 Ergobac relax - 3242 Ergobac massage - Vezzosi Arredamenti","isPartOf":{"@id":"https:\/\/www.vezzosisrl.com\/es\/#website"},"primaryImageOfPage":{"@id":"https:\/\/www.vezzosisrl.com\/es\/3241-ergobac-relax-3242-ergobac-massage\/#primaryimage"},"image":{"@id":"https:\/\/www.vezzosisrl.com\/es\/3241-ergobac-relax-3242-ergobac-massage\/#primaryimage"},"thumbnailUrl":"https:\/\/www.vezzosisrl.com\/wp-content\/uploads\/2025\/07\/lavatesta-verde_trequarti_01_sc.jpg","datePublished":"2025-07-09T12:45:28+00:00","dateModified":"2025-07-09T15:36:31+00:00","breadcrumb":{"@id":"https:\/\/www.vezzosisrl.com\/es\/3241-ergobac-relax-3242-ergobac-massage\/#breadcrumb"},"inLanguage":"es","potentialAction":[{"@type":"ReadAction","target":["https:\/\/www.vezzosisrl.com\/es\/3241-ergobac-relax-3242-ergobac-massage\/"]}]},{"@type":"ImageObject","inLanguage":"es","@id":"https:\/\/www.vezzosisrl.com\/es\/3241-ergobac-relax-3242-ergobac-massage\/#primaryimage","url":"https:\/\/www.vezzosisrl.com\/wp-content\/uploads\/2025\/07\/lavatesta-verde_trequarti_01_sc.jpg","contentUrl":"https:\/\/www.vezzosisrl.com\/wp-content\/uploads\/2025\/07\/lavatesta-verde_trequarti_01_sc.jpg","width":2500,"height":1984},{"@type":"BreadcrumbList","@id":"https:\/\/www.vezzosisrl.com\/es\/3241-ergobac-relax-3242-ergobac-massage\/#breadcrumb","itemListElement":[{"@type":"ListItem","position":1,"name":"Home","item":"https:\/\/www.vezzosisrl.com\/es\/"},{"@type":"ListItem","position":2,"name":"Productos","item":"https:\/\/www.vezzosisrl.com\/prodotti\/"},{"@type":"ListItem","position":3,"name":"3241 Ergobac relax &#8211; 3242 Ergobac massage"}]},{"@type":"WebSite","@id":"https:\/\/www.vezzosisrl.com\/es\/#website","url":"https:\/\/www.vezzosisrl.com\/es\/","name":"Vezzosi Arredamenti","description":"","potentialAction":[{"@type":"SearchAction","target":{"@type":"EntryPoint","urlTemplate":"https:\/\/www.vezzosisrl.com\/es\/?s={search_term_string}"},"query-input":{"@type":"PropertyValueSpecification","valueRequired":true,"valueName":"search_term_string"}}],"inLanguage":"es"}]}},"_links":{"self":[{"href":"https:\/\/www.vezzosisrl.com\/es\/wp-json\/wp\/v2\/product\/12855","targetHints":{"allow":["GET"]}}],"collection":[{"href":"https:\/\/www.vezzosisrl.com\/es\/wp-json\/wp\/v2\/product"}],"about":[{"href":"https:\/\/www.vezzosisrl.com\/es\/wp-json\/wp\/v2\/types\/product"}],"wp:featuredmedia":[{"embeddable":true,"href":"https:\/\/www.vezzosisrl.com\/es\/wp-json\/wp\/v2\/media\/12831"}],"wp:attachment":[{"href":"https:\/\/www.vezzosisrl.com\/es\/wp-json\/wp\/v2\/media?parent=12855"}],"wp:term":[{"taxonomy":"product_brand","embeddable":true,"href":"https:\/\/www.vezzosisrl.com\/es\/wp-json\/wp\/v2\/product_brand?post=12855"},{"taxonomy":"product_cat","embeddable":true,"href":"https:\/\/www.vezzosisrl.com\/es\/wp-json\/wp\/v2\/product_cat?post=12855"},{"taxonomy":"product_tag","embeddable":true,"href":"https:\/\/www.vezzosisrl.com\/es\/wp-json\/wp\/v2\/product_tag?post=12855"}],"curies":[{"name":"wp","href":"https:\/\/api.w.org\/{rel}","templated":true}]}}