{"id":8979,"date":"2023-05-26T12:50:19","date_gmt":"2023-05-26T10:50:19","guid":{"rendered":"http:\/\/vsrl.sviluppokeyweb.com\/prodotto\/4203-tavolino-fancy\/"},"modified":"2024-01-10T11:31:15","modified_gmt":"2024-01-10T10:31:15","slug":"tavolino-fancy-arredamento-hair-stylist-piano-gres-porcellanato","status":"publish","type":"product","link":"https:\/\/www.vezzosisrl.com\/es\/4203-tavolino-fancy\/","title":{"rendered":"4203 TAVOLINO FANCY"},"content":{"rendered":"<p>La mesa de centro de la l\u00ednea Fancy destaca entre otros muebles de peluquer\u00eda de Vezzosi. Consta de un armaz\u00f3n de acero pintado en dorado con una tapa de gres porcel\u00e1nico de color \u00f3nix. La base es un soporte de laminado pl\u00e1stico, y la verticalidad de la mesita se rompe con un tablero intermedio de laminado pl\u00e1stico. La presencia de dos tableros la hace especialmente pr\u00e1ctica para colocar los utensilios de trabajo de un peluquero, a la vez que elegante y con car\u00e1cter.<\/p>\n","protected":false},"excerpt":{"rendered":"<p>La mesa de centro de la l\u00ednea Fancy destaca entre otros muebles de peluquer\u00eda de Vezzosi. Consta de un armaz\u00f3n de acero pintado en dorado con una tapa de gres porcel\u00e1nico de color \u00f3nix. La base es un soporte de laminado pl\u00e1stico, y la verticalidad de la mesita se rompe con un tablero intermedio de&#8230;<\/p>\n","protected":false},"featured_media":7025,"template":"","meta":[],"product_brand":[],"product_cat":[288],"product_tag":[],"class_list":{"0":"post-8979","1":"product","2":"type-product","3":"status-publish","4":"has-post-thumbnail","6":"product_cat-complementos","7":"pa_collezione-vezzosi-style-es","8":"pa_collezione-amueblar-nuevo-salon-peluqueria-articulos-artesanos-italianos","10":"first","11":"instock","12":"product-type-simple"},"acf":[],"yoast_head":"<!-- This site is optimized with the Yoast SEO plugin v26.9 - https:\/\/yoast.com\/product\/yoast-seo-wordpress\/ -->\n<title>4203 TAVOLINO FANCY - Vezzosi Arredamenti<\/title>\n<meta name=\"robots\" content=\"index, follow, max-snippet:-1, max-image-preview:large, max-video-preview:-1\" \/>\n<link rel=\"canonical\" href=\"https:\/\/www.vezzosisrl.com\/es\/4203-tavolino-fancy\/\" \/>\n<meta property=\"og:locale\" content=\"es_ES\" \/>\n<meta property=\"og:type\" content=\"article\" \/>\n<meta property=\"og:title\" content=\"4203 TAVOLINO FANCY - Vezzosi Arredamenti\" \/>\n<meta property=\"og:description\" content=\"La mesa de centro de la l\u00ednea Fancy destaca entre otros muebles de peluquer\u00eda de Vezzosi. Consta de un armaz\u00f3n de acero pintado en dorado con una tapa de gres porcel\u00e1nico de color \u00f3nix. La base es un soporte de laminado pl\u00e1stico, y la verticalidad de la mesita se rompe con un tablero intermedio de...\" \/>\n<meta property=\"og:url\" content=\"https:\/\/www.vezzosisrl.com\/es\/4203-tavolino-fancy\/\" \/>\n<meta property=\"og:site_name\" content=\"Vezzosi Arredamenti\" \/>\n<meta property=\"article:modified_time\" content=\"2024-01-10T10:31:15+00:00\" \/>\n<meta property=\"og:image\" content=\"https:\/\/www.vezzosisrl.com\/wp-content\/uploads\/2023\/05\/Tavolino-fancy.jpg\" \/>\n\t<meta property=\"og:image:width\" content=\"900\" \/>\n\t<meta property=\"og:image:height\" content=\"900\" \/>\n\t<meta property=\"og:image:type\" content=\"image\/jpeg\" \/>\n<meta name=\"twitter:card\" content=\"summary_large_image\" \/>\n<script type=\"application\/ld+json\" class=\"yoast-schema-graph\">{\"@context\":\"https:\/\/schema.org\",\"@graph\":[{\"@type\":\"WebPage\",\"@id\":\"https:\/\/www.vezzosisrl.com\/es\/4203-tavolino-fancy\/\",\"url\":\"https:\/\/www.vezzosisrl.com\/es\/4203-tavolino-fancy\/\",\"name\":\"4203 TAVOLINO FANCY - Vezzosi Arredamenti\",\"isPartOf\":{\"@id\":\"https:\/\/www.vezzosisrl.com\/es\/#website\"},\"primaryImageOfPage\":{\"@id\":\"https:\/\/www.vezzosisrl.com\/es\/4203-tavolino-fancy\/#primaryimage\"},\"image\":{\"@id\":\"https:\/\/www.vezzosisrl.com\/es\/4203-tavolino-fancy\/#primaryimage\"},\"thumbnailUrl\":\"https:\/\/www.vezzosisrl.com\/wp-content\/uploads\/2023\/05\/Tavolino-fancy.jpg\",\"datePublished\":\"2023-05-26T10:50:19+00:00\",\"dateModified\":\"2024-01-10T10:31:15+00:00\",\"breadcrumb\":{\"@id\":\"https:\/\/www.vezzosisrl.com\/es\/4203-tavolino-fancy\/#breadcrumb\"},\"inLanguage\":\"es\",\"potentialAction\":[{\"@type\":\"ReadAction\",\"target\":[\"https:\/\/www.vezzosisrl.com\/es\/4203-tavolino-fancy\/\"]}]},{\"@type\":\"ImageObject\",\"inLanguage\":\"es\",\"@id\":\"https:\/\/www.vezzosisrl.com\/es\/4203-tavolino-fancy\/#primaryimage\",\"url\":\"https:\/\/www.vezzosisrl.com\/wp-content\/uploads\/2023\/05\/Tavolino-fancy.jpg\",\"contentUrl\":\"https:\/\/www.vezzosisrl.com\/wp-content\/uploads\/2023\/05\/Tavolino-fancy.jpg\",\"width\":900,\"height\":900},{\"@type\":\"BreadcrumbList\",\"@id\":\"https:\/\/www.vezzosisrl.com\/es\/4203-tavolino-fancy\/#breadcrumb\",\"itemListElement\":[{\"@type\":\"ListItem\",\"position\":1,\"name\":\"Home\",\"item\":\"https:\/\/www.vezzosisrl.com\/es\/\"},{\"@type\":\"ListItem\",\"position\":2,\"name\":\"Productos\",\"item\":\"https:\/\/www.vezzosisrl.com\/prodotti\/\"},{\"@type\":\"ListItem\",\"position\":3,\"name\":\"4203 TAVOLINO FANCY\"}]},{\"@type\":\"WebSite\",\"@id\":\"https:\/\/www.vezzosisrl.com\/es\/#website\",\"url\":\"https:\/\/www.vezzosisrl.com\/es\/\",\"name\":\"Vezzosi Arredamenti\",\"description\":\"\",\"potentialAction\":[{\"@type\":\"SearchAction\",\"target\":{\"@type\":\"EntryPoint\",\"urlTemplate\":\"https:\/\/www.vezzosisrl.com\/es\/?s={search_term_string}\"},\"query-input\":{\"@type\":\"PropertyValueSpecification\",\"valueRequired\":true,\"valueName\":\"search_term_string\"}}],\"inLanguage\":\"es\"}]}<\/script>\n<!-- \/ Yoast SEO plugin. -->","yoast_head_json":{"title":"4203 TAVOLINO FANCY - Vezzosi Arredamenti","robots":{"index":"index","follow":"follow","max-snippet":"max-snippet:-1","max-image-preview":"max-image-preview:large","max-video-preview":"max-video-preview:-1"},"canonical":"https:\/\/www.vezzosisrl.com\/es\/4203-tavolino-fancy\/","og_locale":"es_ES","og_type":"article","og_title":"4203 TAVOLINO FANCY - Vezzosi Arredamenti","og_description":"La mesa de centro de la l\u00ednea Fancy destaca entre otros muebles de peluquer\u00eda de Vezzosi. Consta de un armaz\u00f3n de acero pintado en dorado con una tapa de gres porcel\u00e1nico de color \u00f3nix. La base es un soporte de laminado pl\u00e1stico, y la verticalidad de la mesita se rompe con un tablero intermedio de...","og_url":"https:\/\/www.vezzosisrl.com\/es\/4203-tavolino-fancy\/","og_site_name":"Vezzosi Arredamenti","article_modified_time":"2024-01-10T10:31:15+00:00","og_image":[{"width":900,"height":900,"url":"https:\/\/www.vezzosisrl.com\/wp-content\/uploads\/2023\/05\/Tavolino-fancy.jpg","type":"image\/jpeg"}],"twitter_card":"summary_large_image","schema":{"@context":"https:\/\/schema.org","@graph":[{"@type":"WebPage","@id":"https:\/\/www.vezzosisrl.com\/es\/4203-tavolino-fancy\/","url":"https:\/\/www.vezzosisrl.com\/es\/4203-tavolino-fancy\/","name":"4203 TAVOLINO FANCY - Vezzosi Arredamenti","isPartOf":{"@id":"https:\/\/www.vezzosisrl.com\/es\/#website"},"primaryImageOfPage":{"@id":"https:\/\/www.vezzosisrl.com\/es\/4203-tavolino-fancy\/#primaryimage"},"image":{"@id":"https:\/\/www.vezzosisrl.com\/es\/4203-tavolino-fancy\/#primaryimage"},"thumbnailUrl":"https:\/\/www.vezzosisrl.com\/wp-content\/uploads\/2023\/05\/Tavolino-fancy.jpg","datePublished":"2023-05-26T10:50:19+00:00","dateModified":"2024-01-10T10:31:15+00:00","breadcrumb":{"@id":"https:\/\/www.vezzosisrl.com\/es\/4203-tavolino-fancy\/#breadcrumb"},"inLanguage":"es","potentialAction":[{"@type":"ReadAction","target":["https:\/\/www.vezzosisrl.com\/es\/4203-tavolino-fancy\/"]}]},{"@type":"ImageObject","inLanguage":"es","@id":"https:\/\/www.vezzosisrl.com\/es\/4203-tavolino-fancy\/#primaryimage","url":"https:\/\/www.vezzosisrl.com\/wp-content\/uploads\/2023\/05\/Tavolino-fancy.jpg","contentUrl":"https:\/\/www.vezzosisrl.com\/wp-content\/uploads\/2023\/05\/Tavolino-fancy.jpg","width":900,"height":900},{"@type":"BreadcrumbList","@id":"https:\/\/www.vezzosisrl.com\/es\/4203-tavolino-fancy\/#breadcrumb","itemListElement":[{"@type":"ListItem","position":1,"name":"Home","item":"https:\/\/www.vezzosisrl.com\/es\/"},{"@type":"ListItem","position":2,"name":"Productos","item":"https:\/\/www.vezzosisrl.com\/prodotti\/"},{"@type":"ListItem","position":3,"name":"4203 TAVOLINO FANCY"}]},{"@type":"WebSite","@id":"https:\/\/www.vezzosisrl.com\/es\/#website","url":"https:\/\/www.vezzosisrl.com\/es\/","name":"Vezzosi Arredamenti","description":"","potentialAction":[{"@type":"SearchAction","target":{"@type":"EntryPoint","urlTemplate":"https:\/\/www.vezzosisrl.com\/es\/?s={search_term_string}"},"query-input":{"@type":"PropertyValueSpecification","valueRequired":true,"valueName":"search_term_string"}}],"inLanguage":"es"}]}},"_links":{"self":[{"href":"https:\/\/www.vezzosisrl.com\/es\/wp-json\/wp\/v2\/product\/8979","targetHints":{"allow":["GET"]}}],"collection":[{"href":"https:\/\/www.vezzosisrl.com\/es\/wp-json\/wp\/v2\/product"}],"about":[{"href":"https:\/\/www.vezzosisrl.com\/es\/wp-json\/wp\/v2\/types\/product"}],"wp:featuredmedia":[{"embeddable":true,"href":"https:\/\/www.vezzosisrl.com\/es\/wp-json\/wp\/v2\/media\/7025"}],"wp:attachment":[{"href":"https:\/\/www.vezzosisrl.com\/es\/wp-json\/wp\/v2\/media?parent=8979"}],"wp:term":[{"taxonomy":"product_brand","embeddable":true,"href":"https:\/\/www.vezzosisrl.com\/es\/wp-json\/wp\/v2\/product_brand?post=8979"},{"taxonomy":"product_cat","embeddable":true,"href":"https:\/\/www.vezzosisrl.com\/es\/wp-json\/wp\/v2\/product_cat?post=8979"},{"taxonomy":"product_tag","embeddable":true,"href":"https:\/\/www.vezzosisrl.com\/es\/wp-json\/wp\/v2\/product_tag?post=8979"}],"curies":[{"name":"wp","href":"https:\/\/api.w.org\/{rel}","templated":true}]}}