{"id":8982,"date":"2023-05-26T12:50:19","date_gmt":"2023-05-26T10:50:19","guid":{"rendered":"http:\/\/vsrl.sviluppokeyweb.com\/prodotto\/6830-tavolo-cassa-fancy\/"},"modified":"2024-01-10T11:31:32","modified_gmt":"2024-01-10T10:31:32","slug":"fancy-tavolo-mobile-cassa-salone-bellezza-spa-barbiere","status":"publish","type":"product","link":"https:\/\/www.vezzosisrl.com\/es\/6830-tavolo-cassa-fancy\/","title":{"rendered":"6830 TAVOLO CASSA FANCY"},"content":{"rendered":"<p>Para recibir con elegancia a los clientes de su spa, sal\u00f3n de belleza o peluquer\u00eda y barber\u00eda, elija la exclusiva mesa de caja de nuestra l\u00ednea Fancy. La estructura es de laminado pl\u00e1stico con un estante para bolsas de gres porcel\u00e1nico de color \u00f3nice. Este \u00faltimo se apoya en marcos met\u00e1licos pintados en dorado. La mesa de caja Fancy tambi\u00e9n es adecuada como mueble amplio y espacioso, por lo que puede utilizarse como mostrador de recepci\u00f3n pr\u00e1ctico y elegante.<\/p>\n","protected":false},"excerpt":{"rendered":"<p>Para recibir con elegancia a los clientes de su spa, sal\u00f3n de belleza o peluquer\u00eda y barber\u00eda, elija la exclusiva mesa de caja de nuestra l\u00ednea Fancy. La estructura es de laminado pl\u00e1stico con un estante para bolsas de gres porcel\u00e1nico de color \u00f3nice. Este \u00faltimo se apoya en marcos met\u00e1licos pintados en dorado. La&#8230;<\/p>\n","protected":false},"featured_media":7028,"template":"","meta":[],"product_brand":[],"product_cat":[234],"product_tag":[],"class_list":{"0":"post-8982","1":"product","2":"type-product","3":"status-publish","4":"has-post-thumbnail","6":"product_cat-mesas-para-la-caja","7":"pa_collezione-vezzosi-style-es","8":"pa_collezione-amueblar-nuevo-salon-peluqueria-articulos-artesanos-italianos","9":"pa_tipologie-presupuesto-mesa-caja-para-peluquerias-alta-calidad","11":"first","12":"instock","13":"product-type-simple"},"acf":[],"yoast_head":"<!-- This site is optimized with the Yoast SEO plugin v26.9 - https:\/\/yoast.com\/product\/yoast-seo-wordpress\/ -->\n<title>6830 TAVOLO CASSA FANCY - Vezzosi Arredamenti<\/title>\n<meta name=\"robots\" content=\"index, follow, max-snippet:-1, max-image-preview:large, max-video-preview:-1\" \/>\n<link rel=\"canonical\" href=\"https:\/\/www.vezzosisrl.com\/es\/6830-tavolo-cassa-fancy\/\" \/>\n<meta property=\"og:locale\" content=\"es_ES\" \/>\n<meta property=\"og:type\" content=\"article\" \/>\n<meta property=\"og:title\" content=\"6830 TAVOLO CASSA FANCY - Vezzosi Arredamenti\" \/>\n<meta property=\"og:description\" content=\"Para recibir con elegancia a los clientes de su spa, sal\u00f3n de belleza o peluquer\u00eda y barber\u00eda, elija la exclusiva mesa de caja de nuestra l\u00ednea Fancy. La estructura es de laminado pl\u00e1stico con un estante para bolsas de gres porcel\u00e1nico de color \u00f3nice. Este \u00faltimo se apoya en marcos met\u00e1licos pintados en dorado. La...\" \/>\n<meta property=\"og:url\" content=\"https:\/\/www.vezzosisrl.com\/es\/6830-tavolo-cassa-fancy\/\" \/>\n<meta property=\"og:site_name\" content=\"Vezzosi Arredamenti\" \/>\n<meta property=\"article:modified_time\" content=\"2024-01-10T10:31:32+00:00\" \/>\n<meta property=\"og:image\" content=\"https:\/\/www.vezzosisrl.com\/wp-content\/uploads\/2023\/05\/Fancy-tavolo-cassa-per-salone.jpg\" \/>\n\t<meta property=\"og:image:width\" content=\"900\" \/>\n\t<meta property=\"og:image:height\" content=\"900\" \/>\n\t<meta property=\"og:image:type\" content=\"image\/jpeg\" \/>\n<meta name=\"twitter:card\" content=\"summary_large_image\" \/>\n<script type=\"application\/ld+json\" class=\"yoast-schema-graph\">{\"@context\":\"https:\/\/schema.org\",\"@graph\":[{\"@type\":\"WebPage\",\"@id\":\"https:\/\/www.vezzosisrl.com\/es\/6830-tavolo-cassa-fancy\/\",\"url\":\"https:\/\/www.vezzosisrl.com\/es\/6830-tavolo-cassa-fancy\/\",\"name\":\"6830 TAVOLO CASSA FANCY - Vezzosi Arredamenti\",\"isPartOf\":{\"@id\":\"https:\/\/www.vezzosisrl.com\/es\/#website\"},\"primaryImageOfPage\":{\"@id\":\"https:\/\/www.vezzosisrl.com\/es\/6830-tavolo-cassa-fancy\/#primaryimage\"},\"image\":{\"@id\":\"https:\/\/www.vezzosisrl.com\/es\/6830-tavolo-cassa-fancy\/#primaryimage\"},\"thumbnailUrl\":\"https:\/\/www.vezzosisrl.com\/wp-content\/uploads\/2023\/05\/Fancy-tavolo-cassa-per-salone.jpg\",\"datePublished\":\"2023-05-26T10:50:19+00:00\",\"dateModified\":\"2024-01-10T10:31:32+00:00\",\"breadcrumb\":{\"@id\":\"https:\/\/www.vezzosisrl.com\/es\/6830-tavolo-cassa-fancy\/#breadcrumb\"},\"inLanguage\":\"es\",\"potentialAction\":[{\"@type\":\"ReadAction\",\"target\":[\"https:\/\/www.vezzosisrl.com\/es\/6830-tavolo-cassa-fancy\/\"]}]},{\"@type\":\"ImageObject\",\"inLanguage\":\"es\",\"@id\":\"https:\/\/www.vezzosisrl.com\/es\/6830-tavolo-cassa-fancy\/#primaryimage\",\"url\":\"https:\/\/www.vezzosisrl.com\/wp-content\/uploads\/2023\/05\/Fancy-tavolo-cassa-per-salone.jpg\",\"contentUrl\":\"https:\/\/www.vezzosisrl.com\/wp-content\/uploads\/2023\/05\/Fancy-tavolo-cassa-per-salone.jpg\",\"width\":900,\"height\":900},{\"@type\":\"BreadcrumbList\",\"@id\":\"https:\/\/www.vezzosisrl.com\/es\/6830-tavolo-cassa-fancy\/#breadcrumb\",\"itemListElement\":[{\"@type\":\"ListItem\",\"position\":1,\"name\":\"Home\",\"item\":\"https:\/\/www.vezzosisrl.com\/es\/\"},{\"@type\":\"ListItem\",\"position\":2,\"name\":\"Productos\",\"item\":\"https:\/\/www.vezzosisrl.com\/prodotti\/\"},{\"@type\":\"ListItem\",\"position\":3,\"name\":\"6830 TAVOLO CASSA FANCY\"}]},{\"@type\":\"WebSite\",\"@id\":\"https:\/\/www.vezzosisrl.com\/es\/#website\",\"url\":\"https:\/\/www.vezzosisrl.com\/es\/\",\"name\":\"Vezzosi Arredamenti\",\"description\":\"\",\"potentialAction\":[{\"@type\":\"SearchAction\",\"target\":{\"@type\":\"EntryPoint\",\"urlTemplate\":\"https:\/\/www.vezzosisrl.com\/es\/?s={search_term_string}\"},\"query-input\":{\"@type\":\"PropertyValueSpecification\",\"valueRequired\":true,\"valueName\":\"search_term_string\"}}],\"inLanguage\":\"es\"}]}<\/script>\n<!-- \/ Yoast SEO plugin. -->","yoast_head_json":{"title":"6830 TAVOLO CASSA FANCY - Vezzosi Arredamenti","robots":{"index":"index","follow":"follow","max-snippet":"max-snippet:-1","max-image-preview":"max-image-preview:large","max-video-preview":"max-video-preview:-1"},"canonical":"https:\/\/www.vezzosisrl.com\/es\/6830-tavolo-cassa-fancy\/","og_locale":"es_ES","og_type":"article","og_title":"6830 TAVOLO CASSA FANCY - Vezzosi Arredamenti","og_description":"Para recibir con elegancia a los clientes de su spa, sal\u00f3n de belleza o peluquer\u00eda y barber\u00eda, elija la exclusiva mesa de caja de nuestra l\u00ednea Fancy. La estructura es de laminado pl\u00e1stico con un estante para bolsas de gres porcel\u00e1nico de color \u00f3nice. Este \u00faltimo se apoya en marcos met\u00e1licos pintados en dorado. La...","og_url":"https:\/\/www.vezzosisrl.com\/es\/6830-tavolo-cassa-fancy\/","og_site_name":"Vezzosi Arredamenti","article_modified_time":"2024-01-10T10:31:32+00:00","og_image":[{"width":900,"height":900,"url":"https:\/\/www.vezzosisrl.com\/wp-content\/uploads\/2023\/05\/Fancy-tavolo-cassa-per-salone.jpg","type":"image\/jpeg"}],"twitter_card":"summary_large_image","schema":{"@context":"https:\/\/schema.org","@graph":[{"@type":"WebPage","@id":"https:\/\/www.vezzosisrl.com\/es\/6830-tavolo-cassa-fancy\/","url":"https:\/\/www.vezzosisrl.com\/es\/6830-tavolo-cassa-fancy\/","name":"6830 TAVOLO CASSA FANCY - Vezzosi Arredamenti","isPartOf":{"@id":"https:\/\/www.vezzosisrl.com\/es\/#website"},"primaryImageOfPage":{"@id":"https:\/\/www.vezzosisrl.com\/es\/6830-tavolo-cassa-fancy\/#primaryimage"},"image":{"@id":"https:\/\/www.vezzosisrl.com\/es\/6830-tavolo-cassa-fancy\/#primaryimage"},"thumbnailUrl":"https:\/\/www.vezzosisrl.com\/wp-content\/uploads\/2023\/05\/Fancy-tavolo-cassa-per-salone.jpg","datePublished":"2023-05-26T10:50:19+00:00","dateModified":"2024-01-10T10:31:32+00:00","breadcrumb":{"@id":"https:\/\/www.vezzosisrl.com\/es\/6830-tavolo-cassa-fancy\/#breadcrumb"},"inLanguage":"es","potentialAction":[{"@type":"ReadAction","target":["https:\/\/www.vezzosisrl.com\/es\/6830-tavolo-cassa-fancy\/"]}]},{"@type":"ImageObject","inLanguage":"es","@id":"https:\/\/www.vezzosisrl.com\/es\/6830-tavolo-cassa-fancy\/#primaryimage","url":"https:\/\/www.vezzosisrl.com\/wp-content\/uploads\/2023\/05\/Fancy-tavolo-cassa-per-salone.jpg","contentUrl":"https:\/\/www.vezzosisrl.com\/wp-content\/uploads\/2023\/05\/Fancy-tavolo-cassa-per-salone.jpg","width":900,"height":900},{"@type":"BreadcrumbList","@id":"https:\/\/www.vezzosisrl.com\/es\/6830-tavolo-cassa-fancy\/#breadcrumb","itemListElement":[{"@type":"ListItem","position":1,"name":"Home","item":"https:\/\/www.vezzosisrl.com\/es\/"},{"@type":"ListItem","position":2,"name":"Productos","item":"https:\/\/www.vezzosisrl.com\/prodotti\/"},{"@type":"ListItem","position":3,"name":"6830 TAVOLO CASSA FANCY"}]},{"@type":"WebSite","@id":"https:\/\/www.vezzosisrl.com\/es\/#website","url":"https:\/\/www.vezzosisrl.com\/es\/","name":"Vezzosi Arredamenti","description":"","potentialAction":[{"@type":"SearchAction","target":{"@type":"EntryPoint","urlTemplate":"https:\/\/www.vezzosisrl.com\/es\/?s={search_term_string}"},"query-input":{"@type":"PropertyValueSpecification","valueRequired":true,"valueName":"search_term_string"}}],"inLanguage":"es"}]}},"_links":{"self":[{"href":"https:\/\/www.vezzosisrl.com\/es\/wp-json\/wp\/v2\/product\/8982","targetHints":{"allow":["GET"]}}],"collection":[{"href":"https:\/\/www.vezzosisrl.com\/es\/wp-json\/wp\/v2\/product"}],"about":[{"href":"https:\/\/www.vezzosisrl.com\/es\/wp-json\/wp\/v2\/types\/product"}],"wp:featuredmedia":[{"embeddable":true,"href":"https:\/\/www.vezzosisrl.com\/es\/wp-json\/wp\/v2\/media\/7028"}],"wp:attachment":[{"href":"https:\/\/www.vezzosisrl.com\/es\/wp-json\/wp\/v2\/media?parent=8982"}],"wp:term":[{"taxonomy":"product_brand","embeddable":true,"href":"https:\/\/www.vezzosisrl.com\/es\/wp-json\/wp\/v2\/product_brand?post=8982"},{"taxonomy":"product_cat","embeddable":true,"href":"https:\/\/www.vezzosisrl.com\/es\/wp-json\/wp\/v2\/product_cat?post=8982"},{"taxonomy":"product_tag","embeddable":true,"href":"https:\/\/www.vezzosisrl.com\/es\/wp-json\/wp\/v2\/product_tag?post=8982"}],"curies":[{"name":"wp","href":"https:\/\/api.w.org\/{rel}","templated":true}]}}