{"id":9021,"date":"2023-05-26T12:50:19","date_gmt":"2023-05-26T10:50:19","guid":{"rendered":"http:\/\/vsrl.sviluppokeyweb.com\/prodotto\/2075-flora-waiting\/"},"modified":"2024-01-10T11:30:16","modified_gmt":"2024-01-10T10:30:16","slug":"flora-waiting-poltroncina-color-bianco-oro","status":"publish","type":"product","link":"https:\/\/www.vezzosisrl.com\/es\/flora-waiting-banco-color-blanco-oro\/","title":{"rendered":"2075 Flora waiting"},"content":{"rendered":"<p>Flora Waiting es un banco de espera con dos peque\u00f1os sillones en tapicer\u00eda de skai blanco. La estructura est\u00e1 formada por un marco de acero pintado en dorado. Enriquezca la entrada de su sal\u00f3n de peluquer\u00eda con este exclusivo banco.<\/p>\n","protected":false},"excerpt":{"rendered":"<p>Flora Waiting es un banco de espera con dos peque\u00f1os sillones en tapicer\u00eda de skai blanco. La estructura est\u00e1 formada por un marco de acero pintado en dorado. Enriquezca la entrada de su sal\u00f3n de peluquer\u00eda con este exclusivo banco.<\/p>\n","protected":false},"featured_media":7112,"template":"","meta":[],"product_brand":[],"product_cat":[481],"product_tag":[],"class_list":{"0":"post-9021","1":"product","2":"type-product","3":"status-publish","4":"has-post-thumbnail","6":"product_cat-sillones-de-espera","7":"pa_collezione-vezzosi-style-es","8":"pa_collezione-muebles-peluquerias-estilo-posh-elegante","10":"first","11":"instock","12":"product-type-simple"},"acf":[],"yoast_head":"<!-- This site is optimized with the Yoast SEO plugin v26.9 - https:\/\/yoast.com\/product\/yoast-seo-wordpress\/ -->\n<title>2075 Flora waiting - Vezzosi Arredamenti<\/title>\n<meta name=\"robots\" content=\"index, follow, max-snippet:-1, max-image-preview:large, max-video-preview:-1\" \/>\n<link rel=\"canonical\" href=\"https:\/\/www.vezzosisrl.com\/es\/flora-waiting-banco-color-blanco-oro\/\" \/>\n<meta property=\"og:locale\" content=\"es_ES\" \/>\n<meta property=\"og:type\" content=\"article\" \/>\n<meta property=\"og:title\" content=\"2075 Flora waiting - Vezzosi Arredamenti\" \/>\n<meta property=\"og:description\" content=\"Flora Waiting es un banco de espera con dos peque\u00f1os sillones en tapicer\u00eda de skai blanco. La estructura est\u00e1 formada por un marco de acero pintado en dorado. Enriquezca la entrada de su sal\u00f3n de peluquer\u00eda con este exclusivo banco.\" \/>\n<meta property=\"og:url\" content=\"https:\/\/www.vezzosisrl.com\/es\/flora-waiting-banco-color-blanco-oro\/\" \/>\n<meta property=\"og:site_name\" content=\"Vezzosi Arredamenti\" \/>\n<meta property=\"article:modified_time\" content=\"2024-01-10T10:30:16+00:00\" \/>\n<meta property=\"og:image\" content=\"https:\/\/www.vezzosisrl.com\/wp-content\/uploads\/2023\/05\/Flora-waiting.jpg\" \/>\n\t<meta property=\"og:image:width\" content=\"900\" \/>\n\t<meta property=\"og:image:height\" content=\"900\" \/>\n\t<meta property=\"og:image:type\" content=\"image\/jpeg\" \/>\n<meta name=\"twitter:card\" content=\"summary_large_image\" \/>\n<script type=\"application\/ld+json\" class=\"yoast-schema-graph\">{\"@context\":\"https:\/\/schema.org\",\"@graph\":[{\"@type\":\"WebPage\",\"@id\":\"https:\/\/www.vezzosisrl.com\/es\/flora-waiting-banco-color-blanco-oro\/\",\"url\":\"https:\/\/www.vezzosisrl.com\/es\/flora-waiting-banco-color-blanco-oro\/\",\"name\":\"2075 Flora waiting - Vezzosi Arredamenti\",\"isPartOf\":{\"@id\":\"https:\/\/www.vezzosisrl.com\/es\/#website\"},\"primaryImageOfPage\":{\"@id\":\"https:\/\/www.vezzosisrl.com\/es\/flora-waiting-banco-color-blanco-oro\/#primaryimage\"},\"image\":{\"@id\":\"https:\/\/www.vezzosisrl.com\/es\/flora-waiting-banco-color-blanco-oro\/#primaryimage\"},\"thumbnailUrl\":\"https:\/\/www.vezzosisrl.com\/wp-content\/uploads\/2023\/05\/Flora-waiting.jpg\",\"datePublished\":\"2023-05-26T10:50:19+00:00\",\"dateModified\":\"2024-01-10T10:30:16+00:00\",\"breadcrumb\":{\"@id\":\"https:\/\/www.vezzosisrl.com\/es\/flora-waiting-banco-color-blanco-oro\/#breadcrumb\"},\"inLanguage\":\"es\",\"potentialAction\":[{\"@type\":\"ReadAction\",\"target\":[\"https:\/\/www.vezzosisrl.com\/es\/flora-waiting-banco-color-blanco-oro\/\"]}]},{\"@type\":\"ImageObject\",\"inLanguage\":\"es\",\"@id\":\"https:\/\/www.vezzosisrl.com\/es\/flora-waiting-banco-color-blanco-oro\/#primaryimage\",\"url\":\"https:\/\/www.vezzosisrl.com\/wp-content\/uploads\/2023\/05\/Flora-waiting.jpg\",\"contentUrl\":\"https:\/\/www.vezzosisrl.com\/wp-content\/uploads\/2023\/05\/Flora-waiting.jpg\",\"width\":900,\"height\":900},{\"@type\":\"BreadcrumbList\",\"@id\":\"https:\/\/www.vezzosisrl.com\/es\/flora-waiting-banco-color-blanco-oro\/#breadcrumb\",\"itemListElement\":[{\"@type\":\"ListItem\",\"position\":1,\"name\":\"Home\",\"item\":\"https:\/\/www.vezzosisrl.com\/es\/\"},{\"@type\":\"ListItem\",\"position\":2,\"name\":\"Productos\",\"item\":\"https:\/\/www.vezzosisrl.com\/prodotti\/\"},{\"@type\":\"ListItem\",\"position\":3,\"name\":\"2075 Flora waiting\"}]},{\"@type\":\"WebSite\",\"@id\":\"https:\/\/www.vezzosisrl.com\/es\/#website\",\"url\":\"https:\/\/www.vezzosisrl.com\/es\/\",\"name\":\"Vezzosi Arredamenti\",\"description\":\"\",\"potentialAction\":[{\"@type\":\"SearchAction\",\"target\":{\"@type\":\"EntryPoint\",\"urlTemplate\":\"https:\/\/www.vezzosisrl.com\/es\/?s={search_term_string}\"},\"query-input\":{\"@type\":\"PropertyValueSpecification\",\"valueRequired\":true,\"valueName\":\"search_term_string\"}}],\"inLanguage\":\"es\"}]}<\/script>\n<!-- \/ Yoast SEO plugin. -->","yoast_head_json":{"title":"2075 Flora waiting - Vezzosi Arredamenti","robots":{"index":"index","follow":"follow","max-snippet":"max-snippet:-1","max-image-preview":"max-image-preview:large","max-video-preview":"max-video-preview:-1"},"canonical":"https:\/\/www.vezzosisrl.com\/es\/flora-waiting-banco-color-blanco-oro\/","og_locale":"es_ES","og_type":"article","og_title":"2075 Flora waiting - Vezzosi Arredamenti","og_description":"Flora Waiting es un banco de espera con dos peque\u00f1os sillones en tapicer\u00eda de skai blanco. La estructura est\u00e1 formada por un marco de acero pintado en dorado. Enriquezca la entrada de su sal\u00f3n de peluquer\u00eda con este exclusivo banco.","og_url":"https:\/\/www.vezzosisrl.com\/es\/flora-waiting-banco-color-blanco-oro\/","og_site_name":"Vezzosi Arredamenti","article_modified_time":"2024-01-10T10:30:16+00:00","og_image":[{"width":900,"height":900,"url":"https:\/\/www.vezzosisrl.com\/wp-content\/uploads\/2023\/05\/Flora-waiting.jpg","type":"image\/jpeg"}],"twitter_card":"summary_large_image","schema":{"@context":"https:\/\/schema.org","@graph":[{"@type":"WebPage","@id":"https:\/\/www.vezzosisrl.com\/es\/flora-waiting-banco-color-blanco-oro\/","url":"https:\/\/www.vezzosisrl.com\/es\/flora-waiting-banco-color-blanco-oro\/","name":"2075 Flora waiting - Vezzosi Arredamenti","isPartOf":{"@id":"https:\/\/www.vezzosisrl.com\/es\/#website"},"primaryImageOfPage":{"@id":"https:\/\/www.vezzosisrl.com\/es\/flora-waiting-banco-color-blanco-oro\/#primaryimage"},"image":{"@id":"https:\/\/www.vezzosisrl.com\/es\/flora-waiting-banco-color-blanco-oro\/#primaryimage"},"thumbnailUrl":"https:\/\/www.vezzosisrl.com\/wp-content\/uploads\/2023\/05\/Flora-waiting.jpg","datePublished":"2023-05-26T10:50:19+00:00","dateModified":"2024-01-10T10:30:16+00:00","breadcrumb":{"@id":"https:\/\/www.vezzosisrl.com\/es\/flora-waiting-banco-color-blanco-oro\/#breadcrumb"},"inLanguage":"es","potentialAction":[{"@type":"ReadAction","target":["https:\/\/www.vezzosisrl.com\/es\/flora-waiting-banco-color-blanco-oro\/"]}]},{"@type":"ImageObject","inLanguage":"es","@id":"https:\/\/www.vezzosisrl.com\/es\/flora-waiting-banco-color-blanco-oro\/#primaryimage","url":"https:\/\/www.vezzosisrl.com\/wp-content\/uploads\/2023\/05\/Flora-waiting.jpg","contentUrl":"https:\/\/www.vezzosisrl.com\/wp-content\/uploads\/2023\/05\/Flora-waiting.jpg","width":900,"height":900},{"@type":"BreadcrumbList","@id":"https:\/\/www.vezzosisrl.com\/es\/flora-waiting-banco-color-blanco-oro\/#breadcrumb","itemListElement":[{"@type":"ListItem","position":1,"name":"Home","item":"https:\/\/www.vezzosisrl.com\/es\/"},{"@type":"ListItem","position":2,"name":"Productos","item":"https:\/\/www.vezzosisrl.com\/prodotti\/"},{"@type":"ListItem","position":3,"name":"2075 Flora waiting"}]},{"@type":"WebSite","@id":"https:\/\/www.vezzosisrl.com\/es\/#website","url":"https:\/\/www.vezzosisrl.com\/es\/","name":"Vezzosi Arredamenti","description":"","potentialAction":[{"@type":"SearchAction","target":{"@type":"EntryPoint","urlTemplate":"https:\/\/www.vezzosisrl.com\/es\/?s={search_term_string}"},"query-input":{"@type":"PropertyValueSpecification","valueRequired":true,"valueName":"search_term_string"}}],"inLanguage":"es"}]}},"_links":{"self":[{"href":"https:\/\/www.vezzosisrl.com\/es\/wp-json\/wp\/v2\/product\/9021","targetHints":{"allow":["GET"]}}],"collection":[{"href":"https:\/\/www.vezzosisrl.com\/es\/wp-json\/wp\/v2\/product"}],"about":[{"href":"https:\/\/www.vezzosisrl.com\/es\/wp-json\/wp\/v2\/types\/product"}],"wp:featuredmedia":[{"embeddable":true,"href":"https:\/\/www.vezzosisrl.com\/es\/wp-json\/wp\/v2\/media\/7112"}],"wp:attachment":[{"href":"https:\/\/www.vezzosisrl.com\/es\/wp-json\/wp\/v2\/media?parent=9021"}],"wp:term":[{"taxonomy":"product_brand","embeddable":true,"href":"https:\/\/www.vezzosisrl.com\/es\/wp-json\/wp\/v2\/product_brand?post=9021"},{"taxonomy":"product_cat","embeddable":true,"href":"https:\/\/www.vezzosisrl.com\/es\/wp-json\/wp\/v2\/product_cat?post=9021"},{"taxonomy":"product_tag","embeddable":true,"href":"https:\/\/www.vezzosisrl.com\/es\/wp-json\/wp\/v2\/product_tag?post=9021"}],"curies":[{"name":"wp","href":"https:\/\/api.w.org\/{rel}","templated":true}]}}