{"id":9063,"date":"2023-05-26T12:48:12","date_gmt":"2023-05-26T10:48:12","guid":{"rendered":"http:\/\/vsrl.sviluppokeyweb.com\/prodotto\/3050-fancy-relax\/"},"modified":"2024-01-10T11:30:28","modified_gmt":"2024-01-10T10:30:28","slug":"vendita-poltrona-lavaggio-fancy-confortevole-rivestimento-skai","status":"publish","type":"product","link":"https:\/\/www.vezzosisrl.com\/es\/venta-sillones-lavacabeza-fancy-comoda-cubierta-skai\/","title":{"rendered":"3050 FANCY RELAX"},"content":{"rendered":"<p>La silla de lavado Fancy Relax es una c\u00f2moda silla de trabajo con reposapiernas y asiento totalmente ajustable. La estructura est\u00e0 revestida de skai y permite al cliente disfrutar de un c\u00f2modo asiento, transformando una silla de lavado en un aut\u00e8ntico <em>must-have<\/em> para su peluquer\u00eca. Consulte el cat\u00e0logo de Vezzosi para encontrar muchas otras soluciones a la venta.<\/p>\n","protected":false},"excerpt":{"rendered":"<p>La silla de lavado Fancy Relax es una c\u00f2moda silla de trabajo con reposapiernas y asiento totalmente ajustable. La estructura est\u00e0 revestida de skai y permite al cliente disfrutar de un c\u00f2modo asiento, transformando una silla de lavado en un aut\u00e8ntico must-have para su peluquer\u00eca. Consulte el cat\u00e0logo de Vezzosi para encontrar muchas otras soluciones&#8230;<\/p>\n","protected":false},"featured_media":6962,"template":"","meta":[],"product_brand":[],"product_cat":[465],"product_tag":[],"class_list":{"0":"post-9063","1":"product","2":"type-product","3":"status-publish","4":"has-post-thumbnail","6":"product_cat-puestos-de-lavado","7":"pa_collezione-vezzosi-style-es","8":"pa_collezione-amueblar-nuevo-salon-peluqueria-articulos-artesanos-italianos","9":"pa_tipologie-lavacabezas-relax-confort-profesional-para-revendedores-peluquerias","11":"first","12":"instock","13":"product-type-simple"},"acf":[],"yoast_head":"<!-- This site is optimized with the Yoast SEO plugin v26.9 - https:\/\/yoast.com\/product\/yoast-seo-wordpress\/ -->\n<title>3050 FANCY RELAX - Vezzosi Arredamenti<\/title>\n<meta name=\"robots\" content=\"index, follow, max-snippet:-1, max-image-preview:large, max-video-preview:-1\" \/>\n<link rel=\"canonical\" href=\"https:\/\/www.vezzosisrl.com\/es\/venta-sillones-lavacabeza-fancy-comoda-cubierta-skai\/\" \/>\n<meta property=\"og:locale\" content=\"es_ES\" \/>\n<meta property=\"og:type\" content=\"article\" \/>\n<meta property=\"og:title\" content=\"3050 FANCY RELAX - Vezzosi Arredamenti\" \/>\n<meta property=\"og:description\" content=\"La silla de lavado Fancy Relax es una c\u00f2moda silla de trabajo con reposapiernas y asiento totalmente ajustable. La estructura est\u00e0 revestida de skai y permite al cliente disfrutar de un c\u00f2modo asiento, transformando una silla de lavado en un aut\u00e8ntico must-have para su peluquer\u00eca. Consulte el cat\u00e0logo de Vezzosi para encontrar muchas otras soluciones...\" \/>\n<meta property=\"og:url\" content=\"https:\/\/www.vezzosisrl.com\/es\/venta-sillones-lavacabeza-fancy-comoda-cubierta-skai\/\" \/>\n<meta property=\"og:site_name\" content=\"Vezzosi Arredamenti\" \/>\n<meta property=\"article:modified_time\" content=\"2024-01-10T10:30:28+00:00\" \/>\n<meta property=\"og:image\" content=\"https:\/\/www.vezzosisrl.com\/wp-content\/uploads\/2023\/05\/Poltrona-lavaggio-fancy.jpg\" \/>\n\t<meta property=\"og:image:width\" content=\"900\" \/>\n\t<meta property=\"og:image:height\" content=\"900\" \/>\n\t<meta property=\"og:image:type\" content=\"image\/jpeg\" \/>\n<meta name=\"twitter:card\" content=\"summary_large_image\" \/>\n<script type=\"application\/ld+json\" class=\"yoast-schema-graph\">{\"@context\":\"https:\/\/schema.org\",\"@graph\":[{\"@type\":\"WebPage\",\"@id\":\"https:\/\/www.vezzosisrl.com\/es\/venta-sillones-lavacabeza-fancy-comoda-cubierta-skai\/\",\"url\":\"https:\/\/www.vezzosisrl.com\/es\/venta-sillones-lavacabeza-fancy-comoda-cubierta-skai\/\",\"name\":\"3050 FANCY RELAX - Vezzosi Arredamenti\",\"isPartOf\":{\"@id\":\"https:\/\/www.vezzosisrl.com\/es\/#website\"},\"primaryImageOfPage\":{\"@id\":\"https:\/\/www.vezzosisrl.com\/es\/venta-sillones-lavacabeza-fancy-comoda-cubierta-skai\/#primaryimage\"},\"image\":{\"@id\":\"https:\/\/www.vezzosisrl.com\/es\/venta-sillones-lavacabeza-fancy-comoda-cubierta-skai\/#primaryimage\"},\"thumbnailUrl\":\"https:\/\/www.vezzosisrl.com\/wp-content\/uploads\/2023\/05\/Poltrona-lavaggio-fancy.jpg\",\"datePublished\":\"2023-05-26T10:48:12+00:00\",\"dateModified\":\"2024-01-10T10:30:28+00:00\",\"breadcrumb\":{\"@id\":\"https:\/\/www.vezzosisrl.com\/es\/venta-sillones-lavacabeza-fancy-comoda-cubierta-skai\/#breadcrumb\"},\"inLanguage\":\"es\",\"potentialAction\":[{\"@type\":\"ReadAction\",\"target\":[\"https:\/\/www.vezzosisrl.com\/es\/venta-sillones-lavacabeza-fancy-comoda-cubierta-skai\/\"]}]},{\"@type\":\"ImageObject\",\"inLanguage\":\"es\",\"@id\":\"https:\/\/www.vezzosisrl.com\/es\/venta-sillones-lavacabeza-fancy-comoda-cubierta-skai\/#primaryimage\",\"url\":\"https:\/\/www.vezzosisrl.com\/wp-content\/uploads\/2023\/05\/Poltrona-lavaggio-fancy.jpg\",\"contentUrl\":\"https:\/\/www.vezzosisrl.com\/wp-content\/uploads\/2023\/05\/Poltrona-lavaggio-fancy.jpg\",\"width\":900,\"height\":900},{\"@type\":\"BreadcrumbList\",\"@id\":\"https:\/\/www.vezzosisrl.com\/es\/venta-sillones-lavacabeza-fancy-comoda-cubierta-skai\/#breadcrumb\",\"itemListElement\":[{\"@type\":\"ListItem\",\"position\":1,\"name\":\"Home\",\"item\":\"https:\/\/www.vezzosisrl.com\/es\/\"},{\"@type\":\"ListItem\",\"position\":2,\"name\":\"Productos\",\"item\":\"https:\/\/www.vezzosisrl.com\/prodotti\/\"},{\"@type\":\"ListItem\",\"position\":3,\"name\":\"3050 FANCY RELAX\"}]},{\"@type\":\"WebSite\",\"@id\":\"https:\/\/www.vezzosisrl.com\/es\/#website\",\"url\":\"https:\/\/www.vezzosisrl.com\/es\/\",\"name\":\"Vezzosi Arredamenti\",\"description\":\"\",\"potentialAction\":[{\"@type\":\"SearchAction\",\"target\":{\"@type\":\"EntryPoint\",\"urlTemplate\":\"https:\/\/www.vezzosisrl.com\/es\/?s={search_term_string}\"},\"query-input\":{\"@type\":\"PropertyValueSpecification\",\"valueRequired\":true,\"valueName\":\"search_term_string\"}}],\"inLanguage\":\"es\"}]}<\/script>\n<!-- \/ Yoast SEO plugin. -->","yoast_head_json":{"title":"3050 FANCY RELAX - Vezzosi Arredamenti","robots":{"index":"index","follow":"follow","max-snippet":"max-snippet:-1","max-image-preview":"max-image-preview:large","max-video-preview":"max-video-preview:-1"},"canonical":"https:\/\/www.vezzosisrl.com\/es\/venta-sillones-lavacabeza-fancy-comoda-cubierta-skai\/","og_locale":"es_ES","og_type":"article","og_title":"3050 FANCY RELAX - Vezzosi Arredamenti","og_description":"La silla de lavado Fancy Relax es una c\u00f2moda silla de trabajo con reposapiernas y asiento totalmente ajustable. La estructura est\u00e0 revestida de skai y permite al cliente disfrutar de un c\u00f2modo asiento, transformando una silla de lavado en un aut\u00e8ntico must-have para su peluquer\u00eca. Consulte el cat\u00e0logo de Vezzosi para encontrar muchas otras soluciones...","og_url":"https:\/\/www.vezzosisrl.com\/es\/venta-sillones-lavacabeza-fancy-comoda-cubierta-skai\/","og_site_name":"Vezzosi Arredamenti","article_modified_time":"2024-01-10T10:30:28+00:00","og_image":[{"width":900,"height":900,"url":"https:\/\/www.vezzosisrl.com\/wp-content\/uploads\/2023\/05\/Poltrona-lavaggio-fancy.jpg","type":"image\/jpeg"}],"twitter_card":"summary_large_image","schema":{"@context":"https:\/\/schema.org","@graph":[{"@type":"WebPage","@id":"https:\/\/www.vezzosisrl.com\/es\/venta-sillones-lavacabeza-fancy-comoda-cubierta-skai\/","url":"https:\/\/www.vezzosisrl.com\/es\/venta-sillones-lavacabeza-fancy-comoda-cubierta-skai\/","name":"3050 FANCY RELAX - Vezzosi Arredamenti","isPartOf":{"@id":"https:\/\/www.vezzosisrl.com\/es\/#website"},"primaryImageOfPage":{"@id":"https:\/\/www.vezzosisrl.com\/es\/venta-sillones-lavacabeza-fancy-comoda-cubierta-skai\/#primaryimage"},"image":{"@id":"https:\/\/www.vezzosisrl.com\/es\/venta-sillones-lavacabeza-fancy-comoda-cubierta-skai\/#primaryimage"},"thumbnailUrl":"https:\/\/www.vezzosisrl.com\/wp-content\/uploads\/2023\/05\/Poltrona-lavaggio-fancy.jpg","datePublished":"2023-05-26T10:48:12+00:00","dateModified":"2024-01-10T10:30:28+00:00","breadcrumb":{"@id":"https:\/\/www.vezzosisrl.com\/es\/venta-sillones-lavacabeza-fancy-comoda-cubierta-skai\/#breadcrumb"},"inLanguage":"es","potentialAction":[{"@type":"ReadAction","target":["https:\/\/www.vezzosisrl.com\/es\/venta-sillones-lavacabeza-fancy-comoda-cubierta-skai\/"]}]},{"@type":"ImageObject","inLanguage":"es","@id":"https:\/\/www.vezzosisrl.com\/es\/venta-sillones-lavacabeza-fancy-comoda-cubierta-skai\/#primaryimage","url":"https:\/\/www.vezzosisrl.com\/wp-content\/uploads\/2023\/05\/Poltrona-lavaggio-fancy.jpg","contentUrl":"https:\/\/www.vezzosisrl.com\/wp-content\/uploads\/2023\/05\/Poltrona-lavaggio-fancy.jpg","width":900,"height":900},{"@type":"BreadcrumbList","@id":"https:\/\/www.vezzosisrl.com\/es\/venta-sillones-lavacabeza-fancy-comoda-cubierta-skai\/#breadcrumb","itemListElement":[{"@type":"ListItem","position":1,"name":"Home","item":"https:\/\/www.vezzosisrl.com\/es\/"},{"@type":"ListItem","position":2,"name":"Productos","item":"https:\/\/www.vezzosisrl.com\/prodotti\/"},{"@type":"ListItem","position":3,"name":"3050 FANCY RELAX"}]},{"@type":"WebSite","@id":"https:\/\/www.vezzosisrl.com\/es\/#website","url":"https:\/\/www.vezzosisrl.com\/es\/","name":"Vezzosi Arredamenti","description":"","potentialAction":[{"@type":"SearchAction","target":{"@type":"EntryPoint","urlTemplate":"https:\/\/www.vezzosisrl.com\/es\/?s={search_term_string}"},"query-input":{"@type":"PropertyValueSpecification","valueRequired":true,"valueName":"search_term_string"}}],"inLanguage":"es"}]}},"_links":{"self":[{"href":"https:\/\/www.vezzosisrl.com\/es\/wp-json\/wp\/v2\/product\/9063","targetHints":{"allow":["GET"]}}],"collection":[{"href":"https:\/\/www.vezzosisrl.com\/es\/wp-json\/wp\/v2\/product"}],"about":[{"href":"https:\/\/www.vezzosisrl.com\/es\/wp-json\/wp\/v2\/types\/product"}],"wp:featuredmedia":[{"embeddable":true,"href":"https:\/\/www.vezzosisrl.com\/es\/wp-json\/wp\/v2\/media\/6962"}],"wp:attachment":[{"href":"https:\/\/www.vezzosisrl.com\/es\/wp-json\/wp\/v2\/media?parent=9063"}],"wp:term":[{"taxonomy":"product_brand","embeddable":true,"href":"https:\/\/www.vezzosisrl.com\/es\/wp-json\/wp\/v2\/product_brand?post=9063"},{"taxonomy":"product_cat","embeddable":true,"href":"https:\/\/www.vezzosisrl.com\/es\/wp-json\/wp\/v2\/product_cat?post=9063"},{"taxonomy":"product_tag","embeddable":true,"href":"https:\/\/www.vezzosisrl.com\/es\/wp-json\/wp\/v2\/product_tag?post=9063"}],"curies":[{"name":"wp","href":"https:\/\/api.w.org\/{rel}","templated":true}]}}