{"id":9069,"date":"2023-05-26T12:48:12","date_gmt":"2023-05-26T10:48:12","guid":{"rendered":"http:\/\/vsrl.sviluppokeyweb.com\/prodotto\/3075-beauty-basket-flora\/"},"modified":"2024-01-10T11:30:29","modified_gmt":"2024-01-10T10:30:29","slug":"beauty-basket-flora-seduta-lavaggio-professionale-per-salone","status":"publish","type":"product","link":"https:\/\/www.vezzosisrl.com\/es\/beauty-basket-flora-asiento-lavacabeza-profesional-por-salon\/","title":{"rendered":"3075 \u2013 BEAUTY BASKET FLORA"},"content":{"rendered":"<p>El fuerte car\u00e0cter contempor\u00e0neo y exclusivo de la Colecci\u00f2n Flora se expresa a trav\u00e8s de las estaciones de lavado Flora Beauty Basket. Los colores claros y las l\u00ecneas suaves y onduladas comunican inmediatamente acogida y confort. Cada sill\u00f2n se completa con un lavabo y un respaldo basculantes, inclu\u00ecda la versi\u00f2n Basic; el modelo Relax, adem\u00e0s, se completa con un reposapiernas ajustable electr\u00f2nicamente. Para enriquecer a\u00f9n m\u00e0s la experiencia de sus clientes, le recomendamos el modelo Massage, implementado con un masaje corporal total de drenaje linf\u00e0tico de flujo de aire continuamente variable.<\/p>\n<p>Quiere a\u00f9n m\u00e0s para su sal\u00f2n? Flora Beauty Basket es lo mejor que se pueda desear de un puesto de lavado. El marco est\u00e0 tapizado en skai, al igual que los laterales con aberturas de cristal laminado transparente. El complemento tambi\u00e8n cuenta con un casquete superior basculante con un frontal de plexigl\u00e0s blanco y un sistema de retroiluminaci\u00f2n LED para mejorar la visibilidad en el interior de la ba\u00f1era, y una parte trasera de plexigl\u00e0s transparente con funci\u00f2n de respiradero. En sus extensiones Relax y Massage, Beauty Basket es un sill\u00f2n con reposapiernas regulable electr\u00f2nicamente y masaje de drenaje linf\u00e0tico total. La gran ventaja de este complemento profesional para el reposacabezas es que puede reproducirse en bater\u00eca, sin problemas.<\/p>\n","protected":false},"excerpt":{"rendered":"<p>El fuerte car\u00e0cter contempor\u00e0neo y exclusivo de la Colecci\u00f2n Flora se expresa a trav\u00e8s de las estaciones de lavado Flora Beauty Basket. Los colores claros y las l\u00ecneas suaves y onduladas comunican inmediatamente acogida y confort. Cada sill\u00f2n se completa con un lavabo y un respaldo basculantes, inclu\u00ecda la versi\u00f2n Basic; el modelo Relax, adem\u00e0s,&#8230;<\/p>\n","protected":false},"featured_media":6968,"template":"","meta":[],"product_brand":[],"product_cat":[465],"product_tag":[],"class_list":{"0":"post-9069","1":"product","2":"type-product","3":"status-publish","4":"has-post-thumbnail","6":"product_cat-puestos-de-lavado","7":"pa_collezione-vezzosi-style-es","8":"pa_collezione-mobiliario-elegante-peluqueria-barberia-para-minoristas-tiendas","9":"pa_tipologie-mejores-puestos-de-lavado-para-peluquerias-modelo-basic-tapiceria-skai","11":"first","12":"instock","13":"product-type-simple"},"acf":[],"yoast_head":"<!-- This site is optimized with the Yoast SEO plugin v26.9 - https:\/\/yoast.com\/product\/yoast-seo-wordpress\/ -->\n<title>3075 \u2013 BEAUTY BASKET FLORA - Vezzosi Arredamenti<\/title>\n<meta name=\"robots\" content=\"index, follow, max-snippet:-1, max-image-preview:large, max-video-preview:-1\" \/>\n<link rel=\"canonical\" href=\"https:\/\/www.vezzosisrl.com\/es\/beauty-basket-flora-asiento-lavacabeza-profesional-por-salon\/\" \/>\n<meta property=\"og:locale\" content=\"es_ES\" \/>\n<meta property=\"og:type\" content=\"article\" \/>\n<meta property=\"og:title\" content=\"3075 \u2013 BEAUTY BASKET FLORA - Vezzosi Arredamenti\" \/>\n<meta property=\"og:description\" content=\"El fuerte car\u00e0cter contempor\u00e0neo y exclusivo de la Colecci\u00f2n Flora se expresa a trav\u00e8s de las estaciones de lavado Flora Beauty Basket. Los colores claros y las l\u00ecneas suaves y onduladas comunican inmediatamente acogida y confort. Cada sill\u00f2n se completa con un lavabo y un respaldo basculantes, inclu\u00ecda la versi\u00f2n Basic; el modelo Relax, adem\u00e0s,...\" \/>\n<meta property=\"og:url\" content=\"https:\/\/www.vezzosisrl.com\/es\/beauty-basket-flora-asiento-lavacabeza-profesional-por-salon\/\" \/>\n<meta property=\"og:site_name\" content=\"Vezzosi Arredamenti\" \/>\n<meta property=\"article:modified_time\" content=\"2024-01-10T10:30:29+00:00\" \/>\n<meta property=\"og:image\" content=\"https:\/\/www.vezzosisrl.com\/wp-content\/uploads\/2023\/05\/Lavaggio-beauty-basket-flora.jpg\" \/>\n\t<meta property=\"og:image:width\" content=\"900\" \/>\n\t<meta property=\"og:image:height\" content=\"900\" \/>\n\t<meta property=\"og:image:type\" content=\"image\/jpeg\" \/>\n<meta name=\"twitter:card\" content=\"summary_large_image\" \/>\n<meta name=\"twitter:label1\" content=\"Tiempo de lectura\" \/>\n\t<meta name=\"twitter:data1\" content=\"1 minuto\" \/>\n<script type=\"application\/ld+json\" class=\"yoast-schema-graph\">{\"@context\":\"https:\/\/schema.org\",\"@graph\":[{\"@type\":\"WebPage\",\"@id\":\"https:\/\/www.vezzosisrl.com\/es\/beauty-basket-flora-asiento-lavacabeza-profesional-por-salon\/\",\"url\":\"https:\/\/www.vezzosisrl.com\/es\/beauty-basket-flora-asiento-lavacabeza-profesional-por-salon\/\",\"name\":\"3075 \u2013 BEAUTY BASKET FLORA - Vezzosi Arredamenti\",\"isPartOf\":{\"@id\":\"https:\/\/www.vezzosisrl.com\/es\/#website\"},\"primaryImageOfPage\":{\"@id\":\"https:\/\/www.vezzosisrl.com\/es\/beauty-basket-flora-asiento-lavacabeza-profesional-por-salon\/#primaryimage\"},\"image\":{\"@id\":\"https:\/\/www.vezzosisrl.com\/es\/beauty-basket-flora-asiento-lavacabeza-profesional-por-salon\/#primaryimage\"},\"thumbnailUrl\":\"https:\/\/www.vezzosisrl.com\/wp-content\/uploads\/2023\/05\/Lavaggio-beauty-basket-flora.jpg\",\"datePublished\":\"2023-05-26T10:48:12+00:00\",\"dateModified\":\"2024-01-10T10:30:29+00:00\",\"breadcrumb\":{\"@id\":\"https:\/\/www.vezzosisrl.com\/es\/beauty-basket-flora-asiento-lavacabeza-profesional-por-salon\/#breadcrumb\"},\"inLanguage\":\"es\",\"potentialAction\":[{\"@type\":\"ReadAction\",\"target\":[\"https:\/\/www.vezzosisrl.com\/es\/beauty-basket-flora-asiento-lavacabeza-profesional-por-salon\/\"]}]},{\"@type\":\"ImageObject\",\"inLanguage\":\"es\",\"@id\":\"https:\/\/www.vezzosisrl.com\/es\/beauty-basket-flora-asiento-lavacabeza-profesional-por-salon\/#primaryimage\",\"url\":\"https:\/\/www.vezzosisrl.com\/wp-content\/uploads\/2023\/05\/Lavaggio-beauty-basket-flora.jpg\",\"contentUrl\":\"https:\/\/www.vezzosisrl.com\/wp-content\/uploads\/2023\/05\/Lavaggio-beauty-basket-flora.jpg\",\"width\":900,\"height\":900},{\"@type\":\"BreadcrumbList\",\"@id\":\"https:\/\/www.vezzosisrl.com\/es\/beauty-basket-flora-asiento-lavacabeza-profesional-por-salon\/#breadcrumb\",\"itemListElement\":[{\"@type\":\"ListItem\",\"position\":1,\"name\":\"Home\",\"item\":\"https:\/\/www.vezzosisrl.com\/es\/\"},{\"@type\":\"ListItem\",\"position\":2,\"name\":\"Productos\",\"item\":\"https:\/\/www.vezzosisrl.com\/prodotti\/\"},{\"@type\":\"ListItem\",\"position\":3,\"name\":\"3075 \u2013 BEAUTY BASKET FLORA\"}]},{\"@type\":\"WebSite\",\"@id\":\"https:\/\/www.vezzosisrl.com\/es\/#website\",\"url\":\"https:\/\/www.vezzosisrl.com\/es\/\",\"name\":\"Vezzosi Arredamenti\",\"description\":\"\",\"potentialAction\":[{\"@type\":\"SearchAction\",\"target\":{\"@type\":\"EntryPoint\",\"urlTemplate\":\"https:\/\/www.vezzosisrl.com\/es\/?s={search_term_string}\"},\"query-input\":{\"@type\":\"PropertyValueSpecification\",\"valueRequired\":true,\"valueName\":\"search_term_string\"}}],\"inLanguage\":\"es\"}]}<\/script>\n<!-- \/ Yoast SEO plugin. -->","yoast_head_json":{"title":"3075 \u2013 BEAUTY BASKET FLORA - Vezzosi Arredamenti","robots":{"index":"index","follow":"follow","max-snippet":"max-snippet:-1","max-image-preview":"max-image-preview:large","max-video-preview":"max-video-preview:-1"},"canonical":"https:\/\/www.vezzosisrl.com\/es\/beauty-basket-flora-asiento-lavacabeza-profesional-por-salon\/","og_locale":"es_ES","og_type":"article","og_title":"3075 \u2013 BEAUTY BASKET FLORA - Vezzosi Arredamenti","og_description":"El fuerte car\u00e0cter contempor\u00e0neo y exclusivo de la Colecci\u00f2n Flora se expresa a trav\u00e8s de las estaciones de lavado Flora Beauty Basket. Los colores claros y las l\u00ecneas suaves y onduladas comunican inmediatamente acogida y confort. Cada sill\u00f2n se completa con un lavabo y un respaldo basculantes, inclu\u00ecda la versi\u00f2n Basic; el modelo Relax, adem\u00e0s,...","og_url":"https:\/\/www.vezzosisrl.com\/es\/beauty-basket-flora-asiento-lavacabeza-profesional-por-salon\/","og_site_name":"Vezzosi Arredamenti","article_modified_time":"2024-01-10T10:30:29+00:00","og_image":[{"width":900,"height":900,"url":"https:\/\/www.vezzosisrl.com\/wp-content\/uploads\/2023\/05\/Lavaggio-beauty-basket-flora.jpg","type":"image\/jpeg"}],"twitter_card":"summary_large_image","twitter_misc":{"Tiempo de lectura":"1 minuto"},"schema":{"@context":"https:\/\/schema.org","@graph":[{"@type":"WebPage","@id":"https:\/\/www.vezzosisrl.com\/es\/beauty-basket-flora-asiento-lavacabeza-profesional-por-salon\/","url":"https:\/\/www.vezzosisrl.com\/es\/beauty-basket-flora-asiento-lavacabeza-profesional-por-salon\/","name":"3075 \u2013 BEAUTY BASKET FLORA - Vezzosi Arredamenti","isPartOf":{"@id":"https:\/\/www.vezzosisrl.com\/es\/#website"},"primaryImageOfPage":{"@id":"https:\/\/www.vezzosisrl.com\/es\/beauty-basket-flora-asiento-lavacabeza-profesional-por-salon\/#primaryimage"},"image":{"@id":"https:\/\/www.vezzosisrl.com\/es\/beauty-basket-flora-asiento-lavacabeza-profesional-por-salon\/#primaryimage"},"thumbnailUrl":"https:\/\/www.vezzosisrl.com\/wp-content\/uploads\/2023\/05\/Lavaggio-beauty-basket-flora.jpg","datePublished":"2023-05-26T10:48:12+00:00","dateModified":"2024-01-10T10:30:29+00:00","breadcrumb":{"@id":"https:\/\/www.vezzosisrl.com\/es\/beauty-basket-flora-asiento-lavacabeza-profesional-por-salon\/#breadcrumb"},"inLanguage":"es","potentialAction":[{"@type":"ReadAction","target":["https:\/\/www.vezzosisrl.com\/es\/beauty-basket-flora-asiento-lavacabeza-profesional-por-salon\/"]}]},{"@type":"ImageObject","inLanguage":"es","@id":"https:\/\/www.vezzosisrl.com\/es\/beauty-basket-flora-asiento-lavacabeza-profesional-por-salon\/#primaryimage","url":"https:\/\/www.vezzosisrl.com\/wp-content\/uploads\/2023\/05\/Lavaggio-beauty-basket-flora.jpg","contentUrl":"https:\/\/www.vezzosisrl.com\/wp-content\/uploads\/2023\/05\/Lavaggio-beauty-basket-flora.jpg","width":900,"height":900},{"@type":"BreadcrumbList","@id":"https:\/\/www.vezzosisrl.com\/es\/beauty-basket-flora-asiento-lavacabeza-profesional-por-salon\/#breadcrumb","itemListElement":[{"@type":"ListItem","position":1,"name":"Home","item":"https:\/\/www.vezzosisrl.com\/es\/"},{"@type":"ListItem","position":2,"name":"Productos","item":"https:\/\/www.vezzosisrl.com\/prodotti\/"},{"@type":"ListItem","position":3,"name":"3075 \u2013 BEAUTY BASKET FLORA"}]},{"@type":"WebSite","@id":"https:\/\/www.vezzosisrl.com\/es\/#website","url":"https:\/\/www.vezzosisrl.com\/es\/","name":"Vezzosi Arredamenti","description":"","potentialAction":[{"@type":"SearchAction","target":{"@type":"EntryPoint","urlTemplate":"https:\/\/www.vezzosisrl.com\/es\/?s={search_term_string}"},"query-input":{"@type":"PropertyValueSpecification","valueRequired":true,"valueName":"search_term_string"}}],"inLanguage":"es"}]}},"_links":{"self":[{"href":"https:\/\/www.vezzosisrl.com\/es\/wp-json\/wp\/v2\/product\/9069","targetHints":{"allow":["GET"]}}],"collection":[{"href":"https:\/\/www.vezzosisrl.com\/es\/wp-json\/wp\/v2\/product"}],"about":[{"href":"https:\/\/www.vezzosisrl.com\/es\/wp-json\/wp\/v2\/types\/product"}],"wp:featuredmedia":[{"embeddable":true,"href":"https:\/\/www.vezzosisrl.com\/es\/wp-json\/wp\/v2\/media\/6968"}],"wp:attachment":[{"href":"https:\/\/www.vezzosisrl.com\/es\/wp-json\/wp\/v2\/media?parent=9069"}],"wp:term":[{"taxonomy":"product_brand","embeddable":true,"href":"https:\/\/www.vezzosisrl.com\/es\/wp-json\/wp\/v2\/product_brand?post=9069"},{"taxonomy":"product_cat","embeddable":true,"href":"https:\/\/www.vezzosisrl.com\/es\/wp-json\/wp\/v2\/product_cat?post=9069"},{"taxonomy":"product_tag","embeddable":true,"href":"https:\/\/www.vezzosisrl.com\/es\/wp-json\/wp\/v2\/product_tag?post=9069"}],"curies":[{"name":"wp","href":"https:\/\/api.w.org\/{rel}","templated":true}]}}