{"id":9078,"date":"2023-05-26T12:48:12","date_gmt":"2023-05-26T10:48:12","guid":{"rendered":"http:\/\/vsrl.sviluppokeyweb.com\/prodotto\/4111-posto-lavoro-fancy\/"},"modified":"2024-01-10T11:31:04","modified_gmt":"2024-01-10T10:31:04","slug":"postazione-taglio-singola-collezione-fancy-alto-design","status":"publish","type":"product","link":"https:\/\/www.vezzosisrl.com\/es\/4111-posto-lavoro-fancy\/","title":{"rendered":"4111 \u2013 POSTO LAVORO FANCY"},"content":{"rendered":"<p>La estaci\u00f3n de corte de pelo individual de la l\u00ednea Fancy es un \u00e1rea de trabajo montada en la pared que encaja perfectamente en cualquier sal\u00f3n de peluquer\u00eda profesional. El espejo est\u00e1 enmarcado por un bastidor de acero pintado de color dorado con chorro de arena retroiluminado por LED y una encimera de gres porcel\u00e1nico de color \u00f3nix sobre un soporte de laminado pl\u00e1stico. Esta estaci\u00f3n de corte es una soluci\u00f3n de alto dise\u00f1o equipada con un reposapi\u00e9s de acero pintado en color dorado. Conf\u00ede en Vezzosi para la venta de muebles exclusivos de fabricaci\u00f3n propia.<\/p>\n","protected":false},"excerpt":{"rendered":"<p>La estaci\u00f3n de corte de pelo individual de la l\u00ednea Fancy es un \u00e1rea de trabajo montada en la pared que encaja perfectamente en cualquier sal\u00f3n de peluquer\u00eda profesional. El espejo est\u00e1 enmarcado por un bastidor de acero pintado de color dorado con chorro de arena retroiluminado por LED y una encimera de gres porcel\u00e1nico&#8230;<\/p>\n","protected":false},"featured_media":6995,"template":"","meta":[],"product_brand":[],"product_cat":[436],"product_tag":[],"class_list":{"0":"post-9078","1":"product","2":"type-product","3":"status-publish","4":"has-post-thumbnail","6":"product_cat-puestos-de-trabajo","7":"pa_collezione-vezzosi-style-es","8":"pa_collezione-amueblar-nuevo-salon-peluqueria-articulos-artesanos-italianos","9":"pa_tipologie-costo-espejo-estante-reposapies-puestos-plano-trabajo-de-pared","10":"pa_tipologie-coste-mesa-caja-recepcion-peluqueria-para-caballeros-iluminacion-frontal-leds","11":"pa_tipologie-singolo-es","13":"first","14":"instock","15":"product-type-simple"},"acf":[],"yoast_head":"<!-- This site is optimized with the Yoast SEO plugin v26.9 - https:\/\/yoast.com\/product\/yoast-seo-wordpress\/ -->\n<title>4111 \u2013 POSTO LAVORO FANCY - Vezzosi Arredamenti<\/title>\n<meta name=\"robots\" content=\"index, follow, max-snippet:-1, max-image-preview:large, max-video-preview:-1\" \/>\n<link rel=\"canonical\" href=\"https:\/\/www.vezzosisrl.com\/es\/4111-posto-lavoro-fancy\/\" \/>\n<meta property=\"og:locale\" content=\"es_ES\" \/>\n<meta property=\"og:type\" content=\"article\" \/>\n<meta property=\"og:title\" content=\"4111 \u2013 POSTO LAVORO FANCY - Vezzosi Arredamenti\" \/>\n<meta property=\"og:description\" content=\"La estaci\u00f3n de corte de pelo individual de la l\u00ednea Fancy es un \u00e1rea de trabajo montada en la pared que encaja perfectamente en cualquier sal\u00f3n de peluquer\u00eda profesional. El espejo est\u00e1 enmarcado por un bastidor de acero pintado de color dorado con chorro de arena retroiluminado por LED y una encimera de gres porcel\u00e1nico...\" \/>\n<meta property=\"og:url\" content=\"https:\/\/www.vezzosisrl.com\/es\/4111-posto-lavoro-fancy\/\" \/>\n<meta property=\"og:site_name\" content=\"Vezzosi Arredamenti\" \/>\n<meta property=\"article:modified_time\" content=\"2024-01-10T10:31:04+00:00\" \/>\n<meta property=\"og:image\" content=\"https:\/\/www.vezzosisrl.com\/wp-content\/uploads\/2023\/05\/Postazione-taglio-fancy.jpg\" \/>\n\t<meta property=\"og:image:width\" content=\"900\" \/>\n\t<meta property=\"og:image:height\" content=\"900\" \/>\n\t<meta property=\"og:image:type\" content=\"image\/jpeg\" \/>\n<meta name=\"twitter:card\" content=\"summary_large_image\" \/>\n<meta name=\"twitter:label1\" content=\"Tiempo de lectura\" \/>\n\t<meta name=\"twitter:data1\" content=\"1 minuto\" \/>\n<script type=\"application\/ld+json\" class=\"yoast-schema-graph\">{\"@context\":\"https:\/\/schema.org\",\"@graph\":[{\"@type\":\"WebPage\",\"@id\":\"https:\/\/www.vezzosisrl.com\/es\/4111-posto-lavoro-fancy\/\",\"url\":\"https:\/\/www.vezzosisrl.com\/es\/4111-posto-lavoro-fancy\/\",\"name\":\"4111 \u2013 POSTO LAVORO FANCY - Vezzosi Arredamenti\",\"isPartOf\":{\"@id\":\"https:\/\/www.vezzosisrl.com\/es\/#website\"},\"primaryImageOfPage\":{\"@id\":\"https:\/\/www.vezzosisrl.com\/es\/4111-posto-lavoro-fancy\/#primaryimage\"},\"image\":{\"@id\":\"https:\/\/www.vezzosisrl.com\/es\/4111-posto-lavoro-fancy\/#primaryimage\"},\"thumbnailUrl\":\"https:\/\/www.vezzosisrl.com\/wp-content\/uploads\/2023\/05\/Postazione-taglio-fancy.jpg\",\"datePublished\":\"2023-05-26T10:48:12+00:00\",\"dateModified\":\"2024-01-10T10:31:04+00:00\",\"breadcrumb\":{\"@id\":\"https:\/\/www.vezzosisrl.com\/es\/4111-posto-lavoro-fancy\/#breadcrumb\"},\"inLanguage\":\"es\",\"potentialAction\":[{\"@type\":\"ReadAction\",\"target\":[\"https:\/\/www.vezzosisrl.com\/es\/4111-posto-lavoro-fancy\/\"]}]},{\"@type\":\"ImageObject\",\"inLanguage\":\"es\",\"@id\":\"https:\/\/www.vezzosisrl.com\/es\/4111-posto-lavoro-fancy\/#primaryimage\",\"url\":\"https:\/\/www.vezzosisrl.com\/wp-content\/uploads\/2023\/05\/Postazione-taglio-fancy.jpg\",\"contentUrl\":\"https:\/\/www.vezzosisrl.com\/wp-content\/uploads\/2023\/05\/Postazione-taglio-fancy.jpg\",\"width\":900,\"height\":900},{\"@type\":\"BreadcrumbList\",\"@id\":\"https:\/\/www.vezzosisrl.com\/es\/4111-posto-lavoro-fancy\/#breadcrumb\",\"itemListElement\":[{\"@type\":\"ListItem\",\"position\":1,\"name\":\"Home\",\"item\":\"https:\/\/www.vezzosisrl.com\/es\/\"},{\"@type\":\"ListItem\",\"position\":2,\"name\":\"Productos\",\"item\":\"https:\/\/www.vezzosisrl.com\/prodotti\/\"},{\"@type\":\"ListItem\",\"position\":3,\"name\":\"4111 \u2013 POSTO LAVORO FANCY\"}]},{\"@type\":\"WebSite\",\"@id\":\"https:\/\/www.vezzosisrl.com\/es\/#website\",\"url\":\"https:\/\/www.vezzosisrl.com\/es\/\",\"name\":\"Vezzosi Arredamenti\",\"description\":\"\",\"potentialAction\":[{\"@type\":\"SearchAction\",\"target\":{\"@type\":\"EntryPoint\",\"urlTemplate\":\"https:\/\/www.vezzosisrl.com\/es\/?s={search_term_string}\"},\"query-input\":{\"@type\":\"PropertyValueSpecification\",\"valueRequired\":true,\"valueName\":\"search_term_string\"}}],\"inLanguage\":\"es\"}]}<\/script>\n<!-- \/ Yoast SEO plugin. -->","yoast_head_json":{"title":"4111 \u2013 POSTO LAVORO FANCY - Vezzosi Arredamenti","robots":{"index":"index","follow":"follow","max-snippet":"max-snippet:-1","max-image-preview":"max-image-preview:large","max-video-preview":"max-video-preview:-1"},"canonical":"https:\/\/www.vezzosisrl.com\/es\/4111-posto-lavoro-fancy\/","og_locale":"es_ES","og_type":"article","og_title":"4111 \u2013 POSTO LAVORO FANCY - Vezzosi Arredamenti","og_description":"La estaci\u00f3n de corte de pelo individual de la l\u00ednea Fancy es un \u00e1rea de trabajo montada en la pared que encaja perfectamente en cualquier sal\u00f3n de peluquer\u00eda profesional. El espejo est\u00e1 enmarcado por un bastidor de acero pintado de color dorado con chorro de arena retroiluminado por LED y una encimera de gres porcel\u00e1nico...","og_url":"https:\/\/www.vezzosisrl.com\/es\/4111-posto-lavoro-fancy\/","og_site_name":"Vezzosi Arredamenti","article_modified_time":"2024-01-10T10:31:04+00:00","og_image":[{"width":900,"height":900,"url":"https:\/\/www.vezzosisrl.com\/wp-content\/uploads\/2023\/05\/Postazione-taglio-fancy.jpg","type":"image\/jpeg"}],"twitter_card":"summary_large_image","twitter_misc":{"Tiempo de lectura":"1 minuto"},"schema":{"@context":"https:\/\/schema.org","@graph":[{"@type":"WebPage","@id":"https:\/\/www.vezzosisrl.com\/es\/4111-posto-lavoro-fancy\/","url":"https:\/\/www.vezzosisrl.com\/es\/4111-posto-lavoro-fancy\/","name":"4111 \u2013 POSTO LAVORO FANCY - Vezzosi Arredamenti","isPartOf":{"@id":"https:\/\/www.vezzosisrl.com\/es\/#website"},"primaryImageOfPage":{"@id":"https:\/\/www.vezzosisrl.com\/es\/4111-posto-lavoro-fancy\/#primaryimage"},"image":{"@id":"https:\/\/www.vezzosisrl.com\/es\/4111-posto-lavoro-fancy\/#primaryimage"},"thumbnailUrl":"https:\/\/www.vezzosisrl.com\/wp-content\/uploads\/2023\/05\/Postazione-taglio-fancy.jpg","datePublished":"2023-05-26T10:48:12+00:00","dateModified":"2024-01-10T10:31:04+00:00","breadcrumb":{"@id":"https:\/\/www.vezzosisrl.com\/es\/4111-posto-lavoro-fancy\/#breadcrumb"},"inLanguage":"es","potentialAction":[{"@type":"ReadAction","target":["https:\/\/www.vezzosisrl.com\/es\/4111-posto-lavoro-fancy\/"]}]},{"@type":"ImageObject","inLanguage":"es","@id":"https:\/\/www.vezzosisrl.com\/es\/4111-posto-lavoro-fancy\/#primaryimage","url":"https:\/\/www.vezzosisrl.com\/wp-content\/uploads\/2023\/05\/Postazione-taglio-fancy.jpg","contentUrl":"https:\/\/www.vezzosisrl.com\/wp-content\/uploads\/2023\/05\/Postazione-taglio-fancy.jpg","width":900,"height":900},{"@type":"BreadcrumbList","@id":"https:\/\/www.vezzosisrl.com\/es\/4111-posto-lavoro-fancy\/#breadcrumb","itemListElement":[{"@type":"ListItem","position":1,"name":"Home","item":"https:\/\/www.vezzosisrl.com\/es\/"},{"@type":"ListItem","position":2,"name":"Productos","item":"https:\/\/www.vezzosisrl.com\/prodotti\/"},{"@type":"ListItem","position":3,"name":"4111 \u2013 POSTO LAVORO FANCY"}]},{"@type":"WebSite","@id":"https:\/\/www.vezzosisrl.com\/es\/#website","url":"https:\/\/www.vezzosisrl.com\/es\/","name":"Vezzosi Arredamenti","description":"","potentialAction":[{"@type":"SearchAction","target":{"@type":"EntryPoint","urlTemplate":"https:\/\/www.vezzosisrl.com\/es\/?s={search_term_string}"},"query-input":{"@type":"PropertyValueSpecification","valueRequired":true,"valueName":"search_term_string"}}],"inLanguage":"es"}]}},"_links":{"self":[{"href":"https:\/\/www.vezzosisrl.com\/es\/wp-json\/wp\/v2\/product\/9078","targetHints":{"allow":["GET"]}}],"collection":[{"href":"https:\/\/www.vezzosisrl.com\/es\/wp-json\/wp\/v2\/product"}],"about":[{"href":"https:\/\/www.vezzosisrl.com\/es\/wp-json\/wp\/v2\/types\/product"}],"wp:featuredmedia":[{"embeddable":true,"href":"https:\/\/www.vezzosisrl.com\/es\/wp-json\/wp\/v2\/media\/6995"}],"wp:attachment":[{"href":"https:\/\/www.vezzosisrl.com\/es\/wp-json\/wp\/v2\/media?parent=9078"}],"wp:term":[{"taxonomy":"product_brand","embeddable":true,"href":"https:\/\/www.vezzosisrl.com\/es\/wp-json\/wp\/v2\/product_brand?post=9078"},{"taxonomy":"product_cat","embeddable":true,"href":"https:\/\/www.vezzosisrl.com\/es\/wp-json\/wp\/v2\/product_cat?post=9078"},{"taxonomy":"product_tag","embeddable":true,"href":"https:\/\/www.vezzosisrl.com\/es\/wp-json\/wp\/v2\/product_tag?post=9078"}],"curies":[{"name":"wp","href":"https:\/\/api.w.org\/{rel}","templated":true}]}}