{"id":9087,"date":"2023-05-26T12:48:12","date_gmt":"2023-05-26T10:48:12","guid":{"rendered":"http:\/\/vsrl.sviluppokeyweb.com\/prodotto\/4115-posto-lavoro-flora-singolo\/"},"modified":"2024-01-10T11:31:05","modified_gmt":"2024-01-10T10:31:05","slug":"produttore-arredo-parrucchiere-specchio-circolare-singolo-a-parete","status":"publish","type":"product","link":"https:\/\/www.vezzosisrl.com\/es\/4115-posto-lavoro-flora-singolo\/","title":{"rendered":"4115 \u2013 POSTO LAVORO FLORA SINGOLO"},"content":{"rendered":"<p>Si desea crear un rinc\u00f3n \u00edntimo para mimar a cada cliente como si fuera \u00fanico, el espejo individual de peluquer\u00eda Fancy Collection es para usted. La estaci\u00f3n est\u00e1 dise\u00f1ada para una sola persona, y el punto focal es el espejo de pared circular individual. Est\u00e1 realzado por un salpicadero con retroiluminaci\u00f3n LED arenado. Vezzosi es un fabricante de las mejores soluciones de mobiliario para peluquer\u00edas, barber\u00edas, salones y minoristas.<\/p>\n","protected":false},"excerpt":{"rendered":"<p>Si desea crear un rinc\u00f3n \u00edntimo para mimar a cada cliente como si fuera \u00fanico, el espejo individual de peluquer\u00eda Fancy Collection es para usted. La estaci\u00f3n est\u00e1 dise\u00f1ada para una sola persona, y el punto focal es el espejo de pared circular individual. Est\u00e1 realzado por un salpicadero con retroiluminaci\u00f3n LED arenado. Vezzosi es&#8230;<\/p>\n","protected":false},"featured_media":7004,"template":"","meta":[],"product_brand":[],"product_cat":[436],"product_tag":[],"class_list":{"0":"post-9087","1":"product","2":"type-product","3":"status-publish","4":"has-post-thumbnail","6":"product_cat-puestos-de-trabajo","7":"pa_collezione-vezzosi-style-es","8":"pa_collezione-mobiliario-elegante-peluqueria-barberia-para-minoristas-tiendas","9":"pa_tipologie-costo-espejo-estante-reposapies-puestos-plano-trabajo-de-pared","10":"pa_tipologie-coste-mesa-caja-recepcion-peluqueria-para-caballeros-iluminacion-frontal-leds","11":"pa_tipologie-singolo-es","13":"first","14":"instock","15":"product-type-simple"},"acf":[],"yoast_head":"<!-- This site is optimized with the Yoast SEO plugin v26.9 - https:\/\/yoast.com\/product\/yoast-seo-wordpress\/ -->\n<title>4115 \u2013 POSTO LAVORO FLORA SINGOLO - Vezzosi Arredamenti<\/title>\n<meta name=\"robots\" content=\"index, follow, max-snippet:-1, max-image-preview:large, max-video-preview:-1\" \/>\n<link rel=\"canonical\" href=\"https:\/\/www.vezzosisrl.com\/es\/4115-posto-lavoro-flora-singolo\/\" \/>\n<meta property=\"og:locale\" content=\"es_ES\" \/>\n<meta property=\"og:type\" content=\"article\" \/>\n<meta property=\"og:title\" content=\"4115 \u2013 POSTO LAVORO FLORA SINGOLO - Vezzosi Arredamenti\" \/>\n<meta property=\"og:description\" content=\"Si desea crear un rinc\u00f3n \u00edntimo para mimar a cada cliente como si fuera \u00fanico, el espejo individual de peluquer\u00eda Fancy Collection es para usted. La estaci\u00f3n est\u00e1 dise\u00f1ada para una sola persona, y el punto focal es el espejo de pared circular individual. Est\u00e1 realzado por un salpicadero con retroiluminaci\u00f3n LED arenado. Vezzosi es...\" \/>\n<meta property=\"og:url\" content=\"https:\/\/www.vezzosisrl.com\/es\/4115-posto-lavoro-flora-singolo\/\" \/>\n<meta property=\"og:site_name\" content=\"Vezzosi Arredamenti\" \/>\n<meta property=\"article:modified_time\" content=\"2024-01-10T10:31:05+00:00\" \/>\n<meta property=\"og:image\" content=\"https:\/\/www.vezzosisrl.com\/wp-content\/uploads\/2023\/05\/Specchio-singolo-parrucchiere.jpg\" \/>\n\t<meta property=\"og:image:width\" content=\"900\" \/>\n\t<meta property=\"og:image:height\" content=\"900\" \/>\n\t<meta property=\"og:image:type\" content=\"image\/jpeg\" \/>\n<meta name=\"twitter:card\" content=\"summary_large_image\" \/>\n<script type=\"application\/ld+json\" class=\"yoast-schema-graph\">{\"@context\":\"https:\/\/schema.org\",\"@graph\":[{\"@type\":\"WebPage\",\"@id\":\"https:\/\/www.vezzosisrl.com\/es\/4115-posto-lavoro-flora-singolo\/\",\"url\":\"https:\/\/www.vezzosisrl.com\/es\/4115-posto-lavoro-flora-singolo\/\",\"name\":\"4115 \u2013 POSTO LAVORO FLORA SINGOLO - Vezzosi Arredamenti\",\"isPartOf\":{\"@id\":\"https:\/\/www.vezzosisrl.com\/es\/#website\"},\"primaryImageOfPage\":{\"@id\":\"https:\/\/www.vezzosisrl.com\/es\/4115-posto-lavoro-flora-singolo\/#primaryimage\"},\"image\":{\"@id\":\"https:\/\/www.vezzosisrl.com\/es\/4115-posto-lavoro-flora-singolo\/#primaryimage\"},\"thumbnailUrl\":\"https:\/\/www.vezzosisrl.com\/wp-content\/uploads\/2023\/05\/Specchio-singolo-parrucchiere.jpg\",\"datePublished\":\"2023-05-26T10:48:12+00:00\",\"dateModified\":\"2024-01-10T10:31:05+00:00\",\"breadcrumb\":{\"@id\":\"https:\/\/www.vezzosisrl.com\/es\/4115-posto-lavoro-flora-singolo\/#breadcrumb\"},\"inLanguage\":\"es\",\"potentialAction\":[{\"@type\":\"ReadAction\",\"target\":[\"https:\/\/www.vezzosisrl.com\/es\/4115-posto-lavoro-flora-singolo\/\"]}]},{\"@type\":\"ImageObject\",\"inLanguage\":\"es\",\"@id\":\"https:\/\/www.vezzosisrl.com\/es\/4115-posto-lavoro-flora-singolo\/#primaryimage\",\"url\":\"https:\/\/www.vezzosisrl.com\/wp-content\/uploads\/2023\/05\/Specchio-singolo-parrucchiere.jpg\",\"contentUrl\":\"https:\/\/www.vezzosisrl.com\/wp-content\/uploads\/2023\/05\/Specchio-singolo-parrucchiere.jpg\",\"width\":900,\"height\":900},{\"@type\":\"BreadcrumbList\",\"@id\":\"https:\/\/www.vezzosisrl.com\/es\/4115-posto-lavoro-flora-singolo\/#breadcrumb\",\"itemListElement\":[{\"@type\":\"ListItem\",\"position\":1,\"name\":\"Home\",\"item\":\"https:\/\/www.vezzosisrl.com\/es\/\"},{\"@type\":\"ListItem\",\"position\":2,\"name\":\"Productos\",\"item\":\"https:\/\/www.vezzosisrl.com\/prodotti\/\"},{\"@type\":\"ListItem\",\"position\":3,\"name\":\"4115 \u2013 POSTO LAVORO FLORA SINGOLO\"}]},{\"@type\":\"WebSite\",\"@id\":\"https:\/\/www.vezzosisrl.com\/es\/#website\",\"url\":\"https:\/\/www.vezzosisrl.com\/es\/\",\"name\":\"Vezzosi Arredamenti\",\"description\":\"\",\"potentialAction\":[{\"@type\":\"SearchAction\",\"target\":{\"@type\":\"EntryPoint\",\"urlTemplate\":\"https:\/\/www.vezzosisrl.com\/es\/?s={search_term_string}\"},\"query-input\":{\"@type\":\"PropertyValueSpecification\",\"valueRequired\":true,\"valueName\":\"search_term_string\"}}],\"inLanguage\":\"es\"}]}<\/script>\n<!-- \/ Yoast SEO plugin. -->","yoast_head_json":{"title":"4115 \u2013 POSTO LAVORO FLORA SINGOLO - Vezzosi Arredamenti","robots":{"index":"index","follow":"follow","max-snippet":"max-snippet:-1","max-image-preview":"max-image-preview:large","max-video-preview":"max-video-preview:-1"},"canonical":"https:\/\/www.vezzosisrl.com\/es\/4115-posto-lavoro-flora-singolo\/","og_locale":"es_ES","og_type":"article","og_title":"4115 \u2013 POSTO LAVORO FLORA SINGOLO - Vezzosi Arredamenti","og_description":"Si desea crear un rinc\u00f3n \u00edntimo para mimar a cada cliente como si fuera \u00fanico, el espejo individual de peluquer\u00eda Fancy Collection es para usted. La estaci\u00f3n est\u00e1 dise\u00f1ada para una sola persona, y el punto focal es el espejo de pared circular individual. Est\u00e1 realzado por un salpicadero con retroiluminaci\u00f3n LED arenado. Vezzosi es...","og_url":"https:\/\/www.vezzosisrl.com\/es\/4115-posto-lavoro-flora-singolo\/","og_site_name":"Vezzosi Arredamenti","article_modified_time":"2024-01-10T10:31:05+00:00","og_image":[{"width":900,"height":900,"url":"https:\/\/www.vezzosisrl.com\/wp-content\/uploads\/2023\/05\/Specchio-singolo-parrucchiere.jpg","type":"image\/jpeg"}],"twitter_card":"summary_large_image","schema":{"@context":"https:\/\/schema.org","@graph":[{"@type":"WebPage","@id":"https:\/\/www.vezzosisrl.com\/es\/4115-posto-lavoro-flora-singolo\/","url":"https:\/\/www.vezzosisrl.com\/es\/4115-posto-lavoro-flora-singolo\/","name":"4115 \u2013 POSTO LAVORO FLORA SINGOLO - Vezzosi Arredamenti","isPartOf":{"@id":"https:\/\/www.vezzosisrl.com\/es\/#website"},"primaryImageOfPage":{"@id":"https:\/\/www.vezzosisrl.com\/es\/4115-posto-lavoro-flora-singolo\/#primaryimage"},"image":{"@id":"https:\/\/www.vezzosisrl.com\/es\/4115-posto-lavoro-flora-singolo\/#primaryimage"},"thumbnailUrl":"https:\/\/www.vezzosisrl.com\/wp-content\/uploads\/2023\/05\/Specchio-singolo-parrucchiere.jpg","datePublished":"2023-05-26T10:48:12+00:00","dateModified":"2024-01-10T10:31:05+00:00","breadcrumb":{"@id":"https:\/\/www.vezzosisrl.com\/es\/4115-posto-lavoro-flora-singolo\/#breadcrumb"},"inLanguage":"es","potentialAction":[{"@type":"ReadAction","target":["https:\/\/www.vezzosisrl.com\/es\/4115-posto-lavoro-flora-singolo\/"]}]},{"@type":"ImageObject","inLanguage":"es","@id":"https:\/\/www.vezzosisrl.com\/es\/4115-posto-lavoro-flora-singolo\/#primaryimage","url":"https:\/\/www.vezzosisrl.com\/wp-content\/uploads\/2023\/05\/Specchio-singolo-parrucchiere.jpg","contentUrl":"https:\/\/www.vezzosisrl.com\/wp-content\/uploads\/2023\/05\/Specchio-singolo-parrucchiere.jpg","width":900,"height":900},{"@type":"BreadcrumbList","@id":"https:\/\/www.vezzosisrl.com\/es\/4115-posto-lavoro-flora-singolo\/#breadcrumb","itemListElement":[{"@type":"ListItem","position":1,"name":"Home","item":"https:\/\/www.vezzosisrl.com\/es\/"},{"@type":"ListItem","position":2,"name":"Productos","item":"https:\/\/www.vezzosisrl.com\/prodotti\/"},{"@type":"ListItem","position":3,"name":"4115 \u2013 POSTO LAVORO FLORA SINGOLO"}]},{"@type":"WebSite","@id":"https:\/\/www.vezzosisrl.com\/es\/#website","url":"https:\/\/www.vezzosisrl.com\/es\/","name":"Vezzosi Arredamenti","description":"","potentialAction":[{"@type":"SearchAction","target":{"@type":"EntryPoint","urlTemplate":"https:\/\/www.vezzosisrl.com\/es\/?s={search_term_string}"},"query-input":{"@type":"PropertyValueSpecification","valueRequired":true,"valueName":"search_term_string"}}],"inLanguage":"es"}]}},"_links":{"self":[{"href":"https:\/\/www.vezzosisrl.com\/es\/wp-json\/wp\/v2\/product\/9087","targetHints":{"allow":["GET"]}}],"collection":[{"href":"https:\/\/www.vezzosisrl.com\/es\/wp-json\/wp\/v2\/product"}],"about":[{"href":"https:\/\/www.vezzosisrl.com\/es\/wp-json\/wp\/v2\/types\/product"}],"wp:featuredmedia":[{"embeddable":true,"href":"https:\/\/www.vezzosisrl.com\/es\/wp-json\/wp\/v2\/media\/7004"}],"wp:attachment":[{"href":"https:\/\/www.vezzosisrl.com\/es\/wp-json\/wp\/v2\/media?parent=9087"}],"wp:term":[{"taxonomy":"product_brand","embeddable":true,"href":"https:\/\/www.vezzosisrl.com\/es\/wp-json\/wp\/v2\/product_brand?post=9087"},{"taxonomy":"product_cat","embeddable":true,"href":"https:\/\/www.vezzosisrl.com\/es\/wp-json\/wp\/v2\/product_cat?post=9087"},{"taxonomy":"product_tag","embeddable":true,"href":"https:\/\/www.vezzosisrl.com\/es\/wp-json\/wp\/v2\/product_tag?post=9087"}],"curies":[{"name":"wp","href":"https:\/\/api.w.org\/{rel}","templated":true}]}}