{"id":9090,"date":"2023-05-26T12:48:12","date_gmt":"2023-05-26T10:48:12","guid":{"rendered":"http:\/\/vsrl.sviluppokeyweb.com\/prodotto\/1410-p04-nero-poltrona-fancy\/"},"modified":"2024-03-05T12:12:38","modified_gmt":"2024-03-05T11:12:38","slug":"poltrona-lavoro-parrucchiere-barbiere-fancy-con-pompa","status":"publish","type":"product","link":"https:\/\/www.vezzosisrl.com\/es\/1410-p04-nero-poltrona-fancy\/","title":{"rendered":"1410 &#8211; P04 NEGRO &#8211; SILL\u00d3N FANCY"},"content":{"rendered":"<p>Dentro de la colecci\u00f3n Fancy encontrar\u00e1 sillones de peluquer\u00eda o barber\u00eda, para que pueda acomodar c\u00f3modamente a sus clientes durante el tratamiento. Esta versi\u00f3n de la l\u00ednea Fancy se presenta como un sill\u00f3n de estructura acolchada tapizado en skai, con base de acero y bomba hidr\u00e1ulica pintada en negro para regular f\u00e1cilmente la altura del asiento.<\/p>\n","protected":false},"excerpt":{"rendered":"<p>Dentro de la colecci\u00f3n Fancy encontrar\u00e1 sillones de peluquer\u00eda o barber\u00eda, para que pueda acomodar c\u00f3modamente a sus clientes durante el tratamiento. Esta versi\u00f3n de la l\u00ednea Fancy se presenta como un sill\u00f3n de estructura acolchada tapizado en skai, con base de acero y bomba hidr\u00e1ulica pintada en negro para regular f\u00e1cilmente la altura del&#8230;<\/p>\n","protected":false},"featured_media":11039,"template":"","meta":[],"product_brand":[],"product_cat":[391],"product_tag":[],"class_list":{"0":"post-9090","1":"product","2":"type-product","3":"status-publish","4":"has-post-thumbnail","6":"product_cat-sillones-de-trabajo","7":"pa_collezione-vezzosi-style-es","8":"pa_collezione-amueblar-nuevo-salon-peluqueria-articulos-artesanos-italianos","9":"pa_tipologie-tonda-es","11":"first","12":"instock","13":"product-type-simple"},"acf":[],"yoast_head":"<!-- This site is optimized with the Yoast SEO plugin v26.9 - https:\/\/yoast.com\/product\/yoast-seo-wordpress\/ -->\n<title>Sill\u00f3n negro FANCY<\/title>\n<meta name=\"description\" content=\"El sill\u00f3n peque\u00f1o FANCY es un sill\u00f3n de trabajo con bomba hidr\u00e1ulica para regular la altura del asiento. Disponible en negro y dorado.\" \/>\n<meta name=\"robots\" content=\"index, follow, max-snippet:-1, max-image-preview:large, max-video-preview:-1\" \/>\n<link rel=\"canonical\" href=\"https:\/\/www.vezzosisrl.com\/es\/1410-p04-nero-poltrona-fancy\/\" \/>\n<meta property=\"og:locale\" content=\"es_ES\" \/>\n<meta property=\"og:type\" content=\"article\" \/>\n<meta property=\"og:title\" content=\"Sill\u00f3n negro FANCY\" \/>\n<meta property=\"og:description\" content=\"El sill\u00f3n peque\u00f1o FANCY es un sill\u00f3n de trabajo con bomba hidr\u00e1ulica para regular la altura del asiento. Disponible en negro y dorado.\" \/>\n<meta property=\"og:url\" content=\"https:\/\/www.vezzosisrl.com\/es\/1410-p04-nero-poltrona-fancy\/\" \/>\n<meta property=\"og:site_name\" content=\"Vezzosi Arredamenti\" \/>\n<meta property=\"article:modified_time\" content=\"2024-03-05T11:12:38+00:00\" \/>\n<meta property=\"og:image\" content=\"https:\/\/www.vezzosisrl.com\/wp-content\/uploads\/2023\/05\/fancy_sc.jpg\" \/>\n\t<meta property=\"og:image:width\" content=\"1000\" \/>\n\t<meta property=\"og:image:height\" content=\"1000\" \/>\n\t<meta property=\"og:image:type\" content=\"image\/jpeg\" \/>\n<meta name=\"twitter:card\" content=\"summary_large_image\" \/>\n<meta name=\"twitter:label1\" content=\"Tiempo de lectura\" \/>\n\t<meta name=\"twitter:data1\" content=\"1 minuto\" \/>\n<script type=\"application\/ld+json\" class=\"yoast-schema-graph\">{\"@context\":\"https:\/\/schema.org\",\"@graph\":[{\"@type\":\"WebPage\",\"@id\":\"https:\/\/www.vezzosisrl.com\/es\/1410-p04-nero-poltrona-fancy\/\",\"url\":\"https:\/\/www.vezzosisrl.com\/es\/1410-p04-nero-poltrona-fancy\/\",\"name\":\"Sill\u00f3n negro FANCY\",\"isPartOf\":{\"@id\":\"https:\/\/www.vezzosisrl.com\/es\/#website\"},\"primaryImageOfPage\":{\"@id\":\"https:\/\/www.vezzosisrl.com\/es\/1410-p04-nero-poltrona-fancy\/#primaryimage\"},\"image\":{\"@id\":\"https:\/\/www.vezzosisrl.com\/es\/1410-p04-nero-poltrona-fancy\/#primaryimage\"},\"thumbnailUrl\":\"https:\/\/www.vezzosisrl.com\/wp-content\/uploads\/2023\/05\/fancy_sc.jpg\",\"datePublished\":\"2023-05-26T10:48:12+00:00\",\"dateModified\":\"2024-03-05T11:12:38+00:00\",\"description\":\"El sill\u00f3n peque\u00f1o FANCY es un sill\u00f3n de trabajo con bomba hidr\u00e1ulica para regular la altura del asiento. Disponible en negro y dorado.\",\"breadcrumb\":{\"@id\":\"https:\/\/www.vezzosisrl.com\/es\/1410-p04-nero-poltrona-fancy\/#breadcrumb\"},\"inLanguage\":\"es\",\"potentialAction\":[{\"@type\":\"ReadAction\",\"target\":[\"https:\/\/www.vezzosisrl.com\/es\/1410-p04-nero-poltrona-fancy\/\"]}]},{\"@type\":\"ImageObject\",\"inLanguage\":\"es\",\"@id\":\"https:\/\/www.vezzosisrl.com\/es\/1410-p04-nero-poltrona-fancy\/#primaryimage\",\"url\":\"https:\/\/www.vezzosisrl.com\/wp-content\/uploads\/2023\/05\/fancy_sc.jpg\",\"contentUrl\":\"https:\/\/www.vezzosisrl.com\/wp-content\/uploads\/2023\/05\/fancy_sc.jpg\",\"width\":1000,\"height\":1000},{\"@type\":\"BreadcrumbList\",\"@id\":\"https:\/\/www.vezzosisrl.com\/es\/1410-p04-nero-poltrona-fancy\/#breadcrumb\",\"itemListElement\":[{\"@type\":\"ListItem\",\"position\":1,\"name\":\"Home\",\"item\":\"https:\/\/www.vezzosisrl.com\/es\/\"},{\"@type\":\"ListItem\",\"position\":2,\"name\":\"Productos\",\"item\":\"https:\/\/www.vezzosisrl.com\/prodotti\/\"},{\"@type\":\"ListItem\",\"position\":3,\"name\":\"1410 &#8211; P04 NEGRO &#8211; SILL\u00d3N FANCY\"}]},{\"@type\":\"WebSite\",\"@id\":\"https:\/\/www.vezzosisrl.com\/es\/#website\",\"url\":\"https:\/\/www.vezzosisrl.com\/es\/\",\"name\":\"Vezzosi Arredamenti\",\"description\":\"\",\"potentialAction\":[{\"@type\":\"SearchAction\",\"target\":{\"@type\":\"EntryPoint\",\"urlTemplate\":\"https:\/\/www.vezzosisrl.com\/es\/?s={search_term_string}\"},\"query-input\":{\"@type\":\"PropertyValueSpecification\",\"valueRequired\":true,\"valueName\":\"search_term_string\"}}],\"inLanguage\":\"es\"}]}<\/script>\n<!-- \/ Yoast SEO plugin. -->","yoast_head_json":{"title":"Sill\u00f3n negro FANCY","description":"El sill\u00f3n peque\u00f1o FANCY es un sill\u00f3n de trabajo con bomba hidr\u00e1ulica para regular la altura del asiento. Disponible en negro y dorado.","robots":{"index":"index","follow":"follow","max-snippet":"max-snippet:-1","max-image-preview":"max-image-preview:large","max-video-preview":"max-video-preview:-1"},"canonical":"https:\/\/www.vezzosisrl.com\/es\/1410-p04-nero-poltrona-fancy\/","og_locale":"es_ES","og_type":"article","og_title":"Sill\u00f3n negro FANCY","og_description":"El sill\u00f3n peque\u00f1o FANCY es un sill\u00f3n de trabajo con bomba hidr\u00e1ulica para regular la altura del asiento. Disponible en negro y dorado.","og_url":"https:\/\/www.vezzosisrl.com\/es\/1410-p04-nero-poltrona-fancy\/","og_site_name":"Vezzosi Arredamenti","article_modified_time":"2024-03-05T11:12:38+00:00","og_image":[{"width":1000,"height":1000,"url":"https:\/\/www.vezzosisrl.com\/wp-content\/uploads\/2023\/05\/fancy_sc.jpg","type":"image\/jpeg"}],"twitter_card":"summary_large_image","twitter_misc":{"Tiempo de lectura":"1 minuto"},"schema":{"@context":"https:\/\/schema.org","@graph":[{"@type":"WebPage","@id":"https:\/\/www.vezzosisrl.com\/es\/1410-p04-nero-poltrona-fancy\/","url":"https:\/\/www.vezzosisrl.com\/es\/1410-p04-nero-poltrona-fancy\/","name":"Sill\u00f3n negro FANCY","isPartOf":{"@id":"https:\/\/www.vezzosisrl.com\/es\/#website"},"primaryImageOfPage":{"@id":"https:\/\/www.vezzosisrl.com\/es\/1410-p04-nero-poltrona-fancy\/#primaryimage"},"image":{"@id":"https:\/\/www.vezzosisrl.com\/es\/1410-p04-nero-poltrona-fancy\/#primaryimage"},"thumbnailUrl":"https:\/\/www.vezzosisrl.com\/wp-content\/uploads\/2023\/05\/fancy_sc.jpg","datePublished":"2023-05-26T10:48:12+00:00","dateModified":"2024-03-05T11:12:38+00:00","description":"El sill\u00f3n peque\u00f1o FANCY es un sill\u00f3n de trabajo con bomba hidr\u00e1ulica para regular la altura del asiento. Disponible en negro y dorado.","breadcrumb":{"@id":"https:\/\/www.vezzosisrl.com\/es\/1410-p04-nero-poltrona-fancy\/#breadcrumb"},"inLanguage":"es","potentialAction":[{"@type":"ReadAction","target":["https:\/\/www.vezzosisrl.com\/es\/1410-p04-nero-poltrona-fancy\/"]}]},{"@type":"ImageObject","inLanguage":"es","@id":"https:\/\/www.vezzosisrl.com\/es\/1410-p04-nero-poltrona-fancy\/#primaryimage","url":"https:\/\/www.vezzosisrl.com\/wp-content\/uploads\/2023\/05\/fancy_sc.jpg","contentUrl":"https:\/\/www.vezzosisrl.com\/wp-content\/uploads\/2023\/05\/fancy_sc.jpg","width":1000,"height":1000},{"@type":"BreadcrumbList","@id":"https:\/\/www.vezzosisrl.com\/es\/1410-p04-nero-poltrona-fancy\/#breadcrumb","itemListElement":[{"@type":"ListItem","position":1,"name":"Home","item":"https:\/\/www.vezzosisrl.com\/es\/"},{"@type":"ListItem","position":2,"name":"Productos","item":"https:\/\/www.vezzosisrl.com\/prodotti\/"},{"@type":"ListItem","position":3,"name":"1410 &#8211; P04 NEGRO &#8211; SILL\u00d3N FANCY"}]},{"@type":"WebSite","@id":"https:\/\/www.vezzosisrl.com\/es\/#website","url":"https:\/\/www.vezzosisrl.com\/es\/","name":"Vezzosi Arredamenti","description":"","potentialAction":[{"@type":"SearchAction","target":{"@type":"EntryPoint","urlTemplate":"https:\/\/www.vezzosisrl.com\/es\/?s={search_term_string}"},"query-input":{"@type":"PropertyValueSpecification","valueRequired":true,"valueName":"search_term_string"}}],"inLanguage":"es"}]}},"_links":{"self":[{"href":"https:\/\/www.vezzosisrl.com\/es\/wp-json\/wp\/v2\/product\/9090","targetHints":{"allow":["GET"]}}],"collection":[{"href":"https:\/\/www.vezzosisrl.com\/es\/wp-json\/wp\/v2\/product"}],"about":[{"href":"https:\/\/www.vezzosisrl.com\/es\/wp-json\/wp\/v2\/types\/product"}],"wp:featuredmedia":[{"embeddable":true,"href":"https:\/\/www.vezzosisrl.com\/es\/wp-json\/wp\/v2\/media\/11039"}],"wp:attachment":[{"href":"https:\/\/www.vezzosisrl.com\/es\/wp-json\/wp\/v2\/media?parent=9090"}],"wp:term":[{"taxonomy":"product_brand","embeddable":true,"href":"https:\/\/www.vezzosisrl.com\/es\/wp-json\/wp\/v2\/product_brand?post=9090"},{"taxonomy":"product_cat","embeddable":true,"href":"https:\/\/www.vezzosisrl.com\/es\/wp-json\/wp\/v2\/product_cat?post=9090"},{"taxonomy":"product_tag","embeddable":true,"href":"https:\/\/www.vezzosisrl.com\/es\/wp-json\/wp\/v2\/product_tag?post=9090"}],"curies":[{"name":"wp","href":"https:\/\/api.w.org\/{rel}","templated":true}]}}