{"id":9123,"date":"2023-05-26T12:47:04","date_gmt":"2023-05-26T10:47:04","guid":{"rendered":"http:\/\/vsrl.sviluppokeyweb.com\/prodotto\/1000-1010-1020-darwin\/"},"modified":"2024-01-10T11:29:54","modified_gmt":"2024-01-10T10:29:54","slug":"darwin-casco-asciugacapelli-nero-grigio-metallizzato","status":"publish","type":"product","link":"https:\/\/www.vezzosisrl.com\/es\/1000-1010-1120-darwin\/","title":{"rendered":"1000\/1010\/1020 DARWIN"},"content":{"rendered":"<p>El secador Darwin cuenta con ventilaci\u00f3n directa de 2 velocidades y est\u00e1 construido totalmente en abs con doble aislamiento e interior de nylon. El temporizador de 60&#8242; lleva integrado un regulador de energ\u00eda t\u00e9rmica con resistencia de hilo. Est\u00e1 disponible en los colores est\u00e1ndar negro o gris plata met\u00e1lico.<\/p>\n","protected":false},"excerpt":{"rendered":"<p>El secador Darwin cuenta con ventilaci\u00f3n directa de 2 velocidades y est\u00e1 construido totalmente en abs con doble aislamiento e interior de nylon. El temporizador de 60&#8242; lleva integrado un regulador de energ\u00eda t\u00e9rmica con resistencia de hilo. Est\u00e1 disponible en los colores est\u00e1ndar negro o gris plata met\u00e1lico.<\/p>\n","protected":false},"featured_media":6872,"template":"","meta":[],"product_brand":[],"product_cat":[288],"product_tag":[],"class_list":{"0":"post-9123","1":"product","2":"type-product","3":"status-publish","4":"has-post-thumbnail","6":"product_cat-complementos","7":"pa_collezione-vezzosi-style-es","9":"first","10":"instock","11":"product-type-simple"},"acf":[],"yoast_head":"<!-- This site is optimized with the Yoast SEO plugin v26.9 - https:\/\/yoast.com\/product\/yoast-seo-wordpress\/ -->\n<title>1000\/1010\/1020 DARWIN - Vezzosi Arredamenti<\/title>\n<meta name=\"robots\" content=\"index, follow, max-snippet:-1, max-image-preview:large, max-video-preview:-1\" \/>\n<link rel=\"canonical\" href=\"https:\/\/www.vezzosisrl.com\/es\/1000-1010-1120-darwin\/\" \/>\n<meta property=\"og:locale\" content=\"es_ES\" \/>\n<meta property=\"og:type\" content=\"article\" \/>\n<meta property=\"og:title\" content=\"1000\/1010\/1020 DARWIN - Vezzosi Arredamenti\" \/>\n<meta property=\"og:description\" content=\"El secador Darwin cuenta con ventilaci\u00f3n directa de 2 velocidades y est\u00e1 construido totalmente en abs con doble aislamiento e interior de nylon. El temporizador de 60&#8242; lleva integrado un regulador de energ\u00eda t\u00e9rmica con resistencia de hilo. Est\u00e1 disponible en los colores est\u00e1ndar negro o gris plata met\u00e1lico.\" \/>\n<meta property=\"og:url\" content=\"https:\/\/www.vezzosisrl.com\/es\/1000-1010-1120-darwin\/\" \/>\n<meta property=\"og:site_name\" content=\"Vezzosi Arredamenti\" \/>\n<meta property=\"article:modified_time\" content=\"2024-01-10T10:29:54+00:00\" \/>\n<meta property=\"og:image\" content=\"https:\/\/www.vezzosisrl.com\/wp-content\/uploads\/2023\/05\/Casco-asciugacapelli-darwin-nero-e-grigio-metallizzato.jpg\" \/>\n\t<meta property=\"og:image:width\" content=\"900\" \/>\n\t<meta property=\"og:image:height\" content=\"900\" \/>\n\t<meta property=\"og:image:type\" content=\"image\/jpeg\" \/>\n<meta name=\"twitter:card\" content=\"summary_large_image\" \/>\n<script type=\"application\/ld+json\" class=\"yoast-schema-graph\">{\"@context\":\"https:\/\/schema.org\",\"@graph\":[{\"@type\":\"WebPage\",\"@id\":\"https:\/\/www.vezzosisrl.com\/es\/1000-1010-1120-darwin\/\",\"url\":\"https:\/\/www.vezzosisrl.com\/es\/1000-1010-1120-darwin\/\",\"name\":\"1000\/1010\/1020 DARWIN - Vezzosi Arredamenti\",\"isPartOf\":{\"@id\":\"https:\/\/www.vezzosisrl.com\/es\/#website\"},\"primaryImageOfPage\":{\"@id\":\"https:\/\/www.vezzosisrl.com\/es\/1000-1010-1120-darwin\/#primaryimage\"},\"image\":{\"@id\":\"https:\/\/www.vezzosisrl.com\/es\/1000-1010-1120-darwin\/#primaryimage\"},\"thumbnailUrl\":\"https:\/\/www.vezzosisrl.com\/wp-content\/uploads\/2023\/05\/Casco-asciugacapelli-darwin-nero-e-grigio-metallizzato.jpg\",\"datePublished\":\"2023-05-26T10:47:04+00:00\",\"dateModified\":\"2024-01-10T10:29:54+00:00\",\"breadcrumb\":{\"@id\":\"https:\/\/www.vezzosisrl.com\/es\/1000-1010-1120-darwin\/#breadcrumb\"},\"inLanguage\":\"es\",\"potentialAction\":[{\"@type\":\"ReadAction\",\"target\":[\"https:\/\/www.vezzosisrl.com\/es\/1000-1010-1120-darwin\/\"]}]},{\"@type\":\"ImageObject\",\"inLanguage\":\"es\",\"@id\":\"https:\/\/www.vezzosisrl.com\/es\/1000-1010-1120-darwin\/#primaryimage\",\"url\":\"https:\/\/www.vezzosisrl.com\/wp-content\/uploads\/2023\/05\/Casco-asciugacapelli-darwin-nero-e-grigio-metallizzato.jpg\",\"contentUrl\":\"https:\/\/www.vezzosisrl.com\/wp-content\/uploads\/2023\/05\/Casco-asciugacapelli-darwin-nero-e-grigio-metallizzato.jpg\",\"width\":900,\"height\":900},{\"@type\":\"BreadcrumbList\",\"@id\":\"https:\/\/www.vezzosisrl.com\/es\/1000-1010-1120-darwin\/#breadcrumb\",\"itemListElement\":[{\"@type\":\"ListItem\",\"position\":1,\"name\":\"Home\",\"item\":\"https:\/\/www.vezzosisrl.com\/es\/\"},{\"@type\":\"ListItem\",\"position\":2,\"name\":\"Productos\",\"item\":\"https:\/\/www.vezzosisrl.com\/prodotti\/\"},{\"@type\":\"ListItem\",\"position\":3,\"name\":\"1000\/1010\/1020 DARWIN\"}]},{\"@type\":\"WebSite\",\"@id\":\"https:\/\/www.vezzosisrl.com\/es\/#website\",\"url\":\"https:\/\/www.vezzosisrl.com\/es\/\",\"name\":\"Vezzosi Arredamenti\",\"description\":\"\",\"potentialAction\":[{\"@type\":\"SearchAction\",\"target\":{\"@type\":\"EntryPoint\",\"urlTemplate\":\"https:\/\/www.vezzosisrl.com\/es\/?s={search_term_string}\"},\"query-input\":{\"@type\":\"PropertyValueSpecification\",\"valueRequired\":true,\"valueName\":\"search_term_string\"}}],\"inLanguage\":\"es\"}]}<\/script>\n<!-- \/ Yoast SEO plugin. -->","yoast_head_json":{"title":"1000\/1010\/1020 DARWIN - Vezzosi Arredamenti","robots":{"index":"index","follow":"follow","max-snippet":"max-snippet:-1","max-image-preview":"max-image-preview:large","max-video-preview":"max-video-preview:-1"},"canonical":"https:\/\/www.vezzosisrl.com\/es\/1000-1010-1120-darwin\/","og_locale":"es_ES","og_type":"article","og_title":"1000\/1010\/1020 DARWIN - Vezzosi Arredamenti","og_description":"El secador Darwin cuenta con ventilaci\u00f3n directa de 2 velocidades y est\u00e1 construido totalmente en abs con doble aislamiento e interior de nylon. El temporizador de 60&#8242; lleva integrado un regulador de energ\u00eda t\u00e9rmica con resistencia de hilo. Est\u00e1 disponible en los colores est\u00e1ndar negro o gris plata met\u00e1lico.","og_url":"https:\/\/www.vezzosisrl.com\/es\/1000-1010-1120-darwin\/","og_site_name":"Vezzosi Arredamenti","article_modified_time":"2024-01-10T10:29:54+00:00","og_image":[{"width":900,"height":900,"url":"https:\/\/www.vezzosisrl.com\/wp-content\/uploads\/2023\/05\/Casco-asciugacapelli-darwin-nero-e-grigio-metallizzato.jpg","type":"image\/jpeg"}],"twitter_card":"summary_large_image","schema":{"@context":"https:\/\/schema.org","@graph":[{"@type":"WebPage","@id":"https:\/\/www.vezzosisrl.com\/es\/1000-1010-1120-darwin\/","url":"https:\/\/www.vezzosisrl.com\/es\/1000-1010-1120-darwin\/","name":"1000\/1010\/1020 DARWIN - Vezzosi Arredamenti","isPartOf":{"@id":"https:\/\/www.vezzosisrl.com\/es\/#website"},"primaryImageOfPage":{"@id":"https:\/\/www.vezzosisrl.com\/es\/1000-1010-1120-darwin\/#primaryimage"},"image":{"@id":"https:\/\/www.vezzosisrl.com\/es\/1000-1010-1120-darwin\/#primaryimage"},"thumbnailUrl":"https:\/\/www.vezzosisrl.com\/wp-content\/uploads\/2023\/05\/Casco-asciugacapelli-darwin-nero-e-grigio-metallizzato.jpg","datePublished":"2023-05-26T10:47:04+00:00","dateModified":"2024-01-10T10:29:54+00:00","breadcrumb":{"@id":"https:\/\/www.vezzosisrl.com\/es\/1000-1010-1120-darwin\/#breadcrumb"},"inLanguage":"es","potentialAction":[{"@type":"ReadAction","target":["https:\/\/www.vezzosisrl.com\/es\/1000-1010-1120-darwin\/"]}]},{"@type":"ImageObject","inLanguage":"es","@id":"https:\/\/www.vezzosisrl.com\/es\/1000-1010-1120-darwin\/#primaryimage","url":"https:\/\/www.vezzosisrl.com\/wp-content\/uploads\/2023\/05\/Casco-asciugacapelli-darwin-nero-e-grigio-metallizzato.jpg","contentUrl":"https:\/\/www.vezzosisrl.com\/wp-content\/uploads\/2023\/05\/Casco-asciugacapelli-darwin-nero-e-grigio-metallizzato.jpg","width":900,"height":900},{"@type":"BreadcrumbList","@id":"https:\/\/www.vezzosisrl.com\/es\/1000-1010-1120-darwin\/#breadcrumb","itemListElement":[{"@type":"ListItem","position":1,"name":"Home","item":"https:\/\/www.vezzosisrl.com\/es\/"},{"@type":"ListItem","position":2,"name":"Productos","item":"https:\/\/www.vezzosisrl.com\/prodotti\/"},{"@type":"ListItem","position":3,"name":"1000\/1010\/1020 DARWIN"}]},{"@type":"WebSite","@id":"https:\/\/www.vezzosisrl.com\/es\/#website","url":"https:\/\/www.vezzosisrl.com\/es\/","name":"Vezzosi Arredamenti","description":"","potentialAction":[{"@type":"SearchAction","target":{"@type":"EntryPoint","urlTemplate":"https:\/\/www.vezzosisrl.com\/es\/?s={search_term_string}"},"query-input":{"@type":"PropertyValueSpecification","valueRequired":true,"valueName":"search_term_string"}}],"inLanguage":"es"}]}},"_links":{"self":[{"href":"https:\/\/www.vezzosisrl.com\/es\/wp-json\/wp\/v2\/product\/9123","targetHints":{"allow":["GET"]}}],"collection":[{"href":"https:\/\/www.vezzosisrl.com\/es\/wp-json\/wp\/v2\/product"}],"about":[{"href":"https:\/\/www.vezzosisrl.com\/es\/wp-json\/wp\/v2\/types\/product"}],"wp:featuredmedia":[{"embeddable":true,"href":"https:\/\/www.vezzosisrl.com\/es\/wp-json\/wp\/v2\/media\/6872"}],"wp:attachment":[{"href":"https:\/\/www.vezzosisrl.com\/es\/wp-json\/wp\/v2\/media?parent=9123"}],"wp:term":[{"taxonomy":"product_brand","embeddable":true,"href":"https:\/\/www.vezzosisrl.com\/es\/wp-json\/wp\/v2\/product_brand?post=9123"},{"taxonomy":"product_cat","embeddable":true,"href":"https:\/\/www.vezzosisrl.com\/es\/wp-json\/wp\/v2\/product_cat?post=9123"},{"taxonomy":"product_tag","embeddable":true,"href":"https:\/\/www.vezzosisrl.com\/es\/wp-json\/wp\/v2\/product_tag?post=9123"}],"curies":[{"name":"wp","href":"https:\/\/api.w.org\/{rel}","templated":true}]}}