{"id":9159,"date":"2023-05-26T12:45:45","date_gmt":"2023-05-26T10:45:45","guid":{"rendered":"http:\/\/vsrl.sviluppokeyweb.com\/prodotto\/7271-young\/"},"modified":"2024-01-10T11:31:38","modified_gmt":"2024-01-10T10:31:38","slug":"7271-young","status":"publish","type":"product","link":"https:\/\/www.vezzosisrl.com\/es\/7271-young\/","title":{"rendered":"7271 YOUNG"},"content":{"rendered":"<p>Disponible en diferentes colores, pr\u00e1ctica y atractiva, Young es una mesita de noche con un fuerte car\u00e1cter. El estante superior est\u00e1 equipado con bordes para garantizar un almacenamiento \u00f3ptimo de los productos, mientras que las pr\u00e1cticas ruedas de propileno con pies met\u00e1licos cromados ayudan a mover el accesorio seg\u00fan sea necesario.<\/p>\n","protected":false},"excerpt":{"rendered":"<p>Disponible en diferentes colores, pr\u00e1ctica y atractiva, Young es una mesita de noche con un fuerte car\u00e1cter. El estante superior est\u00e1 equipado con bordes para garantizar un almacenamiento \u00f3ptimo de los productos, mientras que las pr\u00e1cticas ruedas de propileno con pies met\u00e1licos cromados ayudan a mover el accesorio seg\u00fan sea necesario.<\/p>\n","protected":false},"featured_media":6749,"template":"","meta":[],"product_brand":[],"product_cat":[288],"product_tag":[],"class_list":{"0":"post-9159","1":"product","2":"type-product","3":"status-publish","4":"has-post-thumbnail","6":"product_cat-complementos","7":"pa_collezione-vezzosi-style-es","9":"first","10":"instock","11":"product-type-simple"},"acf":[],"yoast_head":"<!-- This site is optimized with the Yoast SEO plugin v26.9 - https:\/\/yoast.com\/product\/yoast-seo-wordpress\/ -->\n<title>7271 YOUNG - Vezzosi Arredamenti<\/title>\n<meta name=\"robots\" content=\"index, follow, max-snippet:-1, max-image-preview:large, max-video-preview:-1\" \/>\n<link rel=\"canonical\" href=\"https:\/\/www.vezzosisrl.com\/es\/7271-young\/\" \/>\n<meta property=\"og:locale\" content=\"es_ES\" \/>\n<meta property=\"og:type\" content=\"article\" \/>\n<meta property=\"og:title\" content=\"7271 YOUNG - Vezzosi Arredamenti\" \/>\n<meta property=\"og:description\" content=\"Disponible en diferentes colores, pr\u00e1ctica y atractiva, Young es una mesita de noche con un fuerte car\u00e1cter. El estante superior est\u00e1 equipado con bordes para garantizar un almacenamiento \u00f3ptimo de los productos, mientras que las pr\u00e1cticas ruedas de propileno con pies met\u00e1licos cromados ayudan a mover el accesorio seg\u00fan sea necesario.\" \/>\n<meta property=\"og:url\" content=\"https:\/\/www.vezzosisrl.com\/es\/7271-young\/\" \/>\n<meta property=\"og:site_name\" content=\"Vezzosi Arredamenti\" \/>\n<meta property=\"article:modified_time\" content=\"2024-01-10T10:31:38+00:00\" \/>\n<meta property=\"og:image\" content=\"https:\/\/www.vezzosisrl.com\/wp-content\/uploads\/2023\/05\/Young-comodino-in-propilene.jpg\" \/>\n\t<meta property=\"og:image:width\" content=\"900\" \/>\n\t<meta property=\"og:image:height\" content=\"900\" \/>\n\t<meta property=\"og:image:type\" content=\"image\/jpeg\" \/>\n<meta name=\"twitter:card\" content=\"summary_large_image\" \/>\n<script type=\"application\/ld+json\" class=\"yoast-schema-graph\">{\"@context\":\"https:\/\/schema.org\",\"@graph\":[{\"@type\":\"WebPage\",\"@id\":\"https:\/\/www.vezzosisrl.com\/es\/7271-young\/\",\"url\":\"https:\/\/www.vezzosisrl.com\/es\/7271-young\/\",\"name\":\"7271 YOUNG - Vezzosi Arredamenti\",\"isPartOf\":{\"@id\":\"https:\/\/www.vezzosisrl.com\/es\/#website\"},\"primaryImageOfPage\":{\"@id\":\"https:\/\/www.vezzosisrl.com\/es\/7271-young\/#primaryimage\"},\"image\":{\"@id\":\"https:\/\/www.vezzosisrl.com\/es\/7271-young\/#primaryimage\"},\"thumbnailUrl\":\"https:\/\/www.vezzosisrl.com\/wp-content\/uploads\/2023\/05\/Young-comodino-in-propilene.jpg\",\"datePublished\":\"2023-05-26T10:45:45+00:00\",\"dateModified\":\"2024-01-10T10:31:38+00:00\",\"breadcrumb\":{\"@id\":\"https:\/\/www.vezzosisrl.com\/es\/7271-young\/#breadcrumb\"},\"inLanguage\":\"es\",\"potentialAction\":[{\"@type\":\"ReadAction\",\"target\":[\"https:\/\/www.vezzosisrl.com\/es\/7271-young\/\"]}]},{\"@type\":\"ImageObject\",\"inLanguage\":\"es\",\"@id\":\"https:\/\/www.vezzosisrl.com\/es\/7271-young\/#primaryimage\",\"url\":\"https:\/\/www.vezzosisrl.com\/wp-content\/uploads\/2023\/05\/Young-comodino-in-propilene.jpg\",\"contentUrl\":\"https:\/\/www.vezzosisrl.com\/wp-content\/uploads\/2023\/05\/Young-comodino-in-propilene.jpg\",\"width\":900,\"height\":900},{\"@type\":\"BreadcrumbList\",\"@id\":\"https:\/\/www.vezzosisrl.com\/es\/7271-young\/#breadcrumb\",\"itemListElement\":[{\"@type\":\"ListItem\",\"position\":1,\"name\":\"Home\",\"item\":\"https:\/\/www.vezzosisrl.com\/es\/\"},{\"@type\":\"ListItem\",\"position\":2,\"name\":\"Productos\",\"item\":\"https:\/\/www.vezzosisrl.com\/prodotti\/\"},{\"@type\":\"ListItem\",\"position\":3,\"name\":\"7271 YOUNG\"}]},{\"@type\":\"WebSite\",\"@id\":\"https:\/\/www.vezzosisrl.com\/es\/#website\",\"url\":\"https:\/\/www.vezzosisrl.com\/es\/\",\"name\":\"Vezzosi Arredamenti\",\"description\":\"\",\"potentialAction\":[{\"@type\":\"SearchAction\",\"target\":{\"@type\":\"EntryPoint\",\"urlTemplate\":\"https:\/\/www.vezzosisrl.com\/es\/?s={search_term_string}\"},\"query-input\":{\"@type\":\"PropertyValueSpecification\",\"valueRequired\":true,\"valueName\":\"search_term_string\"}}],\"inLanguage\":\"es\"}]}<\/script>\n<!-- \/ Yoast SEO plugin. -->","yoast_head_json":{"title":"7271 YOUNG - Vezzosi Arredamenti","robots":{"index":"index","follow":"follow","max-snippet":"max-snippet:-1","max-image-preview":"max-image-preview:large","max-video-preview":"max-video-preview:-1"},"canonical":"https:\/\/www.vezzosisrl.com\/es\/7271-young\/","og_locale":"es_ES","og_type":"article","og_title":"7271 YOUNG - Vezzosi Arredamenti","og_description":"Disponible en diferentes colores, pr\u00e1ctica y atractiva, Young es una mesita de noche con un fuerte car\u00e1cter. El estante superior est\u00e1 equipado con bordes para garantizar un almacenamiento \u00f3ptimo de los productos, mientras que las pr\u00e1cticas ruedas de propileno con pies met\u00e1licos cromados ayudan a mover el accesorio seg\u00fan sea necesario.","og_url":"https:\/\/www.vezzosisrl.com\/es\/7271-young\/","og_site_name":"Vezzosi Arredamenti","article_modified_time":"2024-01-10T10:31:38+00:00","og_image":[{"width":900,"height":900,"url":"https:\/\/www.vezzosisrl.com\/wp-content\/uploads\/2023\/05\/Young-comodino-in-propilene.jpg","type":"image\/jpeg"}],"twitter_card":"summary_large_image","schema":{"@context":"https:\/\/schema.org","@graph":[{"@type":"WebPage","@id":"https:\/\/www.vezzosisrl.com\/es\/7271-young\/","url":"https:\/\/www.vezzosisrl.com\/es\/7271-young\/","name":"7271 YOUNG - Vezzosi Arredamenti","isPartOf":{"@id":"https:\/\/www.vezzosisrl.com\/es\/#website"},"primaryImageOfPage":{"@id":"https:\/\/www.vezzosisrl.com\/es\/7271-young\/#primaryimage"},"image":{"@id":"https:\/\/www.vezzosisrl.com\/es\/7271-young\/#primaryimage"},"thumbnailUrl":"https:\/\/www.vezzosisrl.com\/wp-content\/uploads\/2023\/05\/Young-comodino-in-propilene.jpg","datePublished":"2023-05-26T10:45:45+00:00","dateModified":"2024-01-10T10:31:38+00:00","breadcrumb":{"@id":"https:\/\/www.vezzosisrl.com\/es\/7271-young\/#breadcrumb"},"inLanguage":"es","potentialAction":[{"@type":"ReadAction","target":["https:\/\/www.vezzosisrl.com\/es\/7271-young\/"]}]},{"@type":"ImageObject","inLanguage":"es","@id":"https:\/\/www.vezzosisrl.com\/es\/7271-young\/#primaryimage","url":"https:\/\/www.vezzosisrl.com\/wp-content\/uploads\/2023\/05\/Young-comodino-in-propilene.jpg","contentUrl":"https:\/\/www.vezzosisrl.com\/wp-content\/uploads\/2023\/05\/Young-comodino-in-propilene.jpg","width":900,"height":900},{"@type":"BreadcrumbList","@id":"https:\/\/www.vezzosisrl.com\/es\/7271-young\/#breadcrumb","itemListElement":[{"@type":"ListItem","position":1,"name":"Home","item":"https:\/\/www.vezzosisrl.com\/es\/"},{"@type":"ListItem","position":2,"name":"Productos","item":"https:\/\/www.vezzosisrl.com\/prodotti\/"},{"@type":"ListItem","position":3,"name":"7271 YOUNG"}]},{"@type":"WebSite","@id":"https:\/\/www.vezzosisrl.com\/es\/#website","url":"https:\/\/www.vezzosisrl.com\/es\/","name":"Vezzosi Arredamenti","description":"","potentialAction":[{"@type":"SearchAction","target":{"@type":"EntryPoint","urlTemplate":"https:\/\/www.vezzosisrl.com\/es\/?s={search_term_string}"},"query-input":{"@type":"PropertyValueSpecification","valueRequired":true,"valueName":"search_term_string"}}],"inLanguage":"es"}]}},"_links":{"self":[{"href":"https:\/\/www.vezzosisrl.com\/es\/wp-json\/wp\/v2\/product\/9159","targetHints":{"allow":["GET"]}}],"collection":[{"href":"https:\/\/www.vezzosisrl.com\/es\/wp-json\/wp\/v2\/product"}],"about":[{"href":"https:\/\/www.vezzosisrl.com\/es\/wp-json\/wp\/v2\/types\/product"}],"wp:featuredmedia":[{"embeddable":true,"href":"https:\/\/www.vezzosisrl.com\/es\/wp-json\/wp\/v2\/media\/6749"}],"wp:attachment":[{"href":"https:\/\/www.vezzosisrl.com\/es\/wp-json\/wp\/v2\/media?parent=9159"}],"wp:term":[{"taxonomy":"product_brand","embeddable":true,"href":"https:\/\/www.vezzosisrl.com\/es\/wp-json\/wp\/v2\/product_brand?post=9159"},{"taxonomy":"product_cat","embeddable":true,"href":"https:\/\/www.vezzosisrl.com\/es\/wp-json\/wp\/v2\/product_cat?post=9159"},{"taxonomy":"product_tag","embeddable":true,"href":"https:\/\/www.vezzosisrl.com\/es\/wp-json\/wp\/v2\/product_tag?post=9159"}],"curies":[{"name":"wp","href":"https:\/\/api.w.org\/{rel}","templated":true}]}}