{"id":9180,"date":"2023-05-26T12:45:45","date_gmt":"2023-05-26T10:45:45","guid":{"rendered":"http:\/\/vsrl.sviluppokeyweb.com\/prodotto\/7291-hollywood\/"},"modified":"2024-01-10T11:31:40","modified_gmt":"2024-01-10T10:31:40","slug":"7291-hollywood","status":"publish","type":"product","link":"https:\/\/www.vezzosisrl.com\/es\/7291-hollywood\/","title":{"rendered":"7291 HOLLYWOOD"},"content":{"rendered":"<p>Hollywood es nuestro espejo de sobremesa de doble cara con base de madera dorada o, a petici\u00f3n, lacada. Un complemento pr\u00e1ctico y funcional, dise\u0144ado para dos plazas frontales. Inspirado en la famosa ciudad de las estrellas, este espejo se caracteriza por sus l\u00edneas cuadradas y su estilo minimalista.<\/p>\n","protected":false},"excerpt":{"rendered":"<p>Hollywood es nuestro espejo de sobremesa de doble cara con base de madera dorada o, a petici\u00f3n, lacada. Un complemento pr\u00e1ctico y funcional, dise\u0144ado para dos plazas frontales. Inspirado en la famosa ciudad de las estrellas, este espejo se caracteriza por sus l\u00edneas cuadradas y su estilo minimalista.<\/p>\n","protected":false},"featured_media":6782,"template":"","meta":[],"product_brand":[],"product_cat":[288],"product_tag":[],"class_list":{"0":"post-9180","1":"product","2":"type-product","3":"status-publish","4":"has-post-thumbnail","6":"product_cat-complementos","7":"pa_collezione-vezzosi-style-es","9":"first","10":"instock","11":"product-type-simple"},"acf":[],"yoast_head":"<!-- This site is optimized with the Yoast SEO plugin v26.9 - https:\/\/yoast.com\/product\/yoast-seo-wordpress\/ -->\n<title>7291 HOLLYWOOD - Vezzosi Arredamenti<\/title>\n<meta name=\"robots\" content=\"index, follow, max-snippet:-1, max-image-preview:large, max-video-preview:-1\" \/>\n<link rel=\"canonical\" href=\"https:\/\/www.vezzosisrl.com\/es\/7291-hollywood\/\" \/>\n<meta property=\"og:locale\" content=\"es_ES\" \/>\n<meta property=\"og:type\" content=\"article\" \/>\n<meta property=\"og:title\" content=\"7291 HOLLYWOOD - Vezzosi Arredamenti\" \/>\n<meta property=\"og:description\" content=\"Hollywood es nuestro espejo de sobremesa de doble cara con base de madera dorada o, a petici\u00f3n, lacada. Un complemento pr\u00e1ctico y funcional, dise\u0144ado para dos plazas frontales. Inspirado en la famosa ciudad de las estrellas, este espejo se caracteriza por sus l\u00edneas cuadradas y su estilo minimalista.\" \/>\n<meta property=\"og:url\" content=\"https:\/\/www.vezzosisrl.com\/es\/7291-hollywood\/\" \/>\n<meta property=\"og:site_name\" content=\"Vezzosi Arredamenti\" \/>\n<meta property=\"article:modified_time\" content=\"2024-01-10T10:31:40+00:00\" \/>\n<meta property=\"og:image\" content=\"https:\/\/www.vezzosisrl.com\/wp-content\/uploads\/2023\/05\/Specchio-bifacciale-da-tavolo-hollywood.jpg\" \/>\n\t<meta property=\"og:image:width\" content=\"900\" \/>\n\t<meta property=\"og:image:height\" content=\"900\" \/>\n\t<meta property=\"og:image:type\" content=\"image\/jpeg\" \/>\n<meta name=\"twitter:card\" content=\"summary_large_image\" \/>\n<script type=\"application\/ld+json\" class=\"yoast-schema-graph\">{\"@context\":\"https:\/\/schema.org\",\"@graph\":[{\"@type\":\"WebPage\",\"@id\":\"https:\/\/www.vezzosisrl.com\/es\/7291-hollywood\/\",\"url\":\"https:\/\/www.vezzosisrl.com\/es\/7291-hollywood\/\",\"name\":\"7291 HOLLYWOOD - Vezzosi Arredamenti\",\"isPartOf\":{\"@id\":\"https:\/\/www.vezzosisrl.com\/es\/#website\"},\"primaryImageOfPage\":{\"@id\":\"https:\/\/www.vezzosisrl.com\/es\/7291-hollywood\/#primaryimage\"},\"image\":{\"@id\":\"https:\/\/www.vezzosisrl.com\/es\/7291-hollywood\/#primaryimage\"},\"thumbnailUrl\":\"https:\/\/www.vezzosisrl.com\/wp-content\/uploads\/2023\/05\/Specchio-bifacciale-da-tavolo-hollywood.jpg\",\"datePublished\":\"2023-05-26T10:45:45+00:00\",\"dateModified\":\"2024-01-10T10:31:40+00:00\",\"breadcrumb\":{\"@id\":\"https:\/\/www.vezzosisrl.com\/es\/7291-hollywood\/#breadcrumb\"},\"inLanguage\":\"es\",\"potentialAction\":[{\"@type\":\"ReadAction\",\"target\":[\"https:\/\/www.vezzosisrl.com\/es\/7291-hollywood\/\"]}]},{\"@type\":\"ImageObject\",\"inLanguage\":\"es\",\"@id\":\"https:\/\/www.vezzosisrl.com\/es\/7291-hollywood\/#primaryimage\",\"url\":\"https:\/\/www.vezzosisrl.com\/wp-content\/uploads\/2023\/05\/Specchio-bifacciale-da-tavolo-hollywood.jpg\",\"contentUrl\":\"https:\/\/www.vezzosisrl.com\/wp-content\/uploads\/2023\/05\/Specchio-bifacciale-da-tavolo-hollywood.jpg\",\"width\":900,\"height\":900},{\"@type\":\"BreadcrumbList\",\"@id\":\"https:\/\/www.vezzosisrl.com\/es\/7291-hollywood\/#breadcrumb\",\"itemListElement\":[{\"@type\":\"ListItem\",\"position\":1,\"name\":\"Home\",\"item\":\"https:\/\/www.vezzosisrl.com\/es\/\"},{\"@type\":\"ListItem\",\"position\":2,\"name\":\"Productos\",\"item\":\"https:\/\/www.vezzosisrl.com\/prodotti\/\"},{\"@type\":\"ListItem\",\"position\":3,\"name\":\"7291 HOLLYWOOD\"}]},{\"@type\":\"WebSite\",\"@id\":\"https:\/\/www.vezzosisrl.com\/es\/#website\",\"url\":\"https:\/\/www.vezzosisrl.com\/es\/\",\"name\":\"Vezzosi Arredamenti\",\"description\":\"\",\"potentialAction\":[{\"@type\":\"SearchAction\",\"target\":{\"@type\":\"EntryPoint\",\"urlTemplate\":\"https:\/\/www.vezzosisrl.com\/es\/?s={search_term_string}\"},\"query-input\":{\"@type\":\"PropertyValueSpecification\",\"valueRequired\":true,\"valueName\":\"search_term_string\"}}],\"inLanguage\":\"es\"}]}<\/script>\n<!-- \/ Yoast SEO plugin. -->","yoast_head_json":{"title":"7291 HOLLYWOOD - Vezzosi Arredamenti","robots":{"index":"index","follow":"follow","max-snippet":"max-snippet:-1","max-image-preview":"max-image-preview:large","max-video-preview":"max-video-preview:-1"},"canonical":"https:\/\/www.vezzosisrl.com\/es\/7291-hollywood\/","og_locale":"es_ES","og_type":"article","og_title":"7291 HOLLYWOOD - Vezzosi Arredamenti","og_description":"Hollywood es nuestro espejo de sobremesa de doble cara con base de madera dorada o, a petici\u00f3n, lacada. Un complemento pr\u00e1ctico y funcional, dise\u0144ado para dos plazas frontales. Inspirado en la famosa ciudad de las estrellas, este espejo se caracteriza por sus l\u00edneas cuadradas y su estilo minimalista.","og_url":"https:\/\/www.vezzosisrl.com\/es\/7291-hollywood\/","og_site_name":"Vezzosi Arredamenti","article_modified_time":"2024-01-10T10:31:40+00:00","og_image":[{"width":900,"height":900,"url":"https:\/\/www.vezzosisrl.com\/wp-content\/uploads\/2023\/05\/Specchio-bifacciale-da-tavolo-hollywood.jpg","type":"image\/jpeg"}],"twitter_card":"summary_large_image","schema":{"@context":"https:\/\/schema.org","@graph":[{"@type":"WebPage","@id":"https:\/\/www.vezzosisrl.com\/es\/7291-hollywood\/","url":"https:\/\/www.vezzosisrl.com\/es\/7291-hollywood\/","name":"7291 HOLLYWOOD - Vezzosi Arredamenti","isPartOf":{"@id":"https:\/\/www.vezzosisrl.com\/es\/#website"},"primaryImageOfPage":{"@id":"https:\/\/www.vezzosisrl.com\/es\/7291-hollywood\/#primaryimage"},"image":{"@id":"https:\/\/www.vezzosisrl.com\/es\/7291-hollywood\/#primaryimage"},"thumbnailUrl":"https:\/\/www.vezzosisrl.com\/wp-content\/uploads\/2023\/05\/Specchio-bifacciale-da-tavolo-hollywood.jpg","datePublished":"2023-05-26T10:45:45+00:00","dateModified":"2024-01-10T10:31:40+00:00","breadcrumb":{"@id":"https:\/\/www.vezzosisrl.com\/es\/7291-hollywood\/#breadcrumb"},"inLanguage":"es","potentialAction":[{"@type":"ReadAction","target":["https:\/\/www.vezzosisrl.com\/es\/7291-hollywood\/"]}]},{"@type":"ImageObject","inLanguage":"es","@id":"https:\/\/www.vezzosisrl.com\/es\/7291-hollywood\/#primaryimage","url":"https:\/\/www.vezzosisrl.com\/wp-content\/uploads\/2023\/05\/Specchio-bifacciale-da-tavolo-hollywood.jpg","contentUrl":"https:\/\/www.vezzosisrl.com\/wp-content\/uploads\/2023\/05\/Specchio-bifacciale-da-tavolo-hollywood.jpg","width":900,"height":900},{"@type":"BreadcrumbList","@id":"https:\/\/www.vezzosisrl.com\/es\/7291-hollywood\/#breadcrumb","itemListElement":[{"@type":"ListItem","position":1,"name":"Home","item":"https:\/\/www.vezzosisrl.com\/es\/"},{"@type":"ListItem","position":2,"name":"Productos","item":"https:\/\/www.vezzosisrl.com\/prodotti\/"},{"@type":"ListItem","position":3,"name":"7291 HOLLYWOOD"}]},{"@type":"WebSite","@id":"https:\/\/www.vezzosisrl.com\/es\/#website","url":"https:\/\/www.vezzosisrl.com\/es\/","name":"Vezzosi Arredamenti","description":"","potentialAction":[{"@type":"SearchAction","target":{"@type":"EntryPoint","urlTemplate":"https:\/\/www.vezzosisrl.com\/es\/?s={search_term_string}"},"query-input":{"@type":"PropertyValueSpecification","valueRequired":true,"valueName":"search_term_string"}}],"inLanguage":"es"}]}},"_links":{"self":[{"href":"https:\/\/www.vezzosisrl.com\/es\/wp-json\/wp\/v2\/product\/9180","targetHints":{"allow":["GET"]}}],"collection":[{"href":"https:\/\/www.vezzosisrl.com\/es\/wp-json\/wp\/v2\/product"}],"about":[{"href":"https:\/\/www.vezzosisrl.com\/es\/wp-json\/wp\/v2\/types\/product"}],"wp:featuredmedia":[{"embeddable":true,"href":"https:\/\/www.vezzosisrl.com\/es\/wp-json\/wp\/v2\/media\/6782"}],"wp:attachment":[{"href":"https:\/\/www.vezzosisrl.com\/es\/wp-json\/wp\/v2\/media?parent=9180"}],"wp:term":[{"taxonomy":"product_brand","embeddable":true,"href":"https:\/\/www.vezzosisrl.com\/es\/wp-json\/wp\/v2\/product_brand?post=9180"},{"taxonomy":"product_cat","embeddable":true,"href":"https:\/\/www.vezzosisrl.com\/es\/wp-json\/wp\/v2\/product_cat?post=9180"},{"taxonomy":"product_tag","embeddable":true,"href":"https:\/\/www.vezzosisrl.com\/es\/wp-json\/wp\/v2\/product_tag?post=9180"}],"curies":[{"name":"wp","href":"https:\/\/api.w.org\/{rel}","templated":true}]}}