{"id":9267,"date":"2023-05-26T12:41:53","date_gmt":"2023-05-26T10:41:53","guid":{"rendered":"http:\/\/vsrl.sviluppokeyweb.com\/prodotto\/8230-clash\/"},"modified":"2024-01-10T11:32:03","modified_gmt":"2024-01-10T10:32:03","slug":"8230-clash","status":"publish","type":"product","link":"https:\/\/www.vezzosisrl.com\/es\/8230-clash\/","title":{"rendered":"8230 CLASH"},"content":{"rendered":"<p>Clash es nuestra estaci\u00f3n de corte de pared, compuesta por un m\u00f3dulo para 2 plazas de trabajo y caracterizada por una estructura en melamina y un reposapi\u00e9s de acero. Un mueble cuadrado con un gran espejo de l\u00edneas sencillas, adecuado tanto para salones cl\u00e1sicos como de dise\u0144o.<\/p>\n","protected":false},"excerpt":{"rendered":"<p>Clash es nuestra estaci\u00f3n de corte de pared, compuesta por un m\u00f3dulo para 2 plazas de trabajo y caracterizada por una estructura en melamina y un reposapi\u00e9s de acero. Un mueble cuadrado con un gran espejo de l\u00edneas sencillas, adecuado tanto para salones cl\u00e1sicos como de dise\u0144o.<\/p>\n","protected":false},"featured_media":6455,"template":"","meta":[],"product_brand":[],"product_cat":[436],"product_tag":[],"class_list":{"0":"post-9267","1":"product","2":"type-product","3":"status-publish","4":"has-post-thumbnail","6":"product_cat-puestos-de-trabajo","7":"pa_collezione-vezzosi-style-es","8":"pa_tipologie-costo-espejo-estante-reposapies-puestos-plano-trabajo-de-pared","9":"pa_tipologie-doppio-es","10":"pa_tipologie-presupuesto-mesa-caja-para-peluquerias-alta-calidad","12":"first","13":"instock","14":"product-type-simple"},"acf":[],"yoast_head":"<!-- This site is optimized with the Yoast SEO plugin v26.9 - https:\/\/yoast.com\/product\/yoast-seo-wordpress\/ -->\n<title>8230 CLASH - Vezzosi Arredamenti<\/title>\n<meta name=\"robots\" content=\"index, follow, max-snippet:-1, max-image-preview:large, max-video-preview:-1\" \/>\n<link rel=\"canonical\" href=\"https:\/\/www.vezzosisrl.com\/es\/8230-clash\/\" \/>\n<meta property=\"og:locale\" content=\"es_ES\" \/>\n<meta property=\"og:type\" content=\"article\" \/>\n<meta property=\"og:title\" content=\"8230 CLASH - Vezzosi Arredamenti\" \/>\n<meta property=\"og:description\" content=\"Clash es nuestra estaci\u00f3n de corte de pared, compuesta por un m\u00f3dulo para 2 plazas de trabajo y caracterizada por una estructura en melamina y un reposapi\u00e9s de acero. Un mueble cuadrado con un gran espejo de l\u00edneas sencillas, adecuado tanto para salones cl\u00e1sicos como de dise\u0144o.\" \/>\n<meta property=\"og:url\" content=\"https:\/\/www.vezzosisrl.com\/es\/8230-clash\/\" \/>\n<meta property=\"og:site_name\" content=\"Vezzosi Arredamenti\" \/>\n<meta property=\"article:modified_time\" content=\"2024-01-10T10:32:03+00:00\" \/>\n<meta property=\"og:image\" content=\"https:\/\/www.vezzosisrl.com\/wp-content\/uploads\/2023\/05\/Postazione-taglio-due-posti-clash.jpg\" \/>\n\t<meta property=\"og:image:width\" content=\"900\" \/>\n\t<meta property=\"og:image:height\" content=\"900\" \/>\n\t<meta property=\"og:image:type\" content=\"image\/jpeg\" \/>\n<meta name=\"twitter:card\" content=\"summary_large_image\" \/>\n<script type=\"application\/ld+json\" class=\"yoast-schema-graph\">{\"@context\":\"https:\/\/schema.org\",\"@graph\":[{\"@type\":\"WebPage\",\"@id\":\"https:\/\/www.vezzosisrl.com\/es\/8230-clash\/\",\"url\":\"https:\/\/www.vezzosisrl.com\/es\/8230-clash\/\",\"name\":\"8230 CLASH - Vezzosi Arredamenti\",\"isPartOf\":{\"@id\":\"https:\/\/www.vezzosisrl.com\/es\/#website\"},\"primaryImageOfPage\":{\"@id\":\"https:\/\/www.vezzosisrl.com\/es\/8230-clash\/#primaryimage\"},\"image\":{\"@id\":\"https:\/\/www.vezzosisrl.com\/es\/8230-clash\/#primaryimage\"},\"thumbnailUrl\":\"https:\/\/www.vezzosisrl.com\/wp-content\/uploads\/2023\/05\/Postazione-taglio-due-posti-clash.jpg\",\"datePublished\":\"2023-05-26T10:41:53+00:00\",\"dateModified\":\"2024-01-10T10:32:03+00:00\",\"breadcrumb\":{\"@id\":\"https:\/\/www.vezzosisrl.com\/es\/8230-clash\/#breadcrumb\"},\"inLanguage\":\"es\",\"potentialAction\":[{\"@type\":\"ReadAction\",\"target\":[\"https:\/\/www.vezzosisrl.com\/es\/8230-clash\/\"]}]},{\"@type\":\"ImageObject\",\"inLanguage\":\"es\",\"@id\":\"https:\/\/www.vezzosisrl.com\/es\/8230-clash\/#primaryimage\",\"url\":\"https:\/\/www.vezzosisrl.com\/wp-content\/uploads\/2023\/05\/Postazione-taglio-due-posti-clash.jpg\",\"contentUrl\":\"https:\/\/www.vezzosisrl.com\/wp-content\/uploads\/2023\/05\/Postazione-taglio-due-posti-clash.jpg\",\"width\":900,\"height\":900},{\"@type\":\"BreadcrumbList\",\"@id\":\"https:\/\/www.vezzosisrl.com\/es\/8230-clash\/#breadcrumb\",\"itemListElement\":[{\"@type\":\"ListItem\",\"position\":1,\"name\":\"Home\",\"item\":\"https:\/\/www.vezzosisrl.com\/es\/\"},{\"@type\":\"ListItem\",\"position\":2,\"name\":\"Productos\",\"item\":\"https:\/\/www.vezzosisrl.com\/prodotti\/\"},{\"@type\":\"ListItem\",\"position\":3,\"name\":\"8230 CLASH\"}]},{\"@type\":\"WebSite\",\"@id\":\"https:\/\/www.vezzosisrl.com\/es\/#website\",\"url\":\"https:\/\/www.vezzosisrl.com\/es\/\",\"name\":\"Vezzosi Arredamenti\",\"description\":\"\",\"potentialAction\":[{\"@type\":\"SearchAction\",\"target\":{\"@type\":\"EntryPoint\",\"urlTemplate\":\"https:\/\/www.vezzosisrl.com\/es\/?s={search_term_string}\"},\"query-input\":{\"@type\":\"PropertyValueSpecification\",\"valueRequired\":true,\"valueName\":\"search_term_string\"}}],\"inLanguage\":\"es\"}]}<\/script>\n<!-- \/ Yoast SEO plugin. -->","yoast_head_json":{"title":"8230 CLASH - Vezzosi Arredamenti","robots":{"index":"index","follow":"follow","max-snippet":"max-snippet:-1","max-image-preview":"max-image-preview:large","max-video-preview":"max-video-preview:-1"},"canonical":"https:\/\/www.vezzosisrl.com\/es\/8230-clash\/","og_locale":"es_ES","og_type":"article","og_title":"8230 CLASH - Vezzosi Arredamenti","og_description":"Clash es nuestra estaci\u00f3n de corte de pared, compuesta por un m\u00f3dulo para 2 plazas de trabajo y caracterizada por una estructura en melamina y un reposapi\u00e9s de acero. Un mueble cuadrado con un gran espejo de l\u00edneas sencillas, adecuado tanto para salones cl\u00e1sicos como de dise\u0144o.","og_url":"https:\/\/www.vezzosisrl.com\/es\/8230-clash\/","og_site_name":"Vezzosi Arredamenti","article_modified_time":"2024-01-10T10:32:03+00:00","og_image":[{"width":900,"height":900,"url":"https:\/\/www.vezzosisrl.com\/wp-content\/uploads\/2023\/05\/Postazione-taglio-due-posti-clash.jpg","type":"image\/jpeg"}],"twitter_card":"summary_large_image","schema":{"@context":"https:\/\/schema.org","@graph":[{"@type":"WebPage","@id":"https:\/\/www.vezzosisrl.com\/es\/8230-clash\/","url":"https:\/\/www.vezzosisrl.com\/es\/8230-clash\/","name":"8230 CLASH - Vezzosi Arredamenti","isPartOf":{"@id":"https:\/\/www.vezzosisrl.com\/es\/#website"},"primaryImageOfPage":{"@id":"https:\/\/www.vezzosisrl.com\/es\/8230-clash\/#primaryimage"},"image":{"@id":"https:\/\/www.vezzosisrl.com\/es\/8230-clash\/#primaryimage"},"thumbnailUrl":"https:\/\/www.vezzosisrl.com\/wp-content\/uploads\/2023\/05\/Postazione-taglio-due-posti-clash.jpg","datePublished":"2023-05-26T10:41:53+00:00","dateModified":"2024-01-10T10:32:03+00:00","breadcrumb":{"@id":"https:\/\/www.vezzosisrl.com\/es\/8230-clash\/#breadcrumb"},"inLanguage":"es","potentialAction":[{"@type":"ReadAction","target":["https:\/\/www.vezzosisrl.com\/es\/8230-clash\/"]}]},{"@type":"ImageObject","inLanguage":"es","@id":"https:\/\/www.vezzosisrl.com\/es\/8230-clash\/#primaryimage","url":"https:\/\/www.vezzosisrl.com\/wp-content\/uploads\/2023\/05\/Postazione-taglio-due-posti-clash.jpg","contentUrl":"https:\/\/www.vezzosisrl.com\/wp-content\/uploads\/2023\/05\/Postazione-taglio-due-posti-clash.jpg","width":900,"height":900},{"@type":"BreadcrumbList","@id":"https:\/\/www.vezzosisrl.com\/es\/8230-clash\/#breadcrumb","itemListElement":[{"@type":"ListItem","position":1,"name":"Home","item":"https:\/\/www.vezzosisrl.com\/es\/"},{"@type":"ListItem","position":2,"name":"Productos","item":"https:\/\/www.vezzosisrl.com\/prodotti\/"},{"@type":"ListItem","position":3,"name":"8230 CLASH"}]},{"@type":"WebSite","@id":"https:\/\/www.vezzosisrl.com\/es\/#website","url":"https:\/\/www.vezzosisrl.com\/es\/","name":"Vezzosi Arredamenti","description":"","potentialAction":[{"@type":"SearchAction","target":{"@type":"EntryPoint","urlTemplate":"https:\/\/www.vezzosisrl.com\/es\/?s={search_term_string}"},"query-input":{"@type":"PropertyValueSpecification","valueRequired":true,"valueName":"search_term_string"}}],"inLanguage":"es"}]}},"_links":{"self":[{"href":"https:\/\/www.vezzosisrl.com\/es\/wp-json\/wp\/v2\/product\/9267","targetHints":{"allow":["GET"]}}],"collection":[{"href":"https:\/\/www.vezzosisrl.com\/es\/wp-json\/wp\/v2\/product"}],"about":[{"href":"https:\/\/www.vezzosisrl.com\/es\/wp-json\/wp\/v2\/types\/product"}],"wp:featuredmedia":[{"embeddable":true,"href":"https:\/\/www.vezzosisrl.com\/es\/wp-json\/wp\/v2\/media\/6455"}],"wp:attachment":[{"href":"https:\/\/www.vezzosisrl.com\/es\/wp-json\/wp\/v2\/media?parent=9267"}],"wp:term":[{"taxonomy":"product_brand","embeddable":true,"href":"https:\/\/www.vezzosisrl.com\/es\/wp-json\/wp\/v2\/product_brand?post=9267"},{"taxonomy":"product_cat","embeddable":true,"href":"https:\/\/www.vezzosisrl.com\/es\/wp-json\/wp\/v2\/product_cat?post=9267"},{"taxonomy":"product_tag","embeddable":true,"href":"https:\/\/www.vezzosisrl.com\/es\/wp-json\/wp\/v2\/product_tag?post=9267"}],"curies":[{"name":"wp","href":"https:\/\/api.w.org\/{rel}","templated":true}]}}