{"id":9339,"date":"2023-05-26T12:40:10","date_gmt":"2023-05-26T10:40:10","guid":{"rendered":"http:\/\/vsrl.sviluppokeyweb.com\/prodotto\/4038-make-up-new\/"},"modified":"2024-01-10T11:31:00","modified_gmt":"2024-01-10T10:31:00","slug":"4038-make-up-new","status":"publish","type":"product","link":"https:\/\/www.vezzosisrl.com\/es\/4038-make-up-new\/","title":{"rendered":"4038 MAKE UP NEW"},"content":{"rendered":"<p>Nuestra puesto de peluquer\u00eda Make Up destaca por su estructura de laminado y sus proyectore Egoluce incorporados. Un m\u00f3dulo de pared \u00fanico inspirado en los famosos espejos para las estrellas de Hollywood, dise\u0144ado para que los clientes se sientan no s\u00f3lo mimados, sino tambi\u00e9n importantes y \u00fanicos. Su estilo sencillo lo hace perfecto tanto para salones vintage como modernos. Dise\u0144o y practicidad son las palabras clave perfectas para describir la estaci\u00f3n de maquillaje.<\/p>\n","protected":false},"excerpt":{"rendered":"<p>Nuestra puesto de peluquer\u00eda Make Up destaca por su estructura de laminado y sus proyectore Egoluce incorporados. Un m\u00f3dulo de pared \u00fanico inspirado en los famosos espejos para las estrellas de Hollywood, dise\u0144ado para que los clientes se sientan no s\u00f3lo mimados, sino tambi\u00e9n importantes y \u00fanicos. Su estilo sencillo lo hace perfecto tanto para&#8230;<\/p>\n","protected":false},"featured_media":6356,"template":"","meta":[],"product_brand":[],"product_cat":[436],"product_tag":[],"class_list":{"0":"post-9339","1":"product","2":"type-product","3":"status-publish","4":"has-post-thumbnail","6":"product_cat-puestos-de-trabajo","7":"pa_collezione-vezzosi-style-es","8":"pa_tipologie-costo-espejo-estante-reposapies-puestos-plano-trabajo-de-pared","9":"pa_tipologie-coste-mesa-caja-recepcion-peluqueria-para-caballeros-iluminacion-frontal-leds","10":"pa_tipologie-singolo-es","12":"first","13":"instock","14":"product-type-simple"},"acf":[],"yoast_head":"<!-- This site is optimized with the Yoast SEO plugin v26.9 - https:\/\/yoast.com\/product\/yoast-seo-wordpress\/ -->\n<title>4038 MAKE UP NEW - Vezzosi Arredamenti<\/title>\n<meta name=\"robots\" content=\"index, follow, max-snippet:-1, max-image-preview:large, max-video-preview:-1\" \/>\n<link rel=\"canonical\" href=\"https:\/\/www.vezzosisrl.com\/es\/4038-make-up-new\/\" \/>\n<meta property=\"og:locale\" content=\"es_ES\" \/>\n<meta property=\"og:type\" content=\"article\" \/>\n<meta property=\"og:title\" content=\"4038 MAKE UP NEW - Vezzosi Arredamenti\" \/>\n<meta property=\"og:description\" content=\"Nuestra puesto de peluquer\u00eda Make Up destaca por su estructura de laminado y sus proyectore Egoluce incorporados. Un m\u00f3dulo de pared \u00fanico inspirado en los famosos espejos para las estrellas de Hollywood, dise\u0144ado para que los clientes se sientan no s\u00f3lo mimados, sino tambi\u00e9n importantes y \u00fanicos. Su estilo sencillo lo hace perfecto tanto para...\" \/>\n<meta property=\"og:url\" content=\"https:\/\/www.vezzosisrl.com\/es\/4038-make-up-new\/\" \/>\n<meta property=\"og:site_name\" content=\"Vezzosi Arredamenti\" \/>\n<meta property=\"article:modified_time\" content=\"2024-01-10T10:31:00+00:00\" \/>\n<meta property=\"og:image\" content=\"https:\/\/www.vezzosisrl.com\/wp-content\/uploads\/2023\/05\/Modulo-singolo-a-muro-make-up-in-laminato-con-faretti-serie-egoluce-incorporati.jpg\" \/>\n\t<meta property=\"og:image:width\" content=\"900\" \/>\n\t<meta property=\"og:image:height\" content=\"900\" \/>\n\t<meta property=\"og:image:type\" content=\"image\/jpeg\" \/>\n<meta name=\"twitter:card\" content=\"summary_large_image\" \/>\n<script type=\"application\/ld+json\" class=\"yoast-schema-graph\">{\"@context\":\"https:\/\/schema.org\",\"@graph\":[{\"@type\":\"WebPage\",\"@id\":\"https:\/\/www.vezzosisrl.com\/es\/4038-make-up-new\/\",\"url\":\"https:\/\/www.vezzosisrl.com\/es\/4038-make-up-new\/\",\"name\":\"4038 MAKE UP NEW - Vezzosi Arredamenti\",\"isPartOf\":{\"@id\":\"https:\/\/www.vezzosisrl.com\/es\/#website\"},\"primaryImageOfPage\":{\"@id\":\"https:\/\/www.vezzosisrl.com\/es\/4038-make-up-new\/#primaryimage\"},\"image\":{\"@id\":\"https:\/\/www.vezzosisrl.com\/es\/4038-make-up-new\/#primaryimage\"},\"thumbnailUrl\":\"https:\/\/www.vezzosisrl.com\/wp-content\/uploads\/2023\/05\/Modulo-singolo-a-muro-make-up-in-laminato-con-faretti-serie-egoluce-incorporati.jpg\",\"datePublished\":\"2023-05-26T10:40:10+00:00\",\"dateModified\":\"2024-01-10T10:31:00+00:00\",\"breadcrumb\":{\"@id\":\"https:\/\/www.vezzosisrl.com\/es\/4038-make-up-new\/#breadcrumb\"},\"inLanguage\":\"es\",\"potentialAction\":[{\"@type\":\"ReadAction\",\"target\":[\"https:\/\/www.vezzosisrl.com\/es\/4038-make-up-new\/\"]}]},{\"@type\":\"ImageObject\",\"inLanguage\":\"es\",\"@id\":\"https:\/\/www.vezzosisrl.com\/es\/4038-make-up-new\/#primaryimage\",\"url\":\"https:\/\/www.vezzosisrl.com\/wp-content\/uploads\/2023\/05\/Modulo-singolo-a-muro-make-up-in-laminato-con-faretti-serie-egoluce-incorporati.jpg\",\"contentUrl\":\"https:\/\/www.vezzosisrl.com\/wp-content\/uploads\/2023\/05\/Modulo-singolo-a-muro-make-up-in-laminato-con-faretti-serie-egoluce-incorporati.jpg\",\"width\":900,\"height\":900},{\"@type\":\"BreadcrumbList\",\"@id\":\"https:\/\/www.vezzosisrl.com\/es\/4038-make-up-new\/#breadcrumb\",\"itemListElement\":[{\"@type\":\"ListItem\",\"position\":1,\"name\":\"Home\",\"item\":\"https:\/\/www.vezzosisrl.com\/es\/\"},{\"@type\":\"ListItem\",\"position\":2,\"name\":\"Productos\",\"item\":\"https:\/\/www.vezzosisrl.com\/prodotti\/\"},{\"@type\":\"ListItem\",\"position\":3,\"name\":\"4038 MAKE UP NEW\"}]},{\"@type\":\"WebSite\",\"@id\":\"https:\/\/www.vezzosisrl.com\/es\/#website\",\"url\":\"https:\/\/www.vezzosisrl.com\/es\/\",\"name\":\"Vezzosi Arredamenti\",\"description\":\"\",\"potentialAction\":[{\"@type\":\"SearchAction\",\"target\":{\"@type\":\"EntryPoint\",\"urlTemplate\":\"https:\/\/www.vezzosisrl.com\/es\/?s={search_term_string}\"},\"query-input\":{\"@type\":\"PropertyValueSpecification\",\"valueRequired\":true,\"valueName\":\"search_term_string\"}}],\"inLanguage\":\"es\"}]}<\/script>\n<!-- \/ Yoast SEO plugin. -->","yoast_head_json":{"title":"4038 MAKE UP NEW - Vezzosi Arredamenti","robots":{"index":"index","follow":"follow","max-snippet":"max-snippet:-1","max-image-preview":"max-image-preview:large","max-video-preview":"max-video-preview:-1"},"canonical":"https:\/\/www.vezzosisrl.com\/es\/4038-make-up-new\/","og_locale":"es_ES","og_type":"article","og_title":"4038 MAKE UP NEW - Vezzosi Arredamenti","og_description":"Nuestra puesto de peluquer\u00eda Make Up destaca por su estructura de laminado y sus proyectore Egoluce incorporados. Un m\u00f3dulo de pared \u00fanico inspirado en los famosos espejos para las estrellas de Hollywood, dise\u0144ado para que los clientes se sientan no s\u00f3lo mimados, sino tambi\u00e9n importantes y \u00fanicos. Su estilo sencillo lo hace perfecto tanto para...","og_url":"https:\/\/www.vezzosisrl.com\/es\/4038-make-up-new\/","og_site_name":"Vezzosi Arredamenti","article_modified_time":"2024-01-10T10:31:00+00:00","og_image":[{"width":900,"height":900,"url":"https:\/\/www.vezzosisrl.com\/wp-content\/uploads\/2023\/05\/Modulo-singolo-a-muro-make-up-in-laminato-con-faretti-serie-egoluce-incorporati.jpg","type":"image\/jpeg"}],"twitter_card":"summary_large_image","schema":{"@context":"https:\/\/schema.org","@graph":[{"@type":"WebPage","@id":"https:\/\/www.vezzosisrl.com\/es\/4038-make-up-new\/","url":"https:\/\/www.vezzosisrl.com\/es\/4038-make-up-new\/","name":"4038 MAKE UP NEW - Vezzosi Arredamenti","isPartOf":{"@id":"https:\/\/www.vezzosisrl.com\/es\/#website"},"primaryImageOfPage":{"@id":"https:\/\/www.vezzosisrl.com\/es\/4038-make-up-new\/#primaryimage"},"image":{"@id":"https:\/\/www.vezzosisrl.com\/es\/4038-make-up-new\/#primaryimage"},"thumbnailUrl":"https:\/\/www.vezzosisrl.com\/wp-content\/uploads\/2023\/05\/Modulo-singolo-a-muro-make-up-in-laminato-con-faretti-serie-egoluce-incorporati.jpg","datePublished":"2023-05-26T10:40:10+00:00","dateModified":"2024-01-10T10:31:00+00:00","breadcrumb":{"@id":"https:\/\/www.vezzosisrl.com\/es\/4038-make-up-new\/#breadcrumb"},"inLanguage":"es","potentialAction":[{"@type":"ReadAction","target":["https:\/\/www.vezzosisrl.com\/es\/4038-make-up-new\/"]}]},{"@type":"ImageObject","inLanguage":"es","@id":"https:\/\/www.vezzosisrl.com\/es\/4038-make-up-new\/#primaryimage","url":"https:\/\/www.vezzosisrl.com\/wp-content\/uploads\/2023\/05\/Modulo-singolo-a-muro-make-up-in-laminato-con-faretti-serie-egoluce-incorporati.jpg","contentUrl":"https:\/\/www.vezzosisrl.com\/wp-content\/uploads\/2023\/05\/Modulo-singolo-a-muro-make-up-in-laminato-con-faretti-serie-egoluce-incorporati.jpg","width":900,"height":900},{"@type":"BreadcrumbList","@id":"https:\/\/www.vezzosisrl.com\/es\/4038-make-up-new\/#breadcrumb","itemListElement":[{"@type":"ListItem","position":1,"name":"Home","item":"https:\/\/www.vezzosisrl.com\/es\/"},{"@type":"ListItem","position":2,"name":"Productos","item":"https:\/\/www.vezzosisrl.com\/prodotti\/"},{"@type":"ListItem","position":3,"name":"4038 MAKE UP NEW"}]},{"@type":"WebSite","@id":"https:\/\/www.vezzosisrl.com\/es\/#website","url":"https:\/\/www.vezzosisrl.com\/es\/","name":"Vezzosi Arredamenti","description":"","potentialAction":[{"@type":"SearchAction","target":{"@type":"EntryPoint","urlTemplate":"https:\/\/www.vezzosisrl.com\/es\/?s={search_term_string}"},"query-input":{"@type":"PropertyValueSpecification","valueRequired":true,"valueName":"search_term_string"}}],"inLanguage":"es"}]}},"_links":{"self":[{"href":"https:\/\/www.vezzosisrl.com\/es\/wp-json\/wp\/v2\/product\/9339","targetHints":{"allow":["GET"]}}],"collection":[{"href":"https:\/\/www.vezzosisrl.com\/es\/wp-json\/wp\/v2\/product"}],"about":[{"href":"https:\/\/www.vezzosisrl.com\/es\/wp-json\/wp\/v2\/types\/product"}],"wp:featuredmedia":[{"embeddable":true,"href":"https:\/\/www.vezzosisrl.com\/es\/wp-json\/wp\/v2\/media\/6356"}],"wp:attachment":[{"href":"https:\/\/www.vezzosisrl.com\/es\/wp-json\/wp\/v2\/media?parent=9339"}],"wp:term":[{"taxonomy":"product_brand","embeddable":true,"href":"https:\/\/www.vezzosisrl.com\/es\/wp-json\/wp\/v2\/product_brand?post=9339"},{"taxonomy":"product_cat","embeddable":true,"href":"https:\/\/www.vezzosisrl.com\/es\/wp-json\/wp\/v2\/product_cat?post=9339"},{"taxonomy":"product_tag","embeddable":true,"href":"https:\/\/www.vezzosisrl.com\/es\/wp-json\/wp\/v2\/product_tag?post=9339"}],"curies":[{"name":"wp","href":"https:\/\/api.w.org\/{rel}","templated":true}]}}