{"id":9414,"date":"2023-05-26T12:38:19","date_gmt":"2023-05-26T10:38:19","guid":{"rendered":"http:\/\/vsrl.sviluppokeyweb.com\/prodotto\/5150-s-wall\/"},"modified":"2024-01-10T11:31:19","modified_gmt":"2024-01-10T10:31:19","slug":"5150-s-wall","status":"publish","type":"product","link":"https:\/\/www.vezzosisrl.com\/es\/5150-s-wall\/","title":{"rendered":"5150 S-WALL"},"content":{"rendered":"<p>S-Wall es nuestra estaci\u00f3n de trabajo montada en la pared con una estructura r\u00edgida de poliuretano tratada con pintura antimanchas y con reposapi\u00e9s incluido. El espejo ovalado con un contorno que recuerda la consonante que da nombre al lugar de trabajo, en cursiva, le confiere un estilo ecl\u00e9ctico, perfecto para una peluquer\u00eda de dise\u0144o moderno e imaginativo.<\/p>\n","protected":false},"excerpt":{"rendered":"<p>S-Wall es nuestra estaci\u00f3n de trabajo montada en la pared con una estructura r\u00edgida de poliuretano tratada con pintura antimanchas y con reposapi\u00e9s incluido. El espejo ovalado con un contorno que recuerda la consonante que da nombre al lugar de trabajo, en cursiva, le confiere un estilo ecl\u00e9ctico, perfecto para una peluquer\u00eda de dise\u0144o moderno&#8230;<\/p>\n","protected":false},"featured_media":6257,"template":"","meta":[],"product_brand":[],"product_cat":[436],"product_tag":[],"class_list":{"0":"post-9414","1":"product","2":"type-product","3":"status-publish","4":"has-post-thumbnail","6":"product_cat-puestos-de-trabajo","7":"pa_collezione-vezzosi-style-es","8":"pa_collezione-produccion-salon-peluqueria-zona-lavados-espera-caja","9":"pa_tipologie-costo-espejo-estante-reposapies-puestos-plano-trabajo-de-pared","10":"pa_tipologie-presupuesto-mesa-caja-para-peluquerias-alta-calidad","11":"pa_tipologie-singolo-es","13":"first","14":"instock","15":"product-type-simple"},"acf":[],"yoast_head":"<!-- This site is optimized with the Yoast SEO plugin v26.9 - https:\/\/yoast.com\/product\/yoast-seo-wordpress\/ -->\n<title>5150 S-WALL - Vezzosi Arredamenti<\/title>\n<meta name=\"robots\" content=\"index, follow, max-snippet:-1, max-image-preview:large, max-video-preview:-1\" \/>\n<link rel=\"canonical\" href=\"https:\/\/www.vezzosisrl.com\/es\/5150-s-wall\/\" \/>\n<meta property=\"og:locale\" content=\"es_ES\" \/>\n<meta property=\"og:type\" content=\"article\" \/>\n<meta property=\"og:title\" content=\"5150 S-WALL - Vezzosi Arredamenti\" \/>\n<meta property=\"og:description\" content=\"S-Wall es nuestra estaci\u00f3n de trabajo montada en la pared con una estructura r\u00edgida de poliuretano tratada con pintura antimanchas y con reposapi\u00e9s incluido. El espejo ovalado con un contorno que recuerda la consonante que da nombre al lugar de trabajo, en cursiva, le confiere un estilo ecl\u00e9ctico, perfecto para una peluquer\u00eda de dise\u0144o moderno...\" \/>\n<meta property=\"og:url\" content=\"https:\/\/www.vezzosisrl.com\/es\/5150-s-wall\/\" \/>\n<meta property=\"og:site_name\" content=\"Vezzosi Arredamenti\" \/>\n<meta property=\"article:modified_time\" content=\"2024-01-10T10:31:19+00:00\" \/>\n<meta property=\"og:image\" content=\"https:\/\/www.vezzosisrl.com\/wp-content\/uploads\/2023\/05\/Postazione-a-muro-s-wall-con-struttura-in-poliuretano-rigido.jpg\" \/>\n\t<meta property=\"og:image:width\" content=\"900\" \/>\n\t<meta property=\"og:image:height\" content=\"900\" \/>\n\t<meta property=\"og:image:type\" content=\"image\/jpeg\" \/>\n<meta name=\"twitter:card\" content=\"summary_large_image\" \/>\n<script type=\"application\/ld+json\" class=\"yoast-schema-graph\">{\"@context\":\"https:\/\/schema.org\",\"@graph\":[{\"@type\":\"WebPage\",\"@id\":\"https:\/\/www.vezzosisrl.com\/es\/5150-s-wall\/\",\"url\":\"https:\/\/www.vezzosisrl.com\/es\/5150-s-wall\/\",\"name\":\"5150 S-WALL - Vezzosi Arredamenti\",\"isPartOf\":{\"@id\":\"https:\/\/www.vezzosisrl.com\/es\/#website\"},\"primaryImageOfPage\":{\"@id\":\"https:\/\/www.vezzosisrl.com\/es\/5150-s-wall\/#primaryimage\"},\"image\":{\"@id\":\"https:\/\/www.vezzosisrl.com\/es\/5150-s-wall\/#primaryimage\"},\"thumbnailUrl\":\"https:\/\/www.vezzosisrl.com\/wp-content\/uploads\/2023\/05\/Postazione-a-muro-s-wall-con-struttura-in-poliuretano-rigido.jpg\",\"datePublished\":\"2023-05-26T10:38:19+00:00\",\"dateModified\":\"2024-01-10T10:31:19+00:00\",\"breadcrumb\":{\"@id\":\"https:\/\/www.vezzosisrl.com\/es\/5150-s-wall\/#breadcrumb\"},\"inLanguage\":\"es\",\"potentialAction\":[{\"@type\":\"ReadAction\",\"target\":[\"https:\/\/www.vezzosisrl.com\/es\/5150-s-wall\/\"]}]},{\"@type\":\"ImageObject\",\"inLanguage\":\"es\",\"@id\":\"https:\/\/www.vezzosisrl.com\/es\/5150-s-wall\/#primaryimage\",\"url\":\"https:\/\/www.vezzosisrl.com\/wp-content\/uploads\/2023\/05\/Postazione-a-muro-s-wall-con-struttura-in-poliuretano-rigido.jpg\",\"contentUrl\":\"https:\/\/www.vezzosisrl.com\/wp-content\/uploads\/2023\/05\/Postazione-a-muro-s-wall-con-struttura-in-poliuretano-rigido.jpg\",\"width\":900,\"height\":900},{\"@type\":\"BreadcrumbList\",\"@id\":\"https:\/\/www.vezzosisrl.com\/es\/5150-s-wall\/#breadcrumb\",\"itemListElement\":[{\"@type\":\"ListItem\",\"position\":1,\"name\":\"Home\",\"item\":\"https:\/\/www.vezzosisrl.com\/es\/\"},{\"@type\":\"ListItem\",\"position\":2,\"name\":\"Productos\",\"item\":\"https:\/\/www.vezzosisrl.com\/prodotti\/\"},{\"@type\":\"ListItem\",\"position\":3,\"name\":\"5150 S-WALL\"}]},{\"@type\":\"WebSite\",\"@id\":\"https:\/\/www.vezzosisrl.com\/es\/#website\",\"url\":\"https:\/\/www.vezzosisrl.com\/es\/\",\"name\":\"Vezzosi Arredamenti\",\"description\":\"\",\"potentialAction\":[{\"@type\":\"SearchAction\",\"target\":{\"@type\":\"EntryPoint\",\"urlTemplate\":\"https:\/\/www.vezzosisrl.com\/es\/?s={search_term_string}\"},\"query-input\":{\"@type\":\"PropertyValueSpecification\",\"valueRequired\":true,\"valueName\":\"search_term_string\"}}],\"inLanguage\":\"es\"}]}<\/script>\n<!-- \/ Yoast SEO plugin. -->","yoast_head_json":{"title":"5150 S-WALL - Vezzosi Arredamenti","robots":{"index":"index","follow":"follow","max-snippet":"max-snippet:-1","max-image-preview":"max-image-preview:large","max-video-preview":"max-video-preview:-1"},"canonical":"https:\/\/www.vezzosisrl.com\/es\/5150-s-wall\/","og_locale":"es_ES","og_type":"article","og_title":"5150 S-WALL - Vezzosi Arredamenti","og_description":"S-Wall es nuestra estaci\u00f3n de trabajo montada en la pared con una estructura r\u00edgida de poliuretano tratada con pintura antimanchas y con reposapi\u00e9s incluido. El espejo ovalado con un contorno que recuerda la consonante que da nombre al lugar de trabajo, en cursiva, le confiere un estilo ecl\u00e9ctico, perfecto para una peluquer\u00eda de dise\u0144o moderno...","og_url":"https:\/\/www.vezzosisrl.com\/es\/5150-s-wall\/","og_site_name":"Vezzosi Arredamenti","article_modified_time":"2024-01-10T10:31:19+00:00","og_image":[{"width":900,"height":900,"url":"https:\/\/www.vezzosisrl.com\/wp-content\/uploads\/2023\/05\/Postazione-a-muro-s-wall-con-struttura-in-poliuretano-rigido.jpg","type":"image\/jpeg"}],"twitter_card":"summary_large_image","schema":{"@context":"https:\/\/schema.org","@graph":[{"@type":"WebPage","@id":"https:\/\/www.vezzosisrl.com\/es\/5150-s-wall\/","url":"https:\/\/www.vezzosisrl.com\/es\/5150-s-wall\/","name":"5150 S-WALL - Vezzosi Arredamenti","isPartOf":{"@id":"https:\/\/www.vezzosisrl.com\/es\/#website"},"primaryImageOfPage":{"@id":"https:\/\/www.vezzosisrl.com\/es\/5150-s-wall\/#primaryimage"},"image":{"@id":"https:\/\/www.vezzosisrl.com\/es\/5150-s-wall\/#primaryimage"},"thumbnailUrl":"https:\/\/www.vezzosisrl.com\/wp-content\/uploads\/2023\/05\/Postazione-a-muro-s-wall-con-struttura-in-poliuretano-rigido.jpg","datePublished":"2023-05-26T10:38:19+00:00","dateModified":"2024-01-10T10:31:19+00:00","breadcrumb":{"@id":"https:\/\/www.vezzosisrl.com\/es\/5150-s-wall\/#breadcrumb"},"inLanguage":"es","potentialAction":[{"@type":"ReadAction","target":["https:\/\/www.vezzosisrl.com\/es\/5150-s-wall\/"]}]},{"@type":"ImageObject","inLanguage":"es","@id":"https:\/\/www.vezzosisrl.com\/es\/5150-s-wall\/#primaryimage","url":"https:\/\/www.vezzosisrl.com\/wp-content\/uploads\/2023\/05\/Postazione-a-muro-s-wall-con-struttura-in-poliuretano-rigido.jpg","contentUrl":"https:\/\/www.vezzosisrl.com\/wp-content\/uploads\/2023\/05\/Postazione-a-muro-s-wall-con-struttura-in-poliuretano-rigido.jpg","width":900,"height":900},{"@type":"BreadcrumbList","@id":"https:\/\/www.vezzosisrl.com\/es\/5150-s-wall\/#breadcrumb","itemListElement":[{"@type":"ListItem","position":1,"name":"Home","item":"https:\/\/www.vezzosisrl.com\/es\/"},{"@type":"ListItem","position":2,"name":"Productos","item":"https:\/\/www.vezzosisrl.com\/prodotti\/"},{"@type":"ListItem","position":3,"name":"5150 S-WALL"}]},{"@type":"WebSite","@id":"https:\/\/www.vezzosisrl.com\/es\/#website","url":"https:\/\/www.vezzosisrl.com\/es\/","name":"Vezzosi Arredamenti","description":"","potentialAction":[{"@type":"SearchAction","target":{"@type":"EntryPoint","urlTemplate":"https:\/\/www.vezzosisrl.com\/es\/?s={search_term_string}"},"query-input":{"@type":"PropertyValueSpecification","valueRequired":true,"valueName":"search_term_string"}}],"inLanguage":"es"}]}},"_links":{"self":[{"href":"https:\/\/www.vezzosisrl.com\/es\/wp-json\/wp\/v2\/product\/9414","targetHints":{"allow":["GET"]}}],"collection":[{"href":"https:\/\/www.vezzosisrl.com\/es\/wp-json\/wp\/v2\/product"}],"about":[{"href":"https:\/\/www.vezzosisrl.com\/es\/wp-json\/wp\/v2\/types\/product"}],"wp:featuredmedia":[{"embeddable":true,"href":"https:\/\/www.vezzosisrl.com\/es\/wp-json\/wp\/v2\/media\/6257"}],"wp:attachment":[{"href":"https:\/\/www.vezzosisrl.com\/es\/wp-json\/wp\/v2\/media?parent=9414"}],"wp:term":[{"taxonomy":"product_brand","embeddable":true,"href":"https:\/\/www.vezzosisrl.com\/es\/wp-json\/wp\/v2\/product_brand?post=9414"},{"taxonomy":"product_cat","embeddable":true,"href":"https:\/\/www.vezzosisrl.com\/es\/wp-json\/wp\/v2\/product_cat?post=9414"},{"taxonomy":"product_tag","embeddable":true,"href":"https:\/\/www.vezzosisrl.com\/es\/wp-json\/wp\/v2\/product_tag?post=9414"}],"curies":[{"name":"wp","href":"https:\/\/api.w.org\/{rel}","templated":true}]}}