{"id":9441,"date":"2023-05-26T12:36:21","date_gmt":"2023-05-26T10:36:21","guid":{"rendered":"http:\/\/vsrl.sviluppokeyweb.com\/prodotto\/1398-piccadilly\/"},"modified":"2024-01-10T11:30:11","modified_gmt":"2024-01-10T10:30:11","slug":"picadilly-produzione-arredamento-salone-alta-qualita","status":"publish","type":"product","link":"https:\/\/www.vezzosisrl.com\/es\/1398-piccadilly\/","title":{"rendered":"1398 PICCADILLY"},"content":{"rendered":"<p>Sill\u0148n de trabajo en espuma de poliuretano con tapizado en skai, multicapa y disponible en diferentes tonalidad. La forma cuadrada de este novedoso sill\u00f3n recuerda claramente al famoso cruce londinense en el que se inspira. Las l\u00edneas cuadradas de su asiento ergon\u00f3mico dar\u00e1n un toque de modernidad a su sal\u00f3n, sin dejar de lado la elegancia.<\/p>\n","protected":false},"excerpt":{"rendered":"<p>Sill\u0148n de trabajo en espuma de poliuretano con tapizado en skai, multicapa y disponible en diferentes tonalidad. La forma cuadrada de este novedoso sill\u00f3n recuerda claramente al famoso cruce londinense en el que se inspira. Las l\u00edneas cuadradas de su asiento ergon\u00f3mico dar\u00e1n un toque de modernidad a su sal\u00f3n, sin dejar de lado la&#8230;<\/p>\n","protected":false},"featured_media":5942,"template":"","meta":[],"product_brand":[],"product_cat":[391],"product_tag":[],"class_list":{"0":"post-9441","1":"product","2":"type-product","3":"status-publish","4":"has-post-thumbnail","6":"product_cat-sillones-de-trabajo","7":"pa_collezione-vezzosi-style-es","8":"pa_tipologie-squadrata-es","10":"first","11":"instock","12":"product-type-simple"},"acf":[],"yoast_head":"<!-- This site is optimized with the Yoast SEO plugin v26.9 - https:\/\/yoast.com\/product\/yoast-seo-wordpress\/ -->\n<title>1398 PICCADILLY - Vezzosi Arredamenti<\/title>\n<meta name=\"robots\" content=\"index, follow, max-snippet:-1, max-image-preview:large, max-video-preview:-1\" \/>\n<link rel=\"canonical\" href=\"https:\/\/www.vezzosisrl.com\/es\/1398-piccadilly\/\" \/>\n<meta property=\"og:locale\" content=\"es_ES\" \/>\n<meta property=\"og:type\" content=\"article\" \/>\n<meta property=\"og:title\" content=\"1398 PICCADILLY - Vezzosi Arredamenti\" \/>\n<meta property=\"og:description\" content=\"Sill\u0148n de trabajo en espuma de poliuretano con tapizado en skai, multicapa y disponible en diferentes tonalidad. La forma cuadrada de este novedoso sill\u00f3n recuerda claramente al famoso cruce londinense en el que se inspira. Las l\u00edneas cuadradas de su asiento ergon\u00f3mico dar\u00e1n un toque de modernidad a su sal\u00f3n, sin dejar de lado la...\" \/>\n<meta property=\"og:url\" content=\"https:\/\/www.vezzosisrl.com\/es\/1398-piccadilly\/\" \/>\n<meta property=\"og:site_name\" content=\"Vezzosi Arredamenti\" \/>\n<meta property=\"article:modified_time\" content=\"2024-01-10T10:30:11+00:00\" \/>\n<meta property=\"og:image\" content=\"https:\/\/www.vezzosisrl.com\/wp-content\/uploads\/2023\/05\/poltrona-da-lavoro-squadrata-piccadilly-con-seduta-ergonomica.jpg\" \/>\n\t<meta property=\"og:image:width\" content=\"900\" \/>\n\t<meta property=\"og:image:height\" content=\"900\" \/>\n\t<meta property=\"og:image:type\" content=\"image\/jpeg\" \/>\n<meta name=\"twitter:card\" content=\"summary_large_image\" \/>\n<script type=\"application\/ld+json\" class=\"yoast-schema-graph\">{\"@context\":\"https:\/\/schema.org\",\"@graph\":[{\"@type\":\"WebPage\",\"@id\":\"https:\/\/www.vezzosisrl.com\/es\/1398-piccadilly\/\",\"url\":\"https:\/\/www.vezzosisrl.com\/es\/1398-piccadilly\/\",\"name\":\"1398 PICCADILLY - Vezzosi Arredamenti\",\"isPartOf\":{\"@id\":\"https:\/\/www.vezzosisrl.com\/es\/#website\"},\"primaryImageOfPage\":{\"@id\":\"https:\/\/www.vezzosisrl.com\/es\/1398-piccadilly\/#primaryimage\"},\"image\":{\"@id\":\"https:\/\/www.vezzosisrl.com\/es\/1398-piccadilly\/#primaryimage\"},\"thumbnailUrl\":\"https:\/\/www.vezzosisrl.com\/wp-content\/uploads\/2023\/05\/poltrona-da-lavoro-squadrata-piccadilly-con-seduta-ergonomica.jpg\",\"datePublished\":\"2023-05-26T10:36:21+00:00\",\"dateModified\":\"2024-01-10T10:30:11+00:00\",\"breadcrumb\":{\"@id\":\"https:\/\/www.vezzosisrl.com\/es\/1398-piccadilly\/#breadcrumb\"},\"inLanguage\":\"es\",\"potentialAction\":[{\"@type\":\"ReadAction\",\"target\":[\"https:\/\/www.vezzosisrl.com\/es\/1398-piccadilly\/\"]}]},{\"@type\":\"ImageObject\",\"inLanguage\":\"es\",\"@id\":\"https:\/\/www.vezzosisrl.com\/es\/1398-piccadilly\/#primaryimage\",\"url\":\"https:\/\/www.vezzosisrl.com\/wp-content\/uploads\/2023\/05\/poltrona-da-lavoro-squadrata-piccadilly-con-seduta-ergonomica.jpg\",\"contentUrl\":\"https:\/\/www.vezzosisrl.com\/wp-content\/uploads\/2023\/05\/poltrona-da-lavoro-squadrata-piccadilly-con-seduta-ergonomica.jpg\",\"width\":900,\"height\":900},{\"@type\":\"BreadcrumbList\",\"@id\":\"https:\/\/www.vezzosisrl.com\/es\/1398-piccadilly\/#breadcrumb\",\"itemListElement\":[{\"@type\":\"ListItem\",\"position\":1,\"name\":\"Home\",\"item\":\"https:\/\/www.vezzosisrl.com\/es\/\"},{\"@type\":\"ListItem\",\"position\":2,\"name\":\"Productos\",\"item\":\"https:\/\/www.vezzosisrl.com\/prodotti\/\"},{\"@type\":\"ListItem\",\"position\":3,\"name\":\"1398 PICCADILLY\"}]},{\"@type\":\"WebSite\",\"@id\":\"https:\/\/www.vezzosisrl.com\/es\/#website\",\"url\":\"https:\/\/www.vezzosisrl.com\/es\/\",\"name\":\"Vezzosi Arredamenti\",\"description\":\"\",\"potentialAction\":[{\"@type\":\"SearchAction\",\"target\":{\"@type\":\"EntryPoint\",\"urlTemplate\":\"https:\/\/www.vezzosisrl.com\/es\/?s={search_term_string}\"},\"query-input\":{\"@type\":\"PropertyValueSpecification\",\"valueRequired\":true,\"valueName\":\"search_term_string\"}}],\"inLanguage\":\"es\"}]}<\/script>\n<!-- \/ Yoast SEO plugin. -->","yoast_head_json":{"title":"1398 PICCADILLY - Vezzosi Arredamenti","robots":{"index":"index","follow":"follow","max-snippet":"max-snippet:-1","max-image-preview":"max-image-preview:large","max-video-preview":"max-video-preview:-1"},"canonical":"https:\/\/www.vezzosisrl.com\/es\/1398-piccadilly\/","og_locale":"es_ES","og_type":"article","og_title":"1398 PICCADILLY - Vezzosi Arredamenti","og_description":"Sill\u0148n de trabajo en espuma de poliuretano con tapizado en skai, multicapa y disponible en diferentes tonalidad. La forma cuadrada de este novedoso sill\u00f3n recuerda claramente al famoso cruce londinense en el que se inspira. Las l\u00edneas cuadradas de su asiento ergon\u00f3mico dar\u00e1n un toque de modernidad a su sal\u00f3n, sin dejar de lado la...","og_url":"https:\/\/www.vezzosisrl.com\/es\/1398-piccadilly\/","og_site_name":"Vezzosi Arredamenti","article_modified_time":"2024-01-10T10:30:11+00:00","og_image":[{"width":900,"height":900,"url":"https:\/\/www.vezzosisrl.com\/wp-content\/uploads\/2023\/05\/poltrona-da-lavoro-squadrata-piccadilly-con-seduta-ergonomica.jpg","type":"image\/jpeg"}],"twitter_card":"summary_large_image","schema":{"@context":"https:\/\/schema.org","@graph":[{"@type":"WebPage","@id":"https:\/\/www.vezzosisrl.com\/es\/1398-piccadilly\/","url":"https:\/\/www.vezzosisrl.com\/es\/1398-piccadilly\/","name":"1398 PICCADILLY - Vezzosi Arredamenti","isPartOf":{"@id":"https:\/\/www.vezzosisrl.com\/es\/#website"},"primaryImageOfPage":{"@id":"https:\/\/www.vezzosisrl.com\/es\/1398-piccadilly\/#primaryimage"},"image":{"@id":"https:\/\/www.vezzosisrl.com\/es\/1398-piccadilly\/#primaryimage"},"thumbnailUrl":"https:\/\/www.vezzosisrl.com\/wp-content\/uploads\/2023\/05\/poltrona-da-lavoro-squadrata-piccadilly-con-seduta-ergonomica.jpg","datePublished":"2023-05-26T10:36:21+00:00","dateModified":"2024-01-10T10:30:11+00:00","breadcrumb":{"@id":"https:\/\/www.vezzosisrl.com\/es\/1398-piccadilly\/#breadcrumb"},"inLanguage":"es","potentialAction":[{"@type":"ReadAction","target":["https:\/\/www.vezzosisrl.com\/es\/1398-piccadilly\/"]}]},{"@type":"ImageObject","inLanguage":"es","@id":"https:\/\/www.vezzosisrl.com\/es\/1398-piccadilly\/#primaryimage","url":"https:\/\/www.vezzosisrl.com\/wp-content\/uploads\/2023\/05\/poltrona-da-lavoro-squadrata-piccadilly-con-seduta-ergonomica.jpg","contentUrl":"https:\/\/www.vezzosisrl.com\/wp-content\/uploads\/2023\/05\/poltrona-da-lavoro-squadrata-piccadilly-con-seduta-ergonomica.jpg","width":900,"height":900},{"@type":"BreadcrumbList","@id":"https:\/\/www.vezzosisrl.com\/es\/1398-piccadilly\/#breadcrumb","itemListElement":[{"@type":"ListItem","position":1,"name":"Home","item":"https:\/\/www.vezzosisrl.com\/es\/"},{"@type":"ListItem","position":2,"name":"Productos","item":"https:\/\/www.vezzosisrl.com\/prodotti\/"},{"@type":"ListItem","position":3,"name":"1398 PICCADILLY"}]},{"@type":"WebSite","@id":"https:\/\/www.vezzosisrl.com\/es\/#website","url":"https:\/\/www.vezzosisrl.com\/es\/","name":"Vezzosi Arredamenti","description":"","potentialAction":[{"@type":"SearchAction","target":{"@type":"EntryPoint","urlTemplate":"https:\/\/www.vezzosisrl.com\/es\/?s={search_term_string}"},"query-input":{"@type":"PropertyValueSpecification","valueRequired":true,"valueName":"search_term_string"}}],"inLanguage":"es"}]}},"_links":{"self":[{"href":"https:\/\/www.vezzosisrl.com\/es\/wp-json\/wp\/v2\/product\/9441","targetHints":{"allow":["GET"]}}],"collection":[{"href":"https:\/\/www.vezzosisrl.com\/es\/wp-json\/wp\/v2\/product"}],"about":[{"href":"https:\/\/www.vezzosisrl.com\/es\/wp-json\/wp\/v2\/types\/product"}],"wp:featuredmedia":[{"embeddable":true,"href":"https:\/\/www.vezzosisrl.com\/es\/wp-json\/wp\/v2\/media\/5942"}],"wp:attachment":[{"href":"https:\/\/www.vezzosisrl.com\/es\/wp-json\/wp\/v2\/media?parent=9441"}],"wp:term":[{"taxonomy":"product_brand","embeddable":true,"href":"https:\/\/www.vezzosisrl.com\/es\/wp-json\/wp\/v2\/product_brand?post=9441"},{"taxonomy":"product_cat","embeddable":true,"href":"https:\/\/www.vezzosisrl.com\/es\/wp-json\/wp\/v2\/product_cat?post=9441"},{"taxonomy":"product_tag","embeddable":true,"href":"https:\/\/www.vezzosisrl.com\/es\/wp-json\/wp\/v2\/product_tag?post=9441"}],"curies":[{"name":"wp","href":"https:\/\/api.w.org\/{rel}","templated":true}]}}