{"id":9519,"date":"2023-05-26T12:33:45","date_gmt":"2023-05-26T10:33:45","guid":{"rendered":"http:\/\/vsrl.sviluppokeyweb.com\/prodotto\/8068-eddie-sofa-massage\/"},"modified":"2024-01-10T11:31:51","modified_gmt":"2024-01-10T10:31:51","slug":"8068-eddie-sofa-massage","status":"publish","type":"product","link":"https:\/\/www.vezzosisrl.com\/es\/8068-eddie-sofa-massage\/","title":{"rendered":"8068 EDDIE SOF\u00c0 MASSAGE"},"content":{"rendered":"<p>Eddie Sof\u0155 Massage es el sof\u00e1 para la limpieza del pelo con estructura acolchada revestida de skai, pica basculante, portachamp\u00fa posterior, reposapiernas el\u00e9ctrico regulable, en la versi\u00f3n con masaje linfodrenante total, en el asiento y en el respaldo, con flujo de aire continuamente variable. Gracias a esta estaci\u00f3n es posible ofrecer un servicio de relajaci\u00f3n de 360\u015f a nuestros clientes. La posibilidad de elegir el color del tapizado del sof\u00e1 hace que este accesorio sea a\u00fan m\u00e1s vers\u00e1til y adecuado tanto para un sal\u00f3n moderno como para una tienda de estilo m\u00e1s cl\u00e1sico.<\/p>\n","protected":false},"excerpt":{"rendered":"<p>Eddie Sof\u0155 Massage es el sof\u00e1 para la limpieza del pelo con estructura acolchada revestida de skai, pica basculante, portachamp\u00fa posterior, reposapiernas el\u00e9ctrico regulable, en la versi\u00f3n con masaje linfodrenante total, en el asiento y en el respaldo, con flujo de aire continuamente variable. Gracias a esta estaci\u00f3n es posible ofrecer un servicio de relajaci\u00f3n&#8230;<\/p>\n","protected":false},"featured_media":5807,"template":"","meta":[],"product_brand":[],"product_cat":[465],"product_tag":[],"class_list":{"0":"post-9519","1":"product","2":"type-product","3":"status-publish","4":"has-post-thumbnail","6":"product_cat-puestos-de-lavado","7":"pa_collezione-vezzosi-style-es","8":"pa_tipologie-sillon-lavado-acolchado-skai-con-masaje-linfodrenante","10":"first","11":"instock","12":"product-type-simple"},"acf":[],"yoast_head":"<!-- This site is optimized with the Yoast SEO plugin v26.9 - https:\/\/yoast.com\/product\/yoast-seo-wordpress\/ -->\n<title>8068 EDDIE SOF\u00c0 MASSAGE - Vezzosi Arredamenti<\/title>\n<meta name=\"robots\" content=\"index, follow, max-snippet:-1, max-image-preview:large, max-video-preview:-1\" \/>\n<link rel=\"canonical\" href=\"https:\/\/www.vezzosisrl.com\/es\/8068-eddie-sofa-massage\/\" \/>\n<meta property=\"og:locale\" content=\"es_ES\" \/>\n<meta property=\"og:type\" content=\"article\" \/>\n<meta property=\"og:title\" content=\"8068 EDDIE SOF\u00c0 MASSAGE - Vezzosi Arredamenti\" \/>\n<meta property=\"og:description\" content=\"Eddie Sof\u0155 Massage es el sof\u00e1 para la limpieza del pelo con estructura acolchada revestida de skai, pica basculante, portachamp\u00fa posterior, reposapiernas el\u00e9ctrico regulable, en la versi\u00f3n con masaje linfodrenante total, en el asiento y en el respaldo, con flujo de aire continuamente variable. Gracias a esta estaci\u00f3n es posible ofrecer un servicio de relajaci\u00f3n...\" \/>\n<meta property=\"og:url\" content=\"https:\/\/www.vezzosisrl.com\/es\/8068-eddie-sofa-massage\/\" \/>\n<meta property=\"og:site_name\" content=\"Vezzosi Arredamenti\" \/>\n<meta property=\"article:modified_time\" content=\"2024-01-10T10:31:51+00:00\" \/>\n<meta property=\"og:image\" content=\"https:\/\/www.vezzosisrl.com\/wp-content\/uploads\/2023\/05\/Divano-lavaggio-capelli-eddie-sofa-massage-per-salone-moderno.jpg\" \/>\n\t<meta property=\"og:image:width\" content=\"900\" \/>\n\t<meta property=\"og:image:height\" content=\"900\" \/>\n\t<meta property=\"og:image:type\" content=\"image\/jpeg\" \/>\n<meta name=\"twitter:card\" content=\"summary_large_image\" \/>\n<meta name=\"twitter:label1\" content=\"Tiempo de lectura\" \/>\n\t<meta name=\"twitter:data1\" content=\"1 minuto\" \/>\n<script type=\"application\/ld+json\" class=\"yoast-schema-graph\">{\"@context\":\"https:\/\/schema.org\",\"@graph\":[{\"@type\":\"WebPage\",\"@id\":\"https:\/\/www.vezzosisrl.com\/es\/8068-eddie-sofa-massage\/\",\"url\":\"https:\/\/www.vezzosisrl.com\/es\/8068-eddie-sofa-massage\/\",\"name\":\"8068 EDDIE SOF\u00c0 MASSAGE - Vezzosi Arredamenti\",\"isPartOf\":{\"@id\":\"https:\/\/www.vezzosisrl.com\/es\/#website\"},\"primaryImageOfPage\":{\"@id\":\"https:\/\/www.vezzosisrl.com\/es\/8068-eddie-sofa-massage\/#primaryimage\"},\"image\":{\"@id\":\"https:\/\/www.vezzosisrl.com\/es\/8068-eddie-sofa-massage\/#primaryimage\"},\"thumbnailUrl\":\"https:\/\/www.vezzosisrl.com\/wp-content\/uploads\/2023\/05\/Divano-lavaggio-capelli-eddie-sofa-massage-per-salone-moderno.jpg\",\"datePublished\":\"2023-05-26T10:33:45+00:00\",\"dateModified\":\"2024-01-10T10:31:51+00:00\",\"breadcrumb\":{\"@id\":\"https:\/\/www.vezzosisrl.com\/es\/8068-eddie-sofa-massage\/#breadcrumb\"},\"inLanguage\":\"es\",\"potentialAction\":[{\"@type\":\"ReadAction\",\"target\":[\"https:\/\/www.vezzosisrl.com\/es\/8068-eddie-sofa-massage\/\"]}]},{\"@type\":\"ImageObject\",\"inLanguage\":\"es\",\"@id\":\"https:\/\/www.vezzosisrl.com\/es\/8068-eddie-sofa-massage\/#primaryimage\",\"url\":\"https:\/\/www.vezzosisrl.com\/wp-content\/uploads\/2023\/05\/Divano-lavaggio-capelli-eddie-sofa-massage-per-salone-moderno.jpg\",\"contentUrl\":\"https:\/\/www.vezzosisrl.com\/wp-content\/uploads\/2023\/05\/Divano-lavaggio-capelli-eddie-sofa-massage-per-salone-moderno.jpg\",\"width\":900,\"height\":900},{\"@type\":\"BreadcrumbList\",\"@id\":\"https:\/\/www.vezzosisrl.com\/es\/8068-eddie-sofa-massage\/#breadcrumb\",\"itemListElement\":[{\"@type\":\"ListItem\",\"position\":1,\"name\":\"Home\",\"item\":\"https:\/\/www.vezzosisrl.com\/es\/\"},{\"@type\":\"ListItem\",\"position\":2,\"name\":\"Productos\",\"item\":\"https:\/\/www.vezzosisrl.com\/prodotti\/\"},{\"@type\":\"ListItem\",\"position\":3,\"name\":\"8068 EDDIE SOF\u00c0 MASSAGE\"}]},{\"@type\":\"WebSite\",\"@id\":\"https:\/\/www.vezzosisrl.com\/es\/#website\",\"url\":\"https:\/\/www.vezzosisrl.com\/es\/\",\"name\":\"Vezzosi Arredamenti\",\"description\":\"\",\"potentialAction\":[{\"@type\":\"SearchAction\",\"target\":{\"@type\":\"EntryPoint\",\"urlTemplate\":\"https:\/\/www.vezzosisrl.com\/es\/?s={search_term_string}\"},\"query-input\":{\"@type\":\"PropertyValueSpecification\",\"valueRequired\":true,\"valueName\":\"search_term_string\"}}],\"inLanguage\":\"es\"}]}<\/script>\n<!-- \/ Yoast SEO plugin. -->","yoast_head_json":{"title":"8068 EDDIE SOF\u00c0 MASSAGE - Vezzosi Arredamenti","robots":{"index":"index","follow":"follow","max-snippet":"max-snippet:-1","max-image-preview":"max-image-preview:large","max-video-preview":"max-video-preview:-1"},"canonical":"https:\/\/www.vezzosisrl.com\/es\/8068-eddie-sofa-massage\/","og_locale":"es_ES","og_type":"article","og_title":"8068 EDDIE SOF\u00c0 MASSAGE - Vezzosi Arredamenti","og_description":"Eddie Sof\u0155 Massage es el sof\u00e1 para la limpieza del pelo con estructura acolchada revestida de skai, pica basculante, portachamp\u00fa posterior, reposapiernas el\u00e9ctrico regulable, en la versi\u00f3n con masaje linfodrenante total, en el asiento y en el respaldo, con flujo de aire continuamente variable. Gracias a esta estaci\u00f3n es posible ofrecer un servicio de relajaci\u00f3n...","og_url":"https:\/\/www.vezzosisrl.com\/es\/8068-eddie-sofa-massage\/","og_site_name":"Vezzosi Arredamenti","article_modified_time":"2024-01-10T10:31:51+00:00","og_image":[{"width":900,"height":900,"url":"https:\/\/www.vezzosisrl.com\/wp-content\/uploads\/2023\/05\/Divano-lavaggio-capelli-eddie-sofa-massage-per-salone-moderno.jpg","type":"image\/jpeg"}],"twitter_card":"summary_large_image","twitter_misc":{"Tiempo de lectura":"1 minuto"},"schema":{"@context":"https:\/\/schema.org","@graph":[{"@type":"WebPage","@id":"https:\/\/www.vezzosisrl.com\/es\/8068-eddie-sofa-massage\/","url":"https:\/\/www.vezzosisrl.com\/es\/8068-eddie-sofa-massage\/","name":"8068 EDDIE SOF\u00c0 MASSAGE - Vezzosi Arredamenti","isPartOf":{"@id":"https:\/\/www.vezzosisrl.com\/es\/#website"},"primaryImageOfPage":{"@id":"https:\/\/www.vezzosisrl.com\/es\/8068-eddie-sofa-massage\/#primaryimage"},"image":{"@id":"https:\/\/www.vezzosisrl.com\/es\/8068-eddie-sofa-massage\/#primaryimage"},"thumbnailUrl":"https:\/\/www.vezzosisrl.com\/wp-content\/uploads\/2023\/05\/Divano-lavaggio-capelli-eddie-sofa-massage-per-salone-moderno.jpg","datePublished":"2023-05-26T10:33:45+00:00","dateModified":"2024-01-10T10:31:51+00:00","breadcrumb":{"@id":"https:\/\/www.vezzosisrl.com\/es\/8068-eddie-sofa-massage\/#breadcrumb"},"inLanguage":"es","potentialAction":[{"@type":"ReadAction","target":["https:\/\/www.vezzosisrl.com\/es\/8068-eddie-sofa-massage\/"]}]},{"@type":"ImageObject","inLanguage":"es","@id":"https:\/\/www.vezzosisrl.com\/es\/8068-eddie-sofa-massage\/#primaryimage","url":"https:\/\/www.vezzosisrl.com\/wp-content\/uploads\/2023\/05\/Divano-lavaggio-capelli-eddie-sofa-massage-per-salone-moderno.jpg","contentUrl":"https:\/\/www.vezzosisrl.com\/wp-content\/uploads\/2023\/05\/Divano-lavaggio-capelli-eddie-sofa-massage-per-salone-moderno.jpg","width":900,"height":900},{"@type":"BreadcrumbList","@id":"https:\/\/www.vezzosisrl.com\/es\/8068-eddie-sofa-massage\/#breadcrumb","itemListElement":[{"@type":"ListItem","position":1,"name":"Home","item":"https:\/\/www.vezzosisrl.com\/es\/"},{"@type":"ListItem","position":2,"name":"Productos","item":"https:\/\/www.vezzosisrl.com\/prodotti\/"},{"@type":"ListItem","position":3,"name":"8068 EDDIE SOF\u00c0 MASSAGE"}]},{"@type":"WebSite","@id":"https:\/\/www.vezzosisrl.com\/es\/#website","url":"https:\/\/www.vezzosisrl.com\/es\/","name":"Vezzosi Arredamenti","description":"","potentialAction":[{"@type":"SearchAction","target":{"@type":"EntryPoint","urlTemplate":"https:\/\/www.vezzosisrl.com\/es\/?s={search_term_string}"},"query-input":{"@type":"PropertyValueSpecification","valueRequired":true,"valueName":"search_term_string"}}],"inLanguage":"es"}]}},"_links":{"self":[{"href":"https:\/\/www.vezzosisrl.com\/es\/wp-json\/wp\/v2\/product\/9519","targetHints":{"allow":["GET"]}}],"collection":[{"href":"https:\/\/www.vezzosisrl.com\/es\/wp-json\/wp\/v2\/product"}],"about":[{"href":"https:\/\/www.vezzosisrl.com\/es\/wp-json\/wp\/v2\/types\/product"}],"wp:featuredmedia":[{"embeddable":true,"href":"https:\/\/www.vezzosisrl.com\/es\/wp-json\/wp\/v2\/media\/5807"}],"wp:attachment":[{"href":"https:\/\/www.vezzosisrl.com\/es\/wp-json\/wp\/v2\/media?parent=9519"}],"wp:term":[{"taxonomy":"product_brand","embeddable":true,"href":"https:\/\/www.vezzosisrl.com\/es\/wp-json\/wp\/v2\/product_brand?post=9519"},{"taxonomy":"product_cat","embeddable":true,"href":"https:\/\/www.vezzosisrl.com\/es\/wp-json\/wp\/v2\/product_cat?post=9519"},{"taxonomy":"product_tag","embeddable":true,"href":"https:\/\/www.vezzosisrl.com\/es\/wp-json\/wp\/v2\/product_tag?post=9519"}],"curies":[{"name":"wp","href":"https:\/\/api.w.org\/{rel}","templated":true}]}}