{"id":9564,"date":"2023-05-26T12:30:57","date_gmt":"2023-05-26T10:30:57","guid":{"rendered":"http:\/\/vsrl.sviluppokeyweb.com\/prodotto\/3855-urban-relax\/"},"modified":"2024-03-08T16:03:02","modified_gmt":"2024-03-08T15:03:02","slug":"3855-urban-relax","status":"publish","type":"product","link":"https:\/\/www.vezzosisrl.com\/es\/3855-urban-relax\/","title":{"rendered":"3855 URBAN RELAX SILL\u00d3N"},"content":{"rendered":"<p>Sill\u00f3n de peluquer\u00eda con doble lavabo basculante y deslizante regulable, bajo lavabo de poliuretano blanco con portabotellas incorporado, sill\u00f3n en tapicer\u00eda skai y servicio de relajaci\u00f3n total regulable el\u00e9ctricamente. Una soluci\u00f3n capaz de combinar un cuidado dise\u00f1o, apto para cualquier tipo de sal\u00f3n, y el relax tan deseado por todos los clientes.<\/p>\n","protected":false},"excerpt":{"rendered":"<p>Sill\u00f3n de peluquer\u00eda con doble lavabo basculante y deslizante regulable, bajo lavabo de poliuretano blanco con portabotellas incorporado, sill\u00f3n en tapicer\u00eda skai y servicio de relajaci\u00f3n total regulable el\u00e9ctricamente. Una soluci\u00f3n capaz de combinar un cuidado dise\u00f1o, apto para cualquier tipo de sal\u00f3n, y el relax tan deseado por todos los clientes.<\/p>\n","protected":false},"featured_media":11092,"template":"","meta":[],"product_brand":[],"product_cat":[465],"product_tag":[],"class_list":{"0":"post-9564","1":"product","2":"type-product","3":"status-publish","4":"has-post-thumbnail","6":"product_cat-puestos-de-lavado","7":"pa_collezione-vezzosi-style-es","8":"pa_tipologie-lavacabezas-relax-confort-profesional-para-revendedores-peluquerias","10":"first","11":"instock","12":"product-type-simple"},"acf":[],"yoast_head":"<!-- This site is optimized with the Yoast SEO plugin v26.9 - https:\/\/yoast.com\/product\/yoast-seo-wordpress\/ -->\n<title>Sill\u00f3n URBAN RELAX<\/title>\n<meta name=\"description\" content=\"El sill\u00f3n URBAN RELAX es un sill\u00f3n lavacabezas con elevador autom\u00e1tico de piernas regulable el\u00e9ctricamente, con doble lavabo abatible y deslizante.\" \/>\n<meta name=\"robots\" content=\"index, follow, max-snippet:-1, max-image-preview:large, max-video-preview:-1\" \/>\n<link rel=\"canonical\" href=\"https:\/\/www.vezzosisrl.com\/es\/3855-urban-relax\/\" \/>\n<meta property=\"og:locale\" content=\"es_ES\" \/>\n<meta property=\"og:type\" content=\"article\" \/>\n<meta property=\"og:title\" content=\"Sill\u00f3n URBAN RELAX\" \/>\n<meta property=\"og:description\" content=\"El sill\u00f3n URBAN RELAX es un sill\u00f3n lavacabezas con elevador autom\u00e1tico de piernas regulable el\u00e9ctricamente, con doble lavabo abatible y deslizante.\" \/>\n<meta property=\"og:url\" content=\"https:\/\/www.vezzosisrl.com\/es\/3855-urban-relax\/\" \/>\n<meta property=\"og:site_name\" content=\"Vezzosi Arredamenti\" \/>\n<meta property=\"article:modified_time\" content=\"2024-03-08T15:03:02+00:00\" \/>\n<meta property=\"og:image\" content=\"https:\/\/www.vezzosisrl.com\/wp-content\/uploads\/2023\/05\/lav.jpg\" \/>\n\t<meta property=\"og:image:width\" content=\"1000\" \/>\n\t<meta property=\"og:image:height\" content=\"1000\" \/>\n\t<meta property=\"og:image:type\" content=\"image\/jpeg\" \/>\n<meta name=\"twitter:card\" content=\"summary_large_image\" \/>\n<meta name=\"twitter:label1\" content=\"Tiempo de lectura\" \/>\n\t<meta name=\"twitter:data1\" content=\"1 minuto\" \/>\n<script type=\"application\/ld+json\" class=\"yoast-schema-graph\">{\"@context\":\"https:\/\/schema.org\",\"@graph\":[{\"@type\":\"WebPage\",\"@id\":\"https:\/\/www.vezzosisrl.com\/es\/3855-urban-relax\/\",\"url\":\"https:\/\/www.vezzosisrl.com\/es\/3855-urban-relax\/\",\"name\":\"Sill\u00f3n URBAN RELAX\",\"isPartOf\":{\"@id\":\"https:\/\/www.vezzosisrl.com\/es\/#website\"},\"primaryImageOfPage\":{\"@id\":\"https:\/\/www.vezzosisrl.com\/es\/3855-urban-relax\/#primaryimage\"},\"image\":{\"@id\":\"https:\/\/www.vezzosisrl.com\/es\/3855-urban-relax\/#primaryimage\"},\"thumbnailUrl\":\"https:\/\/www.vezzosisrl.com\/wp-content\/uploads\/2023\/05\/lav.jpg\",\"datePublished\":\"2023-05-26T10:30:57+00:00\",\"dateModified\":\"2024-03-08T15:03:02+00:00\",\"description\":\"El sill\u00f3n URBAN RELAX es un sill\u00f3n lavacabezas con elevador autom\u00e1tico de piernas regulable el\u00e9ctricamente, con doble lavabo abatible y deslizante.\",\"breadcrumb\":{\"@id\":\"https:\/\/www.vezzosisrl.com\/es\/3855-urban-relax\/#breadcrumb\"},\"inLanguage\":\"es\",\"potentialAction\":[{\"@type\":\"ReadAction\",\"target\":[\"https:\/\/www.vezzosisrl.com\/es\/3855-urban-relax\/\"]}]},{\"@type\":\"ImageObject\",\"inLanguage\":\"es\",\"@id\":\"https:\/\/www.vezzosisrl.com\/es\/3855-urban-relax\/#primaryimage\",\"url\":\"https:\/\/www.vezzosisrl.com\/wp-content\/uploads\/2023\/05\/lav.jpg\",\"contentUrl\":\"https:\/\/www.vezzosisrl.com\/wp-content\/uploads\/2023\/05\/lav.jpg\",\"width\":1000,\"height\":1000},{\"@type\":\"BreadcrumbList\",\"@id\":\"https:\/\/www.vezzosisrl.com\/es\/3855-urban-relax\/#breadcrumb\",\"itemListElement\":[{\"@type\":\"ListItem\",\"position\":1,\"name\":\"Home\",\"item\":\"https:\/\/www.vezzosisrl.com\/es\/\"},{\"@type\":\"ListItem\",\"position\":2,\"name\":\"Productos\",\"item\":\"https:\/\/www.vezzosisrl.com\/prodotti\/\"},{\"@type\":\"ListItem\",\"position\":3,\"name\":\"3855 URBAN RELAX SILL\u00d3N\"}]},{\"@type\":\"WebSite\",\"@id\":\"https:\/\/www.vezzosisrl.com\/es\/#website\",\"url\":\"https:\/\/www.vezzosisrl.com\/es\/\",\"name\":\"Vezzosi Arredamenti\",\"description\":\"\",\"potentialAction\":[{\"@type\":\"SearchAction\",\"target\":{\"@type\":\"EntryPoint\",\"urlTemplate\":\"https:\/\/www.vezzosisrl.com\/es\/?s={search_term_string}\"},\"query-input\":{\"@type\":\"PropertyValueSpecification\",\"valueRequired\":true,\"valueName\":\"search_term_string\"}}],\"inLanguage\":\"es\"}]}<\/script>\n<!-- \/ Yoast SEO plugin. -->","yoast_head_json":{"title":"Sill\u00f3n URBAN RELAX","description":"El sill\u00f3n URBAN RELAX es un sill\u00f3n lavacabezas con elevador autom\u00e1tico de piernas regulable el\u00e9ctricamente, con doble lavabo abatible y deslizante.","robots":{"index":"index","follow":"follow","max-snippet":"max-snippet:-1","max-image-preview":"max-image-preview:large","max-video-preview":"max-video-preview:-1"},"canonical":"https:\/\/www.vezzosisrl.com\/es\/3855-urban-relax\/","og_locale":"es_ES","og_type":"article","og_title":"Sill\u00f3n URBAN RELAX","og_description":"El sill\u00f3n URBAN RELAX es un sill\u00f3n lavacabezas con elevador autom\u00e1tico de piernas regulable el\u00e9ctricamente, con doble lavabo abatible y deslizante.","og_url":"https:\/\/www.vezzosisrl.com\/es\/3855-urban-relax\/","og_site_name":"Vezzosi Arredamenti","article_modified_time":"2024-03-08T15:03:02+00:00","og_image":[{"width":1000,"height":1000,"url":"https:\/\/www.vezzosisrl.com\/wp-content\/uploads\/2023\/05\/lav.jpg","type":"image\/jpeg"}],"twitter_card":"summary_large_image","twitter_misc":{"Tiempo de lectura":"1 minuto"},"schema":{"@context":"https:\/\/schema.org","@graph":[{"@type":"WebPage","@id":"https:\/\/www.vezzosisrl.com\/es\/3855-urban-relax\/","url":"https:\/\/www.vezzosisrl.com\/es\/3855-urban-relax\/","name":"Sill\u00f3n URBAN RELAX","isPartOf":{"@id":"https:\/\/www.vezzosisrl.com\/es\/#website"},"primaryImageOfPage":{"@id":"https:\/\/www.vezzosisrl.com\/es\/3855-urban-relax\/#primaryimage"},"image":{"@id":"https:\/\/www.vezzosisrl.com\/es\/3855-urban-relax\/#primaryimage"},"thumbnailUrl":"https:\/\/www.vezzosisrl.com\/wp-content\/uploads\/2023\/05\/lav.jpg","datePublished":"2023-05-26T10:30:57+00:00","dateModified":"2024-03-08T15:03:02+00:00","description":"El sill\u00f3n URBAN RELAX es un sill\u00f3n lavacabezas con elevador autom\u00e1tico de piernas regulable el\u00e9ctricamente, con doble lavabo abatible y deslizante.","breadcrumb":{"@id":"https:\/\/www.vezzosisrl.com\/es\/3855-urban-relax\/#breadcrumb"},"inLanguage":"es","potentialAction":[{"@type":"ReadAction","target":["https:\/\/www.vezzosisrl.com\/es\/3855-urban-relax\/"]}]},{"@type":"ImageObject","inLanguage":"es","@id":"https:\/\/www.vezzosisrl.com\/es\/3855-urban-relax\/#primaryimage","url":"https:\/\/www.vezzosisrl.com\/wp-content\/uploads\/2023\/05\/lav.jpg","contentUrl":"https:\/\/www.vezzosisrl.com\/wp-content\/uploads\/2023\/05\/lav.jpg","width":1000,"height":1000},{"@type":"BreadcrumbList","@id":"https:\/\/www.vezzosisrl.com\/es\/3855-urban-relax\/#breadcrumb","itemListElement":[{"@type":"ListItem","position":1,"name":"Home","item":"https:\/\/www.vezzosisrl.com\/es\/"},{"@type":"ListItem","position":2,"name":"Productos","item":"https:\/\/www.vezzosisrl.com\/prodotti\/"},{"@type":"ListItem","position":3,"name":"3855 URBAN RELAX SILL\u00d3N"}]},{"@type":"WebSite","@id":"https:\/\/www.vezzosisrl.com\/es\/#website","url":"https:\/\/www.vezzosisrl.com\/es\/","name":"Vezzosi Arredamenti","description":"","potentialAction":[{"@type":"SearchAction","target":{"@type":"EntryPoint","urlTemplate":"https:\/\/www.vezzosisrl.com\/es\/?s={search_term_string}"},"query-input":{"@type":"PropertyValueSpecification","valueRequired":true,"valueName":"search_term_string"}}],"inLanguage":"es"}]}},"_links":{"self":[{"href":"https:\/\/www.vezzosisrl.com\/es\/wp-json\/wp\/v2\/product\/9564","targetHints":{"allow":["GET"]}}],"collection":[{"href":"https:\/\/www.vezzosisrl.com\/es\/wp-json\/wp\/v2\/product"}],"about":[{"href":"https:\/\/www.vezzosisrl.com\/es\/wp-json\/wp\/v2\/types\/product"}],"wp:featuredmedia":[{"embeddable":true,"href":"https:\/\/www.vezzosisrl.com\/es\/wp-json\/wp\/v2\/media\/11092"}],"wp:attachment":[{"href":"https:\/\/www.vezzosisrl.com\/es\/wp-json\/wp\/v2\/media?parent=9564"}],"wp:term":[{"taxonomy":"product_brand","embeddable":true,"href":"https:\/\/www.vezzosisrl.com\/es\/wp-json\/wp\/v2\/product_brand?post=9564"},{"taxonomy":"product_cat","embeddable":true,"href":"https:\/\/www.vezzosisrl.com\/es\/wp-json\/wp\/v2\/product_cat?post=9564"},{"taxonomy":"product_tag","embeddable":true,"href":"https:\/\/www.vezzosisrl.com\/es\/wp-json\/wp\/v2\/product_tag?post=9564"}],"curies":[{"name":"wp","href":"https:\/\/api.w.org\/{rel}","templated":true}]}}