{"id":9567,"date":"2023-05-26T12:30:57","date_gmt":"2023-05-26T10:30:57","guid":{"rendered":"http:\/\/vsrl.sviluppokeyweb.com\/prodotto\/3856-urban-massage\/"},"modified":"2024-03-08T15:56:43","modified_gmt":"2024-03-08T14:56:43","slug":"3856-urban-massage","status":"publish","type":"product","link":"https:\/\/www.vezzosisrl.com\/es\/3856-urban-massage\/","title":{"rendered":"3856 SILL\u00d3N URBAN MASSAGE"},"content":{"rendered":"<p>Lavabo doble regulable basculante y deslizante con bajo fregadero en material de poliuretano blanco con sill\u00f3n en tapicer\u00eda skai. La tecnolog\u00eda de masaje se fusiona con el Urban Style para crear un sill\u00f3n de lavado c\u00f3modo y funcional con portabotellas integrado y masaje de drenaje linf\u00e1tico de cuerpo completo con respaldo regulable el\u00e9ctricamente.<\/p>\n","protected":false},"excerpt":{"rendered":"<p>Lavabo doble regulable basculante y deslizante con bajo fregadero en material de poliuretano blanco con sill\u00f3n en tapicer\u00eda skai. La tecnolog\u00eda de masaje se fusiona con el Urban Style para crear un sill\u00f3n de lavado c\u00f3modo y funcional con portabotellas integrado y masaje de drenaje linf\u00e1tico de cuerpo completo con respaldo regulable el\u00e9ctricamente.<\/p>\n","protected":false},"featured_media":11092,"template":"","meta":[],"product_brand":[],"product_cat":[465],"product_tag":[],"class_list":{"0":"post-9567","1":"product","2":"type-product","3":"status-publish","4":"has-post-thumbnail","6":"product_cat-puestos-de-lavado","7":"pa_collezione-vezzosi-style-es","8":"pa_tipologie-sillon-lavado-acolchado-skai-con-masaje-linfodrenante","10":"first","11":"instock","12":"product-type-simple"},"acf":[],"yoast_head":"<!-- This site is optimized with the Yoast SEO plugin v26.9 - https:\/\/yoast.com\/product\/yoast-seo-wordpress\/ -->\n<title>Sill\u00f3n URBAN MASSAGE<\/title>\n<meta name=\"description\" content=\"La estaci\u00f3n URBAN MASSAGE es una estaci\u00f3n de lavado con doble lavabo ajustable y deslizante, completa con masaje de drenaje linf\u00e1tico y respaldo ajustable el\u00e9ctricamente.\" \/>\n<meta name=\"robots\" content=\"index, follow, max-snippet:-1, max-image-preview:large, max-video-preview:-1\" \/>\n<link rel=\"canonical\" href=\"https:\/\/www.vezzosisrl.com\/es\/3856-urban-massage\/\" \/>\n<meta property=\"og:locale\" content=\"es_ES\" \/>\n<meta property=\"og:type\" content=\"article\" \/>\n<meta property=\"og:title\" content=\"Sill\u00f3n URBAN MASSAGE\" \/>\n<meta property=\"og:description\" content=\"La estaci\u00f3n URBAN MASSAGE es una estaci\u00f3n de lavado con doble lavabo ajustable y deslizante, completa con masaje de drenaje linf\u00e1tico y respaldo ajustable el\u00e9ctricamente.\" \/>\n<meta property=\"og:url\" content=\"https:\/\/www.vezzosisrl.com\/es\/3856-urban-massage\/\" \/>\n<meta property=\"og:site_name\" content=\"Vezzosi Arredamenti\" \/>\n<meta property=\"article:modified_time\" content=\"2024-03-08T14:56:43+00:00\" \/>\n<meta property=\"og:image\" content=\"https:\/\/www.vezzosisrl.com\/wp-content\/uploads\/2023\/05\/lav.jpg\" \/>\n\t<meta property=\"og:image:width\" content=\"1000\" \/>\n\t<meta property=\"og:image:height\" content=\"1000\" \/>\n\t<meta property=\"og:image:type\" content=\"image\/jpeg\" \/>\n<meta name=\"twitter:card\" content=\"summary_large_image\" \/>\n<meta name=\"twitter:label1\" content=\"Tiempo de lectura\" \/>\n\t<meta name=\"twitter:data1\" content=\"1 minuto\" \/>\n<script type=\"application\/ld+json\" class=\"yoast-schema-graph\">{\"@context\":\"https:\/\/schema.org\",\"@graph\":[{\"@type\":\"WebPage\",\"@id\":\"https:\/\/www.vezzosisrl.com\/es\/3856-urban-massage\/\",\"url\":\"https:\/\/www.vezzosisrl.com\/es\/3856-urban-massage\/\",\"name\":\"Sill\u00f3n URBAN MASSAGE\",\"isPartOf\":{\"@id\":\"https:\/\/www.vezzosisrl.com\/es\/#website\"},\"primaryImageOfPage\":{\"@id\":\"https:\/\/www.vezzosisrl.com\/es\/3856-urban-massage\/#primaryimage\"},\"image\":{\"@id\":\"https:\/\/www.vezzosisrl.com\/es\/3856-urban-massage\/#primaryimage\"},\"thumbnailUrl\":\"https:\/\/www.vezzosisrl.com\/wp-content\/uploads\/2023\/05\/lav.jpg\",\"datePublished\":\"2023-05-26T10:30:57+00:00\",\"dateModified\":\"2024-03-08T14:56:43+00:00\",\"description\":\"La estaci\u00f3n URBAN MASSAGE es una estaci\u00f3n de lavado con doble lavabo ajustable y deslizante, completa con masaje de drenaje linf\u00e1tico y respaldo ajustable el\u00e9ctricamente.\",\"breadcrumb\":{\"@id\":\"https:\/\/www.vezzosisrl.com\/es\/3856-urban-massage\/#breadcrumb\"},\"inLanguage\":\"es\",\"potentialAction\":[{\"@type\":\"ReadAction\",\"target\":[\"https:\/\/www.vezzosisrl.com\/es\/3856-urban-massage\/\"]}]},{\"@type\":\"ImageObject\",\"inLanguage\":\"es\",\"@id\":\"https:\/\/www.vezzosisrl.com\/es\/3856-urban-massage\/#primaryimage\",\"url\":\"https:\/\/www.vezzosisrl.com\/wp-content\/uploads\/2023\/05\/lav.jpg\",\"contentUrl\":\"https:\/\/www.vezzosisrl.com\/wp-content\/uploads\/2023\/05\/lav.jpg\",\"width\":1000,\"height\":1000},{\"@type\":\"BreadcrumbList\",\"@id\":\"https:\/\/www.vezzosisrl.com\/es\/3856-urban-massage\/#breadcrumb\",\"itemListElement\":[{\"@type\":\"ListItem\",\"position\":1,\"name\":\"Home\",\"item\":\"https:\/\/www.vezzosisrl.com\/es\/\"},{\"@type\":\"ListItem\",\"position\":2,\"name\":\"Productos\",\"item\":\"https:\/\/www.vezzosisrl.com\/prodotti\/\"},{\"@type\":\"ListItem\",\"position\":3,\"name\":\"3856 SILL\u00d3N URBAN MASSAGE\"}]},{\"@type\":\"WebSite\",\"@id\":\"https:\/\/www.vezzosisrl.com\/es\/#website\",\"url\":\"https:\/\/www.vezzosisrl.com\/es\/\",\"name\":\"Vezzosi Arredamenti\",\"description\":\"\",\"potentialAction\":[{\"@type\":\"SearchAction\",\"target\":{\"@type\":\"EntryPoint\",\"urlTemplate\":\"https:\/\/www.vezzosisrl.com\/es\/?s={search_term_string}\"},\"query-input\":{\"@type\":\"PropertyValueSpecification\",\"valueRequired\":true,\"valueName\":\"search_term_string\"}}],\"inLanguage\":\"es\"}]}<\/script>\n<!-- \/ Yoast SEO plugin. -->","yoast_head_json":{"title":"Sill\u00f3n URBAN MASSAGE","description":"La estaci\u00f3n URBAN MASSAGE es una estaci\u00f3n de lavado con doble lavabo ajustable y deslizante, completa con masaje de drenaje linf\u00e1tico y respaldo ajustable el\u00e9ctricamente.","robots":{"index":"index","follow":"follow","max-snippet":"max-snippet:-1","max-image-preview":"max-image-preview:large","max-video-preview":"max-video-preview:-1"},"canonical":"https:\/\/www.vezzosisrl.com\/es\/3856-urban-massage\/","og_locale":"es_ES","og_type":"article","og_title":"Sill\u00f3n URBAN MASSAGE","og_description":"La estaci\u00f3n URBAN MASSAGE es una estaci\u00f3n de lavado con doble lavabo ajustable y deslizante, completa con masaje de drenaje linf\u00e1tico y respaldo ajustable el\u00e9ctricamente.","og_url":"https:\/\/www.vezzosisrl.com\/es\/3856-urban-massage\/","og_site_name":"Vezzosi Arredamenti","article_modified_time":"2024-03-08T14:56:43+00:00","og_image":[{"width":1000,"height":1000,"url":"https:\/\/www.vezzosisrl.com\/wp-content\/uploads\/2023\/05\/lav.jpg","type":"image\/jpeg"}],"twitter_card":"summary_large_image","twitter_misc":{"Tiempo de lectura":"1 minuto"},"schema":{"@context":"https:\/\/schema.org","@graph":[{"@type":"WebPage","@id":"https:\/\/www.vezzosisrl.com\/es\/3856-urban-massage\/","url":"https:\/\/www.vezzosisrl.com\/es\/3856-urban-massage\/","name":"Sill\u00f3n URBAN MASSAGE","isPartOf":{"@id":"https:\/\/www.vezzosisrl.com\/es\/#website"},"primaryImageOfPage":{"@id":"https:\/\/www.vezzosisrl.com\/es\/3856-urban-massage\/#primaryimage"},"image":{"@id":"https:\/\/www.vezzosisrl.com\/es\/3856-urban-massage\/#primaryimage"},"thumbnailUrl":"https:\/\/www.vezzosisrl.com\/wp-content\/uploads\/2023\/05\/lav.jpg","datePublished":"2023-05-26T10:30:57+00:00","dateModified":"2024-03-08T14:56:43+00:00","description":"La estaci\u00f3n URBAN MASSAGE es una estaci\u00f3n de lavado con doble lavabo ajustable y deslizante, completa con masaje de drenaje linf\u00e1tico y respaldo ajustable el\u00e9ctricamente.","breadcrumb":{"@id":"https:\/\/www.vezzosisrl.com\/es\/3856-urban-massage\/#breadcrumb"},"inLanguage":"es","potentialAction":[{"@type":"ReadAction","target":["https:\/\/www.vezzosisrl.com\/es\/3856-urban-massage\/"]}]},{"@type":"ImageObject","inLanguage":"es","@id":"https:\/\/www.vezzosisrl.com\/es\/3856-urban-massage\/#primaryimage","url":"https:\/\/www.vezzosisrl.com\/wp-content\/uploads\/2023\/05\/lav.jpg","contentUrl":"https:\/\/www.vezzosisrl.com\/wp-content\/uploads\/2023\/05\/lav.jpg","width":1000,"height":1000},{"@type":"BreadcrumbList","@id":"https:\/\/www.vezzosisrl.com\/es\/3856-urban-massage\/#breadcrumb","itemListElement":[{"@type":"ListItem","position":1,"name":"Home","item":"https:\/\/www.vezzosisrl.com\/es\/"},{"@type":"ListItem","position":2,"name":"Productos","item":"https:\/\/www.vezzosisrl.com\/prodotti\/"},{"@type":"ListItem","position":3,"name":"3856 SILL\u00d3N URBAN MASSAGE"}]},{"@type":"WebSite","@id":"https:\/\/www.vezzosisrl.com\/es\/#website","url":"https:\/\/www.vezzosisrl.com\/es\/","name":"Vezzosi Arredamenti","description":"","potentialAction":[{"@type":"SearchAction","target":{"@type":"EntryPoint","urlTemplate":"https:\/\/www.vezzosisrl.com\/es\/?s={search_term_string}"},"query-input":{"@type":"PropertyValueSpecification","valueRequired":true,"valueName":"search_term_string"}}],"inLanguage":"es"}]}},"_links":{"self":[{"href":"https:\/\/www.vezzosisrl.com\/es\/wp-json\/wp\/v2\/product\/9567","targetHints":{"allow":["GET"]}}],"collection":[{"href":"https:\/\/www.vezzosisrl.com\/es\/wp-json\/wp\/v2\/product"}],"about":[{"href":"https:\/\/www.vezzosisrl.com\/es\/wp-json\/wp\/v2\/types\/product"}],"wp:featuredmedia":[{"embeddable":true,"href":"https:\/\/www.vezzosisrl.com\/es\/wp-json\/wp\/v2\/media\/11092"}],"wp:attachment":[{"href":"https:\/\/www.vezzosisrl.com\/es\/wp-json\/wp\/v2\/media?parent=9567"}],"wp:term":[{"taxonomy":"product_brand","embeddable":true,"href":"https:\/\/www.vezzosisrl.com\/es\/wp-json\/wp\/v2\/product_brand?post=9567"},{"taxonomy":"product_cat","embeddable":true,"href":"https:\/\/www.vezzosisrl.com\/es\/wp-json\/wp\/v2\/product_cat?post=9567"},{"taxonomy":"product_tag","embeddable":true,"href":"https:\/\/www.vezzosisrl.com\/es\/wp-json\/wp\/v2\/product_tag?post=9567"}],"curies":[{"name":"wp","href":"https:\/\/api.w.org\/{rel}","templated":true}]}}