{"id":9582,"date":"2023-05-26T12:30:57","date_gmt":"2023-05-26T10:30:57","guid":{"rendered":"http:\/\/vsrl.sviluppokeyweb.com\/prodotto\/3350-push-up-relax\/"},"modified":"2024-01-10T11:30:45","modified_gmt":"2024-01-10T10:30:45","slug":"3350-push-up-relax","status":"publish","type":"product","link":"https:\/\/www.vezzosisrl.com\/es\/3350-push-up-relax\/","title":{"rendered":"3350 PUSH-UP RELAX"},"content":{"rendered":"<p>La estaci\u00f3n de lavacabeza certificada Push-up Relax est\u00e1 dise\u0144ada para garantizar la comodidad adecuada no s\u00f3lo para el cliente con su reposapiernas ajustable, sino tambi\u00e9n para el propio peluquero, que utilizar\u00e1 una estaci\u00f3n de lavacabeza ergon\u00f3mica, c\u00f3moda y pr\u00e1ctica. Adem\u00e1s, la estructura es totalmente ajustable el\u00e9ctricamente para adaptarse a las necesidades del peluquero. Push-up Relax es un dispositivo certificado por la APAVE, que cumple plenamente con las normas europeas.<\/p>\n","protected":false},"excerpt":{"rendered":"<p>La estaci\u00f3n de lavacabeza certificada Push-up Relax est\u00e1 dise\u0144ada para garantizar la comodidad adecuada no s\u00f3lo para el cliente con su reposapiernas ajustable, sino tambi\u00e9n para el propio peluquero, que utilizar\u00e1 una estaci\u00f3n de lavacabeza ergon\u00f3mica, c\u00f3moda y pr\u00e1ctica. Adem\u00e1s, la estructura es totalmente ajustable el\u00e9ctricamente para adaptarse a las necesidades del peluquero. Push-up Relax&#8230;<\/p>\n","protected":false},"featured_media":5618,"template":"","meta":[],"product_brand":[],"product_cat":[465],"product_tag":[],"class_list":{"0":"post-9582","1":"product","2":"type-product","3":"status-publish","4":"has-post-thumbnail","6":"product_cat-puestos-de-lavado","7":"pa_collezione-vezzosi-style-es","8":"pa_tipologie-lavacabezas-relax-confort-profesional-para-revendedores-peluquerias","10":"first","11":"instock","12":"product-type-simple"},"acf":[],"yoast_head":"<!-- This site is optimized with the Yoast SEO plugin v26.9 - https:\/\/yoast.com\/product\/yoast-seo-wordpress\/ -->\n<title>3350 PUSH-UP RELAX - Vezzosi Arredamenti<\/title>\n<meta name=\"robots\" content=\"index, follow, max-snippet:-1, max-image-preview:large, max-video-preview:-1\" \/>\n<link rel=\"canonical\" href=\"https:\/\/www.vezzosisrl.com\/es\/3350-push-up-relax\/\" \/>\n<meta property=\"og:locale\" content=\"es_ES\" \/>\n<meta property=\"og:type\" content=\"article\" \/>\n<meta property=\"og:title\" content=\"3350 PUSH-UP RELAX - Vezzosi Arredamenti\" \/>\n<meta property=\"og:description\" content=\"La estaci\u00f3n de lavacabeza certificada Push-up Relax est\u00e1 dise\u0144ada para garantizar la comodidad adecuada no s\u00f3lo para el cliente con su reposapiernas ajustable, sino tambi\u00e9n para el propio peluquero, que utilizar\u00e1 una estaci\u00f3n de lavacabeza ergon\u00f3mica, c\u00f3moda y pr\u00e1ctica. Adem\u00e1s, la estructura es totalmente ajustable el\u00e9ctricamente para adaptarse a las necesidades del peluquero. Push-up Relax...\" \/>\n<meta property=\"og:url\" content=\"https:\/\/www.vezzosisrl.com\/es\/3350-push-up-relax\/\" \/>\n<meta property=\"og:site_name\" content=\"Vezzosi Arredamenti\" \/>\n<meta property=\"article:modified_time\" content=\"2024-01-10T10:30:45+00:00\" \/>\n<meta property=\"og:image\" content=\"https:\/\/www.vezzosisrl.com\/wp-content\/uploads\/2023\/05\/Postazione-di-lavaggio-push-up-relax-con-lavatesta-certificato-apave-secondo-le-norme-europee-e-poggiapiedi-regolabili.jpg\" \/>\n\t<meta property=\"og:image:width\" content=\"900\" \/>\n\t<meta property=\"og:image:height\" content=\"900\" \/>\n\t<meta property=\"og:image:type\" content=\"image\/jpeg\" \/>\n<meta name=\"twitter:card\" content=\"summary_large_image\" \/>\n<script type=\"application\/ld+json\" class=\"yoast-schema-graph\">{\"@context\":\"https:\/\/schema.org\",\"@graph\":[{\"@type\":\"WebPage\",\"@id\":\"https:\/\/www.vezzosisrl.com\/es\/3350-push-up-relax\/\",\"url\":\"https:\/\/www.vezzosisrl.com\/es\/3350-push-up-relax\/\",\"name\":\"3350 PUSH-UP RELAX - Vezzosi Arredamenti\",\"isPartOf\":{\"@id\":\"https:\/\/www.vezzosisrl.com\/es\/#website\"},\"primaryImageOfPage\":{\"@id\":\"https:\/\/www.vezzosisrl.com\/es\/3350-push-up-relax\/#primaryimage\"},\"image\":{\"@id\":\"https:\/\/www.vezzosisrl.com\/es\/3350-push-up-relax\/#primaryimage\"},\"thumbnailUrl\":\"https:\/\/www.vezzosisrl.com\/wp-content\/uploads\/2023\/05\/Postazione-di-lavaggio-push-up-relax-con-lavatesta-certificato-apave-secondo-le-norme-europee-e-poggiapiedi-regolabili.jpg\",\"datePublished\":\"2023-05-26T10:30:57+00:00\",\"dateModified\":\"2024-01-10T10:30:45+00:00\",\"breadcrumb\":{\"@id\":\"https:\/\/www.vezzosisrl.com\/es\/3350-push-up-relax\/#breadcrumb\"},\"inLanguage\":\"es\",\"potentialAction\":[{\"@type\":\"ReadAction\",\"target\":[\"https:\/\/www.vezzosisrl.com\/es\/3350-push-up-relax\/\"]}]},{\"@type\":\"ImageObject\",\"inLanguage\":\"es\",\"@id\":\"https:\/\/www.vezzosisrl.com\/es\/3350-push-up-relax\/#primaryimage\",\"url\":\"https:\/\/www.vezzosisrl.com\/wp-content\/uploads\/2023\/05\/Postazione-di-lavaggio-push-up-relax-con-lavatesta-certificato-apave-secondo-le-norme-europee-e-poggiapiedi-regolabili.jpg\",\"contentUrl\":\"https:\/\/www.vezzosisrl.com\/wp-content\/uploads\/2023\/05\/Postazione-di-lavaggio-push-up-relax-con-lavatesta-certificato-apave-secondo-le-norme-europee-e-poggiapiedi-regolabili.jpg\",\"width\":900,\"height\":900},{\"@type\":\"BreadcrumbList\",\"@id\":\"https:\/\/www.vezzosisrl.com\/es\/3350-push-up-relax\/#breadcrumb\",\"itemListElement\":[{\"@type\":\"ListItem\",\"position\":1,\"name\":\"Home\",\"item\":\"https:\/\/www.vezzosisrl.com\/es\/\"},{\"@type\":\"ListItem\",\"position\":2,\"name\":\"Productos\",\"item\":\"https:\/\/www.vezzosisrl.com\/prodotti\/\"},{\"@type\":\"ListItem\",\"position\":3,\"name\":\"3350 PUSH-UP RELAX\"}]},{\"@type\":\"WebSite\",\"@id\":\"https:\/\/www.vezzosisrl.com\/es\/#website\",\"url\":\"https:\/\/www.vezzosisrl.com\/es\/\",\"name\":\"Vezzosi Arredamenti\",\"description\":\"\",\"potentialAction\":[{\"@type\":\"SearchAction\",\"target\":{\"@type\":\"EntryPoint\",\"urlTemplate\":\"https:\/\/www.vezzosisrl.com\/es\/?s={search_term_string}\"},\"query-input\":{\"@type\":\"PropertyValueSpecification\",\"valueRequired\":true,\"valueName\":\"search_term_string\"}}],\"inLanguage\":\"es\"}]}<\/script>\n<!-- \/ Yoast SEO plugin. -->","yoast_head_json":{"title":"3350 PUSH-UP RELAX - Vezzosi Arredamenti","robots":{"index":"index","follow":"follow","max-snippet":"max-snippet:-1","max-image-preview":"max-image-preview:large","max-video-preview":"max-video-preview:-1"},"canonical":"https:\/\/www.vezzosisrl.com\/es\/3350-push-up-relax\/","og_locale":"es_ES","og_type":"article","og_title":"3350 PUSH-UP RELAX - Vezzosi Arredamenti","og_description":"La estaci\u00f3n de lavacabeza certificada Push-up Relax est\u00e1 dise\u0144ada para garantizar la comodidad adecuada no s\u00f3lo para el cliente con su reposapiernas ajustable, sino tambi\u00e9n para el propio peluquero, que utilizar\u00e1 una estaci\u00f3n de lavacabeza ergon\u00f3mica, c\u00f3moda y pr\u00e1ctica. Adem\u00e1s, la estructura es totalmente ajustable el\u00e9ctricamente para adaptarse a las necesidades del peluquero. Push-up Relax...","og_url":"https:\/\/www.vezzosisrl.com\/es\/3350-push-up-relax\/","og_site_name":"Vezzosi Arredamenti","article_modified_time":"2024-01-10T10:30:45+00:00","og_image":[{"width":900,"height":900,"url":"https:\/\/www.vezzosisrl.com\/wp-content\/uploads\/2023\/05\/Postazione-di-lavaggio-push-up-relax-con-lavatesta-certificato-apave-secondo-le-norme-europee-e-poggiapiedi-regolabili.jpg","type":"image\/jpeg"}],"twitter_card":"summary_large_image","schema":{"@context":"https:\/\/schema.org","@graph":[{"@type":"WebPage","@id":"https:\/\/www.vezzosisrl.com\/es\/3350-push-up-relax\/","url":"https:\/\/www.vezzosisrl.com\/es\/3350-push-up-relax\/","name":"3350 PUSH-UP RELAX - Vezzosi Arredamenti","isPartOf":{"@id":"https:\/\/www.vezzosisrl.com\/es\/#website"},"primaryImageOfPage":{"@id":"https:\/\/www.vezzosisrl.com\/es\/3350-push-up-relax\/#primaryimage"},"image":{"@id":"https:\/\/www.vezzosisrl.com\/es\/3350-push-up-relax\/#primaryimage"},"thumbnailUrl":"https:\/\/www.vezzosisrl.com\/wp-content\/uploads\/2023\/05\/Postazione-di-lavaggio-push-up-relax-con-lavatesta-certificato-apave-secondo-le-norme-europee-e-poggiapiedi-regolabili.jpg","datePublished":"2023-05-26T10:30:57+00:00","dateModified":"2024-01-10T10:30:45+00:00","breadcrumb":{"@id":"https:\/\/www.vezzosisrl.com\/es\/3350-push-up-relax\/#breadcrumb"},"inLanguage":"es","potentialAction":[{"@type":"ReadAction","target":["https:\/\/www.vezzosisrl.com\/es\/3350-push-up-relax\/"]}]},{"@type":"ImageObject","inLanguage":"es","@id":"https:\/\/www.vezzosisrl.com\/es\/3350-push-up-relax\/#primaryimage","url":"https:\/\/www.vezzosisrl.com\/wp-content\/uploads\/2023\/05\/Postazione-di-lavaggio-push-up-relax-con-lavatesta-certificato-apave-secondo-le-norme-europee-e-poggiapiedi-regolabili.jpg","contentUrl":"https:\/\/www.vezzosisrl.com\/wp-content\/uploads\/2023\/05\/Postazione-di-lavaggio-push-up-relax-con-lavatesta-certificato-apave-secondo-le-norme-europee-e-poggiapiedi-regolabili.jpg","width":900,"height":900},{"@type":"BreadcrumbList","@id":"https:\/\/www.vezzosisrl.com\/es\/3350-push-up-relax\/#breadcrumb","itemListElement":[{"@type":"ListItem","position":1,"name":"Home","item":"https:\/\/www.vezzosisrl.com\/es\/"},{"@type":"ListItem","position":2,"name":"Productos","item":"https:\/\/www.vezzosisrl.com\/prodotti\/"},{"@type":"ListItem","position":3,"name":"3350 PUSH-UP RELAX"}]},{"@type":"WebSite","@id":"https:\/\/www.vezzosisrl.com\/es\/#website","url":"https:\/\/www.vezzosisrl.com\/es\/","name":"Vezzosi Arredamenti","description":"","potentialAction":[{"@type":"SearchAction","target":{"@type":"EntryPoint","urlTemplate":"https:\/\/www.vezzosisrl.com\/es\/?s={search_term_string}"},"query-input":{"@type":"PropertyValueSpecification","valueRequired":true,"valueName":"search_term_string"}}],"inLanguage":"es"}]}},"_links":{"self":[{"href":"https:\/\/www.vezzosisrl.com\/es\/wp-json\/wp\/v2\/product\/9582","targetHints":{"allow":["GET"]}}],"collection":[{"href":"https:\/\/www.vezzosisrl.com\/es\/wp-json\/wp\/v2\/product"}],"about":[{"href":"https:\/\/www.vezzosisrl.com\/es\/wp-json\/wp\/v2\/types\/product"}],"wp:featuredmedia":[{"embeddable":true,"href":"https:\/\/www.vezzosisrl.com\/es\/wp-json\/wp\/v2\/media\/5618"}],"wp:attachment":[{"href":"https:\/\/www.vezzosisrl.com\/es\/wp-json\/wp\/v2\/media?parent=9582"}],"wp:term":[{"taxonomy":"product_brand","embeddable":true,"href":"https:\/\/www.vezzosisrl.com\/es\/wp-json\/wp\/v2\/product_brand?post=9582"},{"taxonomy":"product_cat","embeddable":true,"href":"https:\/\/www.vezzosisrl.com\/es\/wp-json\/wp\/v2\/product_cat?post=9582"},{"taxonomy":"product_tag","embeddable":true,"href":"https:\/\/www.vezzosisrl.com\/es\/wp-json\/wp\/v2\/product_tag?post=9582"}],"curies":[{"name":"wp","href":"https:\/\/api.w.org\/{rel}","templated":true}]}}