{"id":11925,"date":"2024-12-13T12:11:29","date_gmt":"2024-12-13T11:11:29","guid":{"rendered":"https:\/\/www.vezzosisrl.com\/prodotto\/vibbro-chair\/"},"modified":"2025-04-09T17:10:47","modified_gmt":"2025-04-09T15:10:47","slug":"vibbro-chair","status":"publish","type":"product","link":"https:\/\/www.vezzosisrl.com\/fr\/vibbro-chair\/","title":{"rendered":"1324 Vibbro chair"},"content":{"rendered":"<p><strong>VIBBRO CHAIR<\/strong> est un fauteuil de luxe pour le monde capillaire \u00e9quip\u00e9 d&#8217;une technologie de derni\u00e8re g\u00e9n\u00e9ration qui d\u00e9livre des fr\u00e9quences vibratoires et de la musique pour le bien-\u00eatre.<\/p>\n<p>Le r\u00e9sultat est un outil incroyablement puissant qui permet une absorption plus rapide et plus efficace des produits cosm\u00e9tiques et de tous les traitements, transformant ainsi le travail de la coiffure et le rendant plus comp\u00e9titif et efficace.<\/p>\n<p>Les vibrations sont transmises depuis le fauteuil et, \u00e0 travers la colonne vert\u00e9brale, atteignent le cuir chevelu, r\u00e9g\u00e9n\u00e9rant l&#8217;esprit et le corps.<\/p>\n<p>L&#8217;utilisation simultan\u00e9e de musique avec des \u00e9couteurs catapulte le client dans un voyage \u00e9motionnel in\u00e9dit, r\u00e9duisant la perception du temps qui passe.<\/p>\n<p>Principaux effets de la technologie des vibrations sur le cuir chevelu :<\/p>\n<p>Stimulation de la circulation sanguine<br \/>\nRelaxation musculaire<br \/>\nAbsorption am\u00e9lior\u00e9e des traitements<br \/>\nSensation de bien-\u00eatre<\/p>\n","protected":false},"excerpt":{"rendered":"<p>VIBBRO CHAIR est un fauteuil de luxe pour le monde capillaire \u00e9quip\u00e9 d&#8217;une technologie de derni\u00e8re g\u00e9n\u00e9ration qui d\u00e9livre des fr\u00e9quences vibratoires et de la musique pour le bien-\u00eatre. Le r\u00e9sultat est un outil incroyablement puissant qui permet une absorption plus rapide et plus efficace des produits cosm\u00e9tiques et de tous les traitements, transformant ainsi&#8230;<\/p>\n","protected":false},"featured_media":12486,"template":"","meta":[],"product_brand":[],"product_cat":[621],"product_tag":[],"class_list":{"0":"post-11925","1":"product","2":"type-product","3":"status-publish","4":"has-post-thumbnail","6":"product_cat-hair-spa-concepts","8":"first","9":"instock","10":"shipping-taxable","11":"product-type-simple"},"acf":[],"yoast_head":"<!-- This site is optimized with the Yoast SEO plugin v26.9 - https:\/\/yoast.com\/product\/yoast-seo-wordpress\/ -->\n<title>1324 Vibbro chair - Vezzosi Arredamenti<\/title>\n<meta name=\"robots\" content=\"index, follow, max-snippet:-1, max-image-preview:large, max-video-preview:-1\" \/>\n<link rel=\"canonical\" href=\"https:\/\/www.vezzosisrl.com\/fr\/vibbro-chair\/\" \/>\n<meta property=\"og:locale\" content=\"fr_FR\" \/>\n<meta property=\"og:type\" content=\"article\" \/>\n<meta property=\"og:title\" content=\"1324 Vibbro chair - Vezzosi Arredamenti\" \/>\n<meta property=\"og:description\" content=\"VIBBRO CHAIR est un fauteuil de luxe pour le monde capillaire \u00e9quip\u00e9 d&#8217;une technologie de derni\u00e8re g\u00e9n\u00e9ration qui d\u00e9livre des fr\u00e9quences vibratoires et de la musique pour le bien-\u00eatre. Le r\u00e9sultat est un outil incroyablement puissant qui permet une absorption plus rapide et plus efficace des produits cosm\u00e9tiques et de tous les traitements, transformant ainsi...\" \/>\n<meta property=\"og:url\" content=\"https:\/\/www.vezzosisrl.com\/fr\/vibbro-chair\/\" \/>\n<meta property=\"og:site_name\" content=\"Vezzosi Arredamenti\" \/>\n<meta property=\"article:modified_time\" content=\"2025-04-09T15:10:47+00:00\" \/>\n<meta property=\"og:image\" content=\"https:\/\/www.vezzosisrl.com\/wp-content\/uploads\/2024\/12\/Vibbro-chair-marrone_01_sc.jpg\" \/>\n\t<meta property=\"og:image:width\" content=\"561\" \/>\n\t<meta property=\"og:image:height\" content=\"749\" \/>\n\t<meta property=\"og:image:type\" content=\"image\/jpeg\" \/>\n<meta name=\"twitter:card\" content=\"summary_large_image\" \/>\n<meta name=\"twitter:label1\" content=\"Dur\u00e9e de lecture estim\u00e9e\" \/>\n\t<meta name=\"twitter:data1\" content=\"1 minute\" \/>\n<script type=\"application\/ld+json\" class=\"yoast-schema-graph\">{\"@context\":\"https:\/\/schema.org\",\"@graph\":[{\"@type\":\"WebPage\",\"@id\":\"https:\/\/www.vezzosisrl.com\/fr\/vibbro-chair\/\",\"url\":\"https:\/\/www.vezzosisrl.com\/fr\/vibbro-chair\/\",\"name\":\"1324 Vibbro chair - Vezzosi Arredamenti\",\"isPartOf\":{\"@id\":\"https:\/\/www.vezzosisrl.com\/fr\/#website\"},\"primaryImageOfPage\":{\"@id\":\"https:\/\/www.vezzosisrl.com\/fr\/vibbro-chair\/#primaryimage\"},\"image\":{\"@id\":\"https:\/\/www.vezzosisrl.com\/fr\/vibbro-chair\/#primaryimage\"},\"thumbnailUrl\":\"https:\/\/www.vezzosisrl.com\/wp-content\/uploads\/2024\/12\/Vibbro-chair-marrone_01_sc.jpg\",\"datePublished\":\"2024-12-13T11:11:29+00:00\",\"dateModified\":\"2025-04-09T15:10:47+00:00\",\"breadcrumb\":{\"@id\":\"https:\/\/www.vezzosisrl.com\/fr\/vibbro-chair\/#breadcrumb\"},\"inLanguage\":\"fr-FR\",\"potentialAction\":[{\"@type\":\"ReadAction\",\"target\":[\"https:\/\/www.vezzosisrl.com\/fr\/vibbro-chair\/\"]}]},{\"@type\":\"ImageObject\",\"inLanguage\":\"fr-FR\",\"@id\":\"https:\/\/www.vezzosisrl.com\/fr\/vibbro-chair\/#primaryimage\",\"url\":\"https:\/\/www.vezzosisrl.com\/wp-content\/uploads\/2024\/12\/Vibbro-chair-marrone_01_sc.jpg\",\"contentUrl\":\"https:\/\/www.vezzosisrl.com\/wp-content\/uploads\/2024\/12\/Vibbro-chair-marrone_01_sc.jpg\",\"width\":561,\"height\":749},{\"@type\":\"BreadcrumbList\",\"@id\":\"https:\/\/www.vezzosisrl.com\/fr\/vibbro-chair\/#breadcrumb\",\"itemListElement\":[{\"@type\":\"ListItem\",\"position\":1,\"name\":\"Home\",\"item\":\"https:\/\/www.vezzosisrl.com\/fr\/\"},{\"@type\":\"ListItem\",\"position\":2,\"name\":\"Produits\",\"item\":\"https:\/\/www.vezzosisrl.com\/prodotti\/\"},{\"@type\":\"ListItem\",\"position\":3,\"name\":\"1324 Vibbro chair\"}]},{\"@type\":\"WebSite\",\"@id\":\"https:\/\/www.vezzosisrl.com\/fr\/#website\",\"url\":\"https:\/\/www.vezzosisrl.com\/fr\/\",\"name\":\"Vezzosi Arredamenti\",\"description\":\"\",\"potentialAction\":[{\"@type\":\"SearchAction\",\"target\":{\"@type\":\"EntryPoint\",\"urlTemplate\":\"https:\/\/www.vezzosisrl.com\/fr\/?s={search_term_string}\"},\"query-input\":{\"@type\":\"PropertyValueSpecification\",\"valueRequired\":true,\"valueName\":\"search_term_string\"}}],\"inLanguage\":\"fr-FR\"}]}<\/script>\n<!-- \/ Yoast SEO plugin. -->","yoast_head_json":{"title":"1324 Vibbro chair - Vezzosi Arredamenti","robots":{"index":"index","follow":"follow","max-snippet":"max-snippet:-1","max-image-preview":"max-image-preview:large","max-video-preview":"max-video-preview:-1"},"canonical":"https:\/\/www.vezzosisrl.com\/fr\/vibbro-chair\/","og_locale":"fr_FR","og_type":"article","og_title":"1324 Vibbro chair - Vezzosi Arredamenti","og_description":"VIBBRO CHAIR est un fauteuil de luxe pour le monde capillaire \u00e9quip\u00e9 d&#8217;une technologie de derni\u00e8re g\u00e9n\u00e9ration qui d\u00e9livre des fr\u00e9quences vibratoires et de la musique pour le bien-\u00eatre. Le r\u00e9sultat est un outil incroyablement puissant qui permet une absorption plus rapide et plus efficace des produits cosm\u00e9tiques et de tous les traitements, transformant ainsi...","og_url":"https:\/\/www.vezzosisrl.com\/fr\/vibbro-chair\/","og_site_name":"Vezzosi Arredamenti","article_modified_time":"2025-04-09T15:10:47+00:00","og_image":[{"width":561,"height":749,"url":"https:\/\/www.vezzosisrl.com\/wp-content\/uploads\/2024\/12\/Vibbro-chair-marrone_01_sc.jpg","type":"image\/jpeg"}],"twitter_card":"summary_large_image","twitter_misc":{"Dur\u00e9e de lecture estim\u00e9e":"1 minute"},"schema":{"@context":"https:\/\/schema.org","@graph":[{"@type":"WebPage","@id":"https:\/\/www.vezzosisrl.com\/fr\/vibbro-chair\/","url":"https:\/\/www.vezzosisrl.com\/fr\/vibbro-chair\/","name":"1324 Vibbro chair - Vezzosi Arredamenti","isPartOf":{"@id":"https:\/\/www.vezzosisrl.com\/fr\/#website"},"primaryImageOfPage":{"@id":"https:\/\/www.vezzosisrl.com\/fr\/vibbro-chair\/#primaryimage"},"image":{"@id":"https:\/\/www.vezzosisrl.com\/fr\/vibbro-chair\/#primaryimage"},"thumbnailUrl":"https:\/\/www.vezzosisrl.com\/wp-content\/uploads\/2024\/12\/Vibbro-chair-marrone_01_sc.jpg","datePublished":"2024-12-13T11:11:29+00:00","dateModified":"2025-04-09T15:10:47+00:00","breadcrumb":{"@id":"https:\/\/www.vezzosisrl.com\/fr\/vibbro-chair\/#breadcrumb"},"inLanguage":"fr-FR","potentialAction":[{"@type":"ReadAction","target":["https:\/\/www.vezzosisrl.com\/fr\/vibbro-chair\/"]}]},{"@type":"ImageObject","inLanguage":"fr-FR","@id":"https:\/\/www.vezzosisrl.com\/fr\/vibbro-chair\/#primaryimage","url":"https:\/\/www.vezzosisrl.com\/wp-content\/uploads\/2024\/12\/Vibbro-chair-marrone_01_sc.jpg","contentUrl":"https:\/\/www.vezzosisrl.com\/wp-content\/uploads\/2024\/12\/Vibbro-chair-marrone_01_sc.jpg","width":561,"height":749},{"@type":"BreadcrumbList","@id":"https:\/\/www.vezzosisrl.com\/fr\/vibbro-chair\/#breadcrumb","itemListElement":[{"@type":"ListItem","position":1,"name":"Home","item":"https:\/\/www.vezzosisrl.com\/fr\/"},{"@type":"ListItem","position":2,"name":"Produits","item":"https:\/\/www.vezzosisrl.com\/prodotti\/"},{"@type":"ListItem","position":3,"name":"1324 Vibbro chair"}]},{"@type":"WebSite","@id":"https:\/\/www.vezzosisrl.com\/fr\/#website","url":"https:\/\/www.vezzosisrl.com\/fr\/","name":"Vezzosi Arredamenti","description":"","potentialAction":[{"@type":"SearchAction","target":{"@type":"EntryPoint","urlTemplate":"https:\/\/www.vezzosisrl.com\/fr\/?s={search_term_string}"},"query-input":{"@type":"PropertyValueSpecification","valueRequired":true,"valueName":"search_term_string"}}],"inLanguage":"fr-FR"}]}},"_links":{"self":[{"href":"https:\/\/www.vezzosisrl.com\/fr\/wp-json\/wp\/v2\/product\/11925","targetHints":{"allow":["GET"]}}],"collection":[{"href":"https:\/\/www.vezzosisrl.com\/fr\/wp-json\/wp\/v2\/product"}],"about":[{"href":"https:\/\/www.vezzosisrl.com\/fr\/wp-json\/wp\/v2\/types\/product"}],"wp:featuredmedia":[{"embeddable":true,"href":"https:\/\/www.vezzosisrl.com\/fr\/wp-json\/wp\/v2\/media\/12486"}],"wp:attachment":[{"href":"https:\/\/www.vezzosisrl.com\/fr\/wp-json\/wp\/v2\/media?parent=11925"}],"wp:term":[{"taxonomy":"product_brand","embeddable":true,"href":"https:\/\/www.vezzosisrl.com\/fr\/wp-json\/wp\/v2\/product_brand?post=11925"},{"taxonomy":"product_cat","embeddable":true,"href":"https:\/\/www.vezzosisrl.com\/fr\/wp-json\/wp\/v2\/product_cat?post=11925"},{"taxonomy":"product_tag","embeddable":true,"href":"https:\/\/www.vezzosisrl.com\/fr\/wp-json\/wp\/v2\/product_tag?post=11925"}],"curies":[{"name":"wp","href":"https:\/\/api.w.org\/{rel}","templated":true}]}}