{"id":11981,"date":"2024-12-13T13:16:17","date_gmt":"2024-12-13T12:16:17","guid":{"rendered":"https:\/\/www.vezzosisrl.com\/prodotto\/spa-inn2\/"},"modified":"2025-04-10T15:21:16","modified_gmt":"2025-04-10T13:21:16","slug":"3235-spa-inn-2-cabinet","status":"publish","type":"product","link":"https:\/\/www.vezzosisrl.com\/fr\/3235-spa-inn-2-cabinet\/","title":{"rendered":"3235 Spa-Inn 2 cabinet"},"content":{"rendered":"<p>Spa_inn2 est un concept innovant pour maximiser votre cabine en offrant deux services avec un seul produit : un bac de lavage enti\u00e8rement horizontal pour les services HairSpa qui se transforme en quelques secondes en un lit de beaut\u00e9 pour les massages. La cuvette descend \u00e9lectriquement permettant au si\u00e8ge de glisser vers l&#8217;avant et de se transformer en lit de massage.<\/p>\n<p>Cascade avec reciruclation de l\u2019eau<br \/>\nCascade avec erogation directe par le mitigeur<br \/>\nChromoth\u00e9rapie pour la relaxation lorsque le client a le visage dans le trou du lit pendant le massage<br \/>\nsysteme Shirodara avec avec cuve \u00e9quip\u00e9e d&#8217;un robinet de fermeture et d&#8217;un tube support<br \/>\nMassage sonore Vibbro\/Music utilisant la technologie VIBBRO pour les traitements du cuir chevelu et de la peau<br \/>\nMassage de air \u00e0 drainage lymphatique total<\/p>\n<p>Structure avec choix de couleurs ferm\u00e9e par portes coulissantes, lavabo blanc ou noir,colonne arri\u00e8re noire, \u00e9vier r\u00e9glable en avant\/en arri\u00e8re. Dossier r\u00e9glable \u00e9lectriquement.<\/p>\n","protected":false},"excerpt":{"rendered":"<p>Spa_inn2 est un concept innovant pour maximiser votre cabine en offrant deux services avec un seul produit : un bac de lavage enti\u00e8rement horizontal pour les services HairSpa qui se transforme en quelques secondes en un lit de beaut\u00e9 pour les massages. La cuvette descend \u00e9lectriquement permettant au si\u00e8ge de glisser vers l&#8217;avant et de&#8230;<\/p>\n","protected":false},"featured_media":12303,"template":"","meta":[],"product_brand":[],"product_cat":[621],"product_tag":[],"class_list":{"0":"post-11981","1":"product","2":"type-product","3":"status-publish","4":"has-post-thumbnail","6":"product_cat-hair-spa-concepts","8":"first","9":"instock","10":"shipping-taxable","11":"product-type-simple"},"acf":[],"yoast_head":"<!-- This site is optimized with the Yoast SEO plugin v26.9 - https:\/\/yoast.com\/product\/yoast-seo-wordpress\/ -->\n<title>3235 Spa-Inn 2 cabinet - Vezzosi Arredamenti<\/title>\n<meta name=\"robots\" content=\"index, follow, max-snippet:-1, max-image-preview:large, max-video-preview:-1\" \/>\n<link rel=\"canonical\" href=\"https:\/\/www.vezzosisrl.com\/fr\/3235-spa-inn-2-cabinet\/\" \/>\n<meta property=\"og:locale\" content=\"fr_FR\" \/>\n<meta property=\"og:type\" content=\"article\" \/>\n<meta property=\"og:title\" content=\"3235 Spa-Inn 2 cabinet - Vezzosi Arredamenti\" \/>\n<meta property=\"og:description\" content=\"Spa_inn2 est un concept innovant pour maximiser votre cabine en offrant deux services avec un seul produit : un bac de lavage enti\u00e8rement horizontal pour les services HairSpa qui se transforme en quelques secondes en un lit de beaut\u00e9 pour les massages. La cuvette descend \u00e9lectriquement permettant au si\u00e8ge de glisser vers l&#8217;avant et de...\" \/>\n<meta property=\"og:url\" content=\"https:\/\/www.vezzosisrl.com\/fr\/3235-spa-inn-2-cabinet\/\" \/>\n<meta property=\"og:site_name\" content=\"Vezzosi Arredamenti\" \/>\n<meta property=\"article:modified_time\" content=\"2025-04-10T13:21:16+00:00\" \/>\n<meta property=\"og:image\" content=\"https:\/\/www.vezzosisrl.com\/wp-content\/uploads\/2024\/12\/spa-in-2-LEGNO_3-4-A_sc.jpg\" \/>\n\t<meta property=\"og:image:width\" content=\"1000\" \/>\n\t<meta property=\"og:image:height\" content=\"749\" \/>\n\t<meta property=\"og:image:type\" content=\"image\/jpeg\" \/>\n<meta name=\"twitter:card\" content=\"summary_large_image\" \/>\n<meta name=\"twitter:label1\" content=\"Dur\u00e9e de lecture estim\u00e9e\" \/>\n\t<meta name=\"twitter:data1\" content=\"2 minutes\" \/>\n<script type=\"application\/ld+json\" class=\"yoast-schema-graph\">{\"@context\":\"https:\/\/schema.org\",\"@graph\":[{\"@type\":\"WebPage\",\"@id\":\"https:\/\/www.vezzosisrl.com\/fr\/3235-spa-inn-2-cabinet\/\",\"url\":\"https:\/\/www.vezzosisrl.com\/fr\/3235-spa-inn-2-cabinet\/\",\"name\":\"3235 Spa-Inn 2 cabinet - Vezzosi Arredamenti\",\"isPartOf\":{\"@id\":\"https:\/\/www.vezzosisrl.com\/fr\/#website\"},\"primaryImageOfPage\":{\"@id\":\"https:\/\/www.vezzosisrl.com\/fr\/3235-spa-inn-2-cabinet\/#primaryimage\"},\"image\":{\"@id\":\"https:\/\/www.vezzosisrl.com\/fr\/3235-spa-inn-2-cabinet\/#primaryimage\"},\"thumbnailUrl\":\"https:\/\/www.vezzosisrl.com\/wp-content\/uploads\/2024\/12\/spa-in-2-LEGNO_3-4-A_sc.jpg\",\"datePublished\":\"2024-12-13T12:16:17+00:00\",\"dateModified\":\"2025-04-10T13:21:16+00:00\",\"breadcrumb\":{\"@id\":\"https:\/\/www.vezzosisrl.com\/fr\/3235-spa-inn-2-cabinet\/#breadcrumb\"},\"inLanguage\":\"fr-FR\",\"potentialAction\":[{\"@type\":\"ReadAction\",\"target\":[\"https:\/\/www.vezzosisrl.com\/fr\/3235-spa-inn-2-cabinet\/\"]}]},{\"@type\":\"ImageObject\",\"inLanguage\":\"fr-FR\",\"@id\":\"https:\/\/www.vezzosisrl.com\/fr\/3235-spa-inn-2-cabinet\/#primaryimage\",\"url\":\"https:\/\/www.vezzosisrl.com\/wp-content\/uploads\/2024\/12\/spa-in-2-LEGNO_3-4-A_sc.jpg\",\"contentUrl\":\"https:\/\/www.vezzosisrl.com\/wp-content\/uploads\/2024\/12\/spa-in-2-LEGNO_3-4-A_sc.jpg\",\"width\":1000,\"height\":749},{\"@type\":\"BreadcrumbList\",\"@id\":\"https:\/\/www.vezzosisrl.com\/fr\/3235-spa-inn-2-cabinet\/#breadcrumb\",\"itemListElement\":[{\"@type\":\"ListItem\",\"position\":1,\"name\":\"Home\",\"item\":\"https:\/\/www.vezzosisrl.com\/fr\/\"},{\"@type\":\"ListItem\",\"position\":2,\"name\":\"Produits\",\"item\":\"https:\/\/www.vezzosisrl.com\/prodotti\/\"},{\"@type\":\"ListItem\",\"position\":3,\"name\":\"3235 Spa-Inn 2 cabinet\"}]},{\"@type\":\"WebSite\",\"@id\":\"https:\/\/www.vezzosisrl.com\/fr\/#website\",\"url\":\"https:\/\/www.vezzosisrl.com\/fr\/\",\"name\":\"Vezzosi Arredamenti\",\"description\":\"\",\"potentialAction\":[{\"@type\":\"SearchAction\",\"target\":{\"@type\":\"EntryPoint\",\"urlTemplate\":\"https:\/\/www.vezzosisrl.com\/fr\/?s={search_term_string}\"},\"query-input\":{\"@type\":\"PropertyValueSpecification\",\"valueRequired\":true,\"valueName\":\"search_term_string\"}}],\"inLanguage\":\"fr-FR\"}]}<\/script>\n<!-- \/ Yoast SEO plugin. -->","yoast_head_json":{"title":"3235 Spa-Inn 2 cabinet - Vezzosi Arredamenti","robots":{"index":"index","follow":"follow","max-snippet":"max-snippet:-1","max-image-preview":"max-image-preview:large","max-video-preview":"max-video-preview:-1"},"canonical":"https:\/\/www.vezzosisrl.com\/fr\/3235-spa-inn-2-cabinet\/","og_locale":"fr_FR","og_type":"article","og_title":"3235 Spa-Inn 2 cabinet - Vezzosi Arredamenti","og_description":"Spa_inn2 est un concept innovant pour maximiser votre cabine en offrant deux services avec un seul produit : un bac de lavage enti\u00e8rement horizontal pour les services HairSpa qui se transforme en quelques secondes en un lit de beaut\u00e9 pour les massages. La cuvette descend \u00e9lectriquement permettant au si\u00e8ge de glisser vers l&#8217;avant et de...","og_url":"https:\/\/www.vezzosisrl.com\/fr\/3235-spa-inn-2-cabinet\/","og_site_name":"Vezzosi Arredamenti","article_modified_time":"2025-04-10T13:21:16+00:00","og_image":[{"width":1000,"height":749,"url":"https:\/\/www.vezzosisrl.com\/wp-content\/uploads\/2024\/12\/spa-in-2-LEGNO_3-4-A_sc.jpg","type":"image\/jpeg"}],"twitter_card":"summary_large_image","twitter_misc":{"Dur\u00e9e de lecture estim\u00e9e":"2 minutes"},"schema":{"@context":"https:\/\/schema.org","@graph":[{"@type":"WebPage","@id":"https:\/\/www.vezzosisrl.com\/fr\/3235-spa-inn-2-cabinet\/","url":"https:\/\/www.vezzosisrl.com\/fr\/3235-spa-inn-2-cabinet\/","name":"3235 Spa-Inn 2 cabinet - Vezzosi Arredamenti","isPartOf":{"@id":"https:\/\/www.vezzosisrl.com\/fr\/#website"},"primaryImageOfPage":{"@id":"https:\/\/www.vezzosisrl.com\/fr\/3235-spa-inn-2-cabinet\/#primaryimage"},"image":{"@id":"https:\/\/www.vezzosisrl.com\/fr\/3235-spa-inn-2-cabinet\/#primaryimage"},"thumbnailUrl":"https:\/\/www.vezzosisrl.com\/wp-content\/uploads\/2024\/12\/spa-in-2-LEGNO_3-4-A_sc.jpg","datePublished":"2024-12-13T12:16:17+00:00","dateModified":"2025-04-10T13:21:16+00:00","breadcrumb":{"@id":"https:\/\/www.vezzosisrl.com\/fr\/3235-spa-inn-2-cabinet\/#breadcrumb"},"inLanguage":"fr-FR","potentialAction":[{"@type":"ReadAction","target":["https:\/\/www.vezzosisrl.com\/fr\/3235-spa-inn-2-cabinet\/"]}]},{"@type":"ImageObject","inLanguage":"fr-FR","@id":"https:\/\/www.vezzosisrl.com\/fr\/3235-spa-inn-2-cabinet\/#primaryimage","url":"https:\/\/www.vezzosisrl.com\/wp-content\/uploads\/2024\/12\/spa-in-2-LEGNO_3-4-A_sc.jpg","contentUrl":"https:\/\/www.vezzosisrl.com\/wp-content\/uploads\/2024\/12\/spa-in-2-LEGNO_3-4-A_sc.jpg","width":1000,"height":749},{"@type":"BreadcrumbList","@id":"https:\/\/www.vezzosisrl.com\/fr\/3235-spa-inn-2-cabinet\/#breadcrumb","itemListElement":[{"@type":"ListItem","position":1,"name":"Home","item":"https:\/\/www.vezzosisrl.com\/fr\/"},{"@type":"ListItem","position":2,"name":"Produits","item":"https:\/\/www.vezzosisrl.com\/prodotti\/"},{"@type":"ListItem","position":3,"name":"3235 Spa-Inn 2 cabinet"}]},{"@type":"WebSite","@id":"https:\/\/www.vezzosisrl.com\/fr\/#website","url":"https:\/\/www.vezzosisrl.com\/fr\/","name":"Vezzosi Arredamenti","description":"","potentialAction":[{"@type":"SearchAction","target":{"@type":"EntryPoint","urlTemplate":"https:\/\/www.vezzosisrl.com\/fr\/?s={search_term_string}"},"query-input":{"@type":"PropertyValueSpecification","valueRequired":true,"valueName":"search_term_string"}}],"inLanguage":"fr-FR"}]}},"_links":{"self":[{"href":"https:\/\/www.vezzosisrl.com\/fr\/wp-json\/wp\/v2\/product\/11981","targetHints":{"allow":["GET"]}}],"collection":[{"href":"https:\/\/www.vezzosisrl.com\/fr\/wp-json\/wp\/v2\/product"}],"about":[{"href":"https:\/\/www.vezzosisrl.com\/fr\/wp-json\/wp\/v2\/types\/product"}],"wp:featuredmedia":[{"embeddable":true,"href":"https:\/\/www.vezzosisrl.com\/fr\/wp-json\/wp\/v2\/media\/12303"}],"wp:attachment":[{"href":"https:\/\/www.vezzosisrl.com\/fr\/wp-json\/wp\/v2\/media?parent=11981"}],"wp:term":[{"taxonomy":"product_brand","embeddable":true,"href":"https:\/\/www.vezzosisrl.com\/fr\/wp-json\/wp\/v2\/product_brand?post=11981"},{"taxonomy":"product_cat","embeddable":true,"href":"https:\/\/www.vezzosisrl.com\/fr\/wp-json\/wp\/v2\/product_cat?post=11981"},{"taxonomy":"product_tag","embeddable":true,"href":"https:\/\/www.vezzosisrl.com\/fr\/wp-json\/wp\/v2\/product_tag?post=11981"}],"curies":[{"name":"wp","href":"https:\/\/api.w.org\/{rel}","templated":true}]}}