{"id":12555,"date":"2025-04-09T17:20:30","date_gmt":"2025-04-09T15:20:30","guid":{"rendered":"https:\/\/www.vezzosisrl.com\/prodotto\/7297-v-mist\/"},"modified":"2025-04-09T17:25:34","modified_gmt":"2025-04-09T15:25:34","slug":"7297-v-mist","status":"publish","type":"product","link":"https:\/\/www.vezzosisrl.com\/fr\/7297-v-mist\/","title":{"rendered":"7297 V-Mist"},"content":{"rendered":"<p>Vaporisateur \u00e0 ultrasons qui am\u00e9liore l&#8217;efficacit\u00e9 des traitements capillaires.<br \/>\nLa technologie des ultrasons permet de d\u00e9livrer une vapeur n\u00e9bulis\u00e9e qui aide les cuticules \u00e0 s&#8217;ouvrir ; de cette fa\u00e7on, les traitements et les couleurs p\u00e9n\u00e8trent plus profond\u00e9ment pour des r\u00e9sultats plus durables. la fonction Ozone permet de st\u00e9riliser la peau et d&#8217;\u00e9liminer les odeurs de produits chimiques.<br \/>\nLa double distribution permet d&#8217;utiliser un appareil simultan\u00e9ment sur deux lavages c\u00f4te \u00e0 c\u00f4te.<\/p>\n","protected":false},"excerpt":{"rendered":"<p>Vaporisateur \u00e0 ultrasons qui am\u00e9liore l&#8217;efficacit\u00e9 des traitements capillaires. La technologie des ultrasons permet de d\u00e9livrer une vapeur n\u00e9bulis\u00e9e qui aide les cuticules \u00e0 s&#8217;ouvrir ; de cette fa\u00e7on, les traitements et les couleurs p\u00e9n\u00e8trent plus profond\u00e9ment pour des r\u00e9sultats plus durables. la fonction Ozone permet de st\u00e9riliser la peau et d&#8217;\u00e9liminer les odeurs de&#8230;<\/p>\n","protected":false},"featured_media":12532,"template":"","meta":[],"product_brand":[],"product_cat":[621],"product_tag":[],"class_list":{"0":"post-12555","1":"product","2":"type-product","3":"status-publish","4":"has-post-thumbnail","6":"product_cat-hair-spa-concepts","8":"first","9":"instock","10":"shipping-taxable","11":"product-type-simple"},"acf":[],"yoast_head":"<!-- This site is optimized with the Yoast SEO plugin v26.9 - https:\/\/yoast.com\/product\/yoast-seo-wordpress\/ -->\n<title>7297 V-Mist - Vezzosi Arredamenti<\/title>\n<meta name=\"robots\" content=\"index, follow, max-snippet:-1, max-image-preview:large, max-video-preview:-1\" \/>\n<link rel=\"canonical\" href=\"https:\/\/www.vezzosisrl.com\/fr\/7297-v-mist\/\" \/>\n<meta property=\"og:locale\" content=\"fr_FR\" \/>\n<meta property=\"og:type\" content=\"article\" \/>\n<meta property=\"og:title\" content=\"7297 V-Mist - Vezzosi Arredamenti\" \/>\n<meta property=\"og:description\" content=\"Vaporisateur \u00e0 ultrasons qui am\u00e9liore l&#8217;efficacit\u00e9 des traitements capillaires. La technologie des ultrasons permet de d\u00e9livrer une vapeur n\u00e9bulis\u00e9e qui aide les cuticules \u00e0 s&#8217;ouvrir ; de cette fa\u00e7on, les traitements et les couleurs p\u00e9n\u00e8trent plus profond\u00e9ment pour des r\u00e9sultats plus durables. la fonction Ozone permet de st\u00e9riliser la peau et d&#8217;\u00e9liminer les odeurs de...\" \/>\n<meta property=\"og:url\" content=\"https:\/\/www.vezzosisrl.com\/fr\/7297-v-mist\/\" \/>\n<meta property=\"og:site_name\" content=\"Vezzosi Arredamenti\" \/>\n<meta property=\"article:modified_time\" content=\"2025-04-09T15:25:34+00:00\" \/>\n<meta property=\"og:image\" content=\"https:\/\/www.vezzosisrl.com\/wp-content\/uploads\/2025\/04\/Vaporizzatore_sc-1.jpg\" \/>\n\t<meta property=\"og:image:width\" content=\"1059\" \/>\n\t<meta property=\"og:image:height\" content=\"1700\" \/>\n\t<meta property=\"og:image:type\" content=\"image\/jpeg\" \/>\n<meta name=\"twitter:card\" content=\"summary_large_image\" \/>\n<meta name=\"twitter:label1\" content=\"Dur\u00e9e de lecture estim\u00e9e\" \/>\n\t<meta name=\"twitter:data1\" content=\"1 minute\" \/>\n<script type=\"application\/ld+json\" class=\"yoast-schema-graph\">{\"@context\":\"https:\/\/schema.org\",\"@graph\":[{\"@type\":\"WebPage\",\"@id\":\"https:\/\/www.vezzosisrl.com\/fr\/7297-v-mist\/\",\"url\":\"https:\/\/www.vezzosisrl.com\/fr\/7297-v-mist\/\",\"name\":\"7297 V-Mist - Vezzosi Arredamenti\",\"isPartOf\":{\"@id\":\"https:\/\/www.vezzosisrl.com\/fr\/#website\"},\"primaryImageOfPage\":{\"@id\":\"https:\/\/www.vezzosisrl.com\/fr\/7297-v-mist\/#primaryimage\"},\"image\":{\"@id\":\"https:\/\/www.vezzosisrl.com\/fr\/7297-v-mist\/#primaryimage\"},\"thumbnailUrl\":\"https:\/\/www.vezzosisrl.com\/wp-content\/uploads\/2025\/04\/Vaporizzatore_sc-1.jpg\",\"datePublished\":\"2025-04-09T15:20:30+00:00\",\"dateModified\":\"2025-04-09T15:25:34+00:00\",\"breadcrumb\":{\"@id\":\"https:\/\/www.vezzosisrl.com\/fr\/7297-v-mist\/#breadcrumb\"},\"inLanguage\":\"fr-FR\",\"potentialAction\":[{\"@type\":\"ReadAction\",\"target\":[\"https:\/\/www.vezzosisrl.com\/fr\/7297-v-mist\/\"]}]},{\"@type\":\"ImageObject\",\"inLanguage\":\"fr-FR\",\"@id\":\"https:\/\/www.vezzosisrl.com\/fr\/7297-v-mist\/#primaryimage\",\"url\":\"https:\/\/www.vezzosisrl.com\/wp-content\/uploads\/2025\/04\/Vaporizzatore_sc-1.jpg\",\"contentUrl\":\"https:\/\/www.vezzosisrl.com\/wp-content\/uploads\/2025\/04\/Vaporizzatore_sc-1.jpg\",\"width\":1059,\"height\":1700},{\"@type\":\"BreadcrumbList\",\"@id\":\"https:\/\/www.vezzosisrl.com\/fr\/7297-v-mist\/#breadcrumb\",\"itemListElement\":[{\"@type\":\"ListItem\",\"position\":1,\"name\":\"Home\",\"item\":\"https:\/\/www.vezzosisrl.com\/fr\/\"},{\"@type\":\"ListItem\",\"position\":2,\"name\":\"Produits\",\"item\":\"https:\/\/www.vezzosisrl.com\/prodotti\/\"},{\"@type\":\"ListItem\",\"position\":3,\"name\":\"7297 V-Mist\"}]},{\"@type\":\"WebSite\",\"@id\":\"https:\/\/www.vezzosisrl.com\/fr\/#website\",\"url\":\"https:\/\/www.vezzosisrl.com\/fr\/\",\"name\":\"Vezzosi Arredamenti\",\"description\":\"\",\"potentialAction\":[{\"@type\":\"SearchAction\",\"target\":{\"@type\":\"EntryPoint\",\"urlTemplate\":\"https:\/\/www.vezzosisrl.com\/fr\/?s={search_term_string}\"},\"query-input\":{\"@type\":\"PropertyValueSpecification\",\"valueRequired\":true,\"valueName\":\"search_term_string\"}}],\"inLanguage\":\"fr-FR\"}]}<\/script>\n<!-- \/ Yoast SEO plugin. -->","yoast_head_json":{"title":"7297 V-Mist - Vezzosi Arredamenti","robots":{"index":"index","follow":"follow","max-snippet":"max-snippet:-1","max-image-preview":"max-image-preview:large","max-video-preview":"max-video-preview:-1"},"canonical":"https:\/\/www.vezzosisrl.com\/fr\/7297-v-mist\/","og_locale":"fr_FR","og_type":"article","og_title":"7297 V-Mist - Vezzosi Arredamenti","og_description":"Vaporisateur \u00e0 ultrasons qui am\u00e9liore l&#8217;efficacit\u00e9 des traitements capillaires. La technologie des ultrasons permet de d\u00e9livrer une vapeur n\u00e9bulis\u00e9e qui aide les cuticules \u00e0 s&#8217;ouvrir ; de cette fa\u00e7on, les traitements et les couleurs p\u00e9n\u00e8trent plus profond\u00e9ment pour des r\u00e9sultats plus durables. la fonction Ozone permet de st\u00e9riliser la peau et d&#8217;\u00e9liminer les odeurs de...","og_url":"https:\/\/www.vezzosisrl.com\/fr\/7297-v-mist\/","og_site_name":"Vezzosi Arredamenti","article_modified_time":"2025-04-09T15:25:34+00:00","og_image":[{"width":1059,"height":1700,"url":"https:\/\/www.vezzosisrl.com\/wp-content\/uploads\/2025\/04\/Vaporizzatore_sc-1.jpg","type":"image\/jpeg"}],"twitter_card":"summary_large_image","twitter_misc":{"Dur\u00e9e de lecture estim\u00e9e":"1 minute"},"schema":{"@context":"https:\/\/schema.org","@graph":[{"@type":"WebPage","@id":"https:\/\/www.vezzosisrl.com\/fr\/7297-v-mist\/","url":"https:\/\/www.vezzosisrl.com\/fr\/7297-v-mist\/","name":"7297 V-Mist - Vezzosi Arredamenti","isPartOf":{"@id":"https:\/\/www.vezzosisrl.com\/fr\/#website"},"primaryImageOfPage":{"@id":"https:\/\/www.vezzosisrl.com\/fr\/7297-v-mist\/#primaryimage"},"image":{"@id":"https:\/\/www.vezzosisrl.com\/fr\/7297-v-mist\/#primaryimage"},"thumbnailUrl":"https:\/\/www.vezzosisrl.com\/wp-content\/uploads\/2025\/04\/Vaporizzatore_sc-1.jpg","datePublished":"2025-04-09T15:20:30+00:00","dateModified":"2025-04-09T15:25:34+00:00","breadcrumb":{"@id":"https:\/\/www.vezzosisrl.com\/fr\/7297-v-mist\/#breadcrumb"},"inLanguage":"fr-FR","potentialAction":[{"@type":"ReadAction","target":["https:\/\/www.vezzosisrl.com\/fr\/7297-v-mist\/"]}]},{"@type":"ImageObject","inLanguage":"fr-FR","@id":"https:\/\/www.vezzosisrl.com\/fr\/7297-v-mist\/#primaryimage","url":"https:\/\/www.vezzosisrl.com\/wp-content\/uploads\/2025\/04\/Vaporizzatore_sc-1.jpg","contentUrl":"https:\/\/www.vezzosisrl.com\/wp-content\/uploads\/2025\/04\/Vaporizzatore_sc-1.jpg","width":1059,"height":1700},{"@type":"BreadcrumbList","@id":"https:\/\/www.vezzosisrl.com\/fr\/7297-v-mist\/#breadcrumb","itemListElement":[{"@type":"ListItem","position":1,"name":"Home","item":"https:\/\/www.vezzosisrl.com\/fr\/"},{"@type":"ListItem","position":2,"name":"Produits","item":"https:\/\/www.vezzosisrl.com\/prodotti\/"},{"@type":"ListItem","position":3,"name":"7297 V-Mist"}]},{"@type":"WebSite","@id":"https:\/\/www.vezzosisrl.com\/fr\/#website","url":"https:\/\/www.vezzosisrl.com\/fr\/","name":"Vezzosi Arredamenti","description":"","potentialAction":[{"@type":"SearchAction","target":{"@type":"EntryPoint","urlTemplate":"https:\/\/www.vezzosisrl.com\/fr\/?s={search_term_string}"},"query-input":{"@type":"PropertyValueSpecification","valueRequired":true,"valueName":"search_term_string"}}],"inLanguage":"fr-FR"}]}},"_links":{"self":[{"href":"https:\/\/www.vezzosisrl.com\/fr\/wp-json\/wp\/v2\/product\/12555","targetHints":{"allow":["GET"]}}],"collection":[{"href":"https:\/\/www.vezzosisrl.com\/fr\/wp-json\/wp\/v2\/product"}],"about":[{"href":"https:\/\/www.vezzosisrl.com\/fr\/wp-json\/wp\/v2\/types\/product"}],"wp:featuredmedia":[{"embeddable":true,"href":"https:\/\/www.vezzosisrl.com\/fr\/wp-json\/wp\/v2\/media\/12532"}],"wp:attachment":[{"href":"https:\/\/www.vezzosisrl.com\/fr\/wp-json\/wp\/v2\/media?parent=12555"}],"wp:term":[{"taxonomy":"product_brand","embeddable":true,"href":"https:\/\/www.vezzosisrl.com\/fr\/wp-json\/wp\/v2\/product_brand?post=12555"},{"taxonomy":"product_cat","embeddable":true,"href":"https:\/\/www.vezzosisrl.com\/fr\/wp-json\/wp\/v2\/product_cat?post=12555"},{"taxonomy":"product_tag","embeddable":true,"href":"https:\/\/www.vezzosisrl.com\/fr\/wp-json\/wp\/v2\/product_tag?post=12555"}],"curies":[{"name":"wp","href":"https:\/\/api.w.org\/{rel}","templated":true}]}}