{"id":8966,"date":"2023-05-26T12:51:44","date_gmt":"2023-05-26T10:51:44","guid":{"rendered":"http:\/\/vsrl.sviluppokeyweb.com\/prodotto\/9327-epoque-wall\/"},"modified":"2024-01-10T11:36:44","modified_gmt":"2024-01-10T10:36:44","slug":"9327-epoque-wall","status":"publish","type":"product","link":"https:\/\/www.vezzosisrl.com\/fr\/9327-epoque-wall\/","title":{"rendered":"9327 EPOQUE WALL"},"content":{"rendered":"<p>Epoque Wall est un miroir en verre moul\u00e9 avec une finition en verre extra clair. Le miroir central pr\u00e9sente un bord poli avec un \u00e9clairage LED int\u00e9gr\u00e9 et un plan de travail stratifi\u00e9. Les repose-pieds sont inclus.<\/p>\n","protected":false},"excerpt":{"rendered":"<p>Epoque Wall est un miroir en verre moul\u00e9 avec une finition en verre extra clair. Le miroir central pr\u00e9sente un bord poli avec un \u00e9clairage LED int\u00e9gr\u00e9 et un plan de travail stratifi\u00e9. Les repose-pieds sont inclus.<\/p>\n","protected":false},"featured_media":7147,"template":"","meta":[],"product_brand":[],"product_cat":[432],"product_tag":[],"class_list":{"0":"post-8966","1":"product","2":"type-product","3":"status-publish","4":"has-post-thumbnail","6":"product_cat-postes-de-travail","7":"pa_collezione-vezzosi-style-fr","8":"pa_tipologie-reception-caisse-eclairee-achat-meuble-comptoir-entree-pour-detaillants-coiffeurs","9":"pa_tipologie-cout-coiffeuse-etagere-repose-pieds-postes-plan-travail-mural","10":"pa_tipologie-singolo-fr","12":"first","13":"instock","14":"product-type-simple"},"acf":[],"yoast_head":"<!-- This site is optimized with the Yoast SEO plugin v26.9 - https:\/\/yoast.com\/product\/yoast-seo-wordpress\/ -->\n<title>9327 EPOQUE WALL - Vezzosi Arredamenti<\/title>\n<meta name=\"robots\" content=\"index, follow, max-snippet:-1, max-image-preview:large, max-video-preview:-1\" \/>\n<link rel=\"canonical\" href=\"https:\/\/www.vezzosisrl.com\/fr\/9327-epoque-wall\/\" \/>\n<meta property=\"og:locale\" content=\"fr_FR\" \/>\n<meta property=\"og:type\" content=\"article\" \/>\n<meta property=\"og:title\" content=\"9327 EPOQUE WALL - Vezzosi Arredamenti\" \/>\n<meta property=\"og:description\" content=\"Epoque Wall est un miroir en verre moul\u00e9 avec une finition en verre extra clair. Le miroir central pr\u00e9sente un bord poli avec un \u00e9clairage LED int\u00e9gr\u00e9 et un plan de travail stratifi\u00e9. Les repose-pieds sont inclus.\" \/>\n<meta property=\"og:url\" content=\"https:\/\/www.vezzosisrl.com\/fr\/9327-epoque-wall\/\" \/>\n<meta property=\"og:site_name\" content=\"Vezzosi Arredamenti\" \/>\n<meta property=\"article:modified_time\" content=\"2024-01-10T10:36:44+00:00\" \/>\n<meta property=\"og:image\" content=\"https:\/\/www.vezzosisrl.com\/wp-content\/uploads\/2023\/05\/epoque-wall.jpg\" \/>\n\t<meta property=\"og:image:width\" content=\"900\" \/>\n\t<meta property=\"og:image:height\" content=\"900\" \/>\n\t<meta property=\"og:image:type\" content=\"image\/jpeg\" \/>\n<meta name=\"twitter:card\" content=\"summary_large_image\" \/>\n<script type=\"application\/ld+json\" class=\"yoast-schema-graph\">{\"@context\":\"https:\/\/schema.org\",\"@graph\":[{\"@type\":\"WebPage\",\"@id\":\"https:\/\/www.vezzosisrl.com\/fr\/9327-epoque-wall\/\",\"url\":\"https:\/\/www.vezzosisrl.com\/fr\/9327-epoque-wall\/\",\"name\":\"9327 EPOQUE WALL - Vezzosi Arredamenti\",\"isPartOf\":{\"@id\":\"https:\/\/www.vezzosisrl.com\/fr\/#website\"},\"primaryImageOfPage\":{\"@id\":\"https:\/\/www.vezzosisrl.com\/fr\/9327-epoque-wall\/#primaryimage\"},\"image\":{\"@id\":\"https:\/\/www.vezzosisrl.com\/fr\/9327-epoque-wall\/#primaryimage\"},\"thumbnailUrl\":\"https:\/\/www.vezzosisrl.com\/wp-content\/uploads\/2023\/05\/epoque-wall.jpg\",\"datePublished\":\"2023-05-26T10:51:44+00:00\",\"dateModified\":\"2024-01-10T10:36:44+00:00\",\"breadcrumb\":{\"@id\":\"https:\/\/www.vezzosisrl.com\/fr\/9327-epoque-wall\/#breadcrumb\"},\"inLanguage\":\"fr-FR\",\"potentialAction\":[{\"@type\":\"ReadAction\",\"target\":[\"https:\/\/www.vezzosisrl.com\/fr\/9327-epoque-wall\/\"]}]},{\"@type\":\"ImageObject\",\"inLanguage\":\"fr-FR\",\"@id\":\"https:\/\/www.vezzosisrl.com\/fr\/9327-epoque-wall\/#primaryimage\",\"url\":\"https:\/\/www.vezzosisrl.com\/wp-content\/uploads\/2023\/05\/epoque-wall.jpg\",\"contentUrl\":\"https:\/\/www.vezzosisrl.com\/wp-content\/uploads\/2023\/05\/epoque-wall.jpg\",\"width\":900,\"height\":900},{\"@type\":\"BreadcrumbList\",\"@id\":\"https:\/\/www.vezzosisrl.com\/fr\/9327-epoque-wall\/#breadcrumb\",\"itemListElement\":[{\"@type\":\"ListItem\",\"position\":1,\"name\":\"Home\",\"item\":\"https:\/\/www.vezzosisrl.com\/fr\/\"},{\"@type\":\"ListItem\",\"position\":2,\"name\":\"Produits\",\"item\":\"https:\/\/www.vezzosisrl.com\/prodotti\/\"},{\"@type\":\"ListItem\",\"position\":3,\"name\":\"9327 EPOQUE WALL\"}]},{\"@type\":\"WebSite\",\"@id\":\"https:\/\/www.vezzosisrl.com\/fr\/#website\",\"url\":\"https:\/\/www.vezzosisrl.com\/fr\/\",\"name\":\"Vezzosi Arredamenti\",\"description\":\"\",\"potentialAction\":[{\"@type\":\"SearchAction\",\"target\":{\"@type\":\"EntryPoint\",\"urlTemplate\":\"https:\/\/www.vezzosisrl.com\/fr\/?s={search_term_string}\"},\"query-input\":{\"@type\":\"PropertyValueSpecification\",\"valueRequired\":true,\"valueName\":\"search_term_string\"}}],\"inLanguage\":\"fr-FR\"}]}<\/script>\n<!-- \/ Yoast SEO plugin. -->","yoast_head_json":{"title":"9327 EPOQUE WALL - Vezzosi Arredamenti","robots":{"index":"index","follow":"follow","max-snippet":"max-snippet:-1","max-image-preview":"max-image-preview:large","max-video-preview":"max-video-preview:-1"},"canonical":"https:\/\/www.vezzosisrl.com\/fr\/9327-epoque-wall\/","og_locale":"fr_FR","og_type":"article","og_title":"9327 EPOQUE WALL - Vezzosi Arredamenti","og_description":"Epoque Wall est un miroir en verre moul\u00e9 avec une finition en verre extra clair. Le miroir central pr\u00e9sente un bord poli avec un \u00e9clairage LED int\u00e9gr\u00e9 et un plan de travail stratifi\u00e9. Les repose-pieds sont inclus.","og_url":"https:\/\/www.vezzosisrl.com\/fr\/9327-epoque-wall\/","og_site_name":"Vezzosi Arredamenti","article_modified_time":"2024-01-10T10:36:44+00:00","og_image":[{"width":900,"height":900,"url":"https:\/\/www.vezzosisrl.com\/wp-content\/uploads\/2023\/05\/epoque-wall.jpg","type":"image\/jpeg"}],"twitter_card":"summary_large_image","schema":{"@context":"https:\/\/schema.org","@graph":[{"@type":"WebPage","@id":"https:\/\/www.vezzosisrl.com\/fr\/9327-epoque-wall\/","url":"https:\/\/www.vezzosisrl.com\/fr\/9327-epoque-wall\/","name":"9327 EPOQUE WALL - Vezzosi Arredamenti","isPartOf":{"@id":"https:\/\/www.vezzosisrl.com\/fr\/#website"},"primaryImageOfPage":{"@id":"https:\/\/www.vezzosisrl.com\/fr\/9327-epoque-wall\/#primaryimage"},"image":{"@id":"https:\/\/www.vezzosisrl.com\/fr\/9327-epoque-wall\/#primaryimage"},"thumbnailUrl":"https:\/\/www.vezzosisrl.com\/wp-content\/uploads\/2023\/05\/epoque-wall.jpg","datePublished":"2023-05-26T10:51:44+00:00","dateModified":"2024-01-10T10:36:44+00:00","breadcrumb":{"@id":"https:\/\/www.vezzosisrl.com\/fr\/9327-epoque-wall\/#breadcrumb"},"inLanguage":"fr-FR","potentialAction":[{"@type":"ReadAction","target":["https:\/\/www.vezzosisrl.com\/fr\/9327-epoque-wall\/"]}]},{"@type":"ImageObject","inLanguage":"fr-FR","@id":"https:\/\/www.vezzosisrl.com\/fr\/9327-epoque-wall\/#primaryimage","url":"https:\/\/www.vezzosisrl.com\/wp-content\/uploads\/2023\/05\/epoque-wall.jpg","contentUrl":"https:\/\/www.vezzosisrl.com\/wp-content\/uploads\/2023\/05\/epoque-wall.jpg","width":900,"height":900},{"@type":"BreadcrumbList","@id":"https:\/\/www.vezzosisrl.com\/fr\/9327-epoque-wall\/#breadcrumb","itemListElement":[{"@type":"ListItem","position":1,"name":"Home","item":"https:\/\/www.vezzosisrl.com\/fr\/"},{"@type":"ListItem","position":2,"name":"Produits","item":"https:\/\/www.vezzosisrl.com\/prodotti\/"},{"@type":"ListItem","position":3,"name":"9327 EPOQUE WALL"}]},{"@type":"WebSite","@id":"https:\/\/www.vezzosisrl.com\/fr\/#website","url":"https:\/\/www.vezzosisrl.com\/fr\/","name":"Vezzosi Arredamenti","description":"","potentialAction":[{"@type":"SearchAction","target":{"@type":"EntryPoint","urlTemplate":"https:\/\/www.vezzosisrl.com\/fr\/?s={search_term_string}"},"query-input":{"@type":"PropertyValueSpecification","valueRequired":true,"valueName":"search_term_string"}}],"inLanguage":"fr-FR"}]}},"_links":{"self":[{"href":"https:\/\/www.vezzosisrl.com\/fr\/wp-json\/wp\/v2\/product\/8966","targetHints":{"allow":["GET"]}}],"collection":[{"href":"https:\/\/www.vezzosisrl.com\/fr\/wp-json\/wp\/v2\/product"}],"about":[{"href":"https:\/\/www.vezzosisrl.com\/fr\/wp-json\/wp\/v2\/types\/product"}],"wp:featuredmedia":[{"embeddable":true,"href":"https:\/\/www.vezzosisrl.com\/fr\/wp-json\/wp\/v2\/media\/7147"}],"wp:attachment":[{"href":"https:\/\/www.vezzosisrl.com\/fr\/wp-json\/wp\/v2\/media?parent=8966"}],"wp:term":[{"taxonomy":"product_brand","embeddable":true,"href":"https:\/\/www.vezzosisrl.com\/fr\/wp-json\/wp\/v2\/product_brand?post=8966"},{"taxonomy":"product_cat","embeddable":true,"href":"https:\/\/www.vezzosisrl.com\/fr\/wp-json\/wp\/v2\/product_cat?post=8966"},{"taxonomy":"product_tag","embeddable":true,"href":"https:\/\/www.vezzosisrl.com\/fr\/wp-json\/wp\/v2\/product_tag?post=8966"}],"curies":[{"name":"wp","href":"https:\/\/api.w.org\/{rel}","templated":true}]}}