{"id":8972,"date":"2023-05-26T12:50:19","date_gmt":"2023-05-26T10:50:19","guid":{"rendered":"http:\/\/vsrl.sviluppokeyweb.com\/prodotto\/1410-p06-oro-poltrona-fancy\/"},"modified":"2024-03-08T14:55:54","modified_gmt":"2024-03-08T13:55:54","slug":"1410-p06-oro-poltrona-fancy","status":"publish","type":"product","link":"https:\/\/www.vezzosisrl.com\/fr\/1410-p06-oro-poltrona-fancy\/","title":{"rendered":"1410 &#8211; P06 OR &#8211; FANCY FAUTEUIL"},"content":{"rendered":"<p>Le fauteuil de coiffure de la ligne Fancy est \u00e9galement disponible dans une couleur plus claire. Il s&#8217;agit d&#8217;un fauteuil rembourr\u00e9, recouvert de ska\u00ef, avec une base en acier et une pompe hydraulique peinte en or. Tous les articles de la collection Fancy peuvent \u00e9galement \u00eatre utilis\u00e9s comme mobilier de salon de coiffure.<\/p>\n","protected":false},"excerpt":{"rendered":"<p>Le fauteuil de coiffure de la ligne Fancy est \u00e9galement disponible dans une couleur plus claire. Il s&#8217;agit d&#8217;un fauteuil rembourr\u00e9, recouvert de ska\u00ef, avec une base en acier et une pompe hydraulique peinte en or. Tous les articles de la collection Fancy peuvent \u00e9galement \u00eatre utilis\u00e9s comme mobilier de salon de coiffure.<\/p>\n","protected":false},"featured_media":11022,"template":"","meta":[],"product_brand":[],"product_cat":[354],"product_tag":[],"class_list":{"0":"post-8972","1":"product","2":"type-product","3":"status-publish","4":"has-post-thumbnail","6":"product_cat-fauteuils-de-travail","7":"pa_collezione-vezzosi-style-fr","8":"pa_collezione-meubler-nouveau-salon-de-coiffure-articles-artisanaux-italiens","9":"pa_tipologie-tonda-fr","11":"first","12":"instock","13":"product-type-simple"},"acf":[],"yoast_head":"<!-- This site is optimized with the Yoast SEO plugin v26.9 - https:\/\/yoast.com\/product\/yoast-seo-wordpress\/ -->\n<title>FANCY fauteuil dor\u00e9<\/title>\n<meta name=\"description\" content=\"Le petit fauteuil FANCY est un si\u00e8ge tapiss\u00e9 recouvert de ska\u00ef, id\u00e9al pour un salon de coiffure ou un salon de barbier. Disponible en noir et en or.\" \/>\n<meta name=\"robots\" content=\"index, follow, max-snippet:-1, max-image-preview:large, max-video-preview:-1\" \/>\n<link rel=\"canonical\" href=\"https:\/\/www.vezzosisrl.com\/fr\/1410-p06-oro-poltrona-fancy\/\" \/>\n<meta property=\"og:locale\" content=\"fr_FR\" \/>\n<meta property=\"og:type\" content=\"article\" \/>\n<meta property=\"og:title\" content=\"FANCY fauteuil dor\u00e9\" \/>\n<meta property=\"og:description\" content=\"Le petit fauteuil FANCY est un si\u00e8ge tapiss\u00e9 recouvert de ska\u00ef, id\u00e9al pour un salon de coiffure ou un salon de barbier. Disponible en noir et en or.\" \/>\n<meta property=\"og:url\" content=\"https:\/\/www.vezzosisrl.com\/fr\/1410-p06-oro-poltrona-fancy\/\" \/>\n<meta property=\"og:site_name\" content=\"Vezzosi Arredamenti\" \/>\n<meta property=\"article:modified_time\" content=\"2024-03-08T13:55:54+00:00\" \/>\n<meta property=\"og:image\" content=\"https:\/\/www.vezzosisrl.com\/wp-content\/uploads\/2023\/05\/FANCYROSAFRONT.jpg\" \/>\n\t<meta property=\"og:image:width\" content=\"1000\" \/>\n\t<meta property=\"og:image:height\" content=\"1000\" \/>\n\t<meta property=\"og:image:type\" content=\"image\/jpeg\" \/>\n<meta name=\"twitter:card\" content=\"summary_large_image\" \/>\n<meta name=\"twitter:label1\" content=\"Dur\u00e9e de lecture estim\u00e9e\" \/>\n\t<meta name=\"twitter:data1\" content=\"1 minute\" \/>\n<script type=\"application\/ld+json\" class=\"yoast-schema-graph\">{\"@context\":\"https:\/\/schema.org\",\"@graph\":[{\"@type\":\"WebPage\",\"@id\":\"https:\/\/www.vezzosisrl.com\/fr\/1410-p06-oro-poltrona-fancy\/\",\"url\":\"https:\/\/www.vezzosisrl.com\/fr\/1410-p06-oro-poltrona-fancy\/\",\"name\":\"FANCY fauteuil dor\u00e9\",\"isPartOf\":{\"@id\":\"https:\/\/www.vezzosisrl.com\/fr\/#website\"},\"primaryImageOfPage\":{\"@id\":\"https:\/\/www.vezzosisrl.com\/fr\/1410-p06-oro-poltrona-fancy\/#primaryimage\"},\"image\":{\"@id\":\"https:\/\/www.vezzosisrl.com\/fr\/1410-p06-oro-poltrona-fancy\/#primaryimage\"},\"thumbnailUrl\":\"https:\/\/www.vezzosisrl.com\/wp-content\/uploads\/2023\/05\/FANCYROSAFRONT.jpg\",\"datePublished\":\"2023-05-26T10:50:19+00:00\",\"dateModified\":\"2024-03-08T13:55:54+00:00\",\"description\":\"Le petit fauteuil FANCY est un si\u00e8ge tapiss\u00e9 recouvert de ska\u00ef, id\u00e9al pour un salon de coiffure ou un salon de barbier. Disponible en noir et en or.\",\"breadcrumb\":{\"@id\":\"https:\/\/www.vezzosisrl.com\/fr\/1410-p06-oro-poltrona-fancy\/#breadcrumb\"},\"inLanguage\":\"fr-FR\",\"potentialAction\":[{\"@type\":\"ReadAction\",\"target\":[\"https:\/\/www.vezzosisrl.com\/fr\/1410-p06-oro-poltrona-fancy\/\"]}]},{\"@type\":\"ImageObject\",\"inLanguage\":\"fr-FR\",\"@id\":\"https:\/\/www.vezzosisrl.com\/fr\/1410-p06-oro-poltrona-fancy\/#primaryimage\",\"url\":\"https:\/\/www.vezzosisrl.com\/wp-content\/uploads\/2023\/05\/FANCYROSAFRONT.jpg\",\"contentUrl\":\"https:\/\/www.vezzosisrl.com\/wp-content\/uploads\/2023\/05\/FANCYROSAFRONT.jpg\",\"width\":1000,\"height\":1000},{\"@type\":\"BreadcrumbList\",\"@id\":\"https:\/\/www.vezzosisrl.com\/fr\/1410-p06-oro-poltrona-fancy\/#breadcrumb\",\"itemListElement\":[{\"@type\":\"ListItem\",\"position\":1,\"name\":\"Home\",\"item\":\"https:\/\/www.vezzosisrl.com\/fr\/\"},{\"@type\":\"ListItem\",\"position\":2,\"name\":\"Produits\",\"item\":\"https:\/\/www.vezzosisrl.com\/prodotti\/\"},{\"@type\":\"ListItem\",\"position\":3,\"name\":\"1410 &#8211; P06 OR &#8211; FANCY FAUTEUIL\"}]},{\"@type\":\"WebSite\",\"@id\":\"https:\/\/www.vezzosisrl.com\/fr\/#website\",\"url\":\"https:\/\/www.vezzosisrl.com\/fr\/\",\"name\":\"Vezzosi Arredamenti\",\"description\":\"\",\"potentialAction\":[{\"@type\":\"SearchAction\",\"target\":{\"@type\":\"EntryPoint\",\"urlTemplate\":\"https:\/\/www.vezzosisrl.com\/fr\/?s={search_term_string}\"},\"query-input\":{\"@type\":\"PropertyValueSpecification\",\"valueRequired\":true,\"valueName\":\"search_term_string\"}}],\"inLanguage\":\"fr-FR\"}]}<\/script>\n<!-- \/ Yoast SEO plugin. -->","yoast_head_json":{"title":"FANCY fauteuil dor\u00e9","description":"Le petit fauteuil FANCY est un si\u00e8ge tapiss\u00e9 recouvert de ska\u00ef, id\u00e9al pour un salon de coiffure ou un salon de barbier. Disponible en noir et en or.","robots":{"index":"index","follow":"follow","max-snippet":"max-snippet:-1","max-image-preview":"max-image-preview:large","max-video-preview":"max-video-preview:-1"},"canonical":"https:\/\/www.vezzosisrl.com\/fr\/1410-p06-oro-poltrona-fancy\/","og_locale":"fr_FR","og_type":"article","og_title":"FANCY fauteuil dor\u00e9","og_description":"Le petit fauteuil FANCY est un si\u00e8ge tapiss\u00e9 recouvert de ska\u00ef, id\u00e9al pour un salon de coiffure ou un salon de barbier. Disponible en noir et en or.","og_url":"https:\/\/www.vezzosisrl.com\/fr\/1410-p06-oro-poltrona-fancy\/","og_site_name":"Vezzosi Arredamenti","article_modified_time":"2024-03-08T13:55:54+00:00","og_image":[{"width":1000,"height":1000,"url":"https:\/\/www.vezzosisrl.com\/wp-content\/uploads\/2023\/05\/FANCYROSAFRONT.jpg","type":"image\/jpeg"}],"twitter_card":"summary_large_image","twitter_misc":{"Dur\u00e9e de lecture estim\u00e9e":"1 minute"},"schema":{"@context":"https:\/\/schema.org","@graph":[{"@type":"WebPage","@id":"https:\/\/www.vezzosisrl.com\/fr\/1410-p06-oro-poltrona-fancy\/","url":"https:\/\/www.vezzosisrl.com\/fr\/1410-p06-oro-poltrona-fancy\/","name":"FANCY fauteuil dor\u00e9","isPartOf":{"@id":"https:\/\/www.vezzosisrl.com\/fr\/#website"},"primaryImageOfPage":{"@id":"https:\/\/www.vezzosisrl.com\/fr\/1410-p06-oro-poltrona-fancy\/#primaryimage"},"image":{"@id":"https:\/\/www.vezzosisrl.com\/fr\/1410-p06-oro-poltrona-fancy\/#primaryimage"},"thumbnailUrl":"https:\/\/www.vezzosisrl.com\/wp-content\/uploads\/2023\/05\/FANCYROSAFRONT.jpg","datePublished":"2023-05-26T10:50:19+00:00","dateModified":"2024-03-08T13:55:54+00:00","description":"Le petit fauteuil FANCY est un si\u00e8ge tapiss\u00e9 recouvert de ska\u00ef, id\u00e9al pour un salon de coiffure ou un salon de barbier. Disponible en noir et en or.","breadcrumb":{"@id":"https:\/\/www.vezzosisrl.com\/fr\/1410-p06-oro-poltrona-fancy\/#breadcrumb"},"inLanguage":"fr-FR","potentialAction":[{"@type":"ReadAction","target":["https:\/\/www.vezzosisrl.com\/fr\/1410-p06-oro-poltrona-fancy\/"]}]},{"@type":"ImageObject","inLanguage":"fr-FR","@id":"https:\/\/www.vezzosisrl.com\/fr\/1410-p06-oro-poltrona-fancy\/#primaryimage","url":"https:\/\/www.vezzosisrl.com\/wp-content\/uploads\/2023\/05\/FANCYROSAFRONT.jpg","contentUrl":"https:\/\/www.vezzosisrl.com\/wp-content\/uploads\/2023\/05\/FANCYROSAFRONT.jpg","width":1000,"height":1000},{"@type":"BreadcrumbList","@id":"https:\/\/www.vezzosisrl.com\/fr\/1410-p06-oro-poltrona-fancy\/#breadcrumb","itemListElement":[{"@type":"ListItem","position":1,"name":"Home","item":"https:\/\/www.vezzosisrl.com\/fr\/"},{"@type":"ListItem","position":2,"name":"Produits","item":"https:\/\/www.vezzosisrl.com\/prodotti\/"},{"@type":"ListItem","position":3,"name":"1410 &#8211; P06 OR &#8211; FANCY FAUTEUIL"}]},{"@type":"WebSite","@id":"https:\/\/www.vezzosisrl.com\/fr\/#website","url":"https:\/\/www.vezzosisrl.com\/fr\/","name":"Vezzosi Arredamenti","description":"","potentialAction":[{"@type":"SearchAction","target":{"@type":"EntryPoint","urlTemplate":"https:\/\/www.vezzosisrl.com\/fr\/?s={search_term_string}"},"query-input":{"@type":"PropertyValueSpecification","valueRequired":true,"valueName":"search_term_string"}}],"inLanguage":"fr-FR"}]}},"_links":{"self":[{"href":"https:\/\/www.vezzosisrl.com\/fr\/wp-json\/wp\/v2\/product\/8972","targetHints":{"allow":["GET"]}}],"collection":[{"href":"https:\/\/www.vezzosisrl.com\/fr\/wp-json\/wp\/v2\/product"}],"about":[{"href":"https:\/\/www.vezzosisrl.com\/fr\/wp-json\/wp\/v2\/types\/product"}],"wp:featuredmedia":[{"embeddable":true,"href":"https:\/\/www.vezzosisrl.com\/fr\/wp-json\/wp\/v2\/media\/11022"}],"wp:attachment":[{"href":"https:\/\/www.vezzosisrl.com\/fr\/wp-json\/wp\/v2\/media?parent=8972"}],"wp:term":[{"taxonomy":"product_brand","embeddable":true,"href":"https:\/\/www.vezzosisrl.com\/fr\/wp-json\/wp\/v2\/product_brand?post=8972"},{"taxonomy":"product_cat","embeddable":true,"href":"https:\/\/www.vezzosisrl.com\/fr\/wp-json\/wp\/v2\/product_cat?post=8972"},{"taxonomy":"product_tag","embeddable":true,"href":"https:\/\/www.vezzosisrl.com\/fr\/wp-json\/wp\/v2\/product_tag?post=8972"}],"curies":[{"name":"wp","href":"https:\/\/api.w.org\/{rel}","templated":true}]}}