{"id":8978,"date":"2023-05-26T12:50:19","date_gmt":"2023-05-26T10:50:19","guid":{"rendered":"http:\/\/vsrl.sviluppokeyweb.com\/prodotto\/4203-tavolino-fancy\/"},"modified":"2024-01-10T11:35:28","modified_gmt":"2024-01-10T10:35:28","slug":"tavolino-fancy-arredamento-hair-stylist-piano-gres-porcellanato","status":"publish","type":"product","link":"https:\/\/www.vezzosisrl.com\/fr\/4203-tavolino-fancy\/","title":{"rendered":"4203 TAVOLINO FANCY"},"content":{"rendered":"<p>La table basse de la ligne Fancy se distingue des autres meubles de salon de coiffure de Vezzosi. La structure est constitu\u00e9e d&#8217;un cadre en acier peint en or et d&#8217;un plateau en gr\u00e8s c\u00e9rame de couleur onyx. La base est un support en stratifi\u00e9 plastique et la verticalit\u00e9 de la table basse est interrompue par un plateau interm\u00e9diaire en stratifi\u00e9 plastique. La pr\u00e9sence de deux plateaux de table la rend particuli\u00e8rement pratique pour placer les outils de travail d&#8217;un coiffeur tout en \u00e9tant \u00e9l\u00e9gante et de caract\u00e8re.<\/p>\n","protected":false},"excerpt":{"rendered":"<p>La table basse de la ligne Fancy se distingue des autres meubles de salon de coiffure de Vezzosi. La structure est constitu\u00e9e d&#8217;un cadre en acier peint en or et d&#8217;un plateau en gr\u00e8s c\u00e9rame de couleur onyx. La base est un support en stratifi\u00e9 plastique et la verticalit\u00e9 de la table basse est interrompue&#8230;<\/p>\n","protected":false},"featured_media":7024,"template":"","meta":[],"product_brand":[],"product_cat":[262],"product_tag":[],"class_list":{"0":"post-8978","1":"product","2":"type-product","3":"status-publish","4":"has-post-thumbnail","6":"product_cat-complements","7":"pa_collezione-vezzosi-style-fr","8":"pa_collezione-meubler-nouveau-salon-de-coiffure-articles-artisanaux-italiens","10":"first","11":"instock","12":"product-type-simple"},"acf":[],"yoast_head":"<!-- This site is optimized with the Yoast SEO plugin v26.9 - https:\/\/yoast.com\/product\/yoast-seo-wordpress\/ -->\n<title>4203 TAVOLINO FANCY - Vezzosi Arredamenti<\/title>\n<meta name=\"robots\" content=\"index, follow, max-snippet:-1, max-image-preview:large, max-video-preview:-1\" \/>\n<link rel=\"canonical\" href=\"https:\/\/www.vezzosisrl.com\/fr\/4203-tavolino-fancy\/\" \/>\n<meta property=\"og:locale\" content=\"fr_FR\" \/>\n<meta property=\"og:type\" content=\"article\" \/>\n<meta property=\"og:title\" content=\"4203 TAVOLINO FANCY - Vezzosi Arredamenti\" \/>\n<meta property=\"og:description\" content=\"La table basse de la ligne Fancy se distingue des autres meubles de salon de coiffure de Vezzosi. La structure est constitu\u00e9e d&#8217;un cadre en acier peint en or et d&#8217;un plateau en gr\u00e8s c\u00e9rame de couleur onyx. La base est un support en stratifi\u00e9 plastique et la verticalit\u00e9 de la table basse est interrompue...\" \/>\n<meta property=\"og:url\" content=\"https:\/\/www.vezzosisrl.com\/fr\/4203-tavolino-fancy\/\" \/>\n<meta property=\"og:site_name\" content=\"Vezzosi Arredamenti\" \/>\n<meta property=\"article:modified_time\" content=\"2024-01-10T10:35:28+00:00\" \/>\n<meta property=\"og:image\" content=\"https:\/\/www.vezzosisrl.com\/wp-content\/uploads\/2023\/05\/Tavolino-fancy.jpg\" \/>\n\t<meta property=\"og:image:width\" content=\"900\" \/>\n\t<meta property=\"og:image:height\" content=\"900\" \/>\n\t<meta property=\"og:image:type\" content=\"image\/jpeg\" \/>\n<meta name=\"twitter:card\" content=\"summary_large_image\" \/>\n<script type=\"application\/ld+json\" class=\"yoast-schema-graph\">{\"@context\":\"https:\/\/schema.org\",\"@graph\":[{\"@type\":\"WebPage\",\"@id\":\"https:\/\/www.vezzosisrl.com\/fr\/4203-tavolino-fancy\/\",\"url\":\"https:\/\/www.vezzosisrl.com\/fr\/4203-tavolino-fancy\/\",\"name\":\"4203 TAVOLINO FANCY - Vezzosi Arredamenti\",\"isPartOf\":{\"@id\":\"https:\/\/www.vezzosisrl.com\/fr\/#website\"},\"primaryImageOfPage\":{\"@id\":\"https:\/\/www.vezzosisrl.com\/fr\/4203-tavolino-fancy\/#primaryimage\"},\"image\":{\"@id\":\"https:\/\/www.vezzosisrl.com\/fr\/4203-tavolino-fancy\/#primaryimage\"},\"thumbnailUrl\":\"https:\/\/www.vezzosisrl.com\/wp-content\/uploads\/2023\/05\/Tavolino-fancy.jpg\",\"datePublished\":\"2023-05-26T10:50:19+00:00\",\"dateModified\":\"2024-01-10T10:35:28+00:00\",\"breadcrumb\":{\"@id\":\"https:\/\/www.vezzosisrl.com\/fr\/4203-tavolino-fancy\/#breadcrumb\"},\"inLanguage\":\"fr-FR\",\"potentialAction\":[{\"@type\":\"ReadAction\",\"target\":[\"https:\/\/www.vezzosisrl.com\/fr\/4203-tavolino-fancy\/\"]}]},{\"@type\":\"ImageObject\",\"inLanguage\":\"fr-FR\",\"@id\":\"https:\/\/www.vezzosisrl.com\/fr\/4203-tavolino-fancy\/#primaryimage\",\"url\":\"https:\/\/www.vezzosisrl.com\/wp-content\/uploads\/2023\/05\/Tavolino-fancy.jpg\",\"contentUrl\":\"https:\/\/www.vezzosisrl.com\/wp-content\/uploads\/2023\/05\/Tavolino-fancy.jpg\",\"width\":900,\"height\":900},{\"@type\":\"BreadcrumbList\",\"@id\":\"https:\/\/www.vezzosisrl.com\/fr\/4203-tavolino-fancy\/#breadcrumb\",\"itemListElement\":[{\"@type\":\"ListItem\",\"position\":1,\"name\":\"Home\",\"item\":\"https:\/\/www.vezzosisrl.com\/fr\/\"},{\"@type\":\"ListItem\",\"position\":2,\"name\":\"Produits\",\"item\":\"https:\/\/www.vezzosisrl.com\/prodotti\/\"},{\"@type\":\"ListItem\",\"position\":3,\"name\":\"4203 TAVOLINO FANCY\"}]},{\"@type\":\"WebSite\",\"@id\":\"https:\/\/www.vezzosisrl.com\/fr\/#website\",\"url\":\"https:\/\/www.vezzosisrl.com\/fr\/\",\"name\":\"Vezzosi Arredamenti\",\"description\":\"\",\"potentialAction\":[{\"@type\":\"SearchAction\",\"target\":{\"@type\":\"EntryPoint\",\"urlTemplate\":\"https:\/\/www.vezzosisrl.com\/fr\/?s={search_term_string}\"},\"query-input\":{\"@type\":\"PropertyValueSpecification\",\"valueRequired\":true,\"valueName\":\"search_term_string\"}}],\"inLanguage\":\"fr-FR\"}]}<\/script>\n<!-- \/ Yoast SEO plugin. -->","yoast_head_json":{"title":"4203 TAVOLINO FANCY - Vezzosi Arredamenti","robots":{"index":"index","follow":"follow","max-snippet":"max-snippet:-1","max-image-preview":"max-image-preview:large","max-video-preview":"max-video-preview:-1"},"canonical":"https:\/\/www.vezzosisrl.com\/fr\/4203-tavolino-fancy\/","og_locale":"fr_FR","og_type":"article","og_title":"4203 TAVOLINO FANCY - Vezzosi Arredamenti","og_description":"La table basse de la ligne Fancy se distingue des autres meubles de salon de coiffure de Vezzosi. La structure est constitu\u00e9e d&#8217;un cadre en acier peint en or et d&#8217;un plateau en gr\u00e8s c\u00e9rame de couleur onyx. La base est un support en stratifi\u00e9 plastique et la verticalit\u00e9 de la table basse est interrompue...","og_url":"https:\/\/www.vezzosisrl.com\/fr\/4203-tavolino-fancy\/","og_site_name":"Vezzosi Arredamenti","article_modified_time":"2024-01-10T10:35:28+00:00","og_image":[{"width":900,"height":900,"url":"https:\/\/www.vezzosisrl.com\/wp-content\/uploads\/2023\/05\/Tavolino-fancy.jpg","type":"image\/jpeg"}],"twitter_card":"summary_large_image","schema":{"@context":"https:\/\/schema.org","@graph":[{"@type":"WebPage","@id":"https:\/\/www.vezzosisrl.com\/fr\/4203-tavolino-fancy\/","url":"https:\/\/www.vezzosisrl.com\/fr\/4203-tavolino-fancy\/","name":"4203 TAVOLINO FANCY - Vezzosi Arredamenti","isPartOf":{"@id":"https:\/\/www.vezzosisrl.com\/fr\/#website"},"primaryImageOfPage":{"@id":"https:\/\/www.vezzosisrl.com\/fr\/4203-tavolino-fancy\/#primaryimage"},"image":{"@id":"https:\/\/www.vezzosisrl.com\/fr\/4203-tavolino-fancy\/#primaryimage"},"thumbnailUrl":"https:\/\/www.vezzosisrl.com\/wp-content\/uploads\/2023\/05\/Tavolino-fancy.jpg","datePublished":"2023-05-26T10:50:19+00:00","dateModified":"2024-01-10T10:35:28+00:00","breadcrumb":{"@id":"https:\/\/www.vezzosisrl.com\/fr\/4203-tavolino-fancy\/#breadcrumb"},"inLanguage":"fr-FR","potentialAction":[{"@type":"ReadAction","target":["https:\/\/www.vezzosisrl.com\/fr\/4203-tavolino-fancy\/"]}]},{"@type":"ImageObject","inLanguage":"fr-FR","@id":"https:\/\/www.vezzosisrl.com\/fr\/4203-tavolino-fancy\/#primaryimage","url":"https:\/\/www.vezzosisrl.com\/wp-content\/uploads\/2023\/05\/Tavolino-fancy.jpg","contentUrl":"https:\/\/www.vezzosisrl.com\/wp-content\/uploads\/2023\/05\/Tavolino-fancy.jpg","width":900,"height":900},{"@type":"BreadcrumbList","@id":"https:\/\/www.vezzosisrl.com\/fr\/4203-tavolino-fancy\/#breadcrumb","itemListElement":[{"@type":"ListItem","position":1,"name":"Home","item":"https:\/\/www.vezzosisrl.com\/fr\/"},{"@type":"ListItem","position":2,"name":"Produits","item":"https:\/\/www.vezzosisrl.com\/prodotti\/"},{"@type":"ListItem","position":3,"name":"4203 TAVOLINO FANCY"}]},{"@type":"WebSite","@id":"https:\/\/www.vezzosisrl.com\/fr\/#website","url":"https:\/\/www.vezzosisrl.com\/fr\/","name":"Vezzosi Arredamenti","description":"","potentialAction":[{"@type":"SearchAction","target":{"@type":"EntryPoint","urlTemplate":"https:\/\/www.vezzosisrl.com\/fr\/?s={search_term_string}"},"query-input":{"@type":"PropertyValueSpecification","valueRequired":true,"valueName":"search_term_string"}}],"inLanguage":"fr-FR"}]}},"_links":{"self":[{"href":"https:\/\/www.vezzosisrl.com\/fr\/wp-json\/wp\/v2\/product\/8978","targetHints":{"allow":["GET"]}}],"collection":[{"href":"https:\/\/www.vezzosisrl.com\/fr\/wp-json\/wp\/v2\/product"}],"about":[{"href":"https:\/\/www.vezzosisrl.com\/fr\/wp-json\/wp\/v2\/types\/product"}],"wp:featuredmedia":[{"embeddable":true,"href":"https:\/\/www.vezzosisrl.com\/fr\/wp-json\/wp\/v2\/media\/7024"}],"wp:attachment":[{"href":"https:\/\/www.vezzosisrl.com\/fr\/wp-json\/wp\/v2\/media?parent=8978"}],"wp:term":[{"taxonomy":"product_brand","embeddable":true,"href":"https:\/\/www.vezzosisrl.com\/fr\/wp-json\/wp\/v2\/product_brand?post=8978"},{"taxonomy":"product_cat","embeddable":true,"href":"https:\/\/www.vezzosisrl.com\/fr\/wp-json\/wp\/v2\/product_cat?post=8978"},{"taxonomy":"product_tag","embeddable":true,"href":"https:\/\/www.vezzosisrl.com\/fr\/wp-json\/wp\/v2\/product_tag?post=8978"}],"curies":[{"name":"wp","href":"https:\/\/api.w.org\/{rel}","templated":true}]}}