{"id":8996,"date":"2023-05-26T12:50:19","date_gmt":"2023-05-26T10:50:19","guid":{"rendered":"http:\/\/vsrl.sviluppokeyweb.com\/prodotto\/3110-industrial-basic\/"},"modified":"2024-03-08T16:05:28","modified_gmt":"2024-03-08T15:05:28","slug":"vente-bac-lavage-design-industriel-urbain","status":"publish","type":"product","link":"https:\/\/www.vezzosisrl.com\/fr\/vente-bac-lavage-design-industriel-urbain\/","title":{"rendered":"3110 FAUTEUIL INDUSTRIEL BASIC"},"content":{"rendered":"<p>Si vous \u00eates \u00e0 la recherche d&#8217;un fauteuil de coiffure au style informel et urbain, le fauteuil de coiffure Basic de la collection Industrial est la solution qu&#8217;il vous faut. Le design m\u00e9tropolitain est d\u00e9fini par une structure en m\u00e9tal tubulaire peinte en mat, avec une assise recouverte de ska\u00ef et \u00e9quip\u00e9e d&#8217;un lavabo basculant.<\/p>\n","protected":false},"excerpt":{"rendered":"<p>Si vous \u00eates \u00e0 la recherche d&#8217;un fauteuil de coiffure au style informel et urbain, le fauteuil de coiffure Basic de la collection Industrial est la solution qu&#8217;il vous faut. Le design m\u00e9tropolitain est d\u00e9fini par une structure en m\u00e9tal tubulaire peinte en mat, avec une assise recouverte de ska\u00ef et \u00e9quip\u00e9e d&#8217;un lavabo basculant.<\/p>\n","protected":false},"featured_media":11075,"template":"","meta":[],"product_brand":[],"product_cat":[463],"product_tag":[],"class_list":{"0":"post-8996","1":"product","2":"type-product","3":"status-publish","4":"has-post-thumbnail","6":"product_cat-bacs-de-lavage","7":"pa_collezione-vezzosi-style-fr","8":"pa_collezione-mobilier-coiffeurs-style-industriel-metropolitain","9":"pa_tipologie-prix-bacs-de-lavage-cheveux-doubles-pour-coiffeurs-vasque-basculante","11":"first","12":"instock","13":"product-type-simple"},"acf":[],"yoast_head":"<!-- This site is optimized with the Yoast SEO plugin v26.9 - https:\/\/yoast.com\/product\/yoast-seo-wordpress\/ -->\n<title>Fauteuil INDUSTRIEL BASIC<\/title>\n<meta name=\"description\" content=\"Le fauteuil INDUSTRIAL BASIC est un bac de lavage au design m\u00e9tropolitain avec une assise recouverte de ska\u00ef et une structure en m\u00e9tal tubulaire peint.\" \/>\n<meta name=\"robots\" content=\"index, follow, max-snippet:-1, max-image-preview:large, max-video-preview:-1\" \/>\n<link rel=\"canonical\" href=\"https:\/\/www.vezzosisrl.com\/fr\/vente-bac-lavage-design-industriel-urbain\/\" \/>\n<meta property=\"og:locale\" content=\"fr_FR\" \/>\n<meta property=\"og:type\" content=\"article\" \/>\n<meta property=\"og:title\" content=\"Fauteuil INDUSTRIEL BASIC\" \/>\n<meta property=\"og:description\" content=\"Le fauteuil INDUSTRIAL BASIC est un bac de lavage au design m\u00e9tropolitain avec une assise recouverte de ska\u00ef et une structure en m\u00e9tal tubulaire peint.\" \/>\n<meta property=\"og:url\" content=\"https:\/\/www.vezzosisrl.com\/fr\/vente-bac-lavage-design-industriel-urbain\/\" \/>\n<meta property=\"og:site_name\" content=\"Vezzosi Arredamenti\" \/>\n<meta property=\"article:modified_time\" content=\"2024-03-08T15:05:28+00:00\" \/>\n<meta property=\"og:image\" content=\"https:\/\/www.vezzosisrl.com\/wp-content\/uploads\/2023\/05\/industrialchiuso.jpg\" \/>\n\t<meta property=\"og:image:width\" content=\"1000\" \/>\n\t<meta property=\"og:image:height\" content=\"1000\" \/>\n\t<meta property=\"og:image:type\" content=\"image\/jpeg\" \/>\n<meta name=\"twitter:card\" content=\"summary_large_image\" \/>\n<meta name=\"twitter:label1\" content=\"Dur\u00e9e de lecture estim\u00e9e\" \/>\n\t<meta name=\"twitter:data1\" content=\"1 minute\" \/>\n<script type=\"application\/ld+json\" class=\"yoast-schema-graph\">{\"@context\":\"https:\/\/schema.org\",\"@graph\":[{\"@type\":\"WebPage\",\"@id\":\"https:\/\/www.vezzosisrl.com\/fr\/vente-bac-lavage-design-industriel-urbain\/\",\"url\":\"https:\/\/www.vezzosisrl.com\/fr\/vente-bac-lavage-design-industriel-urbain\/\",\"name\":\"Fauteuil INDUSTRIEL BASIC\",\"isPartOf\":{\"@id\":\"https:\/\/www.vezzosisrl.com\/fr\/#website\"},\"primaryImageOfPage\":{\"@id\":\"https:\/\/www.vezzosisrl.com\/fr\/vente-bac-lavage-design-industriel-urbain\/#primaryimage\"},\"image\":{\"@id\":\"https:\/\/www.vezzosisrl.com\/fr\/vente-bac-lavage-design-industriel-urbain\/#primaryimage\"},\"thumbnailUrl\":\"https:\/\/www.vezzosisrl.com\/wp-content\/uploads\/2023\/05\/industrialchiuso.jpg\",\"datePublished\":\"2023-05-26T10:50:19+00:00\",\"dateModified\":\"2024-03-08T15:05:28+00:00\",\"description\":\"Le fauteuil INDUSTRIAL BASIC est un bac de lavage au design m\u00e9tropolitain avec une assise recouverte de ska\u00ef et une structure en m\u00e9tal tubulaire peint.\",\"breadcrumb\":{\"@id\":\"https:\/\/www.vezzosisrl.com\/fr\/vente-bac-lavage-design-industriel-urbain\/#breadcrumb\"},\"inLanguage\":\"fr-FR\",\"potentialAction\":[{\"@type\":\"ReadAction\",\"target\":[\"https:\/\/www.vezzosisrl.com\/fr\/vente-bac-lavage-design-industriel-urbain\/\"]}]},{\"@type\":\"ImageObject\",\"inLanguage\":\"fr-FR\",\"@id\":\"https:\/\/www.vezzosisrl.com\/fr\/vente-bac-lavage-design-industriel-urbain\/#primaryimage\",\"url\":\"https:\/\/www.vezzosisrl.com\/wp-content\/uploads\/2023\/05\/industrialchiuso.jpg\",\"contentUrl\":\"https:\/\/www.vezzosisrl.com\/wp-content\/uploads\/2023\/05\/industrialchiuso.jpg\",\"width\":1000,\"height\":1000},{\"@type\":\"BreadcrumbList\",\"@id\":\"https:\/\/www.vezzosisrl.com\/fr\/vente-bac-lavage-design-industriel-urbain\/#breadcrumb\",\"itemListElement\":[{\"@type\":\"ListItem\",\"position\":1,\"name\":\"Home\",\"item\":\"https:\/\/www.vezzosisrl.com\/fr\/\"},{\"@type\":\"ListItem\",\"position\":2,\"name\":\"Produits\",\"item\":\"https:\/\/www.vezzosisrl.com\/prodotti\/\"},{\"@type\":\"ListItem\",\"position\":3,\"name\":\"3110 FAUTEUIL INDUSTRIEL BASIC\"}]},{\"@type\":\"WebSite\",\"@id\":\"https:\/\/www.vezzosisrl.com\/fr\/#website\",\"url\":\"https:\/\/www.vezzosisrl.com\/fr\/\",\"name\":\"Vezzosi Arredamenti\",\"description\":\"\",\"potentialAction\":[{\"@type\":\"SearchAction\",\"target\":{\"@type\":\"EntryPoint\",\"urlTemplate\":\"https:\/\/www.vezzosisrl.com\/fr\/?s={search_term_string}\"},\"query-input\":{\"@type\":\"PropertyValueSpecification\",\"valueRequired\":true,\"valueName\":\"search_term_string\"}}],\"inLanguage\":\"fr-FR\"}]}<\/script>\n<!-- \/ Yoast SEO plugin. -->","yoast_head_json":{"title":"Fauteuil INDUSTRIEL BASIC","description":"Le fauteuil INDUSTRIAL BASIC est un bac de lavage au design m\u00e9tropolitain avec une assise recouverte de ska\u00ef et une structure en m\u00e9tal tubulaire peint.","robots":{"index":"index","follow":"follow","max-snippet":"max-snippet:-1","max-image-preview":"max-image-preview:large","max-video-preview":"max-video-preview:-1"},"canonical":"https:\/\/www.vezzosisrl.com\/fr\/vente-bac-lavage-design-industriel-urbain\/","og_locale":"fr_FR","og_type":"article","og_title":"Fauteuil INDUSTRIEL BASIC","og_description":"Le fauteuil INDUSTRIAL BASIC est un bac de lavage au design m\u00e9tropolitain avec une assise recouverte de ska\u00ef et une structure en m\u00e9tal tubulaire peint.","og_url":"https:\/\/www.vezzosisrl.com\/fr\/vente-bac-lavage-design-industriel-urbain\/","og_site_name":"Vezzosi Arredamenti","article_modified_time":"2024-03-08T15:05:28+00:00","og_image":[{"width":1000,"height":1000,"url":"https:\/\/www.vezzosisrl.com\/wp-content\/uploads\/2023\/05\/industrialchiuso.jpg","type":"image\/jpeg"}],"twitter_card":"summary_large_image","twitter_misc":{"Dur\u00e9e de lecture estim\u00e9e":"1 minute"},"schema":{"@context":"https:\/\/schema.org","@graph":[{"@type":"WebPage","@id":"https:\/\/www.vezzosisrl.com\/fr\/vente-bac-lavage-design-industriel-urbain\/","url":"https:\/\/www.vezzosisrl.com\/fr\/vente-bac-lavage-design-industriel-urbain\/","name":"Fauteuil INDUSTRIEL BASIC","isPartOf":{"@id":"https:\/\/www.vezzosisrl.com\/fr\/#website"},"primaryImageOfPage":{"@id":"https:\/\/www.vezzosisrl.com\/fr\/vente-bac-lavage-design-industriel-urbain\/#primaryimage"},"image":{"@id":"https:\/\/www.vezzosisrl.com\/fr\/vente-bac-lavage-design-industriel-urbain\/#primaryimage"},"thumbnailUrl":"https:\/\/www.vezzosisrl.com\/wp-content\/uploads\/2023\/05\/industrialchiuso.jpg","datePublished":"2023-05-26T10:50:19+00:00","dateModified":"2024-03-08T15:05:28+00:00","description":"Le fauteuil INDUSTRIAL BASIC est un bac de lavage au design m\u00e9tropolitain avec une assise recouverte de ska\u00ef et une structure en m\u00e9tal tubulaire peint.","breadcrumb":{"@id":"https:\/\/www.vezzosisrl.com\/fr\/vente-bac-lavage-design-industriel-urbain\/#breadcrumb"},"inLanguage":"fr-FR","potentialAction":[{"@type":"ReadAction","target":["https:\/\/www.vezzosisrl.com\/fr\/vente-bac-lavage-design-industriel-urbain\/"]}]},{"@type":"ImageObject","inLanguage":"fr-FR","@id":"https:\/\/www.vezzosisrl.com\/fr\/vente-bac-lavage-design-industriel-urbain\/#primaryimage","url":"https:\/\/www.vezzosisrl.com\/wp-content\/uploads\/2023\/05\/industrialchiuso.jpg","contentUrl":"https:\/\/www.vezzosisrl.com\/wp-content\/uploads\/2023\/05\/industrialchiuso.jpg","width":1000,"height":1000},{"@type":"BreadcrumbList","@id":"https:\/\/www.vezzosisrl.com\/fr\/vente-bac-lavage-design-industriel-urbain\/#breadcrumb","itemListElement":[{"@type":"ListItem","position":1,"name":"Home","item":"https:\/\/www.vezzosisrl.com\/fr\/"},{"@type":"ListItem","position":2,"name":"Produits","item":"https:\/\/www.vezzosisrl.com\/prodotti\/"},{"@type":"ListItem","position":3,"name":"3110 FAUTEUIL INDUSTRIEL BASIC"}]},{"@type":"WebSite","@id":"https:\/\/www.vezzosisrl.com\/fr\/#website","url":"https:\/\/www.vezzosisrl.com\/fr\/","name":"Vezzosi Arredamenti","description":"","potentialAction":[{"@type":"SearchAction","target":{"@type":"EntryPoint","urlTemplate":"https:\/\/www.vezzosisrl.com\/fr\/?s={search_term_string}"},"query-input":{"@type":"PropertyValueSpecification","valueRequired":true,"valueName":"search_term_string"}}],"inLanguage":"fr-FR"}]}},"_links":{"self":[{"href":"https:\/\/www.vezzosisrl.com\/fr\/wp-json\/wp\/v2\/product\/8996","targetHints":{"allow":["GET"]}}],"collection":[{"href":"https:\/\/www.vezzosisrl.com\/fr\/wp-json\/wp\/v2\/product"}],"about":[{"href":"https:\/\/www.vezzosisrl.com\/fr\/wp-json\/wp\/v2\/types\/product"}],"wp:featuredmedia":[{"embeddable":true,"href":"https:\/\/www.vezzosisrl.com\/fr\/wp-json\/wp\/v2\/media\/11075"}],"wp:attachment":[{"href":"https:\/\/www.vezzosisrl.com\/fr\/wp-json\/wp\/v2\/media?parent=8996"}],"wp:term":[{"taxonomy":"product_brand","embeddable":true,"href":"https:\/\/www.vezzosisrl.com\/fr\/wp-json\/wp\/v2\/product_brand?post=8996"},{"taxonomy":"product_cat","embeddable":true,"href":"https:\/\/www.vezzosisrl.com\/fr\/wp-json\/wp\/v2\/product_cat?post=8996"},{"taxonomy":"product_tag","embeddable":true,"href":"https:\/\/www.vezzosisrl.com\/fr\/wp-json\/wp\/v2\/product_tag?post=8996"}],"curies":[{"name":"wp","href":"https:\/\/api.w.org\/{rel}","templated":true}]}}