{"id":9041,"date":"2023-05-26T12:48:12","date_gmt":"2023-05-26T10:48:12","guid":{"rendered":"http:\/\/vsrl.sviluppokeyweb.com\/prodotto\/4108l-iron\/"},"modified":"2024-01-10T11:35:15","modified_gmt":"2024-01-10T10:35:15","slug":"4108l-iron","status":"publish","type":"product","link":"https:\/\/www.vezzosisrl.com\/fr\/4108l-iron\/","title":{"rendered":"4108L IRON"},"content":{"rendered":"<p>Le syst\u00e8me d&#8217;\u00e9clairage int\u00e9gr\u00e9 de la station de travail Iron est con\u00e7u pour mettre en valeur l&#8217;ensemble de la structure. L&#8217;effet brut et industriel de la maille m\u00e9tallique est intensifi\u00e9 gr\u00e2ce au jeu d&#8217;ombre et de lumi\u00e8re que les LEDs contribuent \u00e0 cr\u00e9er.<\/p>\n","protected":false},"excerpt":{"rendered":"<p>Le syst\u00e8me d&#8217;\u00e9clairage int\u00e9gr\u00e9 de la station de travail Iron est con\u00e7u pour mettre en valeur l&#8217;ensemble de la structure. L&#8217;effet brut et industriel de la maille m\u00e9tallique est intensifi\u00e9 gr\u00e2ce au jeu d&#8217;ombre et de lumi\u00e8re que les LEDs contribuent \u00e0 cr\u00e9er.<\/p>\n","protected":false},"featured_media":6922,"template":"","meta":[],"product_brand":[],"product_cat":[432],"product_tag":[],"class_list":{"0":"post-9041","1":"product","2":"type-product","3":"status-publish","4":"has-post-thumbnail","6":"product_cat-postes-de-travail","7":"pa_collezione-vezzosi-style-fr","8":"pa_collezione-renover-salon-de-coiffure-coiffeuses-finies-table-de-caisse","9":"pa_tipologie-reception-caisse-eclairee-achat-meuble-comptoir-entree-pour-detaillants-coiffeurs","10":"pa_tipologie-cout-coiffeuse-etagere-repose-pieds-postes-plan-travail-mural","11":"pa_tipologie-singolo-fr","13":"first","14":"instock","15":"product-type-simple"},"acf":[],"yoast_head":"<!-- This site is optimized with the Yoast SEO plugin v26.9 - https:\/\/yoast.com\/product\/yoast-seo-wordpress\/ -->\n<title>4108L IRON - Vezzosi Arredamenti<\/title>\n<meta name=\"robots\" content=\"index, follow, max-snippet:-1, max-image-preview:large, max-video-preview:-1\" \/>\n<link rel=\"canonical\" href=\"https:\/\/www.vezzosisrl.com\/fr\/4108l-iron\/\" \/>\n<meta property=\"og:locale\" content=\"fr_FR\" \/>\n<meta property=\"og:type\" content=\"article\" \/>\n<meta property=\"og:title\" content=\"4108L IRON - Vezzosi Arredamenti\" \/>\n<meta property=\"og:description\" content=\"Le syst\u00e8me d&#8217;\u00e9clairage int\u00e9gr\u00e9 de la station de travail Iron est con\u00e7u pour mettre en valeur l&#8217;ensemble de la structure. L&#8217;effet brut et industriel de la maille m\u00e9tallique est intensifi\u00e9 gr\u00e2ce au jeu d&#8217;ombre et de lumi\u00e8re que les LEDs contribuent \u00e0 cr\u00e9er.\" \/>\n<meta property=\"og:url\" content=\"https:\/\/www.vezzosisrl.com\/fr\/4108l-iron\/\" \/>\n<meta property=\"og:site_name\" content=\"Vezzosi Arredamenti\" \/>\n<meta property=\"article:modified_time\" content=\"2024-01-10T10:35:15+00:00\" \/>\n<meta property=\"og:image\" content=\"https:\/\/www.vezzosisrl.com\/wp-content\/uploads\/2023\/05\/Postazione-iron-effetto-industriale-con-led.jpg\" \/>\n\t<meta property=\"og:image:width\" content=\"900\" \/>\n\t<meta property=\"og:image:height\" content=\"900\" \/>\n\t<meta property=\"og:image:type\" content=\"image\/jpeg\" \/>\n<meta name=\"twitter:card\" content=\"summary_large_image\" \/>\n<script type=\"application\/ld+json\" class=\"yoast-schema-graph\">{\"@context\":\"https:\/\/schema.org\",\"@graph\":[{\"@type\":\"WebPage\",\"@id\":\"https:\/\/www.vezzosisrl.com\/fr\/4108l-iron\/\",\"url\":\"https:\/\/www.vezzosisrl.com\/fr\/4108l-iron\/\",\"name\":\"4108L IRON - Vezzosi Arredamenti\",\"isPartOf\":{\"@id\":\"https:\/\/www.vezzosisrl.com\/fr\/#website\"},\"primaryImageOfPage\":{\"@id\":\"https:\/\/www.vezzosisrl.com\/fr\/4108l-iron\/#primaryimage\"},\"image\":{\"@id\":\"https:\/\/www.vezzosisrl.com\/fr\/4108l-iron\/#primaryimage\"},\"thumbnailUrl\":\"https:\/\/www.vezzosisrl.com\/wp-content\/uploads\/2023\/05\/Postazione-iron-effetto-industriale-con-led.jpg\",\"datePublished\":\"2023-05-26T10:48:12+00:00\",\"dateModified\":\"2024-01-10T10:35:15+00:00\",\"breadcrumb\":{\"@id\":\"https:\/\/www.vezzosisrl.com\/fr\/4108l-iron\/#breadcrumb\"},\"inLanguage\":\"fr-FR\",\"potentialAction\":[{\"@type\":\"ReadAction\",\"target\":[\"https:\/\/www.vezzosisrl.com\/fr\/4108l-iron\/\"]}]},{\"@type\":\"ImageObject\",\"inLanguage\":\"fr-FR\",\"@id\":\"https:\/\/www.vezzosisrl.com\/fr\/4108l-iron\/#primaryimage\",\"url\":\"https:\/\/www.vezzosisrl.com\/wp-content\/uploads\/2023\/05\/Postazione-iron-effetto-industriale-con-led.jpg\",\"contentUrl\":\"https:\/\/www.vezzosisrl.com\/wp-content\/uploads\/2023\/05\/Postazione-iron-effetto-industriale-con-led.jpg\",\"width\":900,\"height\":900},{\"@type\":\"BreadcrumbList\",\"@id\":\"https:\/\/www.vezzosisrl.com\/fr\/4108l-iron\/#breadcrumb\",\"itemListElement\":[{\"@type\":\"ListItem\",\"position\":1,\"name\":\"Home\",\"item\":\"https:\/\/www.vezzosisrl.com\/fr\/\"},{\"@type\":\"ListItem\",\"position\":2,\"name\":\"Produits\",\"item\":\"https:\/\/www.vezzosisrl.com\/prodotti\/\"},{\"@type\":\"ListItem\",\"position\":3,\"name\":\"4108L IRON\"}]},{\"@type\":\"WebSite\",\"@id\":\"https:\/\/www.vezzosisrl.com\/fr\/#website\",\"url\":\"https:\/\/www.vezzosisrl.com\/fr\/\",\"name\":\"Vezzosi Arredamenti\",\"description\":\"\",\"potentialAction\":[{\"@type\":\"SearchAction\",\"target\":{\"@type\":\"EntryPoint\",\"urlTemplate\":\"https:\/\/www.vezzosisrl.com\/fr\/?s={search_term_string}\"},\"query-input\":{\"@type\":\"PropertyValueSpecification\",\"valueRequired\":true,\"valueName\":\"search_term_string\"}}],\"inLanguage\":\"fr-FR\"}]}<\/script>\n<!-- \/ Yoast SEO plugin. -->","yoast_head_json":{"title":"4108L IRON - Vezzosi Arredamenti","robots":{"index":"index","follow":"follow","max-snippet":"max-snippet:-1","max-image-preview":"max-image-preview:large","max-video-preview":"max-video-preview:-1"},"canonical":"https:\/\/www.vezzosisrl.com\/fr\/4108l-iron\/","og_locale":"fr_FR","og_type":"article","og_title":"4108L IRON - Vezzosi Arredamenti","og_description":"Le syst\u00e8me d&#8217;\u00e9clairage int\u00e9gr\u00e9 de la station de travail Iron est con\u00e7u pour mettre en valeur l&#8217;ensemble de la structure. L&#8217;effet brut et industriel de la maille m\u00e9tallique est intensifi\u00e9 gr\u00e2ce au jeu d&#8217;ombre et de lumi\u00e8re que les LEDs contribuent \u00e0 cr\u00e9er.","og_url":"https:\/\/www.vezzosisrl.com\/fr\/4108l-iron\/","og_site_name":"Vezzosi Arredamenti","article_modified_time":"2024-01-10T10:35:15+00:00","og_image":[{"width":900,"height":900,"url":"https:\/\/www.vezzosisrl.com\/wp-content\/uploads\/2023\/05\/Postazione-iron-effetto-industriale-con-led.jpg","type":"image\/jpeg"}],"twitter_card":"summary_large_image","schema":{"@context":"https:\/\/schema.org","@graph":[{"@type":"WebPage","@id":"https:\/\/www.vezzosisrl.com\/fr\/4108l-iron\/","url":"https:\/\/www.vezzosisrl.com\/fr\/4108l-iron\/","name":"4108L IRON - Vezzosi Arredamenti","isPartOf":{"@id":"https:\/\/www.vezzosisrl.com\/fr\/#website"},"primaryImageOfPage":{"@id":"https:\/\/www.vezzosisrl.com\/fr\/4108l-iron\/#primaryimage"},"image":{"@id":"https:\/\/www.vezzosisrl.com\/fr\/4108l-iron\/#primaryimage"},"thumbnailUrl":"https:\/\/www.vezzosisrl.com\/wp-content\/uploads\/2023\/05\/Postazione-iron-effetto-industriale-con-led.jpg","datePublished":"2023-05-26T10:48:12+00:00","dateModified":"2024-01-10T10:35:15+00:00","breadcrumb":{"@id":"https:\/\/www.vezzosisrl.com\/fr\/4108l-iron\/#breadcrumb"},"inLanguage":"fr-FR","potentialAction":[{"@type":"ReadAction","target":["https:\/\/www.vezzosisrl.com\/fr\/4108l-iron\/"]}]},{"@type":"ImageObject","inLanguage":"fr-FR","@id":"https:\/\/www.vezzosisrl.com\/fr\/4108l-iron\/#primaryimage","url":"https:\/\/www.vezzosisrl.com\/wp-content\/uploads\/2023\/05\/Postazione-iron-effetto-industriale-con-led.jpg","contentUrl":"https:\/\/www.vezzosisrl.com\/wp-content\/uploads\/2023\/05\/Postazione-iron-effetto-industriale-con-led.jpg","width":900,"height":900},{"@type":"BreadcrumbList","@id":"https:\/\/www.vezzosisrl.com\/fr\/4108l-iron\/#breadcrumb","itemListElement":[{"@type":"ListItem","position":1,"name":"Home","item":"https:\/\/www.vezzosisrl.com\/fr\/"},{"@type":"ListItem","position":2,"name":"Produits","item":"https:\/\/www.vezzosisrl.com\/prodotti\/"},{"@type":"ListItem","position":3,"name":"4108L IRON"}]},{"@type":"WebSite","@id":"https:\/\/www.vezzosisrl.com\/fr\/#website","url":"https:\/\/www.vezzosisrl.com\/fr\/","name":"Vezzosi Arredamenti","description":"","potentialAction":[{"@type":"SearchAction","target":{"@type":"EntryPoint","urlTemplate":"https:\/\/www.vezzosisrl.com\/fr\/?s={search_term_string}"},"query-input":{"@type":"PropertyValueSpecification","valueRequired":true,"valueName":"search_term_string"}}],"inLanguage":"fr-FR"}]}},"_links":{"self":[{"href":"https:\/\/www.vezzosisrl.com\/fr\/wp-json\/wp\/v2\/product\/9041","targetHints":{"allow":["GET"]}}],"collection":[{"href":"https:\/\/www.vezzosisrl.com\/fr\/wp-json\/wp\/v2\/product"}],"about":[{"href":"https:\/\/www.vezzosisrl.com\/fr\/wp-json\/wp\/v2\/types\/product"}],"wp:featuredmedia":[{"embeddable":true,"href":"https:\/\/www.vezzosisrl.com\/fr\/wp-json\/wp\/v2\/media\/6922"}],"wp:attachment":[{"href":"https:\/\/www.vezzosisrl.com\/fr\/wp-json\/wp\/v2\/media?parent=9041"}],"wp:term":[{"taxonomy":"product_brand","embeddable":true,"href":"https:\/\/www.vezzosisrl.com\/fr\/wp-json\/wp\/v2\/product_brand?post=9041"},{"taxonomy":"product_cat","embeddable":true,"href":"https:\/\/www.vezzosisrl.com\/fr\/wp-json\/wp\/v2\/product_cat?post=9041"},{"taxonomy":"product_tag","embeddable":true,"href":"https:\/\/www.vezzosisrl.com\/fr\/wp-json\/wp\/v2\/product_tag?post=9041"}],"curies":[{"name":"wp","href":"https:\/\/api.w.org\/{rel}","templated":true}]}}