{"id":9056,"date":"2023-05-26T12:48:12","date_gmt":"2023-05-26T10:48:12","guid":{"rendered":"http:\/\/vsrl.sviluppokeyweb.com\/prodotto\/4109-brooklyn\/"},"modified":"2024-01-10T11:35:16","modified_gmt":"2024-01-10T10:35:16","slug":"4109-brooklyn","status":"publish","type":"product","link":"https:\/\/www.vezzosisrl.com\/fr\/4109-brooklyn\/","title":{"rendered":"4109 BROOKLYN"},"content":{"rendered":"<p>Le bois domine la sc\u00e8ne dans le poste de travail Brooklyn. La table est dot\u00e9e d&#8217;un meuble central tr\u00e8s pratique et le plateau est enti\u00e8rement r\u00e9alis\u00e9 en stratifi\u00e9 plastique effet bois. Des miroirs parfaitement ronds termin\u00e9s par des bandes de cuir naturel compl\u00e8tent le poste de travail.<\/p>\n","protected":false},"excerpt":{"rendered":"<p>Le bois domine la sc\u00e8ne dans le poste de travail Brooklyn. La table est dot\u00e9e d&#8217;un meuble central tr\u00e8s pratique et le plateau est enti\u00e8rement r\u00e9alis\u00e9 en stratifi\u00e9 plastique effet bois. Des miroirs parfaitement ronds termin\u00e9s par des bandes de cuir naturel compl\u00e8tent le poste de travail.<\/p>\n","protected":false},"featured_media":6955,"template":"","meta":[],"product_brand":[],"product_cat":[432],"product_tag":[],"class_list":{"0":"post-9056","1":"product","2":"type-product","3":"status-publish","4":"has-post-thumbnail","6":"product_cat-postes-de-travail","7":"pa_collezione-vezzosi-style-fr","8":"pa_tipologie-doppio-fr","9":"pa_tipologie-cout-coiffeuse-etagere-repose-pieds-postes-plan-travail-mural","10":"pa_tipologie-devis-table-caisse-pour-salon-coiffeur-moderne","12":"first","13":"instock","14":"product-type-simple"},"acf":[],"yoast_head":"<!-- This site is optimized with the Yoast SEO plugin v26.9 - https:\/\/yoast.com\/product\/yoast-seo-wordpress\/ -->\n<title>4109 BROOKLYN - Vezzosi Arredamenti<\/title>\n<meta name=\"robots\" content=\"index, follow, max-snippet:-1, max-image-preview:large, max-video-preview:-1\" \/>\n<link rel=\"canonical\" href=\"https:\/\/www.vezzosisrl.com\/fr\/4109-brooklyn\/\" \/>\n<meta property=\"og:locale\" content=\"fr_FR\" \/>\n<meta property=\"og:type\" content=\"article\" \/>\n<meta property=\"og:title\" content=\"4109 BROOKLYN - Vezzosi Arredamenti\" \/>\n<meta property=\"og:description\" content=\"Le bois domine la sc\u00e8ne dans le poste de travail Brooklyn. La table est dot\u00e9e d&#8217;un meuble central tr\u00e8s pratique et le plateau est enti\u00e8rement r\u00e9alis\u00e9 en stratifi\u00e9 plastique effet bois. Des miroirs parfaitement ronds termin\u00e9s par des bandes de cuir naturel compl\u00e8tent le poste de travail.\" \/>\n<meta property=\"og:url\" content=\"https:\/\/www.vezzosisrl.com\/fr\/4109-brooklyn\/\" \/>\n<meta property=\"og:site_name\" content=\"Vezzosi Arredamenti\" \/>\n<meta property=\"article:modified_time\" content=\"2024-01-10T10:35:16+00:00\" \/>\n<meta property=\"og:image\" content=\"https:\/\/www.vezzosisrl.com\/wp-content\/uploads\/2023\/05\/Posto-lavoro-con-top-in-laminato-plastico.jpg\" \/>\n\t<meta property=\"og:image:width\" content=\"900\" \/>\n\t<meta property=\"og:image:height\" content=\"900\" \/>\n\t<meta property=\"og:image:type\" content=\"image\/jpeg\" \/>\n<meta name=\"twitter:card\" content=\"summary_large_image\" \/>\n<script type=\"application\/ld+json\" class=\"yoast-schema-graph\">{\"@context\":\"https:\/\/schema.org\",\"@graph\":[{\"@type\":\"WebPage\",\"@id\":\"https:\/\/www.vezzosisrl.com\/fr\/4109-brooklyn\/\",\"url\":\"https:\/\/www.vezzosisrl.com\/fr\/4109-brooklyn\/\",\"name\":\"4109 BROOKLYN - Vezzosi Arredamenti\",\"isPartOf\":{\"@id\":\"https:\/\/www.vezzosisrl.com\/fr\/#website\"},\"primaryImageOfPage\":{\"@id\":\"https:\/\/www.vezzosisrl.com\/fr\/4109-brooklyn\/#primaryimage\"},\"image\":{\"@id\":\"https:\/\/www.vezzosisrl.com\/fr\/4109-brooklyn\/#primaryimage\"},\"thumbnailUrl\":\"https:\/\/www.vezzosisrl.com\/wp-content\/uploads\/2023\/05\/Posto-lavoro-con-top-in-laminato-plastico.jpg\",\"datePublished\":\"2023-05-26T10:48:12+00:00\",\"dateModified\":\"2024-01-10T10:35:16+00:00\",\"breadcrumb\":{\"@id\":\"https:\/\/www.vezzosisrl.com\/fr\/4109-brooklyn\/#breadcrumb\"},\"inLanguage\":\"fr-FR\",\"potentialAction\":[{\"@type\":\"ReadAction\",\"target\":[\"https:\/\/www.vezzosisrl.com\/fr\/4109-brooklyn\/\"]}]},{\"@type\":\"ImageObject\",\"inLanguage\":\"fr-FR\",\"@id\":\"https:\/\/www.vezzosisrl.com\/fr\/4109-brooklyn\/#primaryimage\",\"url\":\"https:\/\/www.vezzosisrl.com\/wp-content\/uploads\/2023\/05\/Posto-lavoro-con-top-in-laminato-plastico.jpg\",\"contentUrl\":\"https:\/\/www.vezzosisrl.com\/wp-content\/uploads\/2023\/05\/Posto-lavoro-con-top-in-laminato-plastico.jpg\",\"width\":900,\"height\":900},{\"@type\":\"BreadcrumbList\",\"@id\":\"https:\/\/www.vezzosisrl.com\/fr\/4109-brooklyn\/#breadcrumb\",\"itemListElement\":[{\"@type\":\"ListItem\",\"position\":1,\"name\":\"Home\",\"item\":\"https:\/\/www.vezzosisrl.com\/fr\/\"},{\"@type\":\"ListItem\",\"position\":2,\"name\":\"Produits\",\"item\":\"https:\/\/www.vezzosisrl.com\/prodotti\/\"},{\"@type\":\"ListItem\",\"position\":3,\"name\":\"4109 BROOKLYN\"}]},{\"@type\":\"WebSite\",\"@id\":\"https:\/\/www.vezzosisrl.com\/fr\/#website\",\"url\":\"https:\/\/www.vezzosisrl.com\/fr\/\",\"name\":\"Vezzosi Arredamenti\",\"description\":\"\",\"potentialAction\":[{\"@type\":\"SearchAction\",\"target\":{\"@type\":\"EntryPoint\",\"urlTemplate\":\"https:\/\/www.vezzosisrl.com\/fr\/?s={search_term_string}\"},\"query-input\":{\"@type\":\"PropertyValueSpecification\",\"valueRequired\":true,\"valueName\":\"search_term_string\"}}],\"inLanguage\":\"fr-FR\"}]}<\/script>\n<!-- \/ Yoast SEO plugin. -->","yoast_head_json":{"title":"4109 BROOKLYN - Vezzosi Arredamenti","robots":{"index":"index","follow":"follow","max-snippet":"max-snippet:-1","max-image-preview":"max-image-preview:large","max-video-preview":"max-video-preview:-1"},"canonical":"https:\/\/www.vezzosisrl.com\/fr\/4109-brooklyn\/","og_locale":"fr_FR","og_type":"article","og_title":"4109 BROOKLYN - Vezzosi Arredamenti","og_description":"Le bois domine la sc\u00e8ne dans le poste de travail Brooklyn. La table est dot\u00e9e d&#8217;un meuble central tr\u00e8s pratique et le plateau est enti\u00e8rement r\u00e9alis\u00e9 en stratifi\u00e9 plastique effet bois. Des miroirs parfaitement ronds termin\u00e9s par des bandes de cuir naturel compl\u00e8tent le poste de travail.","og_url":"https:\/\/www.vezzosisrl.com\/fr\/4109-brooklyn\/","og_site_name":"Vezzosi Arredamenti","article_modified_time":"2024-01-10T10:35:16+00:00","og_image":[{"width":900,"height":900,"url":"https:\/\/www.vezzosisrl.com\/wp-content\/uploads\/2023\/05\/Posto-lavoro-con-top-in-laminato-plastico.jpg","type":"image\/jpeg"}],"twitter_card":"summary_large_image","schema":{"@context":"https:\/\/schema.org","@graph":[{"@type":"WebPage","@id":"https:\/\/www.vezzosisrl.com\/fr\/4109-brooklyn\/","url":"https:\/\/www.vezzosisrl.com\/fr\/4109-brooklyn\/","name":"4109 BROOKLYN - Vezzosi Arredamenti","isPartOf":{"@id":"https:\/\/www.vezzosisrl.com\/fr\/#website"},"primaryImageOfPage":{"@id":"https:\/\/www.vezzosisrl.com\/fr\/4109-brooklyn\/#primaryimage"},"image":{"@id":"https:\/\/www.vezzosisrl.com\/fr\/4109-brooklyn\/#primaryimage"},"thumbnailUrl":"https:\/\/www.vezzosisrl.com\/wp-content\/uploads\/2023\/05\/Posto-lavoro-con-top-in-laminato-plastico.jpg","datePublished":"2023-05-26T10:48:12+00:00","dateModified":"2024-01-10T10:35:16+00:00","breadcrumb":{"@id":"https:\/\/www.vezzosisrl.com\/fr\/4109-brooklyn\/#breadcrumb"},"inLanguage":"fr-FR","potentialAction":[{"@type":"ReadAction","target":["https:\/\/www.vezzosisrl.com\/fr\/4109-brooklyn\/"]}]},{"@type":"ImageObject","inLanguage":"fr-FR","@id":"https:\/\/www.vezzosisrl.com\/fr\/4109-brooklyn\/#primaryimage","url":"https:\/\/www.vezzosisrl.com\/wp-content\/uploads\/2023\/05\/Posto-lavoro-con-top-in-laminato-plastico.jpg","contentUrl":"https:\/\/www.vezzosisrl.com\/wp-content\/uploads\/2023\/05\/Posto-lavoro-con-top-in-laminato-plastico.jpg","width":900,"height":900},{"@type":"BreadcrumbList","@id":"https:\/\/www.vezzosisrl.com\/fr\/4109-brooklyn\/#breadcrumb","itemListElement":[{"@type":"ListItem","position":1,"name":"Home","item":"https:\/\/www.vezzosisrl.com\/fr\/"},{"@type":"ListItem","position":2,"name":"Produits","item":"https:\/\/www.vezzosisrl.com\/prodotti\/"},{"@type":"ListItem","position":3,"name":"4109 BROOKLYN"}]},{"@type":"WebSite","@id":"https:\/\/www.vezzosisrl.com\/fr\/#website","url":"https:\/\/www.vezzosisrl.com\/fr\/","name":"Vezzosi Arredamenti","description":"","potentialAction":[{"@type":"SearchAction","target":{"@type":"EntryPoint","urlTemplate":"https:\/\/www.vezzosisrl.com\/fr\/?s={search_term_string}"},"query-input":{"@type":"PropertyValueSpecification","valueRequired":true,"valueName":"search_term_string"}}],"inLanguage":"fr-FR"}]}},"_links":{"self":[{"href":"https:\/\/www.vezzosisrl.com\/fr\/wp-json\/wp\/v2\/product\/9056","targetHints":{"allow":["GET"]}}],"collection":[{"href":"https:\/\/www.vezzosisrl.com\/fr\/wp-json\/wp\/v2\/product"}],"about":[{"href":"https:\/\/www.vezzosisrl.com\/fr\/wp-json\/wp\/v2\/types\/product"}],"wp:featuredmedia":[{"embeddable":true,"href":"https:\/\/www.vezzosisrl.com\/fr\/wp-json\/wp\/v2\/media\/6955"}],"wp:attachment":[{"href":"https:\/\/www.vezzosisrl.com\/fr\/wp-json\/wp\/v2\/media?parent=9056"}],"wp:term":[{"taxonomy":"product_brand","embeddable":true,"href":"https:\/\/www.vezzosisrl.com\/fr\/wp-json\/wp\/v2\/product_brand?post=9056"},{"taxonomy":"product_cat","embeddable":true,"href":"https:\/\/www.vezzosisrl.com\/fr\/wp-json\/wp\/v2\/product_cat?post=9056"},{"taxonomy":"product_tag","embeddable":true,"href":"https:\/\/www.vezzosisrl.com\/fr\/wp-json\/wp\/v2\/product_tag?post=9056"}],"curies":[{"name":"wp","href":"https:\/\/api.w.org\/{rel}","templated":true}]}}