{"id":9062,"date":"2023-05-26T12:48:12","date_gmt":"2023-05-26T10:48:12","guid":{"rendered":"http:\/\/vsrl.sviluppokeyweb.com\/prodotto\/3050-fancy-relax\/"},"modified":"2024-01-10T11:34:43","modified_gmt":"2024-01-10T10:34:43","slug":"vendita-poltrona-lavaggio-fancy-confortevole-rivestimento-skai","status":"publish","type":"product","link":"https:\/\/www.vezzosisrl.com\/fr\/vente-fauteuil-lavage-fancy-confortable-revetement-skai\/","title":{"rendered":"3050 FANCY RELAX"},"content":{"rendered":"<p>Le fauteuil de lavage Fancy Relax est un fauteuil de travail confortable avec un repose-jambes et un si\u00e8ge enti\u00e8rement r\u00e9glable. La structure est recouverte de ska\u00ef et permet au client de profiter d&#8217;un si\u00e8ge confortable, transformant une chaise de lavage en un v\u00e9ritable must-have pour votre salon de coiffure. Consultez le catalogue Vezzosi pour trouver de nombreuses autres solutions \u00e0 vendre.<\/p>\n","protected":false},"excerpt":{"rendered":"<p>Le fauteuil de lavage Fancy Relax est un fauteuil de travail confortable avec un repose-jambes et un si\u00e8ge enti\u00e8rement r\u00e9glable. La structure est recouverte de ska\u00ef et permet au client de profiter d&#8217;un si\u00e8ge confortable, transformant une chaise de lavage en un v\u00e9ritable must-have pour votre salon de coiffure. Consultez le catalogue Vezzosi pour trouver&#8230;<\/p>\n","protected":false},"featured_media":6961,"template":"","meta":[],"product_brand":[],"product_cat":[463],"product_tag":[],"class_list":{"0":"post-9062","1":"product","2":"type-product","3":"status-publish","4":"has-post-thumbnail","6":"product_cat-bacs-de-lavage","7":"pa_collezione-vezzosi-style-fr","8":"pa_collezione-meubler-nouveau-salon-de-coiffure-articles-artisanaux-italiens","9":"pa_tipologie-lave-tete-relax-confort-professionnel-pour-detaillants-coiffeurs","11":"first","12":"instock","13":"product-type-simple"},"acf":[],"yoast_head":"<!-- This site is optimized with the Yoast SEO plugin v26.9 - https:\/\/yoast.com\/product\/yoast-seo-wordpress\/ -->\n<title>3050 FANCY RELAX - Vezzosi Arredamenti<\/title>\n<meta name=\"robots\" content=\"index, follow, max-snippet:-1, max-image-preview:large, max-video-preview:-1\" \/>\n<link rel=\"canonical\" href=\"https:\/\/www.vezzosisrl.com\/fr\/vente-fauteuil-lavage-fancy-confortable-revetement-skai\/\" \/>\n<meta property=\"og:locale\" content=\"fr_FR\" \/>\n<meta property=\"og:type\" content=\"article\" \/>\n<meta property=\"og:title\" content=\"3050 FANCY RELAX - Vezzosi Arredamenti\" \/>\n<meta property=\"og:description\" content=\"Le fauteuil de lavage Fancy Relax est un fauteuil de travail confortable avec un repose-jambes et un si\u00e8ge enti\u00e8rement r\u00e9glable. La structure est recouverte de ska\u00ef et permet au client de profiter d&#8217;un si\u00e8ge confortable, transformant une chaise de lavage en un v\u00e9ritable must-have pour votre salon de coiffure. Consultez le catalogue Vezzosi pour trouver...\" \/>\n<meta property=\"og:url\" content=\"https:\/\/www.vezzosisrl.com\/fr\/vente-fauteuil-lavage-fancy-confortable-revetement-skai\/\" \/>\n<meta property=\"og:site_name\" content=\"Vezzosi Arredamenti\" \/>\n<meta property=\"article:modified_time\" content=\"2024-01-10T10:34:43+00:00\" \/>\n<meta property=\"og:image\" content=\"https:\/\/www.vezzosisrl.com\/wp-content\/uploads\/2023\/05\/Poltrona-lavaggio-fancy.jpg\" \/>\n\t<meta property=\"og:image:width\" content=\"900\" \/>\n\t<meta property=\"og:image:height\" content=\"900\" \/>\n\t<meta property=\"og:image:type\" content=\"image\/jpeg\" \/>\n<meta name=\"twitter:card\" content=\"summary_large_image\" \/>\n<script type=\"application\/ld+json\" class=\"yoast-schema-graph\">{\"@context\":\"https:\/\/schema.org\",\"@graph\":[{\"@type\":\"WebPage\",\"@id\":\"https:\/\/www.vezzosisrl.com\/fr\/vente-fauteuil-lavage-fancy-confortable-revetement-skai\/\",\"url\":\"https:\/\/www.vezzosisrl.com\/fr\/vente-fauteuil-lavage-fancy-confortable-revetement-skai\/\",\"name\":\"3050 FANCY RELAX - Vezzosi Arredamenti\",\"isPartOf\":{\"@id\":\"https:\/\/www.vezzosisrl.com\/fr\/#website\"},\"primaryImageOfPage\":{\"@id\":\"https:\/\/www.vezzosisrl.com\/fr\/vente-fauteuil-lavage-fancy-confortable-revetement-skai\/#primaryimage\"},\"image\":{\"@id\":\"https:\/\/www.vezzosisrl.com\/fr\/vente-fauteuil-lavage-fancy-confortable-revetement-skai\/#primaryimage\"},\"thumbnailUrl\":\"https:\/\/www.vezzosisrl.com\/wp-content\/uploads\/2023\/05\/Poltrona-lavaggio-fancy.jpg\",\"datePublished\":\"2023-05-26T10:48:12+00:00\",\"dateModified\":\"2024-01-10T10:34:43+00:00\",\"breadcrumb\":{\"@id\":\"https:\/\/www.vezzosisrl.com\/fr\/vente-fauteuil-lavage-fancy-confortable-revetement-skai\/#breadcrumb\"},\"inLanguage\":\"fr-FR\",\"potentialAction\":[{\"@type\":\"ReadAction\",\"target\":[\"https:\/\/www.vezzosisrl.com\/fr\/vente-fauteuil-lavage-fancy-confortable-revetement-skai\/\"]}]},{\"@type\":\"ImageObject\",\"inLanguage\":\"fr-FR\",\"@id\":\"https:\/\/www.vezzosisrl.com\/fr\/vente-fauteuil-lavage-fancy-confortable-revetement-skai\/#primaryimage\",\"url\":\"https:\/\/www.vezzosisrl.com\/wp-content\/uploads\/2023\/05\/Poltrona-lavaggio-fancy.jpg\",\"contentUrl\":\"https:\/\/www.vezzosisrl.com\/wp-content\/uploads\/2023\/05\/Poltrona-lavaggio-fancy.jpg\",\"width\":900,\"height\":900},{\"@type\":\"BreadcrumbList\",\"@id\":\"https:\/\/www.vezzosisrl.com\/fr\/vente-fauteuil-lavage-fancy-confortable-revetement-skai\/#breadcrumb\",\"itemListElement\":[{\"@type\":\"ListItem\",\"position\":1,\"name\":\"Home\",\"item\":\"https:\/\/www.vezzosisrl.com\/fr\/\"},{\"@type\":\"ListItem\",\"position\":2,\"name\":\"Produits\",\"item\":\"https:\/\/www.vezzosisrl.com\/prodotti\/\"},{\"@type\":\"ListItem\",\"position\":3,\"name\":\"3050 FANCY RELAX\"}]},{\"@type\":\"WebSite\",\"@id\":\"https:\/\/www.vezzosisrl.com\/fr\/#website\",\"url\":\"https:\/\/www.vezzosisrl.com\/fr\/\",\"name\":\"Vezzosi Arredamenti\",\"description\":\"\",\"potentialAction\":[{\"@type\":\"SearchAction\",\"target\":{\"@type\":\"EntryPoint\",\"urlTemplate\":\"https:\/\/www.vezzosisrl.com\/fr\/?s={search_term_string}\"},\"query-input\":{\"@type\":\"PropertyValueSpecification\",\"valueRequired\":true,\"valueName\":\"search_term_string\"}}],\"inLanguage\":\"fr-FR\"}]}<\/script>\n<!-- \/ Yoast SEO plugin. -->","yoast_head_json":{"title":"3050 FANCY RELAX - Vezzosi Arredamenti","robots":{"index":"index","follow":"follow","max-snippet":"max-snippet:-1","max-image-preview":"max-image-preview:large","max-video-preview":"max-video-preview:-1"},"canonical":"https:\/\/www.vezzosisrl.com\/fr\/vente-fauteuil-lavage-fancy-confortable-revetement-skai\/","og_locale":"fr_FR","og_type":"article","og_title":"3050 FANCY RELAX - Vezzosi Arredamenti","og_description":"Le fauteuil de lavage Fancy Relax est un fauteuil de travail confortable avec un repose-jambes et un si\u00e8ge enti\u00e8rement r\u00e9glable. La structure est recouverte de ska\u00ef et permet au client de profiter d&#8217;un si\u00e8ge confortable, transformant une chaise de lavage en un v\u00e9ritable must-have pour votre salon de coiffure. Consultez le catalogue Vezzosi pour trouver...","og_url":"https:\/\/www.vezzosisrl.com\/fr\/vente-fauteuil-lavage-fancy-confortable-revetement-skai\/","og_site_name":"Vezzosi Arredamenti","article_modified_time":"2024-01-10T10:34:43+00:00","og_image":[{"width":900,"height":900,"url":"https:\/\/www.vezzosisrl.com\/wp-content\/uploads\/2023\/05\/Poltrona-lavaggio-fancy.jpg","type":"image\/jpeg"}],"twitter_card":"summary_large_image","schema":{"@context":"https:\/\/schema.org","@graph":[{"@type":"WebPage","@id":"https:\/\/www.vezzosisrl.com\/fr\/vente-fauteuil-lavage-fancy-confortable-revetement-skai\/","url":"https:\/\/www.vezzosisrl.com\/fr\/vente-fauteuil-lavage-fancy-confortable-revetement-skai\/","name":"3050 FANCY RELAX - Vezzosi Arredamenti","isPartOf":{"@id":"https:\/\/www.vezzosisrl.com\/fr\/#website"},"primaryImageOfPage":{"@id":"https:\/\/www.vezzosisrl.com\/fr\/vente-fauteuil-lavage-fancy-confortable-revetement-skai\/#primaryimage"},"image":{"@id":"https:\/\/www.vezzosisrl.com\/fr\/vente-fauteuil-lavage-fancy-confortable-revetement-skai\/#primaryimage"},"thumbnailUrl":"https:\/\/www.vezzosisrl.com\/wp-content\/uploads\/2023\/05\/Poltrona-lavaggio-fancy.jpg","datePublished":"2023-05-26T10:48:12+00:00","dateModified":"2024-01-10T10:34:43+00:00","breadcrumb":{"@id":"https:\/\/www.vezzosisrl.com\/fr\/vente-fauteuil-lavage-fancy-confortable-revetement-skai\/#breadcrumb"},"inLanguage":"fr-FR","potentialAction":[{"@type":"ReadAction","target":["https:\/\/www.vezzosisrl.com\/fr\/vente-fauteuil-lavage-fancy-confortable-revetement-skai\/"]}]},{"@type":"ImageObject","inLanguage":"fr-FR","@id":"https:\/\/www.vezzosisrl.com\/fr\/vente-fauteuil-lavage-fancy-confortable-revetement-skai\/#primaryimage","url":"https:\/\/www.vezzosisrl.com\/wp-content\/uploads\/2023\/05\/Poltrona-lavaggio-fancy.jpg","contentUrl":"https:\/\/www.vezzosisrl.com\/wp-content\/uploads\/2023\/05\/Poltrona-lavaggio-fancy.jpg","width":900,"height":900},{"@type":"BreadcrumbList","@id":"https:\/\/www.vezzosisrl.com\/fr\/vente-fauteuil-lavage-fancy-confortable-revetement-skai\/#breadcrumb","itemListElement":[{"@type":"ListItem","position":1,"name":"Home","item":"https:\/\/www.vezzosisrl.com\/fr\/"},{"@type":"ListItem","position":2,"name":"Produits","item":"https:\/\/www.vezzosisrl.com\/prodotti\/"},{"@type":"ListItem","position":3,"name":"3050 FANCY RELAX"}]},{"@type":"WebSite","@id":"https:\/\/www.vezzosisrl.com\/fr\/#website","url":"https:\/\/www.vezzosisrl.com\/fr\/","name":"Vezzosi Arredamenti","description":"","potentialAction":[{"@type":"SearchAction","target":{"@type":"EntryPoint","urlTemplate":"https:\/\/www.vezzosisrl.com\/fr\/?s={search_term_string}"},"query-input":{"@type":"PropertyValueSpecification","valueRequired":true,"valueName":"search_term_string"}}],"inLanguage":"fr-FR"}]}},"_links":{"self":[{"href":"https:\/\/www.vezzosisrl.com\/fr\/wp-json\/wp\/v2\/product\/9062","targetHints":{"allow":["GET"]}}],"collection":[{"href":"https:\/\/www.vezzosisrl.com\/fr\/wp-json\/wp\/v2\/product"}],"about":[{"href":"https:\/\/www.vezzosisrl.com\/fr\/wp-json\/wp\/v2\/types\/product"}],"wp:featuredmedia":[{"embeddable":true,"href":"https:\/\/www.vezzosisrl.com\/fr\/wp-json\/wp\/v2\/media\/6961"}],"wp:attachment":[{"href":"https:\/\/www.vezzosisrl.com\/fr\/wp-json\/wp\/v2\/media?parent=9062"}],"wp:term":[{"taxonomy":"product_brand","embeddable":true,"href":"https:\/\/www.vezzosisrl.com\/fr\/wp-json\/wp\/v2\/product_brand?post=9062"},{"taxonomy":"product_cat","embeddable":true,"href":"https:\/\/www.vezzosisrl.com\/fr\/wp-json\/wp\/v2\/product_cat?post=9062"},{"taxonomy":"product_tag","embeddable":true,"href":"https:\/\/www.vezzosisrl.com\/fr\/wp-json\/wp\/v2\/product_tag?post=9062"}],"curies":[{"name":"wp","href":"https:\/\/api.w.org\/{rel}","templated":true}]}}