{"id":9080,"date":"2023-05-26T12:48:12","date_gmt":"2023-05-26T10:48:12","guid":{"rendered":"http:\/\/vsrl.sviluppokeyweb.com\/prodotto\/4113-posto-lavoro-fancy-centrale\/"},"modified":"2024-01-10T11:35:18","modified_gmt":"2024-01-10T10:35:18","slug":"fornitura-arredo-zona-taglio-4-posti-doppio-specchio","status":"publish","type":"product","link":"https:\/\/www.vezzosisrl.com\/fr\/4113-posto-lavoro-fancy-centrale\/","title":{"rendered":"4113 \u2013 POSTO LAVORO FANCY CENTRALE"},"content":{"rendered":"<p>Le poste de travail 4 places de la ligne Fancy est con\u00e7u pour servir d&#8217;espace de coupe parfait et \u00e9l\u00e9gant dans un salon de coiffure haut de gamme. Il se compose d&#8217;un poste de travail central avec une structure en acier peint en or, un plateau en gr\u00e8s c\u00e9rame couleur onyx reposant sur un support en stratifi\u00e9 plastique. La composition \u00e0 double miroir, soutenue par des cadres en acier peint en or, permet d&#8217;accueillir 4 clients \u00e0 la fois, une solution parfaite pour une gestion intelligente de l&#8217;espace. Un tunnel porte-prises sous le comptoir, r\u00e9alis\u00e9 en stratifi\u00e9 plastique, compl\u00e8te la composition.<\/p>\n","protected":false},"excerpt":{"rendered":"<p>Le poste de travail 4 places de la ligne Fancy est con\u00e7u pour servir d&#8217;espace de coupe parfait et \u00e9l\u00e9gant dans un salon de coiffure haut de gamme. Il se compose d&#8217;un poste de travail central avec une structure en acier peint en or, un plateau en gr\u00e8s c\u00e9rame couleur onyx reposant sur un support&#8230;<\/p>\n","protected":false},"featured_media":6997,"template":"","meta":[],"product_brand":[],"product_cat":[432],"product_tag":[],"class_list":{"0":"post-9080","1":"product","2":"type-product","3":"status-publish","4":"has-post-thumbnail","6":"product_cat-postes-de-travail","7":"pa_collezione-vezzosi-style-fr","8":"pa_collezione-meubler-nouveau-salon-de-coiffure-articles-artisanaux-italiens","9":"pa_tipologie-doppio-fr","10":"pa_tipologie-postes-travail-pour-coiffeur-en-stratifie-bois-2-4-places","11":"pa_tipologie-devis-table-caisse-pour-salon-coiffeur-moderne","13":"first","14":"instock","15":"product-type-simple"},"acf":[],"yoast_head":"<!-- This site is optimized with the Yoast SEO plugin v26.9 - https:\/\/yoast.com\/product\/yoast-seo-wordpress\/ -->\n<title>4113 \u2013 POSTO LAVORO FANCY CENTRALE - Vezzosi Arredamenti<\/title>\n<meta name=\"robots\" content=\"index, follow, max-snippet:-1, max-image-preview:large, max-video-preview:-1\" \/>\n<link rel=\"canonical\" href=\"https:\/\/www.vezzosisrl.com\/fr\/4113-posto-lavoro-fancy-centrale\/\" \/>\n<meta property=\"og:locale\" content=\"fr_FR\" \/>\n<meta property=\"og:type\" content=\"article\" \/>\n<meta property=\"og:title\" content=\"4113 \u2013 POSTO LAVORO FANCY CENTRALE - Vezzosi Arredamenti\" \/>\n<meta property=\"og:description\" content=\"Le poste de travail 4 places de la ligne Fancy est con\u00e7u pour servir d&#8217;espace de coupe parfait et \u00e9l\u00e9gant dans un salon de coiffure haut de gamme. Il se compose d&#8217;un poste de travail central avec une structure en acier peint en or, un plateau en gr\u00e8s c\u00e9rame couleur onyx reposant sur un support...\" \/>\n<meta property=\"og:url\" content=\"https:\/\/www.vezzosisrl.com\/fr\/4113-posto-lavoro-fancy-centrale\/\" \/>\n<meta property=\"og:site_name\" content=\"Vezzosi Arredamenti\" \/>\n<meta property=\"article:modified_time\" content=\"2024-01-10T10:35:18+00:00\" \/>\n<meta property=\"og:image\" content=\"https:\/\/www.vezzosisrl.com\/wp-content\/uploads\/2023\/05\/Zona-taglio-4-posti.jpg\" \/>\n\t<meta property=\"og:image:width\" content=\"900\" \/>\n\t<meta property=\"og:image:height\" content=\"900\" \/>\n\t<meta property=\"og:image:type\" content=\"image\/jpeg\" \/>\n<meta name=\"twitter:card\" content=\"summary_large_image\" \/>\n<meta name=\"twitter:label1\" content=\"Dur\u00e9e de lecture estim\u00e9e\" \/>\n\t<meta name=\"twitter:data1\" content=\"1 minute\" \/>\n<script type=\"application\/ld+json\" class=\"yoast-schema-graph\">{\"@context\":\"https:\/\/schema.org\",\"@graph\":[{\"@type\":\"WebPage\",\"@id\":\"https:\/\/www.vezzosisrl.com\/fr\/4113-posto-lavoro-fancy-centrale\/\",\"url\":\"https:\/\/www.vezzosisrl.com\/fr\/4113-posto-lavoro-fancy-centrale\/\",\"name\":\"4113 \u2013 POSTO LAVORO FANCY CENTRALE - Vezzosi Arredamenti\",\"isPartOf\":{\"@id\":\"https:\/\/www.vezzosisrl.com\/fr\/#website\"},\"primaryImageOfPage\":{\"@id\":\"https:\/\/www.vezzosisrl.com\/fr\/4113-posto-lavoro-fancy-centrale\/#primaryimage\"},\"image\":{\"@id\":\"https:\/\/www.vezzosisrl.com\/fr\/4113-posto-lavoro-fancy-centrale\/#primaryimage\"},\"thumbnailUrl\":\"https:\/\/www.vezzosisrl.com\/wp-content\/uploads\/2023\/05\/Zona-taglio-4-posti.jpg\",\"datePublished\":\"2023-05-26T10:48:12+00:00\",\"dateModified\":\"2024-01-10T10:35:18+00:00\",\"breadcrumb\":{\"@id\":\"https:\/\/www.vezzosisrl.com\/fr\/4113-posto-lavoro-fancy-centrale\/#breadcrumb\"},\"inLanguage\":\"fr-FR\",\"potentialAction\":[{\"@type\":\"ReadAction\",\"target\":[\"https:\/\/www.vezzosisrl.com\/fr\/4113-posto-lavoro-fancy-centrale\/\"]}]},{\"@type\":\"ImageObject\",\"inLanguage\":\"fr-FR\",\"@id\":\"https:\/\/www.vezzosisrl.com\/fr\/4113-posto-lavoro-fancy-centrale\/#primaryimage\",\"url\":\"https:\/\/www.vezzosisrl.com\/wp-content\/uploads\/2023\/05\/Zona-taglio-4-posti.jpg\",\"contentUrl\":\"https:\/\/www.vezzosisrl.com\/wp-content\/uploads\/2023\/05\/Zona-taglio-4-posti.jpg\",\"width\":900,\"height\":900},{\"@type\":\"BreadcrumbList\",\"@id\":\"https:\/\/www.vezzosisrl.com\/fr\/4113-posto-lavoro-fancy-centrale\/#breadcrumb\",\"itemListElement\":[{\"@type\":\"ListItem\",\"position\":1,\"name\":\"Home\",\"item\":\"https:\/\/www.vezzosisrl.com\/fr\/\"},{\"@type\":\"ListItem\",\"position\":2,\"name\":\"Produits\",\"item\":\"https:\/\/www.vezzosisrl.com\/prodotti\/\"},{\"@type\":\"ListItem\",\"position\":3,\"name\":\"4113 \u2013 POSTO LAVORO FANCY CENTRALE\"}]},{\"@type\":\"WebSite\",\"@id\":\"https:\/\/www.vezzosisrl.com\/fr\/#website\",\"url\":\"https:\/\/www.vezzosisrl.com\/fr\/\",\"name\":\"Vezzosi Arredamenti\",\"description\":\"\",\"potentialAction\":[{\"@type\":\"SearchAction\",\"target\":{\"@type\":\"EntryPoint\",\"urlTemplate\":\"https:\/\/www.vezzosisrl.com\/fr\/?s={search_term_string}\"},\"query-input\":{\"@type\":\"PropertyValueSpecification\",\"valueRequired\":true,\"valueName\":\"search_term_string\"}}],\"inLanguage\":\"fr-FR\"}]}<\/script>\n<!-- \/ Yoast SEO plugin. -->","yoast_head_json":{"title":"4113 \u2013 POSTO LAVORO FANCY CENTRALE - Vezzosi Arredamenti","robots":{"index":"index","follow":"follow","max-snippet":"max-snippet:-1","max-image-preview":"max-image-preview:large","max-video-preview":"max-video-preview:-1"},"canonical":"https:\/\/www.vezzosisrl.com\/fr\/4113-posto-lavoro-fancy-centrale\/","og_locale":"fr_FR","og_type":"article","og_title":"4113 \u2013 POSTO LAVORO FANCY CENTRALE - Vezzosi Arredamenti","og_description":"Le poste de travail 4 places de la ligne Fancy est con\u00e7u pour servir d&#8217;espace de coupe parfait et \u00e9l\u00e9gant dans un salon de coiffure haut de gamme. Il se compose d&#8217;un poste de travail central avec une structure en acier peint en or, un plateau en gr\u00e8s c\u00e9rame couleur onyx reposant sur un support...","og_url":"https:\/\/www.vezzosisrl.com\/fr\/4113-posto-lavoro-fancy-centrale\/","og_site_name":"Vezzosi Arredamenti","article_modified_time":"2024-01-10T10:35:18+00:00","og_image":[{"width":900,"height":900,"url":"https:\/\/www.vezzosisrl.com\/wp-content\/uploads\/2023\/05\/Zona-taglio-4-posti.jpg","type":"image\/jpeg"}],"twitter_card":"summary_large_image","twitter_misc":{"Dur\u00e9e de lecture estim\u00e9e":"1 minute"},"schema":{"@context":"https:\/\/schema.org","@graph":[{"@type":"WebPage","@id":"https:\/\/www.vezzosisrl.com\/fr\/4113-posto-lavoro-fancy-centrale\/","url":"https:\/\/www.vezzosisrl.com\/fr\/4113-posto-lavoro-fancy-centrale\/","name":"4113 \u2013 POSTO LAVORO FANCY CENTRALE - Vezzosi Arredamenti","isPartOf":{"@id":"https:\/\/www.vezzosisrl.com\/fr\/#website"},"primaryImageOfPage":{"@id":"https:\/\/www.vezzosisrl.com\/fr\/4113-posto-lavoro-fancy-centrale\/#primaryimage"},"image":{"@id":"https:\/\/www.vezzosisrl.com\/fr\/4113-posto-lavoro-fancy-centrale\/#primaryimage"},"thumbnailUrl":"https:\/\/www.vezzosisrl.com\/wp-content\/uploads\/2023\/05\/Zona-taglio-4-posti.jpg","datePublished":"2023-05-26T10:48:12+00:00","dateModified":"2024-01-10T10:35:18+00:00","breadcrumb":{"@id":"https:\/\/www.vezzosisrl.com\/fr\/4113-posto-lavoro-fancy-centrale\/#breadcrumb"},"inLanguage":"fr-FR","potentialAction":[{"@type":"ReadAction","target":["https:\/\/www.vezzosisrl.com\/fr\/4113-posto-lavoro-fancy-centrale\/"]}]},{"@type":"ImageObject","inLanguage":"fr-FR","@id":"https:\/\/www.vezzosisrl.com\/fr\/4113-posto-lavoro-fancy-centrale\/#primaryimage","url":"https:\/\/www.vezzosisrl.com\/wp-content\/uploads\/2023\/05\/Zona-taglio-4-posti.jpg","contentUrl":"https:\/\/www.vezzosisrl.com\/wp-content\/uploads\/2023\/05\/Zona-taglio-4-posti.jpg","width":900,"height":900},{"@type":"BreadcrumbList","@id":"https:\/\/www.vezzosisrl.com\/fr\/4113-posto-lavoro-fancy-centrale\/#breadcrumb","itemListElement":[{"@type":"ListItem","position":1,"name":"Home","item":"https:\/\/www.vezzosisrl.com\/fr\/"},{"@type":"ListItem","position":2,"name":"Produits","item":"https:\/\/www.vezzosisrl.com\/prodotti\/"},{"@type":"ListItem","position":3,"name":"4113 \u2013 POSTO LAVORO FANCY CENTRALE"}]},{"@type":"WebSite","@id":"https:\/\/www.vezzosisrl.com\/fr\/#website","url":"https:\/\/www.vezzosisrl.com\/fr\/","name":"Vezzosi Arredamenti","description":"","potentialAction":[{"@type":"SearchAction","target":{"@type":"EntryPoint","urlTemplate":"https:\/\/www.vezzosisrl.com\/fr\/?s={search_term_string}"},"query-input":{"@type":"PropertyValueSpecification","valueRequired":true,"valueName":"search_term_string"}}],"inLanguage":"fr-FR"}]}},"_links":{"self":[{"href":"https:\/\/www.vezzosisrl.com\/fr\/wp-json\/wp\/v2\/product\/9080","targetHints":{"allow":["GET"]}}],"collection":[{"href":"https:\/\/www.vezzosisrl.com\/fr\/wp-json\/wp\/v2\/product"}],"about":[{"href":"https:\/\/www.vezzosisrl.com\/fr\/wp-json\/wp\/v2\/types\/product"}],"wp:featuredmedia":[{"embeddable":true,"href":"https:\/\/www.vezzosisrl.com\/fr\/wp-json\/wp\/v2\/media\/6997"}],"wp:attachment":[{"href":"https:\/\/www.vezzosisrl.com\/fr\/wp-json\/wp\/v2\/media?parent=9080"}],"wp:term":[{"taxonomy":"product_brand","embeddable":true,"href":"https:\/\/www.vezzosisrl.com\/fr\/wp-json\/wp\/v2\/product_brand?post=9080"},{"taxonomy":"product_cat","embeddable":true,"href":"https:\/\/www.vezzosisrl.com\/fr\/wp-json\/wp\/v2\/product_cat?post=9080"},{"taxonomy":"product_tag","embeddable":true,"href":"https:\/\/www.vezzosisrl.com\/fr\/wp-json\/wp\/v2\/product_tag?post=9080"}],"curies":[{"name":"wp","href":"https:\/\/api.w.org\/{rel}","templated":true}]}}