{"id":9095,"date":"2023-05-26T12:47:04","date_gmt":"2023-05-26T10:47:04","guid":{"rendered":"http:\/\/vsrl.sviluppokeyweb.com\/prodotto\/10064-n-grace-double\/"},"modified":"2024-01-10T11:34:10","modified_gmt":"2024-01-10T10:34:10","slug":"grace-double-struttura-nobilitato-bianco-alta-qualita","status":"publish","type":"product","link":"https:\/\/www.vezzosisrl.com\/fr\/grace-double-structure-melamine-blanc-haut-qualite\/","title":{"rendered":"10064\/N GRACE DOUBLE"},"content":{"rendered":"<p>Grace Double est notre station de manucure dans la version avec une table double avec un pr\u00e9sentoir de vernis \u00e0 ongles au milieu. Elle est caract\u00e9ris\u00e9e par des \u00e9tag\u00e8res en verre, une structure en m\u00e9lamin\u00e9 blanche et des tiroirs int\u00e9gr\u00e9s, des aspirateurs et des repose-mains. Un compl\u00e9ment d&#8217;ameublement de haute qualit\u00e9, extr\u00eamement fonctionnel et pratique, et en m\u00eame temps \u00e9l\u00e9gant et styl\u00e9, gr\u00e2ce \u00e0 ses lignes \u00e9pur\u00e9es.<\/p>\n","protected":false},"excerpt":{"rendered":"<p>Grace Double est notre station de manucure dans la version avec une table double avec un pr\u00e9sentoir de vernis \u00e0 ongles au milieu. Elle est caract\u00e9ris\u00e9e par des \u00e9tag\u00e8res en verre, une structure en m\u00e9lamin\u00e9 blanche et des tiroirs int\u00e9gr\u00e9s, des aspirateurs et des repose-mains. Un compl\u00e9ment d&#8217;ameublement de haute qualit\u00e9, extr\u00eamement fonctionnel et pratique,&#8230;<\/p>\n","protected":false},"featured_media":6820,"template":"","meta":[],"product_brand":[],"product_cat":[441],"product_tag":[],"class_list":{"0":"post-9095","1":"product","2":"type-product","3":"status-publish","4":"has-post-thumbnail","6":"product_cat-esthetique","7":"pa_collezione-estetica-vezzosi-fr","9":"first","10":"instock","11":"product-type-simple"},"acf":[],"yoast_head":"<!-- This site is optimized with the Yoast SEO plugin v26.9 - https:\/\/yoast.com\/product\/yoast-seo-wordpress\/ -->\n<title>10064\/N GRACE DOUBLE - Vezzosi Arredamenti<\/title>\n<meta name=\"robots\" content=\"index, follow, max-snippet:-1, max-image-preview:large, max-video-preview:-1\" \/>\n<link rel=\"canonical\" href=\"https:\/\/www.vezzosisrl.com\/fr\/grace-double-structure-melamine-blanc-haut-qualite\/\" \/>\n<meta property=\"og:locale\" content=\"fr_FR\" \/>\n<meta property=\"og:type\" content=\"article\" \/>\n<meta property=\"og:title\" content=\"10064\/N GRACE DOUBLE - Vezzosi Arredamenti\" \/>\n<meta property=\"og:description\" content=\"Grace Double est notre station de manucure dans la version avec une table double avec un pr\u00e9sentoir de vernis \u00e0 ongles au milieu. Elle est caract\u00e9ris\u00e9e par des \u00e9tag\u00e8res en verre, une structure en m\u00e9lamin\u00e9 blanche et des tiroirs int\u00e9gr\u00e9s, des aspirateurs et des repose-mains. Un compl\u00e9ment d&#8217;ameublement de haute qualit\u00e9, extr\u00eamement fonctionnel et pratique,...\" \/>\n<meta property=\"og:url\" content=\"https:\/\/www.vezzosisrl.com\/fr\/grace-double-structure-melamine-blanc-haut-qualite\/\" \/>\n<meta property=\"og:site_name\" content=\"Vezzosi Arredamenti\" \/>\n<meta property=\"article:modified_time\" content=\"2024-01-10T10:34:10+00:00\" \/>\n<meta property=\"og:image\" content=\"https:\/\/www.vezzosisrl.com\/wp-content\/uploads\/2023\/05\/Doppio-tavolo-manicure-con-espositore-smalti-al-centro-grace-double.jpg\" \/>\n\t<meta property=\"og:image:width\" content=\"900\" \/>\n\t<meta property=\"og:image:height\" content=\"900\" \/>\n\t<meta property=\"og:image:type\" content=\"image\/jpeg\" \/>\n<meta name=\"twitter:card\" content=\"summary_large_image\" \/>\n<script type=\"application\/ld+json\" class=\"yoast-schema-graph\">{\"@context\":\"https:\/\/schema.org\",\"@graph\":[{\"@type\":\"WebPage\",\"@id\":\"https:\/\/www.vezzosisrl.com\/fr\/grace-double-structure-melamine-blanc-haut-qualite\/\",\"url\":\"https:\/\/www.vezzosisrl.com\/fr\/grace-double-structure-melamine-blanc-haut-qualite\/\",\"name\":\"10064\/N GRACE DOUBLE - Vezzosi Arredamenti\",\"isPartOf\":{\"@id\":\"https:\/\/www.vezzosisrl.com\/fr\/#website\"},\"primaryImageOfPage\":{\"@id\":\"https:\/\/www.vezzosisrl.com\/fr\/grace-double-structure-melamine-blanc-haut-qualite\/#primaryimage\"},\"image\":{\"@id\":\"https:\/\/www.vezzosisrl.com\/fr\/grace-double-structure-melamine-blanc-haut-qualite\/#primaryimage\"},\"thumbnailUrl\":\"https:\/\/www.vezzosisrl.com\/wp-content\/uploads\/2023\/05\/Doppio-tavolo-manicure-con-espositore-smalti-al-centro-grace-double.jpg\",\"datePublished\":\"2023-05-26T10:47:04+00:00\",\"dateModified\":\"2024-01-10T10:34:10+00:00\",\"breadcrumb\":{\"@id\":\"https:\/\/www.vezzosisrl.com\/fr\/grace-double-structure-melamine-blanc-haut-qualite\/#breadcrumb\"},\"inLanguage\":\"fr-FR\",\"potentialAction\":[{\"@type\":\"ReadAction\",\"target\":[\"https:\/\/www.vezzosisrl.com\/fr\/grace-double-structure-melamine-blanc-haut-qualite\/\"]}]},{\"@type\":\"ImageObject\",\"inLanguage\":\"fr-FR\",\"@id\":\"https:\/\/www.vezzosisrl.com\/fr\/grace-double-structure-melamine-blanc-haut-qualite\/#primaryimage\",\"url\":\"https:\/\/www.vezzosisrl.com\/wp-content\/uploads\/2023\/05\/Doppio-tavolo-manicure-con-espositore-smalti-al-centro-grace-double.jpg\",\"contentUrl\":\"https:\/\/www.vezzosisrl.com\/wp-content\/uploads\/2023\/05\/Doppio-tavolo-manicure-con-espositore-smalti-al-centro-grace-double.jpg\",\"width\":900,\"height\":900},{\"@type\":\"BreadcrumbList\",\"@id\":\"https:\/\/www.vezzosisrl.com\/fr\/grace-double-structure-melamine-blanc-haut-qualite\/#breadcrumb\",\"itemListElement\":[{\"@type\":\"ListItem\",\"position\":1,\"name\":\"Home\",\"item\":\"https:\/\/www.vezzosisrl.com\/fr\/\"},{\"@type\":\"ListItem\",\"position\":2,\"name\":\"Produits\",\"item\":\"https:\/\/www.vezzosisrl.com\/prodotti\/\"},{\"@type\":\"ListItem\",\"position\":3,\"name\":\"10064\/N GRACE DOUBLE\"}]},{\"@type\":\"WebSite\",\"@id\":\"https:\/\/www.vezzosisrl.com\/fr\/#website\",\"url\":\"https:\/\/www.vezzosisrl.com\/fr\/\",\"name\":\"Vezzosi Arredamenti\",\"description\":\"\",\"potentialAction\":[{\"@type\":\"SearchAction\",\"target\":{\"@type\":\"EntryPoint\",\"urlTemplate\":\"https:\/\/www.vezzosisrl.com\/fr\/?s={search_term_string}\"},\"query-input\":{\"@type\":\"PropertyValueSpecification\",\"valueRequired\":true,\"valueName\":\"search_term_string\"}}],\"inLanguage\":\"fr-FR\"}]}<\/script>\n<!-- \/ Yoast SEO plugin. -->","yoast_head_json":{"title":"10064\/N GRACE DOUBLE - Vezzosi Arredamenti","robots":{"index":"index","follow":"follow","max-snippet":"max-snippet:-1","max-image-preview":"max-image-preview:large","max-video-preview":"max-video-preview:-1"},"canonical":"https:\/\/www.vezzosisrl.com\/fr\/grace-double-structure-melamine-blanc-haut-qualite\/","og_locale":"fr_FR","og_type":"article","og_title":"10064\/N GRACE DOUBLE - Vezzosi Arredamenti","og_description":"Grace Double est notre station de manucure dans la version avec une table double avec un pr\u00e9sentoir de vernis \u00e0 ongles au milieu. Elle est caract\u00e9ris\u00e9e par des \u00e9tag\u00e8res en verre, une structure en m\u00e9lamin\u00e9 blanche et des tiroirs int\u00e9gr\u00e9s, des aspirateurs et des repose-mains. Un compl\u00e9ment d&#8217;ameublement de haute qualit\u00e9, extr\u00eamement fonctionnel et pratique,...","og_url":"https:\/\/www.vezzosisrl.com\/fr\/grace-double-structure-melamine-blanc-haut-qualite\/","og_site_name":"Vezzosi Arredamenti","article_modified_time":"2024-01-10T10:34:10+00:00","og_image":[{"width":900,"height":900,"url":"https:\/\/www.vezzosisrl.com\/wp-content\/uploads\/2023\/05\/Doppio-tavolo-manicure-con-espositore-smalti-al-centro-grace-double.jpg","type":"image\/jpeg"}],"twitter_card":"summary_large_image","schema":{"@context":"https:\/\/schema.org","@graph":[{"@type":"WebPage","@id":"https:\/\/www.vezzosisrl.com\/fr\/grace-double-structure-melamine-blanc-haut-qualite\/","url":"https:\/\/www.vezzosisrl.com\/fr\/grace-double-structure-melamine-blanc-haut-qualite\/","name":"10064\/N GRACE DOUBLE - Vezzosi Arredamenti","isPartOf":{"@id":"https:\/\/www.vezzosisrl.com\/fr\/#website"},"primaryImageOfPage":{"@id":"https:\/\/www.vezzosisrl.com\/fr\/grace-double-structure-melamine-blanc-haut-qualite\/#primaryimage"},"image":{"@id":"https:\/\/www.vezzosisrl.com\/fr\/grace-double-structure-melamine-blanc-haut-qualite\/#primaryimage"},"thumbnailUrl":"https:\/\/www.vezzosisrl.com\/wp-content\/uploads\/2023\/05\/Doppio-tavolo-manicure-con-espositore-smalti-al-centro-grace-double.jpg","datePublished":"2023-05-26T10:47:04+00:00","dateModified":"2024-01-10T10:34:10+00:00","breadcrumb":{"@id":"https:\/\/www.vezzosisrl.com\/fr\/grace-double-structure-melamine-blanc-haut-qualite\/#breadcrumb"},"inLanguage":"fr-FR","potentialAction":[{"@type":"ReadAction","target":["https:\/\/www.vezzosisrl.com\/fr\/grace-double-structure-melamine-blanc-haut-qualite\/"]}]},{"@type":"ImageObject","inLanguage":"fr-FR","@id":"https:\/\/www.vezzosisrl.com\/fr\/grace-double-structure-melamine-blanc-haut-qualite\/#primaryimage","url":"https:\/\/www.vezzosisrl.com\/wp-content\/uploads\/2023\/05\/Doppio-tavolo-manicure-con-espositore-smalti-al-centro-grace-double.jpg","contentUrl":"https:\/\/www.vezzosisrl.com\/wp-content\/uploads\/2023\/05\/Doppio-tavolo-manicure-con-espositore-smalti-al-centro-grace-double.jpg","width":900,"height":900},{"@type":"BreadcrumbList","@id":"https:\/\/www.vezzosisrl.com\/fr\/grace-double-structure-melamine-blanc-haut-qualite\/#breadcrumb","itemListElement":[{"@type":"ListItem","position":1,"name":"Home","item":"https:\/\/www.vezzosisrl.com\/fr\/"},{"@type":"ListItem","position":2,"name":"Produits","item":"https:\/\/www.vezzosisrl.com\/prodotti\/"},{"@type":"ListItem","position":3,"name":"10064\/N GRACE DOUBLE"}]},{"@type":"WebSite","@id":"https:\/\/www.vezzosisrl.com\/fr\/#website","url":"https:\/\/www.vezzosisrl.com\/fr\/","name":"Vezzosi Arredamenti","description":"","potentialAction":[{"@type":"SearchAction","target":{"@type":"EntryPoint","urlTemplate":"https:\/\/www.vezzosisrl.com\/fr\/?s={search_term_string}"},"query-input":{"@type":"PropertyValueSpecification","valueRequired":true,"valueName":"search_term_string"}}],"inLanguage":"fr-FR"}]}},"_links":{"self":[{"href":"https:\/\/www.vezzosisrl.com\/fr\/wp-json\/wp\/v2\/product\/9095","targetHints":{"allow":["GET"]}}],"collection":[{"href":"https:\/\/www.vezzosisrl.com\/fr\/wp-json\/wp\/v2\/product"}],"about":[{"href":"https:\/\/www.vezzosisrl.com\/fr\/wp-json\/wp\/v2\/types\/product"}],"wp:featuredmedia":[{"embeddable":true,"href":"https:\/\/www.vezzosisrl.com\/fr\/wp-json\/wp\/v2\/media\/6820"}],"wp:attachment":[{"href":"https:\/\/www.vezzosisrl.com\/fr\/wp-json\/wp\/v2\/media?parent=9095"}],"wp:term":[{"taxonomy":"product_brand","embeddable":true,"href":"https:\/\/www.vezzosisrl.com\/fr\/wp-json\/wp\/v2\/product_brand?post=9095"},{"taxonomy":"product_cat","embeddable":true,"href":"https:\/\/www.vezzosisrl.com\/fr\/wp-json\/wp\/v2\/product_cat?post=9095"},{"taxonomy":"product_tag","embeddable":true,"href":"https:\/\/www.vezzosisrl.com\/fr\/wp-json\/wp\/v2\/product_tag?post=9095"}],"curies":[{"name":"wp","href":"https:\/\/api.w.org\/{rel}","templated":true}]}}