{"id":9122,"date":"2023-05-26T12:47:04","date_gmt":"2023-05-26T10:47:04","guid":{"rendered":"http:\/\/vsrl.sviluppokeyweb.com\/prodotto\/1000-1010-1020-darwin\/"},"modified":"2024-01-10T11:34:09","modified_gmt":"2024-01-10T10:34:09","slug":"darwin-casco-asciugacapelli-nero-grigio-metallizzato","status":"publish","type":"product","link":"https:\/\/www.vezzosisrl.com\/fr\/darwin-casque-seche-cheveux-noir-gris-metallique\/","title":{"rendered":"1000\/1010\/1020 DARWIN"},"content":{"rendered":"<p>Le casque s\u00e8che-cheveux Darwin est dot\u00e9 d&#8217;une ventilation directe \u00e0 2 vitesses et est construit enti\u00e8rement en abs avec une double isolation et un int\u00e9rieur en nylon. La minuterie de 60&#8242; est int\u00e9gr\u00e9e \u00e0 un r\u00e9gulateur d&#8217;\u00e9nergie thermique \u00e0 r\u00e9sistance filaire. Il est disponible dans les couleurs standard noir ou gris argent m\u00e9tallique.<\/p>\n","protected":false},"excerpt":{"rendered":"<p>Le casque s\u00e8che-cheveux Darwin est dot\u00e9 d&#8217;une ventilation directe \u00e0 2 vitesses et est construit enti\u00e8rement en abs avec une double isolation et un int\u00e9rieur en nylon. La minuterie de 60&#8242; est int\u00e9gr\u00e9e \u00e0 un r\u00e9gulateur d&#8217;\u00e9nergie thermique \u00e0 r\u00e9sistance filaire. Il est disponible dans les couleurs standard noir ou gris argent m\u00e9tallique.<\/p>\n","protected":false},"featured_media":6871,"template":"","meta":[],"product_brand":[],"product_cat":[262],"product_tag":[],"class_list":{"0":"post-9122","1":"product","2":"type-product","3":"status-publish","4":"has-post-thumbnail","6":"product_cat-complements","7":"pa_collezione-vezzosi-style-fr","9":"first","10":"instock","11":"product-type-simple"},"acf":[],"yoast_head":"<!-- This site is optimized with the Yoast SEO plugin v26.9 - https:\/\/yoast.com\/product\/yoast-seo-wordpress\/ -->\n<title>1000\/1010\/1020 DARWIN - Vezzosi Arredamenti<\/title>\n<meta name=\"robots\" content=\"index, follow, max-snippet:-1, max-image-preview:large, max-video-preview:-1\" \/>\n<link rel=\"canonical\" href=\"https:\/\/www.vezzosisrl.com\/fr\/darwin-casque-seche-cheveux-noir-gris-metallique\/\" \/>\n<meta property=\"og:locale\" content=\"fr_FR\" \/>\n<meta property=\"og:type\" content=\"article\" \/>\n<meta property=\"og:title\" content=\"1000\/1010\/1020 DARWIN - Vezzosi Arredamenti\" \/>\n<meta property=\"og:description\" content=\"Le casque s\u00e8che-cheveux Darwin est dot\u00e9 d&#8217;une ventilation directe \u00e0 2 vitesses et est construit enti\u00e8rement en abs avec une double isolation et un int\u00e9rieur en nylon. La minuterie de 60&#8242; est int\u00e9gr\u00e9e \u00e0 un r\u00e9gulateur d&#8217;\u00e9nergie thermique \u00e0 r\u00e9sistance filaire. Il est disponible dans les couleurs standard noir ou gris argent m\u00e9tallique.\" \/>\n<meta property=\"og:url\" content=\"https:\/\/www.vezzosisrl.com\/fr\/darwin-casque-seche-cheveux-noir-gris-metallique\/\" \/>\n<meta property=\"og:site_name\" content=\"Vezzosi Arredamenti\" \/>\n<meta property=\"article:modified_time\" content=\"2024-01-10T10:34:09+00:00\" \/>\n<meta property=\"og:image\" content=\"https:\/\/www.vezzosisrl.com\/wp-content\/uploads\/2023\/05\/Casco-asciugacapelli-darwin-nero-e-grigio-metallizzato.jpg\" \/>\n\t<meta property=\"og:image:width\" content=\"900\" \/>\n\t<meta property=\"og:image:height\" content=\"900\" \/>\n\t<meta property=\"og:image:type\" content=\"image\/jpeg\" \/>\n<meta name=\"twitter:card\" content=\"summary_large_image\" \/>\n<script type=\"application\/ld+json\" class=\"yoast-schema-graph\">{\"@context\":\"https:\/\/schema.org\",\"@graph\":[{\"@type\":\"WebPage\",\"@id\":\"https:\/\/www.vezzosisrl.com\/fr\/darwin-casque-seche-cheveux-noir-gris-metallique\/\",\"url\":\"https:\/\/www.vezzosisrl.com\/fr\/darwin-casque-seche-cheveux-noir-gris-metallique\/\",\"name\":\"1000\/1010\/1020 DARWIN - Vezzosi Arredamenti\",\"isPartOf\":{\"@id\":\"https:\/\/www.vezzosisrl.com\/fr\/#website\"},\"primaryImageOfPage\":{\"@id\":\"https:\/\/www.vezzosisrl.com\/fr\/darwin-casque-seche-cheveux-noir-gris-metallique\/#primaryimage\"},\"image\":{\"@id\":\"https:\/\/www.vezzosisrl.com\/fr\/darwin-casque-seche-cheveux-noir-gris-metallique\/#primaryimage\"},\"thumbnailUrl\":\"https:\/\/www.vezzosisrl.com\/wp-content\/uploads\/2023\/05\/Casco-asciugacapelli-darwin-nero-e-grigio-metallizzato.jpg\",\"datePublished\":\"2023-05-26T10:47:04+00:00\",\"dateModified\":\"2024-01-10T10:34:09+00:00\",\"breadcrumb\":{\"@id\":\"https:\/\/www.vezzosisrl.com\/fr\/darwin-casque-seche-cheveux-noir-gris-metallique\/#breadcrumb\"},\"inLanguage\":\"fr-FR\",\"potentialAction\":[{\"@type\":\"ReadAction\",\"target\":[\"https:\/\/www.vezzosisrl.com\/fr\/darwin-casque-seche-cheveux-noir-gris-metallique\/\"]}]},{\"@type\":\"ImageObject\",\"inLanguage\":\"fr-FR\",\"@id\":\"https:\/\/www.vezzosisrl.com\/fr\/darwin-casque-seche-cheveux-noir-gris-metallique\/#primaryimage\",\"url\":\"https:\/\/www.vezzosisrl.com\/wp-content\/uploads\/2023\/05\/Casco-asciugacapelli-darwin-nero-e-grigio-metallizzato.jpg\",\"contentUrl\":\"https:\/\/www.vezzosisrl.com\/wp-content\/uploads\/2023\/05\/Casco-asciugacapelli-darwin-nero-e-grigio-metallizzato.jpg\",\"width\":900,\"height\":900},{\"@type\":\"BreadcrumbList\",\"@id\":\"https:\/\/www.vezzosisrl.com\/fr\/darwin-casque-seche-cheveux-noir-gris-metallique\/#breadcrumb\",\"itemListElement\":[{\"@type\":\"ListItem\",\"position\":1,\"name\":\"Home\",\"item\":\"https:\/\/www.vezzosisrl.com\/fr\/\"},{\"@type\":\"ListItem\",\"position\":2,\"name\":\"Produits\",\"item\":\"https:\/\/www.vezzosisrl.com\/prodotti\/\"},{\"@type\":\"ListItem\",\"position\":3,\"name\":\"1000\/1010\/1020 DARWIN\"}]},{\"@type\":\"WebSite\",\"@id\":\"https:\/\/www.vezzosisrl.com\/fr\/#website\",\"url\":\"https:\/\/www.vezzosisrl.com\/fr\/\",\"name\":\"Vezzosi Arredamenti\",\"description\":\"\",\"potentialAction\":[{\"@type\":\"SearchAction\",\"target\":{\"@type\":\"EntryPoint\",\"urlTemplate\":\"https:\/\/www.vezzosisrl.com\/fr\/?s={search_term_string}\"},\"query-input\":{\"@type\":\"PropertyValueSpecification\",\"valueRequired\":true,\"valueName\":\"search_term_string\"}}],\"inLanguage\":\"fr-FR\"}]}<\/script>\n<!-- \/ Yoast SEO plugin. -->","yoast_head_json":{"title":"1000\/1010\/1020 DARWIN - Vezzosi Arredamenti","robots":{"index":"index","follow":"follow","max-snippet":"max-snippet:-1","max-image-preview":"max-image-preview:large","max-video-preview":"max-video-preview:-1"},"canonical":"https:\/\/www.vezzosisrl.com\/fr\/darwin-casque-seche-cheveux-noir-gris-metallique\/","og_locale":"fr_FR","og_type":"article","og_title":"1000\/1010\/1020 DARWIN - Vezzosi Arredamenti","og_description":"Le casque s\u00e8che-cheveux Darwin est dot\u00e9 d&#8217;une ventilation directe \u00e0 2 vitesses et est construit enti\u00e8rement en abs avec une double isolation et un int\u00e9rieur en nylon. La minuterie de 60&#8242; est int\u00e9gr\u00e9e \u00e0 un r\u00e9gulateur d&#8217;\u00e9nergie thermique \u00e0 r\u00e9sistance filaire. Il est disponible dans les couleurs standard noir ou gris argent m\u00e9tallique.","og_url":"https:\/\/www.vezzosisrl.com\/fr\/darwin-casque-seche-cheveux-noir-gris-metallique\/","og_site_name":"Vezzosi Arredamenti","article_modified_time":"2024-01-10T10:34:09+00:00","og_image":[{"width":900,"height":900,"url":"https:\/\/www.vezzosisrl.com\/wp-content\/uploads\/2023\/05\/Casco-asciugacapelli-darwin-nero-e-grigio-metallizzato.jpg","type":"image\/jpeg"}],"twitter_card":"summary_large_image","schema":{"@context":"https:\/\/schema.org","@graph":[{"@type":"WebPage","@id":"https:\/\/www.vezzosisrl.com\/fr\/darwin-casque-seche-cheveux-noir-gris-metallique\/","url":"https:\/\/www.vezzosisrl.com\/fr\/darwin-casque-seche-cheveux-noir-gris-metallique\/","name":"1000\/1010\/1020 DARWIN - Vezzosi Arredamenti","isPartOf":{"@id":"https:\/\/www.vezzosisrl.com\/fr\/#website"},"primaryImageOfPage":{"@id":"https:\/\/www.vezzosisrl.com\/fr\/darwin-casque-seche-cheveux-noir-gris-metallique\/#primaryimage"},"image":{"@id":"https:\/\/www.vezzosisrl.com\/fr\/darwin-casque-seche-cheveux-noir-gris-metallique\/#primaryimage"},"thumbnailUrl":"https:\/\/www.vezzosisrl.com\/wp-content\/uploads\/2023\/05\/Casco-asciugacapelli-darwin-nero-e-grigio-metallizzato.jpg","datePublished":"2023-05-26T10:47:04+00:00","dateModified":"2024-01-10T10:34:09+00:00","breadcrumb":{"@id":"https:\/\/www.vezzosisrl.com\/fr\/darwin-casque-seche-cheveux-noir-gris-metallique\/#breadcrumb"},"inLanguage":"fr-FR","potentialAction":[{"@type":"ReadAction","target":["https:\/\/www.vezzosisrl.com\/fr\/darwin-casque-seche-cheveux-noir-gris-metallique\/"]}]},{"@type":"ImageObject","inLanguage":"fr-FR","@id":"https:\/\/www.vezzosisrl.com\/fr\/darwin-casque-seche-cheveux-noir-gris-metallique\/#primaryimage","url":"https:\/\/www.vezzosisrl.com\/wp-content\/uploads\/2023\/05\/Casco-asciugacapelli-darwin-nero-e-grigio-metallizzato.jpg","contentUrl":"https:\/\/www.vezzosisrl.com\/wp-content\/uploads\/2023\/05\/Casco-asciugacapelli-darwin-nero-e-grigio-metallizzato.jpg","width":900,"height":900},{"@type":"BreadcrumbList","@id":"https:\/\/www.vezzosisrl.com\/fr\/darwin-casque-seche-cheveux-noir-gris-metallique\/#breadcrumb","itemListElement":[{"@type":"ListItem","position":1,"name":"Home","item":"https:\/\/www.vezzosisrl.com\/fr\/"},{"@type":"ListItem","position":2,"name":"Produits","item":"https:\/\/www.vezzosisrl.com\/prodotti\/"},{"@type":"ListItem","position":3,"name":"1000\/1010\/1020 DARWIN"}]},{"@type":"WebSite","@id":"https:\/\/www.vezzosisrl.com\/fr\/#website","url":"https:\/\/www.vezzosisrl.com\/fr\/","name":"Vezzosi Arredamenti","description":"","potentialAction":[{"@type":"SearchAction","target":{"@type":"EntryPoint","urlTemplate":"https:\/\/www.vezzosisrl.com\/fr\/?s={search_term_string}"},"query-input":{"@type":"PropertyValueSpecification","valueRequired":true,"valueName":"search_term_string"}}],"inLanguage":"fr-FR"}]}},"_links":{"self":[{"href":"https:\/\/www.vezzosisrl.com\/fr\/wp-json\/wp\/v2\/product\/9122","targetHints":{"allow":["GET"]}}],"collection":[{"href":"https:\/\/www.vezzosisrl.com\/fr\/wp-json\/wp\/v2\/product"}],"about":[{"href":"https:\/\/www.vezzosisrl.com\/fr\/wp-json\/wp\/v2\/types\/product"}],"wp:featuredmedia":[{"embeddable":true,"href":"https:\/\/www.vezzosisrl.com\/fr\/wp-json\/wp\/v2\/media\/6871"}],"wp:attachment":[{"href":"https:\/\/www.vezzosisrl.com\/fr\/wp-json\/wp\/v2\/media?parent=9122"}],"wp:term":[{"taxonomy":"product_brand","embeddable":true,"href":"https:\/\/www.vezzosisrl.com\/fr\/wp-json\/wp\/v2\/product_brand?post=9122"},{"taxonomy":"product_cat","embeddable":true,"href":"https:\/\/www.vezzosisrl.com\/fr\/wp-json\/wp\/v2\/product_cat?post=9122"},{"taxonomy":"product_tag","embeddable":true,"href":"https:\/\/www.vezzosisrl.com\/fr\/wp-json\/wp\/v2\/product_tag?post=9122"}],"curies":[{"name":"wp","href":"https:\/\/api.w.org\/{rel}","templated":true}]}}