{"id":9200,"date":"2023-05-26T12:44:08","date_gmt":"2023-05-26T10:44:08","guid":{"rendered":"http:\/\/vsrl.sviluppokeyweb.com\/prodotto\/8410-spice\/"},"modified":"2024-01-10T11:36:28","modified_gmt":"2024-01-10T10:36:28","slug":"spice-bureau-made-in-italy-eclairage-integre","status":"publish","type":"product","link":"https:\/\/www.vezzosisrl.com\/fr\/spice-bureau-made-in-italy-eclairage-integre\/","title":{"rendered":"8410 SPICE"},"content":{"rendered":"<p>Bureau de caisse avec structure en m\u00e9lamine et \u00e9clairage int\u00e9gr\u00e9. Spice est le bureau d&#8217;entr\u00e9e avec un style made in Italy inimitable. Sa structure frontale r\u00e9tro\u00e9clair\u00e9e s&#8217;int\u00e8gre parfaitement \u00e0 tout type de salon, lui conf\u00e9rant le juste m\u00e9lange de deux styles: classique et moderne.<\/p>\n","protected":false},"excerpt":{"rendered":"<p>Bureau de caisse avec structure en m\u00e9lamine et \u00e9clairage int\u00e9gr\u00e9. Spice est le bureau d&#8217;entr\u00e9e avec un style made in Italy inimitable. Sa structure frontale r\u00e9tro\u00e9clair\u00e9e s&#8217;int\u00e8gre parfaitement \u00e0 tout type de salon, lui conf\u00e9rant le juste m\u00e9lange de deux styles: classique et moderne.<\/p>\n","protected":false},"featured_media":6595,"template":"","meta":[],"product_brand":[],"product_cat":[232],"product_tag":[],"class_list":{"0":"post-9200","1":"product","2":"type-product","3":"status-publish","4":"has-post-thumbnail","6":"product_cat-tables-de-caisse","7":"pa_collezione-vezzosi-style-fr","8":"pa_tipologie-reception-caisse-eclairee-achat-meuble-comptoir-entree-pour-detaillants-coiffeurs","10":"first","11":"instock","12":"product-type-simple"},"acf":[],"yoast_head":"<!-- This site is optimized with the Yoast SEO plugin v26.9 - https:\/\/yoast.com\/product\/yoast-seo-wordpress\/ -->\n<title>8410 SPICE - Vezzosi Arredamenti<\/title>\n<meta name=\"robots\" content=\"index, follow, max-snippet:-1, max-image-preview:large, max-video-preview:-1\" \/>\n<link rel=\"canonical\" href=\"https:\/\/www.vezzosisrl.com\/fr\/spice-bureau-made-in-italy-eclairage-integre\/\" \/>\n<meta property=\"og:locale\" content=\"fr_FR\" \/>\n<meta property=\"og:type\" content=\"article\" \/>\n<meta property=\"og:title\" content=\"8410 SPICE - Vezzosi Arredamenti\" \/>\n<meta property=\"og:description\" content=\"Bureau de caisse avec structure en m\u00e9lamine et \u00e9clairage int\u00e9gr\u00e9. Spice est le bureau d&#8217;entr\u00e9e avec un style made in Italy inimitable. Sa structure frontale r\u00e9tro\u00e9clair\u00e9e s&#8217;int\u00e8gre parfaitement \u00e0 tout type de salon, lui conf\u00e9rant le juste m\u00e9lange de deux styles: classique et moderne.\" \/>\n<meta property=\"og:url\" content=\"https:\/\/www.vezzosisrl.com\/fr\/spice-bureau-made-in-italy-eclairage-integre\/\" \/>\n<meta property=\"og:site_name\" content=\"Vezzosi Arredamenti\" \/>\n<meta property=\"article:modified_time\" content=\"2024-01-10T10:36:28+00:00\" \/>\n<meta property=\"og:image\" content=\"https:\/\/www.vezzosisrl.com\/wp-content\/uploads\/2023\/05\/Spice-bancone-da-ingresso-retroilluminato.png\" \/>\n\t<meta property=\"og:image:width\" content=\"900\" \/>\n\t<meta property=\"og:image:height\" content=\"900\" \/>\n\t<meta property=\"og:image:type\" content=\"image\/png\" \/>\n<meta name=\"twitter:card\" content=\"summary_large_image\" \/>\n<script type=\"application\/ld+json\" class=\"yoast-schema-graph\">{\"@context\":\"https:\/\/schema.org\",\"@graph\":[{\"@type\":\"WebPage\",\"@id\":\"https:\/\/www.vezzosisrl.com\/fr\/spice-bureau-made-in-italy-eclairage-integre\/\",\"url\":\"https:\/\/www.vezzosisrl.com\/fr\/spice-bureau-made-in-italy-eclairage-integre\/\",\"name\":\"8410 SPICE - Vezzosi Arredamenti\",\"isPartOf\":{\"@id\":\"https:\/\/www.vezzosisrl.com\/fr\/#website\"},\"primaryImageOfPage\":{\"@id\":\"https:\/\/www.vezzosisrl.com\/fr\/spice-bureau-made-in-italy-eclairage-integre\/#primaryimage\"},\"image\":{\"@id\":\"https:\/\/www.vezzosisrl.com\/fr\/spice-bureau-made-in-italy-eclairage-integre\/#primaryimage\"},\"thumbnailUrl\":\"https:\/\/www.vezzosisrl.com\/wp-content\/uploads\/2023\/05\/Spice-bancone-da-ingresso-retroilluminato.png\",\"datePublished\":\"2023-05-26T10:44:08+00:00\",\"dateModified\":\"2024-01-10T10:36:28+00:00\",\"breadcrumb\":{\"@id\":\"https:\/\/www.vezzosisrl.com\/fr\/spice-bureau-made-in-italy-eclairage-integre\/#breadcrumb\"},\"inLanguage\":\"fr-FR\",\"potentialAction\":[{\"@type\":\"ReadAction\",\"target\":[\"https:\/\/www.vezzosisrl.com\/fr\/spice-bureau-made-in-italy-eclairage-integre\/\"]}]},{\"@type\":\"ImageObject\",\"inLanguage\":\"fr-FR\",\"@id\":\"https:\/\/www.vezzosisrl.com\/fr\/spice-bureau-made-in-italy-eclairage-integre\/#primaryimage\",\"url\":\"https:\/\/www.vezzosisrl.com\/wp-content\/uploads\/2023\/05\/Spice-bancone-da-ingresso-retroilluminato.png\",\"contentUrl\":\"https:\/\/www.vezzosisrl.com\/wp-content\/uploads\/2023\/05\/Spice-bancone-da-ingresso-retroilluminato.png\",\"width\":900,\"height\":900},{\"@type\":\"BreadcrumbList\",\"@id\":\"https:\/\/www.vezzosisrl.com\/fr\/spice-bureau-made-in-italy-eclairage-integre\/#breadcrumb\",\"itemListElement\":[{\"@type\":\"ListItem\",\"position\":1,\"name\":\"Home\",\"item\":\"https:\/\/www.vezzosisrl.com\/fr\/\"},{\"@type\":\"ListItem\",\"position\":2,\"name\":\"Produits\",\"item\":\"https:\/\/www.vezzosisrl.com\/prodotti\/\"},{\"@type\":\"ListItem\",\"position\":3,\"name\":\"8410 SPICE\"}]},{\"@type\":\"WebSite\",\"@id\":\"https:\/\/www.vezzosisrl.com\/fr\/#website\",\"url\":\"https:\/\/www.vezzosisrl.com\/fr\/\",\"name\":\"Vezzosi Arredamenti\",\"description\":\"\",\"potentialAction\":[{\"@type\":\"SearchAction\",\"target\":{\"@type\":\"EntryPoint\",\"urlTemplate\":\"https:\/\/www.vezzosisrl.com\/fr\/?s={search_term_string}\"},\"query-input\":{\"@type\":\"PropertyValueSpecification\",\"valueRequired\":true,\"valueName\":\"search_term_string\"}}],\"inLanguage\":\"fr-FR\"}]}<\/script>\n<!-- \/ Yoast SEO plugin. -->","yoast_head_json":{"title":"8410 SPICE - Vezzosi Arredamenti","robots":{"index":"index","follow":"follow","max-snippet":"max-snippet:-1","max-image-preview":"max-image-preview:large","max-video-preview":"max-video-preview:-1"},"canonical":"https:\/\/www.vezzosisrl.com\/fr\/spice-bureau-made-in-italy-eclairage-integre\/","og_locale":"fr_FR","og_type":"article","og_title":"8410 SPICE - Vezzosi Arredamenti","og_description":"Bureau de caisse avec structure en m\u00e9lamine et \u00e9clairage int\u00e9gr\u00e9. Spice est le bureau d&#8217;entr\u00e9e avec un style made in Italy inimitable. Sa structure frontale r\u00e9tro\u00e9clair\u00e9e s&#8217;int\u00e8gre parfaitement \u00e0 tout type de salon, lui conf\u00e9rant le juste m\u00e9lange de deux styles: classique et moderne.","og_url":"https:\/\/www.vezzosisrl.com\/fr\/spice-bureau-made-in-italy-eclairage-integre\/","og_site_name":"Vezzosi Arredamenti","article_modified_time":"2024-01-10T10:36:28+00:00","og_image":[{"width":900,"height":900,"url":"https:\/\/www.vezzosisrl.com\/wp-content\/uploads\/2023\/05\/Spice-bancone-da-ingresso-retroilluminato.png","type":"image\/png"}],"twitter_card":"summary_large_image","schema":{"@context":"https:\/\/schema.org","@graph":[{"@type":"WebPage","@id":"https:\/\/www.vezzosisrl.com\/fr\/spice-bureau-made-in-italy-eclairage-integre\/","url":"https:\/\/www.vezzosisrl.com\/fr\/spice-bureau-made-in-italy-eclairage-integre\/","name":"8410 SPICE - Vezzosi Arredamenti","isPartOf":{"@id":"https:\/\/www.vezzosisrl.com\/fr\/#website"},"primaryImageOfPage":{"@id":"https:\/\/www.vezzosisrl.com\/fr\/spice-bureau-made-in-italy-eclairage-integre\/#primaryimage"},"image":{"@id":"https:\/\/www.vezzosisrl.com\/fr\/spice-bureau-made-in-italy-eclairage-integre\/#primaryimage"},"thumbnailUrl":"https:\/\/www.vezzosisrl.com\/wp-content\/uploads\/2023\/05\/Spice-bancone-da-ingresso-retroilluminato.png","datePublished":"2023-05-26T10:44:08+00:00","dateModified":"2024-01-10T10:36:28+00:00","breadcrumb":{"@id":"https:\/\/www.vezzosisrl.com\/fr\/spice-bureau-made-in-italy-eclairage-integre\/#breadcrumb"},"inLanguage":"fr-FR","potentialAction":[{"@type":"ReadAction","target":["https:\/\/www.vezzosisrl.com\/fr\/spice-bureau-made-in-italy-eclairage-integre\/"]}]},{"@type":"ImageObject","inLanguage":"fr-FR","@id":"https:\/\/www.vezzosisrl.com\/fr\/spice-bureau-made-in-italy-eclairage-integre\/#primaryimage","url":"https:\/\/www.vezzosisrl.com\/wp-content\/uploads\/2023\/05\/Spice-bancone-da-ingresso-retroilluminato.png","contentUrl":"https:\/\/www.vezzosisrl.com\/wp-content\/uploads\/2023\/05\/Spice-bancone-da-ingresso-retroilluminato.png","width":900,"height":900},{"@type":"BreadcrumbList","@id":"https:\/\/www.vezzosisrl.com\/fr\/spice-bureau-made-in-italy-eclairage-integre\/#breadcrumb","itemListElement":[{"@type":"ListItem","position":1,"name":"Home","item":"https:\/\/www.vezzosisrl.com\/fr\/"},{"@type":"ListItem","position":2,"name":"Produits","item":"https:\/\/www.vezzosisrl.com\/prodotti\/"},{"@type":"ListItem","position":3,"name":"8410 SPICE"}]},{"@type":"WebSite","@id":"https:\/\/www.vezzosisrl.com\/fr\/#website","url":"https:\/\/www.vezzosisrl.com\/fr\/","name":"Vezzosi Arredamenti","description":"","potentialAction":[{"@type":"SearchAction","target":{"@type":"EntryPoint","urlTemplate":"https:\/\/www.vezzosisrl.com\/fr\/?s={search_term_string}"},"query-input":{"@type":"PropertyValueSpecification","valueRequired":true,"valueName":"search_term_string"}}],"inLanguage":"fr-FR"}]}},"_links":{"self":[{"href":"https:\/\/www.vezzosisrl.com\/fr\/wp-json\/wp\/v2\/product\/9200","targetHints":{"allow":["GET"]}}],"collection":[{"href":"https:\/\/www.vezzosisrl.com\/fr\/wp-json\/wp\/v2\/product"}],"about":[{"href":"https:\/\/www.vezzosisrl.com\/fr\/wp-json\/wp\/v2\/types\/product"}],"wp:featuredmedia":[{"embeddable":true,"href":"https:\/\/www.vezzosisrl.com\/fr\/wp-json\/wp\/v2\/media\/6595"}],"wp:attachment":[{"href":"https:\/\/www.vezzosisrl.com\/fr\/wp-json\/wp\/v2\/media?parent=9200"}],"wp:term":[{"taxonomy":"product_brand","embeddable":true,"href":"https:\/\/www.vezzosisrl.com\/fr\/wp-json\/wp\/v2\/product_brand?post=9200"},{"taxonomy":"product_cat","embeddable":true,"href":"https:\/\/www.vezzosisrl.com\/fr\/wp-json\/wp\/v2\/product_cat?post=9200"},{"taxonomy":"product_tag","embeddable":true,"href":"https:\/\/www.vezzosisrl.com\/fr\/wp-json\/wp\/v2\/product_tag?post=9200"}],"curies":[{"name":"wp","href":"https:\/\/api.w.org\/{rel}","templated":true}]}}