{"id":9242,"date":"2023-05-26T12:44:08","date_gmt":"2023-05-26T10:44:08","guid":{"rendered":"http:\/\/vsrl.sviluppokeyweb.com\/prodotto\/8725-16-mobili\/"},"modified":"2024-01-10T11:36:32","modified_gmt":"2024-01-10T10:36:32","slug":"ameublement-coiffeur-portes-primeboard-p2","status":"publish","type":"product","link":"https:\/\/www.vezzosisrl.com\/fr\/ameublement-coiffeur-portes-primeboard-p2\/","title":{"rendered":"8725\/16 MOBILI"},"content":{"rendered":"<p>Meuble de rangement en m\u00e9lamin\u00e9 blanc brillant avec portes en primeboard p2 en gris anthracite super mat ou en gris cachemire avec pieds en m\u00e9tal poli. Cette structure est configur\u00e9e comme une solution de mobilier.<\/p>\n","protected":false},"excerpt":{"rendered":"<p>Meuble de rangement en m\u00e9lamin\u00e9 blanc brillant avec portes en primeboard p2 en gris anthracite super mat ou en gris cachemire avec pieds en m\u00e9tal poli. Cette structure est configur\u00e9e comme une solution de mobilier.<\/p>\n","protected":false},"featured_media":6682,"template":"","meta":[],"product_brand":[],"product_cat":[486],"product_tag":[],"class_list":{"0":"post-9242","1":"product","2":"type-product","3":"status-publish","4":"has-post-thumbnail","6":"product_cat-meubles-de-service","7":"pa_collezione-vezzosi-style-fr","9":"first","10":"instock","11":"product-type-simple"},"acf":[],"yoast_head":"<!-- This site is optimized with the Yoast SEO plugin v26.9 - https:\/\/yoast.com\/product\/yoast-seo-wordpress\/ -->\n<title>8725\/16 MOBILI - Vezzosi Arredamenti<\/title>\n<meta name=\"robots\" content=\"index, follow, max-snippet:-1, max-image-preview:large, max-video-preview:-1\" \/>\n<link rel=\"canonical\" href=\"https:\/\/www.vezzosisrl.com\/fr\/ameublement-coiffeur-portes-primeboard-p2\/\" \/>\n<meta property=\"og:locale\" content=\"fr_FR\" \/>\n<meta property=\"og:type\" content=\"article\" \/>\n<meta property=\"og:title\" content=\"8725\/16 MOBILI - Vezzosi Arredamenti\" \/>\n<meta property=\"og:description\" content=\"Meuble de rangement en m\u00e9lamin\u00e9 blanc brillant avec portes en primeboard p2 en gris anthracite super mat ou en gris cachemire avec pieds en m\u00e9tal poli. Cette structure est configur\u00e9e comme une solution de mobilier.\" \/>\n<meta property=\"og:url\" content=\"https:\/\/www.vezzosisrl.com\/fr\/ameublement-coiffeur-portes-primeboard-p2\/\" \/>\n<meta property=\"og:site_name\" content=\"Vezzosi Arredamenti\" \/>\n<meta property=\"article:modified_time\" content=\"2024-01-10T10:36:32+00:00\" \/>\n<meta property=\"og:image\" content=\"https:\/\/www.vezzosisrl.com\/wp-content\/uploads\/2023\/05\/Mobile-di-servizio-da-parrucchiere.jpg\" \/>\n\t<meta property=\"og:image:width\" content=\"900\" \/>\n\t<meta property=\"og:image:height\" content=\"900\" \/>\n\t<meta property=\"og:image:type\" content=\"image\/jpeg\" \/>\n<meta name=\"twitter:card\" content=\"summary_large_image\" \/>\n<script type=\"application\/ld+json\" class=\"yoast-schema-graph\">{\"@context\":\"https:\/\/schema.org\",\"@graph\":[{\"@type\":\"WebPage\",\"@id\":\"https:\/\/www.vezzosisrl.com\/fr\/ameublement-coiffeur-portes-primeboard-p2\/\",\"url\":\"https:\/\/www.vezzosisrl.com\/fr\/ameublement-coiffeur-portes-primeboard-p2\/\",\"name\":\"8725\/16 MOBILI - Vezzosi Arredamenti\",\"isPartOf\":{\"@id\":\"https:\/\/www.vezzosisrl.com\/fr\/#website\"},\"primaryImageOfPage\":{\"@id\":\"https:\/\/www.vezzosisrl.com\/fr\/ameublement-coiffeur-portes-primeboard-p2\/#primaryimage\"},\"image\":{\"@id\":\"https:\/\/www.vezzosisrl.com\/fr\/ameublement-coiffeur-portes-primeboard-p2\/#primaryimage\"},\"thumbnailUrl\":\"https:\/\/www.vezzosisrl.com\/wp-content\/uploads\/2023\/05\/Mobile-di-servizio-da-parrucchiere.jpg\",\"datePublished\":\"2023-05-26T10:44:08+00:00\",\"dateModified\":\"2024-01-10T10:36:32+00:00\",\"breadcrumb\":{\"@id\":\"https:\/\/www.vezzosisrl.com\/fr\/ameublement-coiffeur-portes-primeboard-p2\/#breadcrumb\"},\"inLanguage\":\"fr-FR\",\"potentialAction\":[{\"@type\":\"ReadAction\",\"target\":[\"https:\/\/www.vezzosisrl.com\/fr\/ameublement-coiffeur-portes-primeboard-p2\/\"]}]},{\"@type\":\"ImageObject\",\"inLanguage\":\"fr-FR\",\"@id\":\"https:\/\/www.vezzosisrl.com\/fr\/ameublement-coiffeur-portes-primeboard-p2\/#primaryimage\",\"url\":\"https:\/\/www.vezzosisrl.com\/wp-content\/uploads\/2023\/05\/Mobile-di-servizio-da-parrucchiere.jpg\",\"contentUrl\":\"https:\/\/www.vezzosisrl.com\/wp-content\/uploads\/2023\/05\/Mobile-di-servizio-da-parrucchiere.jpg\",\"width\":900,\"height\":900},{\"@type\":\"BreadcrumbList\",\"@id\":\"https:\/\/www.vezzosisrl.com\/fr\/ameublement-coiffeur-portes-primeboard-p2\/#breadcrumb\",\"itemListElement\":[{\"@type\":\"ListItem\",\"position\":1,\"name\":\"Home\",\"item\":\"https:\/\/www.vezzosisrl.com\/fr\/\"},{\"@type\":\"ListItem\",\"position\":2,\"name\":\"Produits\",\"item\":\"https:\/\/www.vezzosisrl.com\/prodotti\/\"},{\"@type\":\"ListItem\",\"position\":3,\"name\":\"8725\/16 MOBILI\"}]},{\"@type\":\"WebSite\",\"@id\":\"https:\/\/www.vezzosisrl.com\/fr\/#website\",\"url\":\"https:\/\/www.vezzosisrl.com\/fr\/\",\"name\":\"Vezzosi Arredamenti\",\"description\":\"\",\"potentialAction\":[{\"@type\":\"SearchAction\",\"target\":{\"@type\":\"EntryPoint\",\"urlTemplate\":\"https:\/\/www.vezzosisrl.com\/fr\/?s={search_term_string}\"},\"query-input\":{\"@type\":\"PropertyValueSpecification\",\"valueRequired\":true,\"valueName\":\"search_term_string\"}}],\"inLanguage\":\"fr-FR\"}]}<\/script>\n<!-- \/ Yoast SEO plugin. -->","yoast_head_json":{"title":"8725\/16 MOBILI - Vezzosi Arredamenti","robots":{"index":"index","follow":"follow","max-snippet":"max-snippet:-1","max-image-preview":"max-image-preview:large","max-video-preview":"max-video-preview:-1"},"canonical":"https:\/\/www.vezzosisrl.com\/fr\/ameublement-coiffeur-portes-primeboard-p2\/","og_locale":"fr_FR","og_type":"article","og_title":"8725\/16 MOBILI - Vezzosi Arredamenti","og_description":"Meuble de rangement en m\u00e9lamin\u00e9 blanc brillant avec portes en primeboard p2 en gris anthracite super mat ou en gris cachemire avec pieds en m\u00e9tal poli. Cette structure est configur\u00e9e comme une solution de mobilier.","og_url":"https:\/\/www.vezzosisrl.com\/fr\/ameublement-coiffeur-portes-primeboard-p2\/","og_site_name":"Vezzosi Arredamenti","article_modified_time":"2024-01-10T10:36:32+00:00","og_image":[{"width":900,"height":900,"url":"https:\/\/www.vezzosisrl.com\/wp-content\/uploads\/2023\/05\/Mobile-di-servizio-da-parrucchiere.jpg","type":"image\/jpeg"}],"twitter_card":"summary_large_image","schema":{"@context":"https:\/\/schema.org","@graph":[{"@type":"WebPage","@id":"https:\/\/www.vezzosisrl.com\/fr\/ameublement-coiffeur-portes-primeboard-p2\/","url":"https:\/\/www.vezzosisrl.com\/fr\/ameublement-coiffeur-portes-primeboard-p2\/","name":"8725\/16 MOBILI - Vezzosi Arredamenti","isPartOf":{"@id":"https:\/\/www.vezzosisrl.com\/fr\/#website"},"primaryImageOfPage":{"@id":"https:\/\/www.vezzosisrl.com\/fr\/ameublement-coiffeur-portes-primeboard-p2\/#primaryimage"},"image":{"@id":"https:\/\/www.vezzosisrl.com\/fr\/ameublement-coiffeur-portes-primeboard-p2\/#primaryimage"},"thumbnailUrl":"https:\/\/www.vezzosisrl.com\/wp-content\/uploads\/2023\/05\/Mobile-di-servizio-da-parrucchiere.jpg","datePublished":"2023-05-26T10:44:08+00:00","dateModified":"2024-01-10T10:36:32+00:00","breadcrumb":{"@id":"https:\/\/www.vezzosisrl.com\/fr\/ameublement-coiffeur-portes-primeboard-p2\/#breadcrumb"},"inLanguage":"fr-FR","potentialAction":[{"@type":"ReadAction","target":["https:\/\/www.vezzosisrl.com\/fr\/ameublement-coiffeur-portes-primeboard-p2\/"]}]},{"@type":"ImageObject","inLanguage":"fr-FR","@id":"https:\/\/www.vezzosisrl.com\/fr\/ameublement-coiffeur-portes-primeboard-p2\/#primaryimage","url":"https:\/\/www.vezzosisrl.com\/wp-content\/uploads\/2023\/05\/Mobile-di-servizio-da-parrucchiere.jpg","contentUrl":"https:\/\/www.vezzosisrl.com\/wp-content\/uploads\/2023\/05\/Mobile-di-servizio-da-parrucchiere.jpg","width":900,"height":900},{"@type":"BreadcrumbList","@id":"https:\/\/www.vezzosisrl.com\/fr\/ameublement-coiffeur-portes-primeboard-p2\/#breadcrumb","itemListElement":[{"@type":"ListItem","position":1,"name":"Home","item":"https:\/\/www.vezzosisrl.com\/fr\/"},{"@type":"ListItem","position":2,"name":"Produits","item":"https:\/\/www.vezzosisrl.com\/prodotti\/"},{"@type":"ListItem","position":3,"name":"8725\/16 MOBILI"}]},{"@type":"WebSite","@id":"https:\/\/www.vezzosisrl.com\/fr\/#website","url":"https:\/\/www.vezzosisrl.com\/fr\/","name":"Vezzosi Arredamenti","description":"","potentialAction":[{"@type":"SearchAction","target":{"@type":"EntryPoint","urlTemplate":"https:\/\/www.vezzosisrl.com\/fr\/?s={search_term_string}"},"query-input":{"@type":"PropertyValueSpecification","valueRequired":true,"valueName":"search_term_string"}}],"inLanguage":"fr-FR"}]}},"_links":{"self":[{"href":"https:\/\/www.vezzosisrl.com\/fr\/wp-json\/wp\/v2\/product\/9242","targetHints":{"allow":["GET"]}}],"collection":[{"href":"https:\/\/www.vezzosisrl.com\/fr\/wp-json\/wp\/v2\/product"}],"about":[{"href":"https:\/\/www.vezzosisrl.com\/fr\/wp-json\/wp\/v2\/types\/product"}],"wp:featuredmedia":[{"embeddable":true,"href":"https:\/\/www.vezzosisrl.com\/fr\/wp-json\/wp\/v2\/media\/6682"}],"wp:attachment":[{"href":"https:\/\/www.vezzosisrl.com\/fr\/wp-json\/wp\/v2\/media?parent=9242"}],"wp:term":[{"taxonomy":"product_brand","embeddable":true,"href":"https:\/\/www.vezzosisrl.com\/fr\/wp-json\/wp\/v2\/product_brand?post=9242"},{"taxonomy":"product_cat","embeddable":true,"href":"https:\/\/www.vezzosisrl.com\/fr\/wp-json\/wp\/v2\/product_cat?post=9242"},{"taxonomy":"product_tag","embeddable":true,"href":"https:\/\/www.vezzosisrl.com\/fr\/wp-json\/wp\/v2\/product_tag?post=9242"}],"curies":[{"name":"wp","href":"https:\/\/api.w.org\/{rel}","templated":true}]}}