{"id":9254,"date":"2023-05-26T12:41:53","date_gmt":"2023-05-26T10:41:53","guid":{"rendered":"http:\/\/vsrl.sviluppokeyweb.com\/prodotto\/8217-16-stripe\/"},"modified":"2024-01-10T11:36:12","modified_gmt":"2024-01-10T10:36:12","slug":"8217-16-stripe","status":"publish","type":"product","link":"https:\/\/www.vezzosisrl.com\/fr\/8217-16-stripe\/","title":{"rendered":"8217\/16 STRIPE"},"content":{"rendered":"<p>Notre poste de travail unique mural Stripe est \u00e9quip\u00e9 d&#8217;un miroir avec d\u00e9coration lat\u00e9rale et d&#8217;une \u00e9tag\u00e8re en stratifi\u00e9 int\u00e9gr\u00e9e. Un long miroir qui est mis en valeur par la d\u00e9coration qui semble encadrer le client comme s&#8217;il s&#8217;agissait d&#8217;une \u0153uvre d&#8217;art. Parfait pour un salon de coiffure ou un salon de beaut\u00e9, Stripe est un poste de travail extr\u00eamement \u00e9l\u00e9gant dans sa simplicit\u00e9.<\/p>\n","protected":false},"excerpt":{"rendered":"<p>Notre poste de travail unique mural Stripe est \u00e9quip\u00e9 d&#8217;un miroir avec d\u00e9coration lat\u00e9rale et d&#8217;une \u00e9tag\u00e8re en stratifi\u00e9 int\u00e9gr\u00e9e. Un long miroir qui est mis en valeur par la d\u00e9coration qui semble encadrer le client comme s&#8217;il s&#8217;agissait d&#8217;une \u0153uvre d&#8217;art. Parfait pour un salon de coiffure ou un salon de beaut\u00e9, Stripe est&#8230;<\/p>\n","protected":false},"featured_media":6430,"template":"","meta":[],"product_brand":[],"product_cat":[432],"product_tag":[],"class_list":{"0":"post-9254","1":"product","2":"type-product","3":"status-publish","4":"has-post-thumbnail","6":"product_cat-postes-de-travail","7":"pa_collezione-vezzosi-style-fr","8":"pa_tipologie-cout-coiffeuse-etagere-repose-pieds-postes-plan-travail-mural","9":"pa_tipologie-devis-table-caisse-pour-salon-coiffeur-moderne","10":"pa_tipologie-singolo-fr","12":"first","13":"instock","14":"product-type-simple"},"acf":[],"yoast_head":"<!-- This site is optimized with the Yoast SEO plugin v26.9 - https:\/\/yoast.com\/product\/yoast-seo-wordpress\/ -->\n<title>8217\/16 STRIPE - Vezzosi Arredamenti<\/title>\n<meta name=\"robots\" content=\"index, follow, max-snippet:-1, max-image-preview:large, max-video-preview:-1\" \/>\n<link rel=\"canonical\" href=\"https:\/\/www.vezzosisrl.com\/fr\/8217-16-stripe\/\" \/>\n<meta property=\"og:locale\" content=\"fr_FR\" \/>\n<meta property=\"og:type\" content=\"article\" \/>\n<meta property=\"og:title\" content=\"8217\/16 STRIPE - Vezzosi Arredamenti\" \/>\n<meta property=\"og:description\" content=\"Notre poste de travail unique mural Stripe est \u00e9quip\u00e9 d&#8217;un miroir avec d\u00e9coration lat\u00e9rale et d&#8217;une \u00e9tag\u00e8re en stratifi\u00e9 int\u00e9gr\u00e9e. Un long miroir qui est mis en valeur par la d\u00e9coration qui semble encadrer le client comme s&#8217;il s&#8217;agissait d&#8217;une \u0153uvre d&#8217;art. Parfait pour un salon de coiffure ou un salon de beaut\u00e9, Stripe est...\" \/>\n<meta property=\"og:url\" content=\"https:\/\/www.vezzosisrl.com\/fr\/8217-16-stripe\/\" \/>\n<meta property=\"og:site_name\" content=\"Vezzosi Arredamenti\" \/>\n<meta property=\"article:modified_time\" content=\"2024-01-10T10:36:12+00:00\" \/>\n<meta property=\"og:image\" content=\"https:\/\/www.vezzosisrl.com\/wp-content\/uploads\/2023\/05\/Specchiera-con-mensola-integrata-stripe.jpeg\" \/>\n\t<meta property=\"og:image:width\" content=\"900\" \/>\n\t<meta property=\"og:image:height\" content=\"900\" \/>\n\t<meta property=\"og:image:type\" content=\"image\/jpeg\" \/>\n<meta name=\"twitter:card\" content=\"summary_large_image\" \/>\n<script type=\"application\/ld+json\" class=\"yoast-schema-graph\">{\"@context\":\"https:\/\/schema.org\",\"@graph\":[{\"@type\":\"WebPage\",\"@id\":\"https:\/\/www.vezzosisrl.com\/fr\/8217-16-stripe\/\",\"url\":\"https:\/\/www.vezzosisrl.com\/fr\/8217-16-stripe\/\",\"name\":\"8217\/16 STRIPE - Vezzosi Arredamenti\",\"isPartOf\":{\"@id\":\"https:\/\/www.vezzosisrl.com\/fr\/#website\"},\"primaryImageOfPage\":{\"@id\":\"https:\/\/www.vezzosisrl.com\/fr\/8217-16-stripe\/#primaryimage\"},\"image\":{\"@id\":\"https:\/\/www.vezzosisrl.com\/fr\/8217-16-stripe\/#primaryimage\"},\"thumbnailUrl\":\"https:\/\/www.vezzosisrl.com\/wp-content\/uploads\/2023\/05\/Specchiera-con-mensola-integrata-stripe.jpeg\",\"datePublished\":\"2023-05-26T10:41:53+00:00\",\"dateModified\":\"2024-01-10T10:36:12+00:00\",\"breadcrumb\":{\"@id\":\"https:\/\/www.vezzosisrl.com\/fr\/8217-16-stripe\/#breadcrumb\"},\"inLanguage\":\"fr-FR\",\"potentialAction\":[{\"@type\":\"ReadAction\",\"target\":[\"https:\/\/www.vezzosisrl.com\/fr\/8217-16-stripe\/\"]}]},{\"@type\":\"ImageObject\",\"inLanguage\":\"fr-FR\",\"@id\":\"https:\/\/www.vezzosisrl.com\/fr\/8217-16-stripe\/#primaryimage\",\"url\":\"https:\/\/www.vezzosisrl.com\/wp-content\/uploads\/2023\/05\/Specchiera-con-mensola-integrata-stripe.jpeg\",\"contentUrl\":\"https:\/\/www.vezzosisrl.com\/wp-content\/uploads\/2023\/05\/Specchiera-con-mensola-integrata-stripe.jpeg\",\"width\":900,\"height\":900},{\"@type\":\"BreadcrumbList\",\"@id\":\"https:\/\/www.vezzosisrl.com\/fr\/8217-16-stripe\/#breadcrumb\",\"itemListElement\":[{\"@type\":\"ListItem\",\"position\":1,\"name\":\"Home\",\"item\":\"https:\/\/www.vezzosisrl.com\/fr\/\"},{\"@type\":\"ListItem\",\"position\":2,\"name\":\"Produits\",\"item\":\"https:\/\/www.vezzosisrl.com\/prodotti\/\"},{\"@type\":\"ListItem\",\"position\":3,\"name\":\"8217\/16 STRIPE\"}]},{\"@type\":\"WebSite\",\"@id\":\"https:\/\/www.vezzosisrl.com\/fr\/#website\",\"url\":\"https:\/\/www.vezzosisrl.com\/fr\/\",\"name\":\"Vezzosi Arredamenti\",\"description\":\"\",\"potentialAction\":[{\"@type\":\"SearchAction\",\"target\":{\"@type\":\"EntryPoint\",\"urlTemplate\":\"https:\/\/www.vezzosisrl.com\/fr\/?s={search_term_string}\"},\"query-input\":{\"@type\":\"PropertyValueSpecification\",\"valueRequired\":true,\"valueName\":\"search_term_string\"}}],\"inLanguage\":\"fr-FR\"}]}<\/script>\n<!-- \/ Yoast SEO plugin. -->","yoast_head_json":{"title":"8217\/16 STRIPE - Vezzosi Arredamenti","robots":{"index":"index","follow":"follow","max-snippet":"max-snippet:-1","max-image-preview":"max-image-preview:large","max-video-preview":"max-video-preview:-1"},"canonical":"https:\/\/www.vezzosisrl.com\/fr\/8217-16-stripe\/","og_locale":"fr_FR","og_type":"article","og_title":"8217\/16 STRIPE - Vezzosi Arredamenti","og_description":"Notre poste de travail unique mural Stripe est \u00e9quip\u00e9 d&#8217;un miroir avec d\u00e9coration lat\u00e9rale et d&#8217;une \u00e9tag\u00e8re en stratifi\u00e9 int\u00e9gr\u00e9e. Un long miroir qui est mis en valeur par la d\u00e9coration qui semble encadrer le client comme s&#8217;il s&#8217;agissait d&#8217;une \u0153uvre d&#8217;art. Parfait pour un salon de coiffure ou un salon de beaut\u00e9, Stripe est...","og_url":"https:\/\/www.vezzosisrl.com\/fr\/8217-16-stripe\/","og_site_name":"Vezzosi Arredamenti","article_modified_time":"2024-01-10T10:36:12+00:00","og_image":[{"width":900,"height":900,"url":"https:\/\/www.vezzosisrl.com\/wp-content\/uploads\/2023\/05\/Specchiera-con-mensola-integrata-stripe.jpeg","type":"image\/jpeg"}],"twitter_card":"summary_large_image","schema":{"@context":"https:\/\/schema.org","@graph":[{"@type":"WebPage","@id":"https:\/\/www.vezzosisrl.com\/fr\/8217-16-stripe\/","url":"https:\/\/www.vezzosisrl.com\/fr\/8217-16-stripe\/","name":"8217\/16 STRIPE - Vezzosi Arredamenti","isPartOf":{"@id":"https:\/\/www.vezzosisrl.com\/fr\/#website"},"primaryImageOfPage":{"@id":"https:\/\/www.vezzosisrl.com\/fr\/8217-16-stripe\/#primaryimage"},"image":{"@id":"https:\/\/www.vezzosisrl.com\/fr\/8217-16-stripe\/#primaryimage"},"thumbnailUrl":"https:\/\/www.vezzosisrl.com\/wp-content\/uploads\/2023\/05\/Specchiera-con-mensola-integrata-stripe.jpeg","datePublished":"2023-05-26T10:41:53+00:00","dateModified":"2024-01-10T10:36:12+00:00","breadcrumb":{"@id":"https:\/\/www.vezzosisrl.com\/fr\/8217-16-stripe\/#breadcrumb"},"inLanguage":"fr-FR","potentialAction":[{"@type":"ReadAction","target":["https:\/\/www.vezzosisrl.com\/fr\/8217-16-stripe\/"]}]},{"@type":"ImageObject","inLanguage":"fr-FR","@id":"https:\/\/www.vezzosisrl.com\/fr\/8217-16-stripe\/#primaryimage","url":"https:\/\/www.vezzosisrl.com\/wp-content\/uploads\/2023\/05\/Specchiera-con-mensola-integrata-stripe.jpeg","contentUrl":"https:\/\/www.vezzosisrl.com\/wp-content\/uploads\/2023\/05\/Specchiera-con-mensola-integrata-stripe.jpeg","width":900,"height":900},{"@type":"BreadcrumbList","@id":"https:\/\/www.vezzosisrl.com\/fr\/8217-16-stripe\/#breadcrumb","itemListElement":[{"@type":"ListItem","position":1,"name":"Home","item":"https:\/\/www.vezzosisrl.com\/fr\/"},{"@type":"ListItem","position":2,"name":"Produits","item":"https:\/\/www.vezzosisrl.com\/prodotti\/"},{"@type":"ListItem","position":3,"name":"8217\/16 STRIPE"}]},{"@type":"WebSite","@id":"https:\/\/www.vezzosisrl.com\/fr\/#website","url":"https:\/\/www.vezzosisrl.com\/fr\/","name":"Vezzosi Arredamenti","description":"","potentialAction":[{"@type":"SearchAction","target":{"@type":"EntryPoint","urlTemplate":"https:\/\/www.vezzosisrl.com\/fr\/?s={search_term_string}"},"query-input":{"@type":"PropertyValueSpecification","valueRequired":true,"valueName":"search_term_string"}}],"inLanguage":"fr-FR"}]}},"_links":{"self":[{"href":"https:\/\/www.vezzosisrl.com\/fr\/wp-json\/wp\/v2\/product\/9254","targetHints":{"allow":["GET"]}}],"collection":[{"href":"https:\/\/www.vezzosisrl.com\/fr\/wp-json\/wp\/v2\/product"}],"about":[{"href":"https:\/\/www.vezzosisrl.com\/fr\/wp-json\/wp\/v2\/types\/product"}],"wp:featuredmedia":[{"embeddable":true,"href":"https:\/\/www.vezzosisrl.com\/fr\/wp-json\/wp\/v2\/media\/6430"}],"wp:attachment":[{"href":"https:\/\/www.vezzosisrl.com\/fr\/wp-json\/wp\/v2\/media?parent=9254"}],"wp:term":[{"taxonomy":"product_brand","embeddable":true,"href":"https:\/\/www.vezzosisrl.com\/fr\/wp-json\/wp\/v2\/product_brand?post=9254"},{"taxonomy":"product_cat","embeddable":true,"href":"https:\/\/www.vezzosisrl.com\/fr\/wp-json\/wp\/v2\/product_cat?post=9254"},{"taxonomy":"product_tag","embeddable":true,"href":"https:\/\/www.vezzosisrl.com\/fr\/wp-json\/wp\/v2\/product_tag?post=9254"}],"curies":[{"name":"wp","href":"https:\/\/api.w.org\/{rel}","templated":true}]}}