{"id":9260,"date":"2023-05-26T12:41:53","date_gmt":"2023-05-26T10:41:53","guid":{"rendered":"http:\/\/vsrl.sviluppokeyweb.com\/prodotto\/8236-16-dos-light\/"},"modified":"2024-01-10T11:36:15","modified_gmt":"2024-01-10T10:36:15","slug":"dos-light-organiser-zone-de-coupe-pour-salon","status":"publish","type":"product","link":"https:\/\/www.vezzosisrl.com\/fr\/dos-light-organiser-zone-de-coupe-pour-salon\/","title":{"rendered":"8236\/16 DOS LIGHT"},"content":{"rendered":"<p>Notre poste de travail pour la zone de d\u00e9coupe Dos Light est caract\u00e9ris\u00e9 par un module avec un double si\u00e8ge avec un \u00e9clairage LED sur les 4 c\u00f4t\u00e9s et un banc de travail en m\u00e9lamin\u00e9. L&#8217;\u00e9clairage complet de tous les c\u00f4t\u00e9s rend ce grand miroir \u00e9l\u00e9gant et fonctionnel, parfait \u00e0 la fois pour un salon de style moderne et classique.<\/p>\n","protected":false},"excerpt":{"rendered":"<p>Notre poste de travail pour la zone de d\u00e9coupe Dos Light est caract\u00e9ris\u00e9 par un module avec un double si\u00e8ge avec un \u00e9clairage LED sur les 4 c\u00f4t\u00e9s et un banc de travail en m\u00e9lamin\u00e9. L&#8217;\u00e9clairage complet de tous les c\u00f4t\u00e9s rend ce grand miroir \u00e9l\u00e9gant et fonctionnel, parfait \u00e0 la fois pour un salon&#8230;<\/p>\n","protected":false},"featured_media":6442,"template":"","meta":[],"product_brand":[],"product_cat":[432],"product_tag":[],"class_list":{"0":"post-9260","1":"product","2":"type-product","3":"status-publish","4":"has-post-thumbnail","6":"product_cat-postes-de-travail","7":"pa_collezione-vezzosi-style-fr","8":"pa_tipologie-doppio-fr","9":"pa_tipologie-reception-caisse-eclairee-achat-meuble-comptoir-entree-pour-detaillants-coiffeurs","10":"pa_tipologie-cout-coiffeuse-etagere-repose-pieds-postes-plan-travail-mural","12":"first","13":"instock","14":"product-type-simple"},"acf":[],"yoast_head":"<!-- This site is optimized with the Yoast SEO plugin v26.9 - https:\/\/yoast.com\/product\/yoast-seo-wordpress\/ -->\n<title>8236\/16 DOS LIGHT - Vezzosi Arredamenti<\/title>\n<meta name=\"robots\" content=\"index, follow, max-snippet:-1, max-image-preview:large, max-video-preview:-1\" \/>\n<link rel=\"canonical\" href=\"https:\/\/www.vezzosisrl.com\/fr\/dos-light-organiser-zone-de-coupe-pour-salon\/\" \/>\n<meta property=\"og:locale\" content=\"fr_FR\" \/>\n<meta property=\"og:type\" content=\"article\" \/>\n<meta property=\"og:title\" content=\"8236\/16 DOS LIGHT - Vezzosi Arredamenti\" \/>\n<meta property=\"og:description\" content=\"Notre poste de travail pour la zone de d\u00e9coupe Dos Light est caract\u00e9ris\u00e9 par un module avec un double si\u00e8ge avec un \u00e9clairage LED sur les 4 c\u00f4t\u00e9s et un banc de travail en m\u00e9lamin\u00e9. L&#8217;\u00e9clairage complet de tous les c\u00f4t\u00e9s rend ce grand miroir \u00e9l\u00e9gant et fonctionnel, parfait \u00e0 la fois pour un salon...\" \/>\n<meta property=\"og:url\" content=\"https:\/\/www.vezzosisrl.com\/fr\/dos-light-organiser-zone-de-coupe-pour-salon\/\" \/>\n<meta property=\"og:site_name\" content=\"Vezzosi Arredamenti\" \/>\n<meta property=\"article:modified_time\" content=\"2024-01-10T10:36:15+00:00\" \/>\n<meta property=\"og:image\" content=\"https:\/\/www.vezzosisrl.com\/wp-content\/uploads\/2023\/05\/Posto-lavoro-doppio-dos-light-con-illuminazione-completa-specchiera.jpg\" \/>\n\t<meta property=\"og:image:width\" content=\"900\" \/>\n\t<meta property=\"og:image:height\" content=\"900\" \/>\n\t<meta property=\"og:image:type\" content=\"image\/jpeg\" \/>\n<meta name=\"twitter:card\" content=\"summary_large_image\" \/>\n<script type=\"application\/ld+json\" class=\"yoast-schema-graph\">{\"@context\":\"https:\/\/schema.org\",\"@graph\":[{\"@type\":\"WebPage\",\"@id\":\"https:\/\/www.vezzosisrl.com\/fr\/dos-light-organiser-zone-de-coupe-pour-salon\/\",\"url\":\"https:\/\/www.vezzosisrl.com\/fr\/dos-light-organiser-zone-de-coupe-pour-salon\/\",\"name\":\"8236\/16 DOS LIGHT - Vezzosi Arredamenti\",\"isPartOf\":{\"@id\":\"https:\/\/www.vezzosisrl.com\/fr\/#website\"},\"primaryImageOfPage\":{\"@id\":\"https:\/\/www.vezzosisrl.com\/fr\/dos-light-organiser-zone-de-coupe-pour-salon\/#primaryimage\"},\"image\":{\"@id\":\"https:\/\/www.vezzosisrl.com\/fr\/dos-light-organiser-zone-de-coupe-pour-salon\/#primaryimage\"},\"thumbnailUrl\":\"https:\/\/www.vezzosisrl.com\/wp-content\/uploads\/2023\/05\/Posto-lavoro-doppio-dos-light-con-illuminazione-completa-specchiera.jpg\",\"datePublished\":\"2023-05-26T10:41:53+00:00\",\"dateModified\":\"2024-01-10T10:36:15+00:00\",\"breadcrumb\":{\"@id\":\"https:\/\/www.vezzosisrl.com\/fr\/dos-light-organiser-zone-de-coupe-pour-salon\/#breadcrumb\"},\"inLanguage\":\"fr-FR\",\"potentialAction\":[{\"@type\":\"ReadAction\",\"target\":[\"https:\/\/www.vezzosisrl.com\/fr\/dos-light-organiser-zone-de-coupe-pour-salon\/\"]}]},{\"@type\":\"ImageObject\",\"inLanguage\":\"fr-FR\",\"@id\":\"https:\/\/www.vezzosisrl.com\/fr\/dos-light-organiser-zone-de-coupe-pour-salon\/#primaryimage\",\"url\":\"https:\/\/www.vezzosisrl.com\/wp-content\/uploads\/2023\/05\/Posto-lavoro-doppio-dos-light-con-illuminazione-completa-specchiera.jpg\",\"contentUrl\":\"https:\/\/www.vezzosisrl.com\/wp-content\/uploads\/2023\/05\/Posto-lavoro-doppio-dos-light-con-illuminazione-completa-specchiera.jpg\",\"width\":900,\"height\":900},{\"@type\":\"BreadcrumbList\",\"@id\":\"https:\/\/www.vezzosisrl.com\/fr\/dos-light-organiser-zone-de-coupe-pour-salon\/#breadcrumb\",\"itemListElement\":[{\"@type\":\"ListItem\",\"position\":1,\"name\":\"Home\",\"item\":\"https:\/\/www.vezzosisrl.com\/fr\/\"},{\"@type\":\"ListItem\",\"position\":2,\"name\":\"Produits\",\"item\":\"https:\/\/www.vezzosisrl.com\/prodotti\/\"},{\"@type\":\"ListItem\",\"position\":3,\"name\":\"8236\/16 DOS LIGHT\"}]},{\"@type\":\"WebSite\",\"@id\":\"https:\/\/www.vezzosisrl.com\/fr\/#website\",\"url\":\"https:\/\/www.vezzosisrl.com\/fr\/\",\"name\":\"Vezzosi Arredamenti\",\"description\":\"\",\"potentialAction\":[{\"@type\":\"SearchAction\",\"target\":{\"@type\":\"EntryPoint\",\"urlTemplate\":\"https:\/\/www.vezzosisrl.com\/fr\/?s={search_term_string}\"},\"query-input\":{\"@type\":\"PropertyValueSpecification\",\"valueRequired\":true,\"valueName\":\"search_term_string\"}}],\"inLanguage\":\"fr-FR\"}]}<\/script>\n<!-- \/ Yoast SEO plugin. -->","yoast_head_json":{"title":"8236\/16 DOS LIGHT - Vezzosi Arredamenti","robots":{"index":"index","follow":"follow","max-snippet":"max-snippet:-1","max-image-preview":"max-image-preview:large","max-video-preview":"max-video-preview:-1"},"canonical":"https:\/\/www.vezzosisrl.com\/fr\/dos-light-organiser-zone-de-coupe-pour-salon\/","og_locale":"fr_FR","og_type":"article","og_title":"8236\/16 DOS LIGHT - Vezzosi Arredamenti","og_description":"Notre poste de travail pour la zone de d\u00e9coupe Dos Light est caract\u00e9ris\u00e9 par un module avec un double si\u00e8ge avec un \u00e9clairage LED sur les 4 c\u00f4t\u00e9s et un banc de travail en m\u00e9lamin\u00e9. L&#8217;\u00e9clairage complet de tous les c\u00f4t\u00e9s rend ce grand miroir \u00e9l\u00e9gant et fonctionnel, parfait \u00e0 la fois pour un salon...","og_url":"https:\/\/www.vezzosisrl.com\/fr\/dos-light-organiser-zone-de-coupe-pour-salon\/","og_site_name":"Vezzosi Arredamenti","article_modified_time":"2024-01-10T10:36:15+00:00","og_image":[{"width":900,"height":900,"url":"https:\/\/www.vezzosisrl.com\/wp-content\/uploads\/2023\/05\/Posto-lavoro-doppio-dos-light-con-illuminazione-completa-specchiera.jpg","type":"image\/jpeg"}],"twitter_card":"summary_large_image","schema":{"@context":"https:\/\/schema.org","@graph":[{"@type":"WebPage","@id":"https:\/\/www.vezzosisrl.com\/fr\/dos-light-organiser-zone-de-coupe-pour-salon\/","url":"https:\/\/www.vezzosisrl.com\/fr\/dos-light-organiser-zone-de-coupe-pour-salon\/","name":"8236\/16 DOS LIGHT - Vezzosi Arredamenti","isPartOf":{"@id":"https:\/\/www.vezzosisrl.com\/fr\/#website"},"primaryImageOfPage":{"@id":"https:\/\/www.vezzosisrl.com\/fr\/dos-light-organiser-zone-de-coupe-pour-salon\/#primaryimage"},"image":{"@id":"https:\/\/www.vezzosisrl.com\/fr\/dos-light-organiser-zone-de-coupe-pour-salon\/#primaryimage"},"thumbnailUrl":"https:\/\/www.vezzosisrl.com\/wp-content\/uploads\/2023\/05\/Posto-lavoro-doppio-dos-light-con-illuminazione-completa-specchiera.jpg","datePublished":"2023-05-26T10:41:53+00:00","dateModified":"2024-01-10T10:36:15+00:00","breadcrumb":{"@id":"https:\/\/www.vezzosisrl.com\/fr\/dos-light-organiser-zone-de-coupe-pour-salon\/#breadcrumb"},"inLanguage":"fr-FR","potentialAction":[{"@type":"ReadAction","target":["https:\/\/www.vezzosisrl.com\/fr\/dos-light-organiser-zone-de-coupe-pour-salon\/"]}]},{"@type":"ImageObject","inLanguage":"fr-FR","@id":"https:\/\/www.vezzosisrl.com\/fr\/dos-light-organiser-zone-de-coupe-pour-salon\/#primaryimage","url":"https:\/\/www.vezzosisrl.com\/wp-content\/uploads\/2023\/05\/Posto-lavoro-doppio-dos-light-con-illuminazione-completa-specchiera.jpg","contentUrl":"https:\/\/www.vezzosisrl.com\/wp-content\/uploads\/2023\/05\/Posto-lavoro-doppio-dos-light-con-illuminazione-completa-specchiera.jpg","width":900,"height":900},{"@type":"BreadcrumbList","@id":"https:\/\/www.vezzosisrl.com\/fr\/dos-light-organiser-zone-de-coupe-pour-salon\/#breadcrumb","itemListElement":[{"@type":"ListItem","position":1,"name":"Home","item":"https:\/\/www.vezzosisrl.com\/fr\/"},{"@type":"ListItem","position":2,"name":"Produits","item":"https:\/\/www.vezzosisrl.com\/prodotti\/"},{"@type":"ListItem","position":3,"name":"8236\/16 DOS LIGHT"}]},{"@type":"WebSite","@id":"https:\/\/www.vezzosisrl.com\/fr\/#website","url":"https:\/\/www.vezzosisrl.com\/fr\/","name":"Vezzosi Arredamenti","description":"","potentialAction":[{"@type":"SearchAction","target":{"@type":"EntryPoint","urlTemplate":"https:\/\/www.vezzosisrl.com\/fr\/?s={search_term_string}"},"query-input":{"@type":"PropertyValueSpecification","valueRequired":true,"valueName":"search_term_string"}}],"inLanguage":"fr-FR"}]}},"_links":{"self":[{"href":"https:\/\/www.vezzosisrl.com\/fr\/wp-json\/wp\/v2\/product\/9260","targetHints":{"allow":["GET"]}}],"collection":[{"href":"https:\/\/www.vezzosisrl.com\/fr\/wp-json\/wp\/v2\/product"}],"about":[{"href":"https:\/\/www.vezzosisrl.com\/fr\/wp-json\/wp\/v2\/types\/product"}],"wp:featuredmedia":[{"embeddable":true,"href":"https:\/\/www.vezzosisrl.com\/fr\/wp-json\/wp\/v2\/media\/6442"}],"wp:attachment":[{"href":"https:\/\/www.vezzosisrl.com\/fr\/wp-json\/wp\/v2\/media?parent=9260"}],"wp:term":[{"taxonomy":"product_brand","embeddable":true,"href":"https:\/\/www.vezzosisrl.com\/fr\/wp-json\/wp\/v2\/product_brand?post=9260"},{"taxonomy":"product_cat","embeddable":true,"href":"https:\/\/www.vezzosisrl.com\/fr\/wp-json\/wp\/v2\/product_cat?post=9260"},{"taxonomy":"product_tag","embeddable":true,"href":"https:\/\/www.vezzosisrl.com\/fr\/wp-json\/wp\/v2\/product_tag?post=9260"}],"curies":[{"name":"wp","href":"https:\/\/api.w.org\/{rel}","templated":true}]}}