{"id":9320,"date":"2023-05-26T12:40:10","date_gmt":"2023-05-26T10:40:10","guid":{"rendered":"http:\/\/vsrl.sviluppokeyweb.com\/prodotto\/4007-passion-glass-light\/"},"modified":"2024-01-10T11:35:00","modified_gmt":"2024-01-10T10:35:00","slug":"passion-glass-light-meuble-pour-coiffeur","status":"publish","type":"product","link":"https:\/\/www.vezzosisrl.com\/fr\/passion-glass-light-meuble-pour-coiffeur\/","title":{"rendered":"4007 PASSION GLASS LIGHT"},"content":{"rendered":"<p>Notre coiffeuse Passion Glass Light est caract\u00e9ris\u00e9 par un miroir au cadre grav\u00e9, un \u00e9clairage int\u00e9gr\u00e9, un banc de travail en verre transparent et un repose-pieds en m\u00e9tal chrom\u00e9. Un meuble au style minimal, con\u00e7u non seulement pour meubler avec style le salon de coiffure ou le salon de barbier, mais aussi pour \u00eatre fonctionnel et pratique pour le coiffeur.<\/p>\n","protected":false},"excerpt":{"rendered":"<p>Notre coiffeuse Passion Glass Light est caract\u00e9ris\u00e9 par un miroir au cadre grav\u00e9, un \u00e9clairage int\u00e9gr\u00e9, un banc de travail en verre transparent et un repose-pieds en m\u00e9tal chrom\u00e9. Un meuble au style minimal, con\u00e7u non seulement pour meubler avec style le salon de coiffure ou le salon de barbier, mais aussi pour \u00eatre fonctionnel&#8230;<\/p>\n","protected":false},"featured_media":6319,"template":"","meta":[],"product_brand":[],"product_cat":[432],"product_tag":[],"class_list":{"0":"post-9320","1":"product","2":"type-product","3":"status-publish","4":"has-post-thumbnail","6":"product_cat-postes-de-travail","7":"pa_collezione-vezzosi-style-fr","8":"pa_tipologie-reception-caisse-eclairee-achat-meuble-comptoir-entree-pour-detaillants-coiffeurs","9":"pa_tipologie-cout-coiffeuse-etagere-repose-pieds-postes-plan-travail-mural","10":"pa_tipologie-singolo-fr","12":"first","13":"instock","14":"product-type-simple"},"acf":[],"yoast_head":"<!-- This site is optimized with the Yoast SEO plugin v26.9 - https:\/\/yoast.com\/product\/yoast-seo-wordpress\/ -->\n<title>4007 PASSION GLASS LIGHT - Vezzosi Arredamenti<\/title>\n<meta name=\"robots\" content=\"index, follow, max-snippet:-1, max-image-preview:large, max-video-preview:-1\" \/>\n<link rel=\"canonical\" href=\"https:\/\/www.vezzosisrl.com\/fr\/passion-glass-light-meuble-pour-coiffeur\/\" \/>\n<meta property=\"og:locale\" content=\"fr_FR\" \/>\n<meta property=\"og:type\" content=\"article\" \/>\n<meta property=\"og:title\" content=\"4007 PASSION GLASS LIGHT - Vezzosi Arredamenti\" \/>\n<meta property=\"og:description\" content=\"Notre coiffeuse Passion Glass Light est caract\u00e9ris\u00e9 par un miroir au cadre grav\u00e9, un \u00e9clairage int\u00e9gr\u00e9, un banc de travail en verre transparent et un repose-pieds en m\u00e9tal chrom\u00e9. Un meuble au style minimal, con\u00e7u non seulement pour meubler avec style le salon de coiffure ou le salon de barbier, mais aussi pour \u00eatre fonctionnel...\" \/>\n<meta property=\"og:url\" content=\"https:\/\/www.vezzosisrl.com\/fr\/passion-glass-light-meuble-pour-coiffeur\/\" \/>\n<meta property=\"og:site_name\" content=\"Vezzosi Arredamenti\" \/>\n<meta property=\"article:modified_time\" content=\"2024-01-10T10:35:00+00:00\" \/>\n<meta property=\"og:image\" content=\"https:\/\/www.vezzosisrl.com\/wp-content\/uploads\/2023\/05\/Mobile-per-parrucchiere-passion-glass-light-con-specchio-con-contorni-acidati.jpg\" \/>\n\t<meta property=\"og:image:width\" content=\"900\" \/>\n\t<meta property=\"og:image:height\" content=\"900\" \/>\n\t<meta property=\"og:image:type\" content=\"image\/jpeg\" \/>\n<meta name=\"twitter:card\" content=\"summary_large_image\" \/>\n<script type=\"application\/ld+json\" class=\"yoast-schema-graph\">{\"@context\":\"https:\/\/schema.org\",\"@graph\":[{\"@type\":\"WebPage\",\"@id\":\"https:\/\/www.vezzosisrl.com\/fr\/passion-glass-light-meuble-pour-coiffeur\/\",\"url\":\"https:\/\/www.vezzosisrl.com\/fr\/passion-glass-light-meuble-pour-coiffeur\/\",\"name\":\"4007 PASSION GLASS LIGHT - Vezzosi Arredamenti\",\"isPartOf\":{\"@id\":\"https:\/\/www.vezzosisrl.com\/fr\/#website\"},\"primaryImageOfPage\":{\"@id\":\"https:\/\/www.vezzosisrl.com\/fr\/passion-glass-light-meuble-pour-coiffeur\/#primaryimage\"},\"image\":{\"@id\":\"https:\/\/www.vezzosisrl.com\/fr\/passion-glass-light-meuble-pour-coiffeur\/#primaryimage\"},\"thumbnailUrl\":\"https:\/\/www.vezzosisrl.com\/wp-content\/uploads\/2023\/05\/Mobile-per-parrucchiere-passion-glass-light-con-specchio-con-contorni-acidati.jpg\",\"datePublished\":\"2023-05-26T10:40:10+00:00\",\"dateModified\":\"2024-01-10T10:35:00+00:00\",\"breadcrumb\":{\"@id\":\"https:\/\/www.vezzosisrl.com\/fr\/passion-glass-light-meuble-pour-coiffeur\/#breadcrumb\"},\"inLanguage\":\"fr-FR\",\"potentialAction\":[{\"@type\":\"ReadAction\",\"target\":[\"https:\/\/www.vezzosisrl.com\/fr\/passion-glass-light-meuble-pour-coiffeur\/\"]}]},{\"@type\":\"ImageObject\",\"inLanguage\":\"fr-FR\",\"@id\":\"https:\/\/www.vezzosisrl.com\/fr\/passion-glass-light-meuble-pour-coiffeur\/#primaryimage\",\"url\":\"https:\/\/www.vezzosisrl.com\/wp-content\/uploads\/2023\/05\/Mobile-per-parrucchiere-passion-glass-light-con-specchio-con-contorni-acidati.jpg\",\"contentUrl\":\"https:\/\/www.vezzosisrl.com\/wp-content\/uploads\/2023\/05\/Mobile-per-parrucchiere-passion-glass-light-con-specchio-con-contorni-acidati.jpg\",\"width\":900,\"height\":900},{\"@type\":\"BreadcrumbList\",\"@id\":\"https:\/\/www.vezzosisrl.com\/fr\/passion-glass-light-meuble-pour-coiffeur\/#breadcrumb\",\"itemListElement\":[{\"@type\":\"ListItem\",\"position\":1,\"name\":\"Home\",\"item\":\"https:\/\/www.vezzosisrl.com\/fr\/\"},{\"@type\":\"ListItem\",\"position\":2,\"name\":\"Produits\",\"item\":\"https:\/\/www.vezzosisrl.com\/prodotti\/\"},{\"@type\":\"ListItem\",\"position\":3,\"name\":\"4007 PASSION GLASS LIGHT\"}]},{\"@type\":\"WebSite\",\"@id\":\"https:\/\/www.vezzosisrl.com\/fr\/#website\",\"url\":\"https:\/\/www.vezzosisrl.com\/fr\/\",\"name\":\"Vezzosi Arredamenti\",\"description\":\"\",\"potentialAction\":[{\"@type\":\"SearchAction\",\"target\":{\"@type\":\"EntryPoint\",\"urlTemplate\":\"https:\/\/www.vezzosisrl.com\/fr\/?s={search_term_string}\"},\"query-input\":{\"@type\":\"PropertyValueSpecification\",\"valueRequired\":true,\"valueName\":\"search_term_string\"}}],\"inLanguage\":\"fr-FR\"}]}<\/script>\n<!-- \/ Yoast SEO plugin. -->","yoast_head_json":{"title":"4007 PASSION GLASS LIGHT - Vezzosi Arredamenti","robots":{"index":"index","follow":"follow","max-snippet":"max-snippet:-1","max-image-preview":"max-image-preview:large","max-video-preview":"max-video-preview:-1"},"canonical":"https:\/\/www.vezzosisrl.com\/fr\/passion-glass-light-meuble-pour-coiffeur\/","og_locale":"fr_FR","og_type":"article","og_title":"4007 PASSION GLASS LIGHT - Vezzosi Arredamenti","og_description":"Notre coiffeuse Passion Glass Light est caract\u00e9ris\u00e9 par un miroir au cadre grav\u00e9, un \u00e9clairage int\u00e9gr\u00e9, un banc de travail en verre transparent et un repose-pieds en m\u00e9tal chrom\u00e9. Un meuble au style minimal, con\u00e7u non seulement pour meubler avec style le salon de coiffure ou le salon de barbier, mais aussi pour \u00eatre fonctionnel...","og_url":"https:\/\/www.vezzosisrl.com\/fr\/passion-glass-light-meuble-pour-coiffeur\/","og_site_name":"Vezzosi Arredamenti","article_modified_time":"2024-01-10T10:35:00+00:00","og_image":[{"width":900,"height":900,"url":"https:\/\/www.vezzosisrl.com\/wp-content\/uploads\/2023\/05\/Mobile-per-parrucchiere-passion-glass-light-con-specchio-con-contorni-acidati.jpg","type":"image\/jpeg"}],"twitter_card":"summary_large_image","schema":{"@context":"https:\/\/schema.org","@graph":[{"@type":"WebPage","@id":"https:\/\/www.vezzosisrl.com\/fr\/passion-glass-light-meuble-pour-coiffeur\/","url":"https:\/\/www.vezzosisrl.com\/fr\/passion-glass-light-meuble-pour-coiffeur\/","name":"4007 PASSION GLASS LIGHT - Vezzosi Arredamenti","isPartOf":{"@id":"https:\/\/www.vezzosisrl.com\/fr\/#website"},"primaryImageOfPage":{"@id":"https:\/\/www.vezzosisrl.com\/fr\/passion-glass-light-meuble-pour-coiffeur\/#primaryimage"},"image":{"@id":"https:\/\/www.vezzosisrl.com\/fr\/passion-glass-light-meuble-pour-coiffeur\/#primaryimage"},"thumbnailUrl":"https:\/\/www.vezzosisrl.com\/wp-content\/uploads\/2023\/05\/Mobile-per-parrucchiere-passion-glass-light-con-specchio-con-contorni-acidati.jpg","datePublished":"2023-05-26T10:40:10+00:00","dateModified":"2024-01-10T10:35:00+00:00","breadcrumb":{"@id":"https:\/\/www.vezzosisrl.com\/fr\/passion-glass-light-meuble-pour-coiffeur\/#breadcrumb"},"inLanguage":"fr-FR","potentialAction":[{"@type":"ReadAction","target":["https:\/\/www.vezzosisrl.com\/fr\/passion-glass-light-meuble-pour-coiffeur\/"]}]},{"@type":"ImageObject","inLanguage":"fr-FR","@id":"https:\/\/www.vezzosisrl.com\/fr\/passion-glass-light-meuble-pour-coiffeur\/#primaryimage","url":"https:\/\/www.vezzosisrl.com\/wp-content\/uploads\/2023\/05\/Mobile-per-parrucchiere-passion-glass-light-con-specchio-con-contorni-acidati.jpg","contentUrl":"https:\/\/www.vezzosisrl.com\/wp-content\/uploads\/2023\/05\/Mobile-per-parrucchiere-passion-glass-light-con-specchio-con-contorni-acidati.jpg","width":900,"height":900},{"@type":"BreadcrumbList","@id":"https:\/\/www.vezzosisrl.com\/fr\/passion-glass-light-meuble-pour-coiffeur\/#breadcrumb","itemListElement":[{"@type":"ListItem","position":1,"name":"Home","item":"https:\/\/www.vezzosisrl.com\/fr\/"},{"@type":"ListItem","position":2,"name":"Produits","item":"https:\/\/www.vezzosisrl.com\/prodotti\/"},{"@type":"ListItem","position":3,"name":"4007 PASSION GLASS LIGHT"}]},{"@type":"WebSite","@id":"https:\/\/www.vezzosisrl.com\/fr\/#website","url":"https:\/\/www.vezzosisrl.com\/fr\/","name":"Vezzosi Arredamenti","description":"","potentialAction":[{"@type":"SearchAction","target":{"@type":"EntryPoint","urlTemplate":"https:\/\/www.vezzosisrl.com\/fr\/?s={search_term_string}"},"query-input":{"@type":"PropertyValueSpecification","valueRequired":true,"valueName":"search_term_string"}}],"inLanguage":"fr-FR"}]}},"_links":{"self":[{"href":"https:\/\/www.vezzosisrl.com\/fr\/wp-json\/wp\/v2\/product\/9320","targetHints":{"allow":["GET"]}}],"collection":[{"href":"https:\/\/www.vezzosisrl.com\/fr\/wp-json\/wp\/v2\/product"}],"about":[{"href":"https:\/\/www.vezzosisrl.com\/fr\/wp-json\/wp\/v2\/types\/product"}],"wp:featuredmedia":[{"embeddable":true,"href":"https:\/\/www.vezzosisrl.com\/fr\/wp-json\/wp\/v2\/media\/6319"}],"wp:attachment":[{"href":"https:\/\/www.vezzosisrl.com\/fr\/wp-json\/wp\/v2\/media?parent=9320"}],"wp:term":[{"taxonomy":"product_brand","embeddable":true,"href":"https:\/\/www.vezzosisrl.com\/fr\/wp-json\/wp\/v2\/product_brand?post=9320"},{"taxonomy":"product_cat","embeddable":true,"href":"https:\/\/www.vezzosisrl.com\/fr\/wp-json\/wp\/v2\/product_cat?post=9320"},{"taxonomy":"product_tag","embeddable":true,"href":"https:\/\/www.vezzosisrl.com\/fr\/wp-json\/wp\/v2\/product_tag?post=9320"}],"curies":[{"name":"wp","href":"https:\/\/api.w.org\/{rel}","templated":true}]}}