{"id":9338,"date":"2023-05-26T12:40:10","date_gmt":"2023-05-26T10:40:10","guid":{"rendered":"http:\/\/vsrl.sviluppokeyweb.com\/prodotto\/4038-make-up-new\/"},"modified":"2024-01-10T11:35:13","modified_gmt":"2024-01-10T10:35:13","slug":"make-up-poste-coiffeur-en-stratifie-vintage","status":"publish","type":"product","link":"https:\/\/www.vezzosisrl.com\/fr\/make-up-poste-coiffeur-en-stratifie-vintage\/","title":{"rendered":"4038 MAKE UP NEW"},"content":{"rendered":"<p>Notre coiffeuse Make Up se distingue par sa structure lamin\u00e9e et ses projecteurs Egoluce int\u00e9gr\u00e9s. Un module mural unique inspir\u00e9 des c\u00e9l\u00e8bres miroirs des stars d&#8217;Hollywood, con\u00e7u de sorte que les clients se sentent non seulement choy\u00e9s, mais aussi importants et uniques. Son style simple le rend parfait pour les salons vintage et modernes. Design et praticit\u00e9 sont les mots cl\u00e9s parfaits pour d\u00e9crire la station Make Up.<\/p>\n","protected":false},"excerpt":{"rendered":"<p>Notre coiffeuse Make Up se distingue par sa structure lamin\u00e9e et ses projecteurs Egoluce int\u00e9gr\u00e9s. Un module mural unique inspir\u00e9 des c\u00e9l\u00e8bres miroirs des stars d&#8217;Hollywood, con\u00e7u de sorte que les clients se sentent non seulement choy\u00e9s, mais aussi importants et uniques. Son style simple le rend parfait pour les salons vintage et modernes. Design&#8230;<\/p>\n","protected":false},"featured_media":6355,"template":"","meta":[],"product_brand":[],"product_cat":[432],"product_tag":[],"class_list":{"0":"post-9338","1":"product","2":"type-product","3":"status-publish","4":"has-post-thumbnail","6":"product_cat-postes-de-travail","7":"pa_collezione-vezzosi-style-fr","8":"pa_tipologie-reception-caisse-eclairee-achat-meuble-comptoir-entree-pour-detaillants-coiffeurs","9":"pa_tipologie-cout-coiffeuse-etagere-repose-pieds-postes-plan-travail-mural","10":"pa_tipologie-singolo-fr","12":"first","13":"instock","14":"product-type-simple"},"acf":[],"yoast_head":"<!-- This site is optimized with the Yoast SEO plugin v26.9 - https:\/\/yoast.com\/product\/yoast-seo-wordpress\/ -->\n<title>4038 MAKE UP NEW - Vezzosi Arredamenti<\/title>\n<meta name=\"robots\" content=\"index, follow, max-snippet:-1, max-image-preview:large, max-video-preview:-1\" \/>\n<link rel=\"canonical\" href=\"https:\/\/www.vezzosisrl.com\/fr\/make-up-poste-coiffeur-en-stratifie-vintage\/\" \/>\n<meta property=\"og:locale\" content=\"fr_FR\" \/>\n<meta property=\"og:type\" content=\"article\" \/>\n<meta property=\"og:title\" content=\"4038 MAKE UP NEW - Vezzosi Arredamenti\" \/>\n<meta property=\"og:description\" content=\"Notre coiffeuse Make Up se distingue par sa structure lamin\u00e9e et ses projecteurs Egoluce int\u00e9gr\u00e9s. Un module mural unique inspir\u00e9 des c\u00e9l\u00e8bres miroirs des stars d&#8217;Hollywood, con\u00e7u de sorte que les clients se sentent non seulement choy\u00e9s, mais aussi importants et uniques. Son style simple le rend parfait pour les salons vintage et modernes. Design...\" \/>\n<meta property=\"og:url\" content=\"https:\/\/www.vezzosisrl.com\/fr\/make-up-poste-coiffeur-en-stratifie-vintage\/\" \/>\n<meta property=\"og:site_name\" content=\"Vezzosi Arredamenti\" \/>\n<meta property=\"article:modified_time\" content=\"2024-01-10T10:35:13+00:00\" \/>\n<meta property=\"og:image\" content=\"https:\/\/www.vezzosisrl.com\/wp-content\/uploads\/2023\/05\/Modulo-singolo-a-muro-make-up-in-laminato-con-faretti-serie-egoluce-incorporati.jpg\" \/>\n\t<meta property=\"og:image:width\" content=\"900\" \/>\n\t<meta property=\"og:image:height\" content=\"900\" \/>\n\t<meta property=\"og:image:type\" content=\"image\/jpeg\" \/>\n<meta name=\"twitter:card\" content=\"summary_large_image\" \/>\n<script type=\"application\/ld+json\" class=\"yoast-schema-graph\">{\"@context\":\"https:\/\/schema.org\",\"@graph\":[{\"@type\":\"WebPage\",\"@id\":\"https:\/\/www.vezzosisrl.com\/fr\/make-up-poste-coiffeur-en-stratifie-vintage\/\",\"url\":\"https:\/\/www.vezzosisrl.com\/fr\/make-up-poste-coiffeur-en-stratifie-vintage\/\",\"name\":\"4038 MAKE UP NEW - Vezzosi Arredamenti\",\"isPartOf\":{\"@id\":\"https:\/\/www.vezzosisrl.com\/fr\/#website\"},\"primaryImageOfPage\":{\"@id\":\"https:\/\/www.vezzosisrl.com\/fr\/make-up-poste-coiffeur-en-stratifie-vintage\/#primaryimage\"},\"image\":{\"@id\":\"https:\/\/www.vezzosisrl.com\/fr\/make-up-poste-coiffeur-en-stratifie-vintage\/#primaryimage\"},\"thumbnailUrl\":\"https:\/\/www.vezzosisrl.com\/wp-content\/uploads\/2023\/05\/Modulo-singolo-a-muro-make-up-in-laminato-con-faretti-serie-egoluce-incorporati.jpg\",\"datePublished\":\"2023-05-26T10:40:10+00:00\",\"dateModified\":\"2024-01-10T10:35:13+00:00\",\"breadcrumb\":{\"@id\":\"https:\/\/www.vezzosisrl.com\/fr\/make-up-poste-coiffeur-en-stratifie-vintage\/#breadcrumb\"},\"inLanguage\":\"fr-FR\",\"potentialAction\":[{\"@type\":\"ReadAction\",\"target\":[\"https:\/\/www.vezzosisrl.com\/fr\/make-up-poste-coiffeur-en-stratifie-vintage\/\"]}]},{\"@type\":\"ImageObject\",\"inLanguage\":\"fr-FR\",\"@id\":\"https:\/\/www.vezzosisrl.com\/fr\/make-up-poste-coiffeur-en-stratifie-vintage\/#primaryimage\",\"url\":\"https:\/\/www.vezzosisrl.com\/wp-content\/uploads\/2023\/05\/Modulo-singolo-a-muro-make-up-in-laminato-con-faretti-serie-egoluce-incorporati.jpg\",\"contentUrl\":\"https:\/\/www.vezzosisrl.com\/wp-content\/uploads\/2023\/05\/Modulo-singolo-a-muro-make-up-in-laminato-con-faretti-serie-egoluce-incorporati.jpg\",\"width\":900,\"height\":900},{\"@type\":\"BreadcrumbList\",\"@id\":\"https:\/\/www.vezzosisrl.com\/fr\/make-up-poste-coiffeur-en-stratifie-vintage\/#breadcrumb\",\"itemListElement\":[{\"@type\":\"ListItem\",\"position\":1,\"name\":\"Home\",\"item\":\"https:\/\/www.vezzosisrl.com\/fr\/\"},{\"@type\":\"ListItem\",\"position\":2,\"name\":\"Produits\",\"item\":\"https:\/\/www.vezzosisrl.com\/prodotti\/\"},{\"@type\":\"ListItem\",\"position\":3,\"name\":\"4038 MAKE UP NEW\"}]},{\"@type\":\"WebSite\",\"@id\":\"https:\/\/www.vezzosisrl.com\/fr\/#website\",\"url\":\"https:\/\/www.vezzosisrl.com\/fr\/\",\"name\":\"Vezzosi Arredamenti\",\"description\":\"\",\"potentialAction\":[{\"@type\":\"SearchAction\",\"target\":{\"@type\":\"EntryPoint\",\"urlTemplate\":\"https:\/\/www.vezzosisrl.com\/fr\/?s={search_term_string}\"},\"query-input\":{\"@type\":\"PropertyValueSpecification\",\"valueRequired\":true,\"valueName\":\"search_term_string\"}}],\"inLanguage\":\"fr-FR\"}]}<\/script>\n<!-- \/ Yoast SEO plugin. -->","yoast_head_json":{"title":"4038 MAKE UP NEW - Vezzosi Arredamenti","robots":{"index":"index","follow":"follow","max-snippet":"max-snippet:-1","max-image-preview":"max-image-preview:large","max-video-preview":"max-video-preview:-1"},"canonical":"https:\/\/www.vezzosisrl.com\/fr\/make-up-poste-coiffeur-en-stratifie-vintage\/","og_locale":"fr_FR","og_type":"article","og_title":"4038 MAKE UP NEW - Vezzosi Arredamenti","og_description":"Notre coiffeuse Make Up se distingue par sa structure lamin\u00e9e et ses projecteurs Egoluce int\u00e9gr\u00e9s. Un module mural unique inspir\u00e9 des c\u00e9l\u00e8bres miroirs des stars d&#8217;Hollywood, con\u00e7u de sorte que les clients se sentent non seulement choy\u00e9s, mais aussi importants et uniques. Son style simple le rend parfait pour les salons vintage et modernes. Design...","og_url":"https:\/\/www.vezzosisrl.com\/fr\/make-up-poste-coiffeur-en-stratifie-vintage\/","og_site_name":"Vezzosi Arredamenti","article_modified_time":"2024-01-10T10:35:13+00:00","og_image":[{"width":900,"height":900,"url":"https:\/\/www.vezzosisrl.com\/wp-content\/uploads\/2023\/05\/Modulo-singolo-a-muro-make-up-in-laminato-con-faretti-serie-egoluce-incorporati.jpg","type":"image\/jpeg"}],"twitter_card":"summary_large_image","schema":{"@context":"https:\/\/schema.org","@graph":[{"@type":"WebPage","@id":"https:\/\/www.vezzosisrl.com\/fr\/make-up-poste-coiffeur-en-stratifie-vintage\/","url":"https:\/\/www.vezzosisrl.com\/fr\/make-up-poste-coiffeur-en-stratifie-vintage\/","name":"4038 MAKE UP NEW - Vezzosi Arredamenti","isPartOf":{"@id":"https:\/\/www.vezzosisrl.com\/fr\/#website"},"primaryImageOfPage":{"@id":"https:\/\/www.vezzosisrl.com\/fr\/make-up-poste-coiffeur-en-stratifie-vintage\/#primaryimage"},"image":{"@id":"https:\/\/www.vezzosisrl.com\/fr\/make-up-poste-coiffeur-en-stratifie-vintage\/#primaryimage"},"thumbnailUrl":"https:\/\/www.vezzosisrl.com\/wp-content\/uploads\/2023\/05\/Modulo-singolo-a-muro-make-up-in-laminato-con-faretti-serie-egoluce-incorporati.jpg","datePublished":"2023-05-26T10:40:10+00:00","dateModified":"2024-01-10T10:35:13+00:00","breadcrumb":{"@id":"https:\/\/www.vezzosisrl.com\/fr\/make-up-poste-coiffeur-en-stratifie-vintage\/#breadcrumb"},"inLanguage":"fr-FR","potentialAction":[{"@type":"ReadAction","target":["https:\/\/www.vezzosisrl.com\/fr\/make-up-poste-coiffeur-en-stratifie-vintage\/"]}]},{"@type":"ImageObject","inLanguage":"fr-FR","@id":"https:\/\/www.vezzosisrl.com\/fr\/make-up-poste-coiffeur-en-stratifie-vintage\/#primaryimage","url":"https:\/\/www.vezzosisrl.com\/wp-content\/uploads\/2023\/05\/Modulo-singolo-a-muro-make-up-in-laminato-con-faretti-serie-egoluce-incorporati.jpg","contentUrl":"https:\/\/www.vezzosisrl.com\/wp-content\/uploads\/2023\/05\/Modulo-singolo-a-muro-make-up-in-laminato-con-faretti-serie-egoluce-incorporati.jpg","width":900,"height":900},{"@type":"BreadcrumbList","@id":"https:\/\/www.vezzosisrl.com\/fr\/make-up-poste-coiffeur-en-stratifie-vintage\/#breadcrumb","itemListElement":[{"@type":"ListItem","position":1,"name":"Home","item":"https:\/\/www.vezzosisrl.com\/fr\/"},{"@type":"ListItem","position":2,"name":"Produits","item":"https:\/\/www.vezzosisrl.com\/prodotti\/"},{"@type":"ListItem","position":3,"name":"4038 MAKE UP NEW"}]},{"@type":"WebSite","@id":"https:\/\/www.vezzosisrl.com\/fr\/#website","url":"https:\/\/www.vezzosisrl.com\/fr\/","name":"Vezzosi Arredamenti","description":"","potentialAction":[{"@type":"SearchAction","target":{"@type":"EntryPoint","urlTemplate":"https:\/\/www.vezzosisrl.com\/fr\/?s={search_term_string}"},"query-input":{"@type":"PropertyValueSpecification","valueRequired":true,"valueName":"search_term_string"}}],"inLanguage":"fr-FR"}]}},"_links":{"self":[{"href":"https:\/\/www.vezzosisrl.com\/fr\/wp-json\/wp\/v2\/product\/9338","targetHints":{"allow":["GET"]}}],"collection":[{"href":"https:\/\/www.vezzosisrl.com\/fr\/wp-json\/wp\/v2\/product"}],"about":[{"href":"https:\/\/www.vezzosisrl.com\/fr\/wp-json\/wp\/v2\/types\/product"}],"wp:featuredmedia":[{"embeddable":true,"href":"https:\/\/www.vezzosisrl.com\/fr\/wp-json\/wp\/v2\/media\/6355"}],"wp:attachment":[{"href":"https:\/\/www.vezzosisrl.com\/fr\/wp-json\/wp\/v2\/media?parent=9338"}],"wp:term":[{"taxonomy":"product_brand","embeddable":true,"href":"https:\/\/www.vezzosisrl.com\/fr\/wp-json\/wp\/v2\/product_brand?post=9338"},{"taxonomy":"product_cat","embeddable":true,"href":"https:\/\/www.vezzosisrl.com\/fr\/wp-json\/wp\/v2\/product_cat?post=9338"},{"taxonomy":"product_tag","embeddable":true,"href":"https:\/\/www.vezzosisrl.com\/fr\/wp-json\/wp\/v2\/product_tag?post=9338"}],"curies":[{"name":"wp","href":"https:\/\/api.w.org\/{rel}","templated":true}]}}