{"id":9374,"date":"2023-05-26T12:38:19","date_gmt":"2023-05-26T10:38:19","guid":{"rendered":"http:\/\/vsrl.sviluppokeyweb.com\/prodotto\/2135-star3\/"},"modified":"2024-01-10T11:34:30","modified_gmt":"2024-01-10T10:34:30","slug":"star-3-poltrona-spaziosa-per-salone-classico","status":"publish","type":"product","link":"https:\/\/www.vezzosisrl.com\/fr\/star-trois-fauteuil-spacieuse-pour-salon-classique\/","title":{"rendered":"2135 STAR3"},"content":{"rendered":"<p>Le canap\u00e9 trois places Star 3 est enti\u00e8rement recouvert de ska\u00ef et poss\u00e8de un dossier en m\u00e9tal peint et des pieds en aluminium. Un fauteuil matelass\u00e9 et spacieux, parfait pour accueillir les clients dans votre salon ou votre SPA. Une combinaison parfaite entre le style classique du si\u00e8ge et le style moderne du dossier.<\/p>\n","protected":false},"excerpt":{"rendered":"<p>Le canap\u00e9 trois places Star 3 est enti\u00e8rement recouvert de ska\u00ef et poss\u00e8de un dossier en m\u00e9tal peint et des pieds en aluminium. Un fauteuil matelass\u00e9 et spacieux, parfait pour accueillir les clients dans votre salon ou votre SPA. Une combinaison parfaite entre le style classique du si\u00e8ge et le style moderne du dossier.<\/p>\n","protected":false},"featured_media":6151,"template":"","meta":[],"product_brand":[],"product_cat":[480],"product_tag":[],"class_list":{"0":"post-9374","1":"product","2":"type-product","3":"status-publish","4":"has-post-thumbnail","6":"product_cat-fauteuils-dattente","7":"pa_collezione-vezzosi-style-fr","9":"first","10":"instock","11":"product-type-simple"},"acf":[],"yoast_head":"<!-- This site is optimized with the Yoast SEO plugin v26.9 - https:\/\/yoast.com\/product\/yoast-seo-wordpress\/ -->\n<title>2135 STAR3 - Vezzosi Arredamenti<\/title>\n<meta name=\"robots\" content=\"index, follow, max-snippet:-1, max-image-preview:large, max-video-preview:-1\" \/>\n<link rel=\"canonical\" href=\"https:\/\/www.vezzosisrl.com\/fr\/star-trois-fauteuil-spacieuse-pour-salon-classique\/\" \/>\n<meta property=\"og:locale\" content=\"fr_FR\" \/>\n<meta property=\"og:type\" content=\"article\" \/>\n<meta property=\"og:title\" content=\"2135 STAR3 - Vezzosi Arredamenti\" \/>\n<meta property=\"og:description\" content=\"Le canap\u00e9 trois places Star 3 est enti\u00e8rement recouvert de ska\u00ef et poss\u00e8de un dossier en m\u00e9tal peint et des pieds en aluminium. Un fauteuil matelass\u00e9 et spacieux, parfait pour accueillir les clients dans votre salon ou votre SPA. Une combinaison parfaite entre le style classique du si\u00e8ge et le style moderne du dossier.\" \/>\n<meta property=\"og:url\" content=\"https:\/\/www.vezzosisrl.com\/fr\/star-trois-fauteuil-spacieuse-pour-salon-classique\/\" \/>\n<meta property=\"og:site_name\" content=\"Vezzosi Arredamenti\" \/>\n<meta property=\"article:modified_time\" content=\"2024-01-10T10:34:30+00:00\" \/>\n<meta property=\"og:image\" content=\"https:\/\/www.vezzosisrl.com\/wp-content\/uploads\/2023\/05\/Divanetto-star-3-per-lounge-centro-benessere.jpg\" \/>\n\t<meta property=\"og:image:width\" content=\"900\" \/>\n\t<meta property=\"og:image:height\" content=\"900\" \/>\n\t<meta property=\"og:image:type\" content=\"image\/jpeg\" \/>\n<meta name=\"twitter:card\" content=\"summary_large_image\" \/>\n<script type=\"application\/ld+json\" class=\"yoast-schema-graph\">{\"@context\":\"https:\/\/schema.org\",\"@graph\":[{\"@type\":\"WebPage\",\"@id\":\"https:\/\/www.vezzosisrl.com\/fr\/star-trois-fauteuil-spacieuse-pour-salon-classique\/\",\"url\":\"https:\/\/www.vezzosisrl.com\/fr\/star-trois-fauteuil-spacieuse-pour-salon-classique\/\",\"name\":\"2135 STAR3 - Vezzosi Arredamenti\",\"isPartOf\":{\"@id\":\"https:\/\/www.vezzosisrl.com\/fr\/#website\"},\"primaryImageOfPage\":{\"@id\":\"https:\/\/www.vezzosisrl.com\/fr\/star-trois-fauteuil-spacieuse-pour-salon-classique\/#primaryimage\"},\"image\":{\"@id\":\"https:\/\/www.vezzosisrl.com\/fr\/star-trois-fauteuil-spacieuse-pour-salon-classique\/#primaryimage\"},\"thumbnailUrl\":\"https:\/\/www.vezzosisrl.com\/wp-content\/uploads\/2023\/05\/Divanetto-star-3-per-lounge-centro-benessere.jpg\",\"datePublished\":\"2023-05-26T10:38:19+00:00\",\"dateModified\":\"2024-01-10T10:34:30+00:00\",\"breadcrumb\":{\"@id\":\"https:\/\/www.vezzosisrl.com\/fr\/star-trois-fauteuil-spacieuse-pour-salon-classique\/#breadcrumb\"},\"inLanguage\":\"fr-FR\",\"potentialAction\":[{\"@type\":\"ReadAction\",\"target\":[\"https:\/\/www.vezzosisrl.com\/fr\/star-trois-fauteuil-spacieuse-pour-salon-classique\/\"]}]},{\"@type\":\"ImageObject\",\"inLanguage\":\"fr-FR\",\"@id\":\"https:\/\/www.vezzosisrl.com\/fr\/star-trois-fauteuil-spacieuse-pour-salon-classique\/#primaryimage\",\"url\":\"https:\/\/www.vezzosisrl.com\/wp-content\/uploads\/2023\/05\/Divanetto-star-3-per-lounge-centro-benessere.jpg\",\"contentUrl\":\"https:\/\/www.vezzosisrl.com\/wp-content\/uploads\/2023\/05\/Divanetto-star-3-per-lounge-centro-benessere.jpg\",\"width\":900,\"height\":900},{\"@type\":\"BreadcrumbList\",\"@id\":\"https:\/\/www.vezzosisrl.com\/fr\/star-trois-fauteuil-spacieuse-pour-salon-classique\/#breadcrumb\",\"itemListElement\":[{\"@type\":\"ListItem\",\"position\":1,\"name\":\"Home\",\"item\":\"https:\/\/www.vezzosisrl.com\/fr\/\"},{\"@type\":\"ListItem\",\"position\":2,\"name\":\"Produits\",\"item\":\"https:\/\/www.vezzosisrl.com\/prodotti\/\"},{\"@type\":\"ListItem\",\"position\":3,\"name\":\"2135 STAR3\"}]},{\"@type\":\"WebSite\",\"@id\":\"https:\/\/www.vezzosisrl.com\/fr\/#website\",\"url\":\"https:\/\/www.vezzosisrl.com\/fr\/\",\"name\":\"Vezzosi Arredamenti\",\"description\":\"\",\"potentialAction\":[{\"@type\":\"SearchAction\",\"target\":{\"@type\":\"EntryPoint\",\"urlTemplate\":\"https:\/\/www.vezzosisrl.com\/fr\/?s={search_term_string}\"},\"query-input\":{\"@type\":\"PropertyValueSpecification\",\"valueRequired\":true,\"valueName\":\"search_term_string\"}}],\"inLanguage\":\"fr-FR\"}]}<\/script>\n<!-- \/ Yoast SEO plugin. -->","yoast_head_json":{"title":"2135 STAR3 - Vezzosi Arredamenti","robots":{"index":"index","follow":"follow","max-snippet":"max-snippet:-1","max-image-preview":"max-image-preview:large","max-video-preview":"max-video-preview:-1"},"canonical":"https:\/\/www.vezzosisrl.com\/fr\/star-trois-fauteuil-spacieuse-pour-salon-classique\/","og_locale":"fr_FR","og_type":"article","og_title":"2135 STAR3 - Vezzosi Arredamenti","og_description":"Le canap\u00e9 trois places Star 3 est enti\u00e8rement recouvert de ska\u00ef et poss\u00e8de un dossier en m\u00e9tal peint et des pieds en aluminium. Un fauteuil matelass\u00e9 et spacieux, parfait pour accueillir les clients dans votre salon ou votre SPA. Une combinaison parfaite entre le style classique du si\u00e8ge et le style moderne du dossier.","og_url":"https:\/\/www.vezzosisrl.com\/fr\/star-trois-fauteuil-spacieuse-pour-salon-classique\/","og_site_name":"Vezzosi Arredamenti","article_modified_time":"2024-01-10T10:34:30+00:00","og_image":[{"width":900,"height":900,"url":"https:\/\/www.vezzosisrl.com\/wp-content\/uploads\/2023\/05\/Divanetto-star-3-per-lounge-centro-benessere.jpg","type":"image\/jpeg"}],"twitter_card":"summary_large_image","schema":{"@context":"https:\/\/schema.org","@graph":[{"@type":"WebPage","@id":"https:\/\/www.vezzosisrl.com\/fr\/star-trois-fauteuil-spacieuse-pour-salon-classique\/","url":"https:\/\/www.vezzosisrl.com\/fr\/star-trois-fauteuil-spacieuse-pour-salon-classique\/","name":"2135 STAR3 - Vezzosi Arredamenti","isPartOf":{"@id":"https:\/\/www.vezzosisrl.com\/fr\/#website"},"primaryImageOfPage":{"@id":"https:\/\/www.vezzosisrl.com\/fr\/star-trois-fauteuil-spacieuse-pour-salon-classique\/#primaryimage"},"image":{"@id":"https:\/\/www.vezzosisrl.com\/fr\/star-trois-fauteuil-spacieuse-pour-salon-classique\/#primaryimage"},"thumbnailUrl":"https:\/\/www.vezzosisrl.com\/wp-content\/uploads\/2023\/05\/Divanetto-star-3-per-lounge-centro-benessere.jpg","datePublished":"2023-05-26T10:38:19+00:00","dateModified":"2024-01-10T10:34:30+00:00","breadcrumb":{"@id":"https:\/\/www.vezzosisrl.com\/fr\/star-trois-fauteuil-spacieuse-pour-salon-classique\/#breadcrumb"},"inLanguage":"fr-FR","potentialAction":[{"@type":"ReadAction","target":["https:\/\/www.vezzosisrl.com\/fr\/star-trois-fauteuil-spacieuse-pour-salon-classique\/"]}]},{"@type":"ImageObject","inLanguage":"fr-FR","@id":"https:\/\/www.vezzosisrl.com\/fr\/star-trois-fauteuil-spacieuse-pour-salon-classique\/#primaryimage","url":"https:\/\/www.vezzosisrl.com\/wp-content\/uploads\/2023\/05\/Divanetto-star-3-per-lounge-centro-benessere.jpg","contentUrl":"https:\/\/www.vezzosisrl.com\/wp-content\/uploads\/2023\/05\/Divanetto-star-3-per-lounge-centro-benessere.jpg","width":900,"height":900},{"@type":"BreadcrumbList","@id":"https:\/\/www.vezzosisrl.com\/fr\/star-trois-fauteuil-spacieuse-pour-salon-classique\/#breadcrumb","itemListElement":[{"@type":"ListItem","position":1,"name":"Home","item":"https:\/\/www.vezzosisrl.com\/fr\/"},{"@type":"ListItem","position":2,"name":"Produits","item":"https:\/\/www.vezzosisrl.com\/prodotti\/"},{"@type":"ListItem","position":3,"name":"2135 STAR3"}]},{"@type":"WebSite","@id":"https:\/\/www.vezzosisrl.com\/fr\/#website","url":"https:\/\/www.vezzosisrl.com\/fr\/","name":"Vezzosi Arredamenti","description":"","potentialAction":[{"@type":"SearchAction","target":{"@type":"EntryPoint","urlTemplate":"https:\/\/www.vezzosisrl.com\/fr\/?s={search_term_string}"},"query-input":{"@type":"PropertyValueSpecification","valueRequired":true,"valueName":"search_term_string"}}],"inLanguage":"fr-FR"}]}},"_links":{"self":[{"href":"https:\/\/www.vezzosisrl.com\/fr\/wp-json\/wp\/v2\/product\/9374","targetHints":{"allow":["GET"]}}],"collection":[{"href":"https:\/\/www.vezzosisrl.com\/fr\/wp-json\/wp\/v2\/product"}],"about":[{"href":"https:\/\/www.vezzosisrl.com\/fr\/wp-json\/wp\/v2\/types\/product"}],"wp:featuredmedia":[{"embeddable":true,"href":"https:\/\/www.vezzosisrl.com\/fr\/wp-json\/wp\/v2\/media\/6151"}],"wp:attachment":[{"href":"https:\/\/www.vezzosisrl.com\/fr\/wp-json\/wp\/v2\/media?parent=9374"}],"wp:term":[{"taxonomy":"product_brand","embeddable":true,"href":"https:\/\/www.vezzosisrl.com\/fr\/wp-json\/wp\/v2\/product_brand?post=9374"},{"taxonomy":"product_cat","embeddable":true,"href":"https:\/\/www.vezzosisrl.com\/fr\/wp-json\/wp\/v2\/product_cat?post=9374"},{"taxonomy":"product_tag","embeddable":true,"href":"https:\/\/www.vezzosisrl.com\/fr\/wp-json\/wp\/v2\/product_tag?post=9374"}],"curies":[{"name":"wp","href":"https:\/\/api.w.org\/{rel}","templated":true}]}}