{"id":9377,"date":"2023-05-26T12:38:19","date_gmt":"2023-05-26T10:38:19","guid":{"rendered":"http:\/\/vsrl.sviluppokeyweb.com\/prodotto\/2900-il-rettangolo\/"},"modified":"2024-01-10T11:34:33","modified_gmt":"2024-01-10T10:34:33","slug":"il-rettangolo-modulo-attesa-clienti-parrucchieri","status":"publish","type":"product","link":"https:\/\/www.vezzosisrl.com\/fr\/rettangolo-module-d-attente-clients-coiffeur\/","title":{"rendered":"2900 IL RETTANGOLO"},"content":{"rendered":"<p>L&#8217;ottoman d&#8217;attente \u00e0 deux places Il Rettangolo, avec des pieds en aluminium et un rev\u00eatement en ska\u00ef, est une solution simple mais efficace pour accueillir les clients \u00e0 l&#8217;int\u00e9rieur du salon de coiffure. La texture matelass\u00e9e donne une touche de classicisme \u00e0 ce module de design aux lignes carr\u00e9es.<\/p>\n","protected":false},"excerpt":{"rendered":"<p>L&#8217;ottoman d&#8217;attente \u00e0 deux places Il Rettangolo, avec des pieds en aluminium et un rev\u00eatement en ska\u00ef, est une solution simple mais efficace pour accueillir les clients \u00e0 l&#8217;int\u00e9rieur du salon de coiffure. La texture matelass\u00e9e donne une touche de classicisme \u00e0 ce module de design aux lignes carr\u00e9es.<\/p>\n","protected":false},"featured_media":6157,"template":"","meta":[],"product_brand":[],"product_cat":[480],"product_tag":[],"class_list":{"0":"post-9377","1":"product","2":"type-product","3":"status-publish","4":"has-post-thumbnail","6":"product_cat-fauteuils-dattente","7":"pa_collezione-vezzosi-style-fr","9":"first","10":"instock","11":"product-type-simple"},"acf":[],"yoast_head":"<!-- This site is optimized with the Yoast SEO plugin v26.9 - https:\/\/yoast.com\/product\/yoast-seo-wordpress\/ -->\n<title>2900 IL RETTANGOLO - Vezzosi Arredamenti<\/title>\n<meta name=\"robots\" content=\"index, follow, max-snippet:-1, max-image-preview:large, max-video-preview:-1\" \/>\n<link rel=\"canonical\" href=\"https:\/\/www.vezzosisrl.com\/fr\/rettangolo-module-d-attente-clients-coiffeur\/\" \/>\n<meta property=\"og:locale\" content=\"fr_FR\" \/>\n<meta property=\"og:type\" content=\"article\" \/>\n<meta property=\"og:title\" content=\"2900 IL RETTANGOLO - Vezzosi Arredamenti\" \/>\n<meta property=\"og:description\" content=\"L&#8217;ottoman d&#8217;attente \u00e0 deux places Il Rettangolo, avec des pieds en aluminium et un rev\u00eatement en ska\u00ef, est une solution simple mais efficace pour accueillir les clients \u00e0 l&#8217;int\u00e9rieur du salon de coiffure. La texture matelass\u00e9e donne une touche de classicisme \u00e0 ce module de design aux lignes carr\u00e9es.\" \/>\n<meta property=\"og:url\" content=\"https:\/\/www.vezzosisrl.com\/fr\/rettangolo-module-d-attente-clients-coiffeur\/\" \/>\n<meta property=\"og:site_name\" content=\"Vezzosi Arredamenti\" \/>\n<meta property=\"article:modified_time\" content=\"2024-01-10T10:34:33+00:00\" \/>\n<meta property=\"og:image\" content=\"https:\/\/www.vezzosisrl.com\/wp-content\/uploads\/2023\/05\/Pouf-a-due-posti-il-rettangolo.jpg\" \/>\n\t<meta property=\"og:image:width\" content=\"900\" \/>\n\t<meta property=\"og:image:height\" content=\"900\" \/>\n\t<meta property=\"og:image:type\" content=\"image\/jpeg\" \/>\n<meta name=\"twitter:card\" content=\"summary_large_image\" \/>\n<script type=\"application\/ld+json\" class=\"yoast-schema-graph\">{\"@context\":\"https:\/\/schema.org\",\"@graph\":[{\"@type\":\"WebPage\",\"@id\":\"https:\/\/www.vezzosisrl.com\/fr\/rettangolo-module-d-attente-clients-coiffeur\/\",\"url\":\"https:\/\/www.vezzosisrl.com\/fr\/rettangolo-module-d-attente-clients-coiffeur\/\",\"name\":\"2900 IL RETTANGOLO - Vezzosi Arredamenti\",\"isPartOf\":{\"@id\":\"https:\/\/www.vezzosisrl.com\/fr\/#website\"},\"primaryImageOfPage\":{\"@id\":\"https:\/\/www.vezzosisrl.com\/fr\/rettangolo-module-d-attente-clients-coiffeur\/#primaryimage\"},\"image\":{\"@id\":\"https:\/\/www.vezzosisrl.com\/fr\/rettangolo-module-d-attente-clients-coiffeur\/#primaryimage\"},\"thumbnailUrl\":\"https:\/\/www.vezzosisrl.com\/wp-content\/uploads\/2023\/05\/Pouf-a-due-posti-il-rettangolo.jpg\",\"datePublished\":\"2023-05-26T10:38:19+00:00\",\"dateModified\":\"2024-01-10T10:34:33+00:00\",\"breadcrumb\":{\"@id\":\"https:\/\/www.vezzosisrl.com\/fr\/rettangolo-module-d-attente-clients-coiffeur\/#breadcrumb\"},\"inLanguage\":\"fr-FR\",\"potentialAction\":[{\"@type\":\"ReadAction\",\"target\":[\"https:\/\/www.vezzosisrl.com\/fr\/rettangolo-module-d-attente-clients-coiffeur\/\"]}]},{\"@type\":\"ImageObject\",\"inLanguage\":\"fr-FR\",\"@id\":\"https:\/\/www.vezzosisrl.com\/fr\/rettangolo-module-d-attente-clients-coiffeur\/#primaryimage\",\"url\":\"https:\/\/www.vezzosisrl.com\/wp-content\/uploads\/2023\/05\/Pouf-a-due-posti-il-rettangolo.jpg\",\"contentUrl\":\"https:\/\/www.vezzosisrl.com\/wp-content\/uploads\/2023\/05\/Pouf-a-due-posti-il-rettangolo.jpg\",\"width\":900,\"height\":900},{\"@type\":\"BreadcrumbList\",\"@id\":\"https:\/\/www.vezzosisrl.com\/fr\/rettangolo-module-d-attente-clients-coiffeur\/#breadcrumb\",\"itemListElement\":[{\"@type\":\"ListItem\",\"position\":1,\"name\":\"Home\",\"item\":\"https:\/\/www.vezzosisrl.com\/fr\/\"},{\"@type\":\"ListItem\",\"position\":2,\"name\":\"Produits\",\"item\":\"https:\/\/www.vezzosisrl.com\/prodotti\/\"},{\"@type\":\"ListItem\",\"position\":3,\"name\":\"2900 IL RETTANGOLO\"}]},{\"@type\":\"WebSite\",\"@id\":\"https:\/\/www.vezzosisrl.com\/fr\/#website\",\"url\":\"https:\/\/www.vezzosisrl.com\/fr\/\",\"name\":\"Vezzosi Arredamenti\",\"description\":\"\",\"potentialAction\":[{\"@type\":\"SearchAction\",\"target\":{\"@type\":\"EntryPoint\",\"urlTemplate\":\"https:\/\/www.vezzosisrl.com\/fr\/?s={search_term_string}\"},\"query-input\":{\"@type\":\"PropertyValueSpecification\",\"valueRequired\":true,\"valueName\":\"search_term_string\"}}],\"inLanguage\":\"fr-FR\"}]}<\/script>\n<!-- \/ Yoast SEO plugin. -->","yoast_head_json":{"title":"2900 IL RETTANGOLO - Vezzosi Arredamenti","robots":{"index":"index","follow":"follow","max-snippet":"max-snippet:-1","max-image-preview":"max-image-preview:large","max-video-preview":"max-video-preview:-1"},"canonical":"https:\/\/www.vezzosisrl.com\/fr\/rettangolo-module-d-attente-clients-coiffeur\/","og_locale":"fr_FR","og_type":"article","og_title":"2900 IL RETTANGOLO - Vezzosi Arredamenti","og_description":"L&#8217;ottoman d&#8217;attente \u00e0 deux places Il Rettangolo, avec des pieds en aluminium et un rev\u00eatement en ska\u00ef, est une solution simple mais efficace pour accueillir les clients \u00e0 l&#8217;int\u00e9rieur du salon de coiffure. La texture matelass\u00e9e donne une touche de classicisme \u00e0 ce module de design aux lignes carr\u00e9es.","og_url":"https:\/\/www.vezzosisrl.com\/fr\/rettangolo-module-d-attente-clients-coiffeur\/","og_site_name":"Vezzosi Arredamenti","article_modified_time":"2024-01-10T10:34:33+00:00","og_image":[{"width":900,"height":900,"url":"https:\/\/www.vezzosisrl.com\/wp-content\/uploads\/2023\/05\/Pouf-a-due-posti-il-rettangolo.jpg","type":"image\/jpeg"}],"twitter_card":"summary_large_image","schema":{"@context":"https:\/\/schema.org","@graph":[{"@type":"WebPage","@id":"https:\/\/www.vezzosisrl.com\/fr\/rettangolo-module-d-attente-clients-coiffeur\/","url":"https:\/\/www.vezzosisrl.com\/fr\/rettangolo-module-d-attente-clients-coiffeur\/","name":"2900 IL RETTANGOLO - Vezzosi Arredamenti","isPartOf":{"@id":"https:\/\/www.vezzosisrl.com\/fr\/#website"},"primaryImageOfPage":{"@id":"https:\/\/www.vezzosisrl.com\/fr\/rettangolo-module-d-attente-clients-coiffeur\/#primaryimage"},"image":{"@id":"https:\/\/www.vezzosisrl.com\/fr\/rettangolo-module-d-attente-clients-coiffeur\/#primaryimage"},"thumbnailUrl":"https:\/\/www.vezzosisrl.com\/wp-content\/uploads\/2023\/05\/Pouf-a-due-posti-il-rettangolo.jpg","datePublished":"2023-05-26T10:38:19+00:00","dateModified":"2024-01-10T10:34:33+00:00","breadcrumb":{"@id":"https:\/\/www.vezzosisrl.com\/fr\/rettangolo-module-d-attente-clients-coiffeur\/#breadcrumb"},"inLanguage":"fr-FR","potentialAction":[{"@type":"ReadAction","target":["https:\/\/www.vezzosisrl.com\/fr\/rettangolo-module-d-attente-clients-coiffeur\/"]}]},{"@type":"ImageObject","inLanguage":"fr-FR","@id":"https:\/\/www.vezzosisrl.com\/fr\/rettangolo-module-d-attente-clients-coiffeur\/#primaryimage","url":"https:\/\/www.vezzosisrl.com\/wp-content\/uploads\/2023\/05\/Pouf-a-due-posti-il-rettangolo.jpg","contentUrl":"https:\/\/www.vezzosisrl.com\/wp-content\/uploads\/2023\/05\/Pouf-a-due-posti-il-rettangolo.jpg","width":900,"height":900},{"@type":"BreadcrumbList","@id":"https:\/\/www.vezzosisrl.com\/fr\/rettangolo-module-d-attente-clients-coiffeur\/#breadcrumb","itemListElement":[{"@type":"ListItem","position":1,"name":"Home","item":"https:\/\/www.vezzosisrl.com\/fr\/"},{"@type":"ListItem","position":2,"name":"Produits","item":"https:\/\/www.vezzosisrl.com\/prodotti\/"},{"@type":"ListItem","position":3,"name":"2900 IL RETTANGOLO"}]},{"@type":"WebSite","@id":"https:\/\/www.vezzosisrl.com\/fr\/#website","url":"https:\/\/www.vezzosisrl.com\/fr\/","name":"Vezzosi Arredamenti","description":"","potentialAction":[{"@type":"SearchAction","target":{"@type":"EntryPoint","urlTemplate":"https:\/\/www.vezzosisrl.com\/fr\/?s={search_term_string}"},"query-input":{"@type":"PropertyValueSpecification","valueRequired":true,"valueName":"search_term_string"}}],"inLanguage":"fr-FR"}]}},"_links":{"self":[{"href":"https:\/\/www.vezzosisrl.com\/fr\/wp-json\/wp\/v2\/product\/9377","targetHints":{"allow":["GET"]}}],"collection":[{"href":"https:\/\/www.vezzosisrl.com\/fr\/wp-json\/wp\/v2\/product"}],"about":[{"href":"https:\/\/www.vezzosisrl.com\/fr\/wp-json\/wp\/v2\/types\/product"}],"wp:featuredmedia":[{"embeddable":true,"href":"https:\/\/www.vezzosisrl.com\/fr\/wp-json\/wp\/v2\/media\/6157"}],"wp:attachment":[{"href":"https:\/\/www.vezzosisrl.com\/fr\/wp-json\/wp\/v2\/media?parent=9377"}],"wp:term":[{"taxonomy":"product_brand","embeddable":true,"href":"https:\/\/www.vezzosisrl.com\/fr\/wp-json\/wp\/v2\/product_brand?post=9377"},{"taxonomy":"product_cat","embeddable":true,"href":"https:\/\/www.vezzosisrl.com\/fr\/wp-json\/wp\/v2\/product_cat?post=9377"},{"taxonomy":"product_tag","embeddable":true,"href":"https:\/\/www.vezzosisrl.com\/fr\/wp-json\/wp\/v2\/product_tag?post=9377"}],"curies":[{"name":"wp","href":"https:\/\/api.w.org\/{rel}","templated":true}]}}