{"id":9407,"date":"2023-05-26T12:38:19","date_gmt":"2023-05-26T10:38:19","guid":{"rendered":"http:\/\/vsrl.sviluppokeyweb.com\/prodotto\/8246-giotto\/"},"modified":"2024-01-10T11:36:16","modified_gmt":"2024-01-10T10:36:16","slug":"giotto-structure-en-stratifie-blanc-haut-design","status":"publish","type":"product","link":"https:\/\/www.vezzosisrl.com\/fr\/giotto-structure-en-stratifie-blanc-haut-design\/","title":{"rendered":"8246 GIOTTO"},"content":{"rendered":"<p>Notre station de coupe centrale double face de Giotto est dot\u00e9e d&#8217;une base en b\u00e9ton coul\u00e9, d&#8217;une structure en lamin\u00e9 blanc et d&#8217;un support de miroir en m\u00e9tal peint en blanc. La forme ronde, inspir\u00e9e par le c\u00e9l\u00e8bre peintre et architecte qui donne son nom au fauteuil, est d&#8217;un grand impact et, en m\u00eame temps, extr\u00eamement pratique pour le coiffeur, qui dispose de l&#8217;espace n\u00e9cessaire pour travailler confortablement.<\/p>\n","protected":false},"excerpt":{"rendered":"<p>Notre station de coupe centrale double face de Giotto est dot\u00e9e d&#8217;une base en b\u00e9ton coul\u00e9, d&#8217;une structure en lamin\u00e9 blanc et d&#8217;un support de miroir en m\u00e9tal peint en blanc. La forme ronde, inspir\u00e9e par le c\u00e9l\u00e8bre peintre et architecte qui donne son nom au fauteuil, est d&#8217;un grand impact et, en m\u00eame temps,&#8230;<\/p>\n","protected":false},"featured_media":6241,"template":"","meta":[],"product_brand":[],"product_cat":[432],"product_tag":[],"class_list":{"0":"post-9407","1":"product","2":"type-product","3":"status-publish","4":"has-post-thumbnail","6":"product_cat-postes-de-travail","7":"pa_collezione-societe-realisation-salons-complets-postes-centraux-coiffeurs","8":"pa_tipologie-doppio-fr","9":"pa_tipologie-postes-travail-pour-coiffeur-en-stratifie-bois-2-4-places","10":"pa_tipologie-devis-table-caisse-pour-salon-coiffeur-moderne","12":"first","13":"instock","14":"product-type-simple"},"acf":[],"yoast_head":"<!-- This site is optimized with the Yoast SEO plugin v26.9 - https:\/\/yoast.com\/product\/yoast-seo-wordpress\/ -->\n<title>8246 GIOTTO - Vezzosi Arredamenti<\/title>\n<meta name=\"robots\" content=\"index, follow, max-snippet:-1, max-image-preview:large, max-video-preview:-1\" \/>\n<link rel=\"canonical\" href=\"https:\/\/www.vezzosisrl.com\/fr\/giotto-structure-en-stratifie-blanc-haut-design\/\" \/>\n<meta property=\"og:locale\" content=\"fr_FR\" \/>\n<meta property=\"og:type\" content=\"article\" \/>\n<meta property=\"og:title\" content=\"8246 GIOTTO - Vezzosi Arredamenti\" \/>\n<meta property=\"og:description\" content=\"Notre station de coupe centrale double face de Giotto est dot\u00e9e d&#8217;une base en b\u00e9ton coul\u00e9, d&#8217;une structure en lamin\u00e9 blanc et d&#8217;un support de miroir en m\u00e9tal peint en blanc. La forme ronde, inspir\u00e9e par le c\u00e9l\u00e8bre peintre et architecte qui donne son nom au fauteuil, est d&#8217;un grand impact et, en m\u00eame temps,...\" \/>\n<meta property=\"og:url\" content=\"https:\/\/www.vezzosisrl.com\/fr\/giotto-structure-en-stratifie-blanc-haut-design\/\" \/>\n<meta property=\"og:site_name\" content=\"Vezzosi Arredamenti\" \/>\n<meta property=\"article:modified_time\" content=\"2024-01-10T10:36:16+00:00\" \/>\n<meta property=\"og:image\" content=\"https:\/\/www.vezzosisrl.com\/wp-content\/uploads\/2023\/05\/Postazione-lavoro-bifacciale-giotto-con-base-in-cemento-fuso.jpg\" \/>\n\t<meta property=\"og:image:width\" content=\"900\" \/>\n\t<meta property=\"og:image:height\" content=\"900\" \/>\n\t<meta property=\"og:image:type\" content=\"image\/jpeg\" \/>\n<meta name=\"twitter:card\" content=\"summary_large_image\" \/>\n<script type=\"application\/ld+json\" class=\"yoast-schema-graph\">{\"@context\":\"https:\/\/schema.org\",\"@graph\":[{\"@type\":\"WebPage\",\"@id\":\"https:\/\/www.vezzosisrl.com\/fr\/giotto-structure-en-stratifie-blanc-haut-design\/\",\"url\":\"https:\/\/www.vezzosisrl.com\/fr\/giotto-structure-en-stratifie-blanc-haut-design\/\",\"name\":\"8246 GIOTTO - Vezzosi Arredamenti\",\"isPartOf\":{\"@id\":\"https:\/\/www.vezzosisrl.com\/fr\/#website\"},\"primaryImageOfPage\":{\"@id\":\"https:\/\/www.vezzosisrl.com\/fr\/giotto-structure-en-stratifie-blanc-haut-design\/#primaryimage\"},\"image\":{\"@id\":\"https:\/\/www.vezzosisrl.com\/fr\/giotto-structure-en-stratifie-blanc-haut-design\/#primaryimage\"},\"thumbnailUrl\":\"https:\/\/www.vezzosisrl.com\/wp-content\/uploads\/2023\/05\/Postazione-lavoro-bifacciale-giotto-con-base-in-cemento-fuso.jpg\",\"datePublished\":\"2023-05-26T10:38:19+00:00\",\"dateModified\":\"2024-01-10T10:36:16+00:00\",\"breadcrumb\":{\"@id\":\"https:\/\/www.vezzosisrl.com\/fr\/giotto-structure-en-stratifie-blanc-haut-design\/#breadcrumb\"},\"inLanguage\":\"fr-FR\",\"potentialAction\":[{\"@type\":\"ReadAction\",\"target\":[\"https:\/\/www.vezzosisrl.com\/fr\/giotto-structure-en-stratifie-blanc-haut-design\/\"]}]},{\"@type\":\"ImageObject\",\"inLanguage\":\"fr-FR\",\"@id\":\"https:\/\/www.vezzosisrl.com\/fr\/giotto-structure-en-stratifie-blanc-haut-design\/#primaryimage\",\"url\":\"https:\/\/www.vezzosisrl.com\/wp-content\/uploads\/2023\/05\/Postazione-lavoro-bifacciale-giotto-con-base-in-cemento-fuso.jpg\",\"contentUrl\":\"https:\/\/www.vezzosisrl.com\/wp-content\/uploads\/2023\/05\/Postazione-lavoro-bifacciale-giotto-con-base-in-cemento-fuso.jpg\",\"width\":900,\"height\":900},{\"@type\":\"BreadcrumbList\",\"@id\":\"https:\/\/www.vezzosisrl.com\/fr\/giotto-structure-en-stratifie-blanc-haut-design\/#breadcrumb\",\"itemListElement\":[{\"@type\":\"ListItem\",\"position\":1,\"name\":\"Home\",\"item\":\"https:\/\/www.vezzosisrl.com\/fr\/\"},{\"@type\":\"ListItem\",\"position\":2,\"name\":\"Produits\",\"item\":\"https:\/\/www.vezzosisrl.com\/prodotti\/\"},{\"@type\":\"ListItem\",\"position\":3,\"name\":\"8246 GIOTTO\"}]},{\"@type\":\"WebSite\",\"@id\":\"https:\/\/www.vezzosisrl.com\/fr\/#website\",\"url\":\"https:\/\/www.vezzosisrl.com\/fr\/\",\"name\":\"Vezzosi Arredamenti\",\"description\":\"\",\"potentialAction\":[{\"@type\":\"SearchAction\",\"target\":{\"@type\":\"EntryPoint\",\"urlTemplate\":\"https:\/\/www.vezzosisrl.com\/fr\/?s={search_term_string}\"},\"query-input\":{\"@type\":\"PropertyValueSpecification\",\"valueRequired\":true,\"valueName\":\"search_term_string\"}}],\"inLanguage\":\"fr-FR\"}]}<\/script>\n<!-- \/ Yoast SEO plugin. -->","yoast_head_json":{"title":"8246 GIOTTO - Vezzosi Arredamenti","robots":{"index":"index","follow":"follow","max-snippet":"max-snippet:-1","max-image-preview":"max-image-preview:large","max-video-preview":"max-video-preview:-1"},"canonical":"https:\/\/www.vezzosisrl.com\/fr\/giotto-structure-en-stratifie-blanc-haut-design\/","og_locale":"fr_FR","og_type":"article","og_title":"8246 GIOTTO - Vezzosi Arredamenti","og_description":"Notre station de coupe centrale double face de Giotto est dot\u00e9e d&#8217;une base en b\u00e9ton coul\u00e9, d&#8217;une structure en lamin\u00e9 blanc et d&#8217;un support de miroir en m\u00e9tal peint en blanc. La forme ronde, inspir\u00e9e par le c\u00e9l\u00e8bre peintre et architecte qui donne son nom au fauteuil, est d&#8217;un grand impact et, en m\u00eame temps,...","og_url":"https:\/\/www.vezzosisrl.com\/fr\/giotto-structure-en-stratifie-blanc-haut-design\/","og_site_name":"Vezzosi Arredamenti","article_modified_time":"2024-01-10T10:36:16+00:00","og_image":[{"width":900,"height":900,"url":"https:\/\/www.vezzosisrl.com\/wp-content\/uploads\/2023\/05\/Postazione-lavoro-bifacciale-giotto-con-base-in-cemento-fuso.jpg","type":"image\/jpeg"}],"twitter_card":"summary_large_image","schema":{"@context":"https:\/\/schema.org","@graph":[{"@type":"WebPage","@id":"https:\/\/www.vezzosisrl.com\/fr\/giotto-structure-en-stratifie-blanc-haut-design\/","url":"https:\/\/www.vezzosisrl.com\/fr\/giotto-structure-en-stratifie-blanc-haut-design\/","name":"8246 GIOTTO - Vezzosi Arredamenti","isPartOf":{"@id":"https:\/\/www.vezzosisrl.com\/fr\/#website"},"primaryImageOfPage":{"@id":"https:\/\/www.vezzosisrl.com\/fr\/giotto-structure-en-stratifie-blanc-haut-design\/#primaryimage"},"image":{"@id":"https:\/\/www.vezzosisrl.com\/fr\/giotto-structure-en-stratifie-blanc-haut-design\/#primaryimage"},"thumbnailUrl":"https:\/\/www.vezzosisrl.com\/wp-content\/uploads\/2023\/05\/Postazione-lavoro-bifacciale-giotto-con-base-in-cemento-fuso.jpg","datePublished":"2023-05-26T10:38:19+00:00","dateModified":"2024-01-10T10:36:16+00:00","breadcrumb":{"@id":"https:\/\/www.vezzosisrl.com\/fr\/giotto-structure-en-stratifie-blanc-haut-design\/#breadcrumb"},"inLanguage":"fr-FR","potentialAction":[{"@type":"ReadAction","target":["https:\/\/www.vezzosisrl.com\/fr\/giotto-structure-en-stratifie-blanc-haut-design\/"]}]},{"@type":"ImageObject","inLanguage":"fr-FR","@id":"https:\/\/www.vezzosisrl.com\/fr\/giotto-structure-en-stratifie-blanc-haut-design\/#primaryimage","url":"https:\/\/www.vezzosisrl.com\/wp-content\/uploads\/2023\/05\/Postazione-lavoro-bifacciale-giotto-con-base-in-cemento-fuso.jpg","contentUrl":"https:\/\/www.vezzosisrl.com\/wp-content\/uploads\/2023\/05\/Postazione-lavoro-bifacciale-giotto-con-base-in-cemento-fuso.jpg","width":900,"height":900},{"@type":"BreadcrumbList","@id":"https:\/\/www.vezzosisrl.com\/fr\/giotto-structure-en-stratifie-blanc-haut-design\/#breadcrumb","itemListElement":[{"@type":"ListItem","position":1,"name":"Home","item":"https:\/\/www.vezzosisrl.com\/fr\/"},{"@type":"ListItem","position":2,"name":"Produits","item":"https:\/\/www.vezzosisrl.com\/prodotti\/"},{"@type":"ListItem","position":3,"name":"8246 GIOTTO"}]},{"@type":"WebSite","@id":"https:\/\/www.vezzosisrl.com\/fr\/#website","url":"https:\/\/www.vezzosisrl.com\/fr\/","name":"Vezzosi Arredamenti","description":"","potentialAction":[{"@type":"SearchAction","target":{"@type":"EntryPoint","urlTemplate":"https:\/\/www.vezzosisrl.com\/fr\/?s={search_term_string}"},"query-input":{"@type":"PropertyValueSpecification","valueRequired":true,"valueName":"search_term_string"}}],"inLanguage":"fr-FR"}]}},"_links":{"self":[{"href":"https:\/\/www.vezzosisrl.com\/fr\/wp-json\/wp\/v2\/product\/9407","targetHints":{"allow":["GET"]}}],"collection":[{"href":"https:\/\/www.vezzosisrl.com\/fr\/wp-json\/wp\/v2\/product"}],"about":[{"href":"https:\/\/www.vezzosisrl.com\/fr\/wp-json\/wp\/v2\/types\/product"}],"wp:featuredmedia":[{"embeddable":true,"href":"https:\/\/www.vezzosisrl.com\/fr\/wp-json\/wp\/v2\/media\/6241"}],"wp:attachment":[{"href":"https:\/\/www.vezzosisrl.com\/fr\/wp-json\/wp\/v2\/media?parent=9407"}],"wp:term":[{"taxonomy":"product_brand","embeddable":true,"href":"https:\/\/www.vezzosisrl.com\/fr\/wp-json\/wp\/v2\/product_brand?post=9407"},{"taxonomy":"product_cat","embeddable":true,"href":"https:\/\/www.vezzosisrl.com\/fr\/wp-json\/wp\/v2\/product_cat?post=9407"},{"taxonomy":"product_tag","embeddable":true,"href":"https:\/\/www.vezzosisrl.com\/fr\/wp-json\/wp\/v2\/product_tag?post=9407"}],"curies":[{"name":"wp","href":"https:\/\/api.w.org\/{rel}","templated":true}]}}