{"id":9413,"date":"2023-05-26T12:38:19","date_gmt":"2023-05-26T10:38:19","guid":{"rendered":"http:\/\/vsrl.sviluppokeyweb.com\/prodotto\/5150-s-wall\/"},"modified":"2024-01-10T11:35:32","modified_gmt":"2024-01-10T10:35:32","slug":"s-wall-traitement-peinture-anti-tache-avec-repose-pieds","status":"publish","type":"product","link":"https:\/\/www.vezzosisrl.com\/fr\/s-wall-traitement-peinture-anti-tache-avec-repose-pieds\/","title":{"rendered":"5150 S-WALL"},"content":{"rendered":"<p>S-Wall est notre poste de travail mural avec une structure rigide en polyur\u00e9thane trait\u00e9e avec une peinture r\u00e9sistante aux taches et un repose-pieds inclus. Le miroir ovale dont le contour rappelle la consonne qui donne le nom au poste de travail, en italique, donne un style \u00e9clectique, parfait pour un salon de coiffure au design moderne et fantaisiste.<\/p>\n","protected":false},"excerpt":{"rendered":"<p>S-Wall est notre poste de travail mural avec une structure rigide en polyur\u00e9thane trait\u00e9e avec une peinture r\u00e9sistante aux taches et un repose-pieds inclus. Le miroir ovale dont le contour rappelle la consonne qui donne le nom au poste de travail, en italique, donne un style \u00e9clectique, parfait pour un salon de coiffure au design&#8230;<\/p>\n","protected":false},"featured_media":6256,"template":"","meta":[],"product_brand":[],"product_cat":[432],"product_tag":[],"class_list":{"0":"post-9413","1":"product","2":"type-product","3":"status-publish","4":"has-post-thumbnail","6":"product_cat-postes-de-travail","7":"pa_collezione-vezzosi-style-fr","8":"pa_collezione-production-salon-de-coiffure-zone-bacs-de-lavage-attente-caisse","9":"pa_tipologie-cout-coiffeuse-etagere-repose-pieds-postes-plan-travail-mural","10":"pa_tipologie-devis-table-caisse-pour-salon-coiffeur-moderne","11":"pa_tipologie-singolo-fr","13":"first","14":"instock","15":"product-type-simple"},"acf":[],"yoast_head":"<!-- This site is optimized with the Yoast SEO plugin v26.9 - https:\/\/yoast.com\/product\/yoast-seo-wordpress\/ -->\n<title>5150 S-WALL - Vezzosi Arredamenti<\/title>\n<meta name=\"robots\" content=\"index, follow, max-snippet:-1, max-image-preview:large, max-video-preview:-1\" \/>\n<link rel=\"canonical\" href=\"https:\/\/www.vezzosisrl.com\/fr\/s-wall-traitement-peinture-anti-tache-avec-repose-pieds\/\" \/>\n<meta property=\"og:locale\" content=\"fr_FR\" \/>\n<meta property=\"og:type\" content=\"article\" \/>\n<meta property=\"og:title\" content=\"5150 S-WALL - Vezzosi Arredamenti\" \/>\n<meta property=\"og:description\" content=\"S-Wall est notre poste de travail mural avec une structure rigide en polyur\u00e9thane trait\u00e9e avec une peinture r\u00e9sistante aux taches et un repose-pieds inclus. Le miroir ovale dont le contour rappelle la consonne qui donne le nom au poste de travail, en italique, donne un style \u00e9clectique, parfait pour un salon de coiffure au design...\" \/>\n<meta property=\"og:url\" content=\"https:\/\/www.vezzosisrl.com\/fr\/s-wall-traitement-peinture-anti-tache-avec-repose-pieds\/\" \/>\n<meta property=\"og:site_name\" content=\"Vezzosi Arredamenti\" \/>\n<meta property=\"article:modified_time\" content=\"2024-01-10T10:35:32+00:00\" \/>\n<meta property=\"og:image\" content=\"https:\/\/www.vezzosisrl.com\/wp-content\/uploads\/2023\/05\/Postazione-a-muro-s-wall-con-struttura-in-poliuretano-rigido.jpg\" \/>\n\t<meta property=\"og:image:width\" content=\"900\" \/>\n\t<meta property=\"og:image:height\" content=\"900\" \/>\n\t<meta property=\"og:image:type\" content=\"image\/jpeg\" \/>\n<meta name=\"twitter:card\" content=\"summary_large_image\" \/>\n<script type=\"application\/ld+json\" class=\"yoast-schema-graph\">{\"@context\":\"https:\/\/schema.org\",\"@graph\":[{\"@type\":\"WebPage\",\"@id\":\"https:\/\/www.vezzosisrl.com\/fr\/s-wall-traitement-peinture-anti-tache-avec-repose-pieds\/\",\"url\":\"https:\/\/www.vezzosisrl.com\/fr\/s-wall-traitement-peinture-anti-tache-avec-repose-pieds\/\",\"name\":\"5150 S-WALL - Vezzosi Arredamenti\",\"isPartOf\":{\"@id\":\"https:\/\/www.vezzosisrl.com\/fr\/#website\"},\"primaryImageOfPage\":{\"@id\":\"https:\/\/www.vezzosisrl.com\/fr\/s-wall-traitement-peinture-anti-tache-avec-repose-pieds\/#primaryimage\"},\"image\":{\"@id\":\"https:\/\/www.vezzosisrl.com\/fr\/s-wall-traitement-peinture-anti-tache-avec-repose-pieds\/#primaryimage\"},\"thumbnailUrl\":\"https:\/\/www.vezzosisrl.com\/wp-content\/uploads\/2023\/05\/Postazione-a-muro-s-wall-con-struttura-in-poliuretano-rigido.jpg\",\"datePublished\":\"2023-05-26T10:38:19+00:00\",\"dateModified\":\"2024-01-10T10:35:32+00:00\",\"breadcrumb\":{\"@id\":\"https:\/\/www.vezzosisrl.com\/fr\/s-wall-traitement-peinture-anti-tache-avec-repose-pieds\/#breadcrumb\"},\"inLanguage\":\"fr-FR\",\"potentialAction\":[{\"@type\":\"ReadAction\",\"target\":[\"https:\/\/www.vezzosisrl.com\/fr\/s-wall-traitement-peinture-anti-tache-avec-repose-pieds\/\"]}]},{\"@type\":\"ImageObject\",\"inLanguage\":\"fr-FR\",\"@id\":\"https:\/\/www.vezzosisrl.com\/fr\/s-wall-traitement-peinture-anti-tache-avec-repose-pieds\/#primaryimage\",\"url\":\"https:\/\/www.vezzosisrl.com\/wp-content\/uploads\/2023\/05\/Postazione-a-muro-s-wall-con-struttura-in-poliuretano-rigido.jpg\",\"contentUrl\":\"https:\/\/www.vezzosisrl.com\/wp-content\/uploads\/2023\/05\/Postazione-a-muro-s-wall-con-struttura-in-poliuretano-rigido.jpg\",\"width\":900,\"height\":900},{\"@type\":\"BreadcrumbList\",\"@id\":\"https:\/\/www.vezzosisrl.com\/fr\/s-wall-traitement-peinture-anti-tache-avec-repose-pieds\/#breadcrumb\",\"itemListElement\":[{\"@type\":\"ListItem\",\"position\":1,\"name\":\"Home\",\"item\":\"https:\/\/www.vezzosisrl.com\/fr\/\"},{\"@type\":\"ListItem\",\"position\":2,\"name\":\"Produits\",\"item\":\"https:\/\/www.vezzosisrl.com\/prodotti\/\"},{\"@type\":\"ListItem\",\"position\":3,\"name\":\"5150 S-WALL\"}]},{\"@type\":\"WebSite\",\"@id\":\"https:\/\/www.vezzosisrl.com\/fr\/#website\",\"url\":\"https:\/\/www.vezzosisrl.com\/fr\/\",\"name\":\"Vezzosi Arredamenti\",\"description\":\"\",\"potentialAction\":[{\"@type\":\"SearchAction\",\"target\":{\"@type\":\"EntryPoint\",\"urlTemplate\":\"https:\/\/www.vezzosisrl.com\/fr\/?s={search_term_string}\"},\"query-input\":{\"@type\":\"PropertyValueSpecification\",\"valueRequired\":true,\"valueName\":\"search_term_string\"}}],\"inLanguage\":\"fr-FR\"}]}<\/script>\n<!-- \/ Yoast SEO plugin. -->","yoast_head_json":{"title":"5150 S-WALL - Vezzosi Arredamenti","robots":{"index":"index","follow":"follow","max-snippet":"max-snippet:-1","max-image-preview":"max-image-preview:large","max-video-preview":"max-video-preview:-1"},"canonical":"https:\/\/www.vezzosisrl.com\/fr\/s-wall-traitement-peinture-anti-tache-avec-repose-pieds\/","og_locale":"fr_FR","og_type":"article","og_title":"5150 S-WALL - Vezzosi Arredamenti","og_description":"S-Wall est notre poste de travail mural avec une structure rigide en polyur\u00e9thane trait\u00e9e avec une peinture r\u00e9sistante aux taches et un repose-pieds inclus. Le miroir ovale dont le contour rappelle la consonne qui donne le nom au poste de travail, en italique, donne un style \u00e9clectique, parfait pour un salon de coiffure au design...","og_url":"https:\/\/www.vezzosisrl.com\/fr\/s-wall-traitement-peinture-anti-tache-avec-repose-pieds\/","og_site_name":"Vezzosi Arredamenti","article_modified_time":"2024-01-10T10:35:32+00:00","og_image":[{"width":900,"height":900,"url":"https:\/\/www.vezzosisrl.com\/wp-content\/uploads\/2023\/05\/Postazione-a-muro-s-wall-con-struttura-in-poliuretano-rigido.jpg","type":"image\/jpeg"}],"twitter_card":"summary_large_image","schema":{"@context":"https:\/\/schema.org","@graph":[{"@type":"WebPage","@id":"https:\/\/www.vezzosisrl.com\/fr\/s-wall-traitement-peinture-anti-tache-avec-repose-pieds\/","url":"https:\/\/www.vezzosisrl.com\/fr\/s-wall-traitement-peinture-anti-tache-avec-repose-pieds\/","name":"5150 S-WALL - Vezzosi Arredamenti","isPartOf":{"@id":"https:\/\/www.vezzosisrl.com\/fr\/#website"},"primaryImageOfPage":{"@id":"https:\/\/www.vezzosisrl.com\/fr\/s-wall-traitement-peinture-anti-tache-avec-repose-pieds\/#primaryimage"},"image":{"@id":"https:\/\/www.vezzosisrl.com\/fr\/s-wall-traitement-peinture-anti-tache-avec-repose-pieds\/#primaryimage"},"thumbnailUrl":"https:\/\/www.vezzosisrl.com\/wp-content\/uploads\/2023\/05\/Postazione-a-muro-s-wall-con-struttura-in-poliuretano-rigido.jpg","datePublished":"2023-05-26T10:38:19+00:00","dateModified":"2024-01-10T10:35:32+00:00","breadcrumb":{"@id":"https:\/\/www.vezzosisrl.com\/fr\/s-wall-traitement-peinture-anti-tache-avec-repose-pieds\/#breadcrumb"},"inLanguage":"fr-FR","potentialAction":[{"@type":"ReadAction","target":["https:\/\/www.vezzosisrl.com\/fr\/s-wall-traitement-peinture-anti-tache-avec-repose-pieds\/"]}]},{"@type":"ImageObject","inLanguage":"fr-FR","@id":"https:\/\/www.vezzosisrl.com\/fr\/s-wall-traitement-peinture-anti-tache-avec-repose-pieds\/#primaryimage","url":"https:\/\/www.vezzosisrl.com\/wp-content\/uploads\/2023\/05\/Postazione-a-muro-s-wall-con-struttura-in-poliuretano-rigido.jpg","contentUrl":"https:\/\/www.vezzosisrl.com\/wp-content\/uploads\/2023\/05\/Postazione-a-muro-s-wall-con-struttura-in-poliuretano-rigido.jpg","width":900,"height":900},{"@type":"BreadcrumbList","@id":"https:\/\/www.vezzosisrl.com\/fr\/s-wall-traitement-peinture-anti-tache-avec-repose-pieds\/#breadcrumb","itemListElement":[{"@type":"ListItem","position":1,"name":"Home","item":"https:\/\/www.vezzosisrl.com\/fr\/"},{"@type":"ListItem","position":2,"name":"Produits","item":"https:\/\/www.vezzosisrl.com\/prodotti\/"},{"@type":"ListItem","position":3,"name":"5150 S-WALL"}]},{"@type":"WebSite","@id":"https:\/\/www.vezzosisrl.com\/fr\/#website","url":"https:\/\/www.vezzosisrl.com\/fr\/","name":"Vezzosi Arredamenti","description":"","potentialAction":[{"@type":"SearchAction","target":{"@type":"EntryPoint","urlTemplate":"https:\/\/www.vezzosisrl.com\/fr\/?s={search_term_string}"},"query-input":{"@type":"PropertyValueSpecification","valueRequired":true,"valueName":"search_term_string"}}],"inLanguage":"fr-FR"}]}},"_links":{"self":[{"href":"https:\/\/www.vezzosisrl.com\/fr\/wp-json\/wp\/v2\/product\/9413","targetHints":{"allow":["GET"]}}],"collection":[{"href":"https:\/\/www.vezzosisrl.com\/fr\/wp-json\/wp\/v2\/product"}],"about":[{"href":"https:\/\/www.vezzosisrl.com\/fr\/wp-json\/wp\/v2\/types\/product"}],"wp:featuredmedia":[{"embeddable":true,"href":"https:\/\/www.vezzosisrl.com\/fr\/wp-json\/wp\/v2\/media\/6256"}],"wp:attachment":[{"href":"https:\/\/www.vezzosisrl.com\/fr\/wp-json\/wp\/v2\/media?parent=9413"}],"wp:term":[{"taxonomy":"product_brand","embeddable":true,"href":"https:\/\/www.vezzosisrl.com\/fr\/wp-json\/wp\/v2\/product_brand?post=9413"},{"taxonomy":"product_cat","embeddable":true,"href":"https:\/\/www.vezzosisrl.com\/fr\/wp-json\/wp\/v2\/product_cat?post=9413"},{"taxonomy":"product_tag","embeddable":true,"href":"https:\/\/www.vezzosisrl.com\/fr\/wp-json\/wp\/v2\/product_tag?post=9413"}],"curies":[{"name":"wp","href":"https:\/\/api.w.org\/{rel}","templated":true}]}}