{"id":9416,"date":"2023-05-26T12:38:19","date_gmt":"2023-05-26T10:38:19","guid":{"rendered":"http:\/\/vsrl.sviluppokeyweb.com\/prodotto\/5180-polaris\/"},"modified":"2024-01-10T11:35:32","modified_gmt":"2024-01-10T10:35:32","slug":"polaris-structure-en-stratifie-plastique-durable","status":"publish","type":"product","link":"https:\/\/www.vezzosisrl.com\/fr\/polaris-structure-en-stratifie-plastique-durable\/","title":{"rendered":"5180 POLARIS"},"content":{"rendered":"<p>Le poste de travail Polaris est une table centrale de 4 places avec une structure en lamin\u00e9 plastique et un repose-pieds en acier. Les lignes angulaires de la table rejoignent les lignes courbes du miroir rond, cr\u00e9ant ainsi un poste de travail au design \u00e9l\u00e9gant, parfait pour un salon de style moderne.<\/p>\n","protected":false},"excerpt":{"rendered":"<p>Le poste de travail Polaris est une table centrale de 4 places avec une structure en lamin\u00e9 plastique et un repose-pieds en acier. Les lignes angulaires de la table rejoignent les lignes courbes du miroir rond, cr\u00e9ant ainsi un poste de travail au design \u00e9l\u00e9gant, parfait pour un salon de style moderne.<\/p>\n","protected":false},"featured_media":6265,"template":"","meta":[],"product_brand":[],"product_cat":[432],"product_tag":[],"class_list":{"0":"post-9416","1":"product","2":"type-product","3":"status-publish","4":"has-post-thumbnail","6":"product_cat-postes-de-travail","7":"pa_collezione-vezzosi-style-fr","8":"pa_tipologie-doppio-fr","9":"pa_tipologie-postes-travail-pour-coiffeur-en-stratifie-bois-2-4-places","10":"pa_tipologie-devis-table-caisse-pour-salon-coiffeur-moderne","12":"first","13":"instock","14":"product-type-simple"},"acf":[],"yoast_head":"<!-- This site is optimized with the Yoast SEO plugin v26.9 - https:\/\/yoast.com\/product\/yoast-seo-wordpress\/ -->\n<title>5180 POLARIS - Vezzosi Arredamenti<\/title>\n<meta name=\"robots\" content=\"index, follow, max-snippet:-1, max-image-preview:large, max-video-preview:-1\" \/>\n<link rel=\"canonical\" href=\"https:\/\/www.vezzosisrl.com\/fr\/polaris-structure-en-stratifie-plastique-durable\/\" \/>\n<meta property=\"og:locale\" content=\"fr_FR\" \/>\n<meta property=\"og:type\" content=\"article\" \/>\n<meta property=\"og:title\" content=\"5180 POLARIS - Vezzosi Arredamenti\" \/>\n<meta property=\"og:description\" content=\"Le poste de travail Polaris est une table centrale de 4 places avec une structure en lamin\u00e9 plastique et un repose-pieds en acier. Les lignes angulaires de la table rejoignent les lignes courbes du miroir rond, cr\u00e9ant ainsi un poste de travail au design \u00e9l\u00e9gant, parfait pour un salon de style moderne.\" \/>\n<meta property=\"og:url\" content=\"https:\/\/www.vezzosisrl.com\/fr\/polaris-structure-en-stratifie-plastique-durable\/\" \/>\n<meta property=\"og:site_name\" content=\"Vezzosi Arredamenti\" \/>\n<meta property=\"article:modified_time\" content=\"2024-01-10T10:35:32+00:00\" \/>\n<meta property=\"og:image\" content=\"https:\/\/www.vezzosisrl.com\/wp-content\/uploads\/2023\/05\/Tavolo-centrale-4-posti-lavoro-polaris-con-struttura-in-laminato-plastico.jpg\" \/>\n\t<meta property=\"og:image:width\" content=\"900\" \/>\n\t<meta property=\"og:image:height\" content=\"900\" \/>\n\t<meta property=\"og:image:type\" content=\"image\/jpeg\" \/>\n<meta name=\"twitter:card\" content=\"summary_large_image\" \/>\n<script type=\"application\/ld+json\" class=\"yoast-schema-graph\">{\"@context\":\"https:\/\/schema.org\",\"@graph\":[{\"@type\":\"WebPage\",\"@id\":\"https:\/\/www.vezzosisrl.com\/fr\/polaris-structure-en-stratifie-plastique-durable\/\",\"url\":\"https:\/\/www.vezzosisrl.com\/fr\/polaris-structure-en-stratifie-plastique-durable\/\",\"name\":\"5180 POLARIS - Vezzosi Arredamenti\",\"isPartOf\":{\"@id\":\"https:\/\/www.vezzosisrl.com\/fr\/#website\"},\"primaryImageOfPage\":{\"@id\":\"https:\/\/www.vezzosisrl.com\/fr\/polaris-structure-en-stratifie-plastique-durable\/#primaryimage\"},\"image\":{\"@id\":\"https:\/\/www.vezzosisrl.com\/fr\/polaris-structure-en-stratifie-plastique-durable\/#primaryimage\"},\"thumbnailUrl\":\"https:\/\/www.vezzosisrl.com\/wp-content\/uploads\/2023\/05\/Tavolo-centrale-4-posti-lavoro-polaris-con-struttura-in-laminato-plastico.jpg\",\"datePublished\":\"2023-05-26T10:38:19+00:00\",\"dateModified\":\"2024-01-10T10:35:32+00:00\",\"breadcrumb\":{\"@id\":\"https:\/\/www.vezzosisrl.com\/fr\/polaris-structure-en-stratifie-plastique-durable\/#breadcrumb\"},\"inLanguage\":\"fr-FR\",\"potentialAction\":[{\"@type\":\"ReadAction\",\"target\":[\"https:\/\/www.vezzosisrl.com\/fr\/polaris-structure-en-stratifie-plastique-durable\/\"]}]},{\"@type\":\"ImageObject\",\"inLanguage\":\"fr-FR\",\"@id\":\"https:\/\/www.vezzosisrl.com\/fr\/polaris-structure-en-stratifie-plastique-durable\/#primaryimage\",\"url\":\"https:\/\/www.vezzosisrl.com\/wp-content\/uploads\/2023\/05\/Tavolo-centrale-4-posti-lavoro-polaris-con-struttura-in-laminato-plastico.jpg\",\"contentUrl\":\"https:\/\/www.vezzosisrl.com\/wp-content\/uploads\/2023\/05\/Tavolo-centrale-4-posti-lavoro-polaris-con-struttura-in-laminato-plastico.jpg\",\"width\":900,\"height\":900},{\"@type\":\"BreadcrumbList\",\"@id\":\"https:\/\/www.vezzosisrl.com\/fr\/polaris-structure-en-stratifie-plastique-durable\/#breadcrumb\",\"itemListElement\":[{\"@type\":\"ListItem\",\"position\":1,\"name\":\"Home\",\"item\":\"https:\/\/www.vezzosisrl.com\/fr\/\"},{\"@type\":\"ListItem\",\"position\":2,\"name\":\"Produits\",\"item\":\"https:\/\/www.vezzosisrl.com\/prodotti\/\"},{\"@type\":\"ListItem\",\"position\":3,\"name\":\"5180 POLARIS\"}]},{\"@type\":\"WebSite\",\"@id\":\"https:\/\/www.vezzosisrl.com\/fr\/#website\",\"url\":\"https:\/\/www.vezzosisrl.com\/fr\/\",\"name\":\"Vezzosi Arredamenti\",\"description\":\"\",\"potentialAction\":[{\"@type\":\"SearchAction\",\"target\":{\"@type\":\"EntryPoint\",\"urlTemplate\":\"https:\/\/www.vezzosisrl.com\/fr\/?s={search_term_string}\"},\"query-input\":{\"@type\":\"PropertyValueSpecification\",\"valueRequired\":true,\"valueName\":\"search_term_string\"}}],\"inLanguage\":\"fr-FR\"}]}<\/script>\n<!-- \/ Yoast SEO plugin. -->","yoast_head_json":{"title":"5180 POLARIS - Vezzosi Arredamenti","robots":{"index":"index","follow":"follow","max-snippet":"max-snippet:-1","max-image-preview":"max-image-preview:large","max-video-preview":"max-video-preview:-1"},"canonical":"https:\/\/www.vezzosisrl.com\/fr\/polaris-structure-en-stratifie-plastique-durable\/","og_locale":"fr_FR","og_type":"article","og_title":"5180 POLARIS - Vezzosi Arredamenti","og_description":"Le poste de travail Polaris est une table centrale de 4 places avec une structure en lamin\u00e9 plastique et un repose-pieds en acier. Les lignes angulaires de la table rejoignent les lignes courbes du miroir rond, cr\u00e9ant ainsi un poste de travail au design \u00e9l\u00e9gant, parfait pour un salon de style moderne.","og_url":"https:\/\/www.vezzosisrl.com\/fr\/polaris-structure-en-stratifie-plastique-durable\/","og_site_name":"Vezzosi Arredamenti","article_modified_time":"2024-01-10T10:35:32+00:00","og_image":[{"width":900,"height":900,"url":"https:\/\/www.vezzosisrl.com\/wp-content\/uploads\/2023\/05\/Tavolo-centrale-4-posti-lavoro-polaris-con-struttura-in-laminato-plastico.jpg","type":"image\/jpeg"}],"twitter_card":"summary_large_image","schema":{"@context":"https:\/\/schema.org","@graph":[{"@type":"WebPage","@id":"https:\/\/www.vezzosisrl.com\/fr\/polaris-structure-en-stratifie-plastique-durable\/","url":"https:\/\/www.vezzosisrl.com\/fr\/polaris-structure-en-stratifie-plastique-durable\/","name":"5180 POLARIS - Vezzosi Arredamenti","isPartOf":{"@id":"https:\/\/www.vezzosisrl.com\/fr\/#website"},"primaryImageOfPage":{"@id":"https:\/\/www.vezzosisrl.com\/fr\/polaris-structure-en-stratifie-plastique-durable\/#primaryimage"},"image":{"@id":"https:\/\/www.vezzosisrl.com\/fr\/polaris-structure-en-stratifie-plastique-durable\/#primaryimage"},"thumbnailUrl":"https:\/\/www.vezzosisrl.com\/wp-content\/uploads\/2023\/05\/Tavolo-centrale-4-posti-lavoro-polaris-con-struttura-in-laminato-plastico.jpg","datePublished":"2023-05-26T10:38:19+00:00","dateModified":"2024-01-10T10:35:32+00:00","breadcrumb":{"@id":"https:\/\/www.vezzosisrl.com\/fr\/polaris-structure-en-stratifie-plastique-durable\/#breadcrumb"},"inLanguage":"fr-FR","potentialAction":[{"@type":"ReadAction","target":["https:\/\/www.vezzosisrl.com\/fr\/polaris-structure-en-stratifie-plastique-durable\/"]}]},{"@type":"ImageObject","inLanguage":"fr-FR","@id":"https:\/\/www.vezzosisrl.com\/fr\/polaris-structure-en-stratifie-plastique-durable\/#primaryimage","url":"https:\/\/www.vezzosisrl.com\/wp-content\/uploads\/2023\/05\/Tavolo-centrale-4-posti-lavoro-polaris-con-struttura-in-laminato-plastico.jpg","contentUrl":"https:\/\/www.vezzosisrl.com\/wp-content\/uploads\/2023\/05\/Tavolo-centrale-4-posti-lavoro-polaris-con-struttura-in-laminato-plastico.jpg","width":900,"height":900},{"@type":"BreadcrumbList","@id":"https:\/\/www.vezzosisrl.com\/fr\/polaris-structure-en-stratifie-plastique-durable\/#breadcrumb","itemListElement":[{"@type":"ListItem","position":1,"name":"Home","item":"https:\/\/www.vezzosisrl.com\/fr\/"},{"@type":"ListItem","position":2,"name":"Produits","item":"https:\/\/www.vezzosisrl.com\/prodotti\/"},{"@type":"ListItem","position":3,"name":"5180 POLARIS"}]},{"@type":"WebSite","@id":"https:\/\/www.vezzosisrl.com\/fr\/#website","url":"https:\/\/www.vezzosisrl.com\/fr\/","name":"Vezzosi Arredamenti","description":"","potentialAction":[{"@type":"SearchAction","target":{"@type":"EntryPoint","urlTemplate":"https:\/\/www.vezzosisrl.com\/fr\/?s={search_term_string}"},"query-input":{"@type":"PropertyValueSpecification","valueRequired":true,"valueName":"search_term_string"}}],"inLanguage":"fr-FR"}]}},"_links":{"self":[{"href":"https:\/\/www.vezzosisrl.com\/fr\/wp-json\/wp\/v2\/product\/9416","targetHints":{"allow":["GET"]}}],"collection":[{"href":"https:\/\/www.vezzosisrl.com\/fr\/wp-json\/wp\/v2\/product"}],"about":[{"href":"https:\/\/www.vezzosisrl.com\/fr\/wp-json\/wp\/v2\/types\/product"}],"wp:featuredmedia":[{"embeddable":true,"href":"https:\/\/www.vezzosisrl.com\/fr\/wp-json\/wp\/v2\/media\/6265"}],"wp:attachment":[{"href":"https:\/\/www.vezzosisrl.com\/fr\/wp-json\/wp\/v2\/media?parent=9416"}],"wp:term":[{"taxonomy":"product_brand","embeddable":true,"href":"https:\/\/www.vezzosisrl.com\/fr\/wp-json\/wp\/v2\/product_brand?post=9416"},{"taxonomy":"product_cat","embeddable":true,"href":"https:\/\/www.vezzosisrl.com\/fr\/wp-json\/wp\/v2\/product_cat?post=9416"},{"taxonomy":"product_tag","embeddable":true,"href":"https:\/\/www.vezzosisrl.com\/fr\/wp-json\/wp\/v2\/product_tag?post=9416"}],"curies":[{"name":"wp","href":"https:\/\/api.w.org\/{rel}","templated":true}]}}