{"id":9431,"date":"2023-05-26T12:36:21","date_gmt":"2023-05-26T10:36:21","guid":{"rendered":"http:\/\/vsrl.sviluppokeyweb.com\/prodotto\/1310-dora\/"},"modified":"2024-03-08T14:50:42","modified_gmt":"2024-03-08T13:50:42","slug":"dora-chaise-pivotante-pour-centre-de-beaute","status":"publish","type":"product","link":"https:\/\/www.vezzosisrl.com\/fr\/dora-chaise-pivotante-pour-centre-de-beaute\/","title":{"rendered":"1310 DORA"},"content":{"rendered":"<p>Chaise de travail pivotante avec structure en polyur\u00e9thane expans\u00e9 et rev\u00eatement en ska\u00ef. Dora est la chaise parfaite pour tout type de centre de beaut\u00e9 ou de salon de coiffure, son style minimal s&#8217;adapte en effet \u00e0 n&#8217;importe quel contexte, apportant avec lui un m\u00e9lange d&#8217;\u00e9l\u00e9gance et d&#8217;innovation.<\/p>\n","protected":false},"excerpt":{"rendered":"<p>Chaise de travail pivotante avec structure en polyur\u00e9thane expans\u00e9 et rev\u00eatement en ska\u00ef. Dora est la chaise parfaite pour tout type de centre de beaut\u00e9 ou de salon de coiffure, son style minimal s&#8217;adapte en effet \u00e0 n&#8217;importe quel contexte, apportant avec lui un m\u00e9lange d&#8217;\u00e9l\u00e9gance et d&#8217;innovation.<\/p>\n","protected":false},"featured_media":11014,"template":"","meta":[],"product_brand":[],"product_cat":[354],"product_tag":[],"class_list":{"0":"post-9431","1":"product","2":"type-product","3":"status-publish","4":"has-post-thumbnail","6":"product_cat-fauteuils-de-travail","7":"pa_collezione-vezzosi-style-fr","8":"pa_tipologie-squadrata-fr","10":"first","11":"instock","12":"product-type-simple"},"acf":[],"yoast_head":"<!-- This site is optimized with the Yoast SEO plugin v26.9 - https:\/\/yoast.com\/product\/yoast-seo-wordpress\/ -->\n<title>Chaise de travail DORA<\/title>\n<meta name=\"description\" content=\"DORA est un fauteuil pivotant parfait pour un salon de coiffure ou un institut de beaut\u00e9. Il est dot\u00e9 d&#039;une structure en mousse de polyur\u00e9thane et d&#039;un rev\u00eatement en ska\u00ef.\" \/>\n<meta name=\"robots\" content=\"index, follow, max-snippet:-1, max-image-preview:large, max-video-preview:-1\" \/>\n<link rel=\"canonical\" href=\"https:\/\/www.vezzosisrl.com\/fr\/dora-chaise-pivotante-pour-centre-de-beaute\/\" \/>\n<meta property=\"og:locale\" content=\"fr_FR\" \/>\n<meta property=\"og:type\" content=\"article\" \/>\n<meta property=\"og:title\" content=\"Chaise de travail DORA\" \/>\n<meta property=\"og:description\" content=\"DORA est un fauteuil pivotant parfait pour un salon de coiffure ou un institut de beaut\u00e9. Il est dot\u00e9 d&#039;une structure en mousse de polyur\u00e9thane et d&#039;un rev\u00eatement en ska\u00ef.\" \/>\n<meta property=\"og:url\" content=\"https:\/\/www.vezzosisrl.com\/fr\/dora-chaise-pivotante-pour-centre-de-beaute\/\" \/>\n<meta property=\"og:site_name\" content=\"Vezzosi Arredamenti\" \/>\n<meta property=\"article:modified_time\" content=\"2024-03-08T13:50:42+00:00\" \/>\n<meta property=\"og:image\" content=\"https:\/\/www.vezzosisrl.com\/wp-content\/uploads\/2023\/05\/dorafronte.jpg\" \/>\n\t<meta property=\"og:image:width\" content=\"1000\" \/>\n\t<meta property=\"og:image:height\" content=\"1000\" \/>\n\t<meta property=\"og:image:type\" content=\"image\/jpeg\" \/>\n<meta name=\"twitter:card\" content=\"summary_large_image\" \/>\n<meta name=\"twitter:label1\" content=\"Dur\u00e9e de lecture estim\u00e9e\" \/>\n\t<meta name=\"twitter:data1\" content=\"1 minute\" \/>\n<script type=\"application\/ld+json\" class=\"yoast-schema-graph\">{\"@context\":\"https:\/\/schema.org\",\"@graph\":[{\"@type\":\"WebPage\",\"@id\":\"https:\/\/www.vezzosisrl.com\/fr\/dora-chaise-pivotante-pour-centre-de-beaute\/\",\"url\":\"https:\/\/www.vezzosisrl.com\/fr\/dora-chaise-pivotante-pour-centre-de-beaute\/\",\"name\":\"Chaise de travail DORA\",\"isPartOf\":{\"@id\":\"https:\/\/www.vezzosisrl.com\/fr\/#website\"},\"primaryImageOfPage\":{\"@id\":\"https:\/\/www.vezzosisrl.com\/fr\/dora-chaise-pivotante-pour-centre-de-beaute\/#primaryimage\"},\"image\":{\"@id\":\"https:\/\/www.vezzosisrl.com\/fr\/dora-chaise-pivotante-pour-centre-de-beaute\/#primaryimage\"},\"thumbnailUrl\":\"https:\/\/www.vezzosisrl.com\/wp-content\/uploads\/2023\/05\/dorafronte.jpg\",\"datePublished\":\"2023-05-26T10:36:21+00:00\",\"dateModified\":\"2024-03-08T13:50:42+00:00\",\"description\":\"DORA est un fauteuil pivotant parfait pour un salon de coiffure ou un institut de beaut\u00e9. Il est dot\u00e9 d'une structure en mousse de polyur\u00e9thane et d'un rev\u00eatement en ska\u00ef.\",\"breadcrumb\":{\"@id\":\"https:\/\/www.vezzosisrl.com\/fr\/dora-chaise-pivotante-pour-centre-de-beaute\/#breadcrumb\"},\"inLanguage\":\"fr-FR\",\"potentialAction\":[{\"@type\":\"ReadAction\",\"target\":[\"https:\/\/www.vezzosisrl.com\/fr\/dora-chaise-pivotante-pour-centre-de-beaute\/\"]}]},{\"@type\":\"ImageObject\",\"inLanguage\":\"fr-FR\",\"@id\":\"https:\/\/www.vezzosisrl.com\/fr\/dora-chaise-pivotante-pour-centre-de-beaute\/#primaryimage\",\"url\":\"https:\/\/www.vezzosisrl.com\/wp-content\/uploads\/2023\/05\/dorafronte.jpg\",\"contentUrl\":\"https:\/\/www.vezzosisrl.com\/wp-content\/uploads\/2023\/05\/dorafronte.jpg\",\"width\":1000,\"height\":1000},{\"@type\":\"BreadcrumbList\",\"@id\":\"https:\/\/www.vezzosisrl.com\/fr\/dora-chaise-pivotante-pour-centre-de-beaute\/#breadcrumb\",\"itemListElement\":[{\"@type\":\"ListItem\",\"position\":1,\"name\":\"Home\",\"item\":\"https:\/\/www.vezzosisrl.com\/fr\/\"},{\"@type\":\"ListItem\",\"position\":2,\"name\":\"Produits\",\"item\":\"https:\/\/www.vezzosisrl.com\/prodotti\/\"},{\"@type\":\"ListItem\",\"position\":3,\"name\":\"1310 DORA\"}]},{\"@type\":\"WebSite\",\"@id\":\"https:\/\/www.vezzosisrl.com\/fr\/#website\",\"url\":\"https:\/\/www.vezzosisrl.com\/fr\/\",\"name\":\"Vezzosi Arredamenti\",\"description\":\"\",\"potentialAction\":[{\"@type\":\"SearchAction\",\"target\":{\"@type\":\"EntryPoint\",\"urlTemplate\":\"https:\/\/www.vezzosisrl.com\/fr\/?s={search_term_string}\"},\"query-input\":{\"@type\":\"PropertyValueSpecification\",\"valueRequired\":true,\"valueName\":\"search_term_string\"}}],\"inLanguage\":\"fr-FR\"}]}<\/script>\n<!-- \/ Yoast SEO plugin. -->","yoast_head_json":{"title":"Chaise de travail DORA","description":"DORA est un fauteuil pivotant parfait pour un salon de coiffure ou un institut de beaut\u00e9. Il est dot\u00e9 d'une structure en mousse de polyur\u00e9thane et d'un rev\u00eatement en ska\u00ef.","robots":{"index":"index","follow":"follow","max-snippet":"max-snippet:-1","max-image-preview":"max-image-preview:large","max-video-preview":"max-video-preview:-1"},"canonical":"https:\/\/www.vezzosisrl.com\/fr\/dora-chaise-pivotante-pour-centre-de-beaute\/","og_locale":"fr_FR","og_type":"article","og_title":"Chaise de travail DORA","og_description":"DORA est un fauteuil pivotant parfait pour un salon de coiffure ou un institut de beaut\u00e9. Il est dot\u00e9 d'une structure en mousse de polyur\u00e9thane et d'un rev\u00eatement en ska\u00ef.","og_url":"https:\/\/www.vezzosisrl.com\/fr\/dora-chaise-pivotante-pour-centre-de-beaute\/","og_site_name":"Vezzosi Arredamenti","article_modified_time":"2024-03-08T13:50:42+00:00","og_image":[{"width":1000,"height":1000,"url":"https:\/\/www.vezzosisrl.com\/wp-content\/uploads\/2023\/05\/dorafronte.jpg","type":"image\/jpeg"}],"twitter_card":"summary_large_image","twitter_misc":{"Dur\u00e9e de lecture estim\u00e9e":"1 minute"},"schema":{"@context":"https:\/\/schema.org","@graph":[{"@type":"WebPage","@id":"https:\/\/www.vezzosisrl.com\/fr\/dora-chaise-pivotante-pour-centre-de-beaute\/","url":"https:\/\/www.vezzosisrl.com\/fr\/dora-chaise-pivotante-pour-centre-de-beaute\/","name":"Chaise de travail DORA","isPartOf":{"@id":"https:\/\/www.vezzosisrl.com\/fr\/#website"},"primaryImageOfPage":{"@id":"https:\/\/www.vezzosisrl.com\/fr\/dora-chaise-pivotante-pour-centre-de-beaute\/#primaryimage"},"image":{"@id":"https:\/\/www.vezzosisrl.com\/fr\/dora-chaise-pivotante-pour-centre-de-beaute\/#primaryimage"},"thumbnailUrl":"https:\/\/www.vezzosisrl.com\/wp-content\/uploads\/2023\/05\/dorafronte.jpg","datePublished":"2023-05-26T10:36:21+00:00","dateModified":"2024-03-08T13:50:42+00:00","description":"DORA est un fauteuil pivotant parfait pour un salon de coiffure ou un institut de beaut\u00e9. Il est dot\u00e9 d'une structure en mousse de polyur\u00e9thane et d'un rev\u00eatement en ska\u00ef.","breadcrumb":{"@id":"https:\/\/www.vezzosisrl.com\/fr\/dora-chaise-pivotante-pour-centre-de-beaute\/#breadcrumb"},"inLanguage":"fr-FR","potentialAction":[{"@type":"ReadAction","target":["https:\/\/www.vezzosisrl.com\/fr\/dora-chaise-pivotante-pour-centre-de-beaute\/"]}]},{"@type":"ImageObject","inLanguage":"fr-FR","@id":"https:\/\/www.vezzosisrl.com\/fr\/dora-chaise-pivotante-pour-centre-de-beaute\/#primaryimage","url":"https:\/\/www.vezzosisrl.com\/wp-content\/uploads\/2023\/05\/dorafronte.jpg","contentUrl":"https:\/\/www.vezzosisrl.com\/wp-content\/uploads\/2023\/05\/dorafronte.jpg","width":1000,"height":1000},{"@type":"BreadcrumbList","@id":"https:\/\/www.vezzosisrl.com\/fr\/dora-chaise-pivotante-pour-centre-de-beaute\/#breadcrumb","itemListElement":[{"@type":"ListItem","position":1,"name":"Home","item":"https:\/\/www.vezzosisrl.com\/fr\/"},{"@type":"ListItem","position":2,"name":"Produits","item":"https:\/\/www.vezzosisrl.com\/prodotti\/"},{"@type":"ListItem","position":3,"name":"1310 DORA"}]},{"@type":"WebSite","@id":"https:\/\/www.vezzosisrl.com\/fr\/#website","url":"https:\/\/www.vezzosisrl.com\/fr\/","name":"Vezzosi Arredamenti","description":"","potentialAction":[{"@type":"SearchAction","target":{"@type":"EntryPoint","urlTemplate":"https:\/\/www.vezzosisrl.com\/fr\/?s={search_term_string}"},"query-input":{"@type":"PropertyValueSpecification","valueRequired":true,"valueName":"search_term_string"}}],"inLanguage":"fr-FR"}]}},"_links":{"self":[{"href":"https:\/\/www.vezzosisrl.com\/fr\/wp-json\/wp\/v2\/product\/9431","targetHints":{"allow":["GET"]}}],"collection":[{"href":"https:\/\/www.vezzosisrl.com\/fr\/wp-json\/wp\/v2\/product"}],"about":[{"href":"https:\/\/www.vezzosisrl.com\/fr\/wp-json\/wp\/v2\/types\/product"}],"wp:featuredmedia":[{"embeddable":true,"href":"https:\/\/www.vezzosisrl.com\/fr\/wp-json\/wp\/v2\/media\/11014"}],"wp:attachment":[{"href":"https:\/\/www.vezzosisrl.com\/fr\/wp-json\/wp\/v2\/media?parent=9431"}],"wp:term":[{"taxonomy":"product_brand","embeddable":true,"href":"https:\/\/www.vezzosisrl.com\/fr\/wp-json\/wp\/v2\/product_brand?post=9431"},{"taxonomy":"product_cat","embeddable":true,"href":"https:\/\/www.vezzosisrl.com\/fr\/wp-json\/wp\/v2\/product_cat?post=9431"},{"taxonomy":"product_tag","embeddable":true,"href":"https:\/\/www.vezzosisrl.com\/fr\/wp-json\/wp\/v2\/product_tag?post=9431"}],"curies":[{"name":"wp","href":"https:\/\/api.w.org\/{rel}","templated":true}]}}