{"id":9455,"date":"2023-05-26T12:36:21","date_gmt":"2023-05-26T10:36:21","guid":{"rendered":"http:\/\/vsrl.sviluppokeyweb.com\/prodotto\/8145-meg\/"},"modified":"2024-01-10T11:36:05","modified_gmt":"2024-01-10T10:36:05","slug":"meg-fourniture-seances-pied-en-etoile-rond-carre","status":"publish","type":"product","link":"https:\/\/www.vezzosisrl.com\/fr\/meg-fourniture-seances-pied-en-etoile-rond-carre\/","title":{"rendered":"8145 MEG"},"content":{"rendered":"<p>Fauteuil tournant avec structure en mousse de polyur\u00e9thane, insert interne en acier et rembourrage en ska\u00ef. Meg n&#8217;est pas seulement un fauteuil, mais une v\u00e9ritable solution d&#8217;ameublement. Ses finitions, soign\u00e9es dans les moindres d\u00e9tails, et ses lignes courbes cr\u00e9ent l&#8217;harmonie dont votre salon a besoin. Il est \u00e9galement possible de choisir entre diff\u00e9rents mod\u00e8les pour la base en acier inoxydable : du pied rond classique au pied \u00e9toile, en passant par le style moderne du pied carr\u00e9.<\/p>\n","protected":false},"excerpt":{"rendered":"<p>Fauteuil tournant avec structure en mousse de polyur\u00e9thane, insert interne en acier et rembourrage en ska\u00ef. Meg n&#8217;est pas seulement un fauteuil, mais une v\u00e9ritable solution d&#8217;ameublement. Ses finitions, soign\u00e9es dans les moindres d\u00e9tails, et ses lignes courbes cr\u00e9ent l&#8217;harmonie dont votre salon a besoin. Il est \u00e9galement possible de choisir entre diff\u00e9rents mod\u00e8les pour&#8230;<\/p>\n","protected":false},"featured_media":6013,"template":"","meta":[],"product_brand":[],"product_cat":[354],"product_tag":[],"class_list":{"0":"post-9455","1":"product","2":"type-product","3":"status-publish","4":"has-post-thumbnail","6":"product_cat-fauteuils-de-travail","7":"pa_collezione-vezzosi-style-fr","8":"pa_tipologie-tonda-fr","10":"first","11":"instock","12":"product-type-simple"},"acf":[],"yoast_head":"<!-- This site is optimized with the Yoast SEO plugin v26.9 - https:\/\/yoast.com\/product\/yoast-seo-wordpress\/ -->\n<title>8145 MEG - Vezzosi Arredamenti<\/title>\n<meta name=\"robots\" content=\"index, follow, max-snippet:-1, max-image-preview:large, max-video-preview:-1\" \/>\n<link rel=\"canonical\" href=\"https:\/\/www.vezzosisrl.com\/fr\/meg-fourniture-seances-pied-en-etoile-rond-carre\/\" \/>\n<meta property=\"og:locale\" content=\"fr_FR\" \/>\n<meta property=\"og:type\" content=\"article\" \/>\n<meta property=\"og:title\" content=\"8145 MEG - Vezzosi Arredamenti\" \/>\n<meta property=\"og:description\" content=\"Fauteuil tournant avec structure en mousse de polyur\u00e9thane, insert interne en acier et rembourrage en ska\u00ef. Meg n&#8217;est pas seulement un fauteuil, mais une v\u00e9ritable solution d&#8217;ameublement. Ses finitions, soign\u00e9es dans les moindres d\u00e9tails, et ses lignes courbes cr\u00e9ent l&#8217;harmonie dont votre salon a besoin. Il est \u00e9galement possible de choisir entre diff\u00e9rents mod\u00e8les pour...\" \/>\n<meta property=\"og:url\" content=\"https:\/\/www.vezzosisrl.com\/fr\/meg-fourniture-seances-pied-en-etoile-rond-carre\/\" \/>\n<meta property=\"og:site_name\" content=\"Vezzosi Arredamenti\" \/>\n<meta property=\"article:modified_time\" content=\"2024-01-10T10:36:05+00:00\" \/>\n<meta property=\"og:image\" content=\"https:\/\/www.vezzosisrl.com\/wp-content\/uploads\/2023\/05\/sedie-meg-per-arredo-salone-stile-moderno-con-piede-tondo.jpg\" \/>\n\t<meta property=\"og:image:width\" content=\"900\" \/>\n\t<meta property=\"og:image:height\" content=\"900\" \/>\n\t<meta property=\"og:image:type\" content=\"image\/jpeg\" \/>\n<meta name=\"twitter:card\" content=\"summary_large_image\" \/>\n<script type=\"application\/ld+json\" class=\"yoast-schema-graph\">{\"@context\":\"https:\/\/schema.org\",\"@graph\":[{\"@type\":\"WebPage\",\"@id\":\"https:\/\/www.vezzosisrl.com\/fr\/meg-fourniture-seances-pied-en-etoile-rond-carre\/\",\"url\":\"https:\/\/www.vezzosisrl.com\/fr\/meg-fourniture-seances-pied-en-etoile-rond-carre\/\",\"name\":\"8145 MEG - Vezzosi Arredamenti\",\"isPartOf\":{\"@id\":\"https:\/\/www.vezzosisrl.com\/fr\/#website\"},\"primaryImageOfPage\":{\"@id\":\"https:\/\/www.vezzosisrl.com\/fr\/meg-fourniture-seances-pied-en-etoile-rond-carre\/#primaryimage\"},\"image\":{\"@id\":\"https:\/\/www.vezzosisrl.com\/fr\/meg-fourniture-seances-pied-en-etoile-rond-carre\/#primaryimage\"},\"thumbnailUrl\":\"https:\/\/www.vezzosisrl.com\/wp-content\/uploads\/2023\/05\/sedie-meg-per-arredo-salone-stile-moderno-con-piede-tondo.jpg\",\"datePublished\":\"2023-05-26T10:36:21+00:00\",\"dateModified\":\"2024-01-10T10:36:05+00:00\",\"breadcrumb\":{\"@id\":\"https:\/\/www.vezzosisrl.com\/fr\/meg-fourniture-seances-pied-en-etoile-rond-carre\/#breadcrumb\"},\"inLanguage\":\"fr-FR\",\"potentialAction\":[{\"@type\":\"ReadAction\",\"target\":[\"https:\/\/www.vezzosisrl.com\/fr\/meg-fourniture-seances-pied-en-etoile-rond-carre\/\"]}]},{\"@type\":\"ImageObject\",\"inLanguage\":\"fr-FR\",\"@id\":\"https:\/\/www.vezzosisrl.com\/fr\/meg-fourniture-seances-pied-en-etoile-rond-carre\/#primaryimage\",\"url\":\"https:\/\/www.vezzosisrl.com\/wp-content\/uploads\/2023\/05\/sedie-meg-per-arredo-salone-stile-moderno-con-piede-tondo.jpg\",\"contentUrl\":\"https:\/\/www.vezzosisrl.com\/wp-content\/uploads\/2023\/05\/sedie-meg-per-arredo-salone-stile-moderno-con-piede-tondo.jpg\",\"width\":900,\"height\":900},{\"@type\":\"BreadcrumbList\",\"@id\":\"https:\/\/www.vezzosisrl.com\/fr\/meg-fourniture-seances-pied-en-etoile-rond-carre\/#breadcrumb\",\"itemListElement\":[{\"@type\":\"ListItem\",\"position\":1,\"name\":\"Home\",\"item\":\"https:\/\/www.vezzosisrl.com\/fr\/\"},{\"@type\":\"ListItem\",\"position\":2,\"name\":\"Produits\",\"item\":\"https:\/\/www.vezzosisrl.com\/prodotti\/\"},{\"@type\":\"ListItem\",\"position\":3,\"name\":\"8145 MEG\"}]},{\"@type\":\"WebSite\",\"@id\":\"https:\/\/www.vezzosisrl.com\/fr\/#website\",\"url\":\"https:\/\/www.vezzosisrl.com\/fr\/\",\"name\":\"Vezzosi Arredamenti\",\"description\":\"\",\"potentialAction\":[{\"@type\":\"SearchAction\",\"target\":{\"@type\":\"EntryPoint\",\"urlTemplate\":\"https:\/\/www.vezzosisrl.com\/fr\/?s={search_term_string}\"},\"query-input\":{\"@type\":\"PropertyValueSpecification\",\"valueRequired\":true,\"valueName\":\"search_term_string\"}}],\"inLanguage\":\"fr-FR\"}]}<\/script>\n<!-- \/ Yoast SEO plugin. -->","yoast_head_json":{"title":"8145 MEG - Vezzosi Arredamenti","robots":{"index":"index","follow":"follow","max-snippet":"max-snippet:-1","max-image-preview":"max-image-preview:large","max-video-preview":"max-video-preview:-1"},"canonical":"https:\/\/www.vezzosisrl.com\/fr\/meg-fourniture-seances-pied-en-etoile-rond-carre\/","og_locale":"fr_FR","og_type":"article","og_title":"8145 MEG - Vezzosi Arredamenti","og_description":"Fauteuil tournant avec structure en mousse de polyur\u00e9thane, insert interne en acier et rembourrage en ska\u00ef. Meg n&#8217;est pas seulement un fauteuil, mais une v\u00e9ritable solution d&#8217;ameublement. Ses finitions, soign\u00e9es dans les moindres d\u00e9tails, et ses lignes courbes cr\u00e9ent l&#8217;harmonie dont votre salon a besoin. Il est \u00e9galement possible de choisir entre diff\u00e9rents mod\u00e8les pour...","og_url":"https:\/\/www.vezzosisrl.com\/fr\/meg-fourniture-seances-pied-en-etoile-rond-carre\/","og_site_name":"Vezzosi Arredamenti","article_modified_time":"2024-01-10T10:36:05+00:00","og_image":[{"width":900,"height":900,"url":"https:\/\/www.vezzosisrl.com\/wp-content\/uploads\/2023\/05\/sedie-meg-per-arredo-salone-stile-moderno-con-piede-tondo.jpg","type":"image\/jpeg"}],"twitter_card":"summary_large_image","schema":{"@context":"https:\/\/schema.org","@graph":[{"@type":"WebPage","@id":"https:\/\/www.vezzosisrl.com\/fr\/meg-fourniture-seances-pied-en-etoile-rond-carre\/","url":"https:\/\/www.vezzosisrl.com\/fr\/meg-fourniture-seances-pied-en-etoile-rond-carre\/","name":"8145 MEG - Vezzosi Arredamenti","isPartOf":{"@id":"https:\/\/www.vezzosisrl.com\/fr\/#website"},"primaryImageOfPage":{"@id":"https:\/\/www.vezzosisrl.com\/fr\/meg-fourniture-seances-pied-en-etoile-rond-carre\/#primaryimage"},"image":{"@id":"https:\/\/www.vezzosisrl.com\/fr\/meg-fourniture-seances-pied-en-etoile-rond-carre\/#primaryimage"},"thumbnailUrl":"https:\/\/www.vezzosisrl.com\/wp-content\/uploads\/2023\/05\/sedie-meg-per-arredo-salone-stile-moderno-con-piede-tondo.jpg","datePublished":"2023-05-26T10:36:21+00:00","dateModified":"2024-01-10T10:36:05+00:00","breadcrumb":{"@id":"https:\/\/www.vezzosisrl.com\/fr\/meg-fourniture-seances-pied-en-etoile-rond-carre\/#breadcrumb"},"inLanguage":"fr-FR","potentialAction":[{"@type":"ReadAction","target":["https:\/\/www.vezzosisrl.com\/fr\/meg-fourniture-seances-pied-en-etoile-rond-carre\/"]}]},{"@type":"ImageObject","inLanguage":"fr-FR","@id":"https:\/\/www.vezzosisrl.com\/fr\/meg-fourniture-seances-pied-en-etoile-rond-carre\/#primaryimage","url":"https:\/\/www.vezzosisrl.com\/wp-content\/uploads\/2023\/05\/sedie-meg-per-arredo-salone-stile-moderno-con-piede-tondo.jpg","contentUrl":"https:\/\/www.vezzosisrl.com\/wp-content\/uploads\/2023\/05\/sedie-meg-per-arredo-salone-stile-moderno-con-piede-tondo.jpg","width":900,"height":900},{"@type":"BreadcrumbList","@id":"https:\/\/www.vezzosisrl.com\/fr\/meg-fourniture-seances-pied-en-etoile-rond-carre\/#breadcrumb","itemListElement":[{"@type":"ListItem","position":1,"name":"Home","item":"https:\/\/www.vezzosisrl.com\/fr\/"},{"@type":"ListItem","position":2,"name":"Produits","item":"https:\/\/www.vezzosisrl.com\/prodotti\/"},{"@type":"ListItem","position":3,"name":"8145 MEG"}]},{"@type":"WebSite","@id":"https:\/\/www.vezzosisrl.com\/fr\/#website","url":"https:\/\/www.vezzosisrl.com\/fr\/","name":"Vezzosi Arredamenti","description":"","potentialAction":[{"@type":"SearchAction","target":{"@type":"EntryPoint","urlTemplate":"https:\/\/www.vezzosisrl.com\/fr\/?s={search_term_string}"},"query-input":{"@type":"PropertyValueSpecification","valueRequired":true,"valueName":"search_term_string"}}],"inLanguage":"fr-FR"}]}},"_links":{"self":[{"href":"https:\/\/www.vezzosisrl.com\/fr\/wp-json\/wp\/v2\/product\/9455","targetHints":{"allow":["GET"]}}],"collection":[{"href":"https:\/\/www.vezzosisrl.com\/fr\/wp-json\/wp\/v2\/product"}],"about":[{"href":"https:\/\/www.vezzosisrl.com\/fr\/wp-json\/wp\/v2\/types\/product"}],"wp:featuredmedia":[{"embeddable":true,"href":"https:\/\/www.vezzosisrl.com\/fr\/wp-json\/wp\/v2\/media\/6013"}],"wp:attachment":[{"href":"https:\/\/www.vezzosisrl.com\/fr\/wp-json\/wp\/v2\/media?parent=9455"}],"wp:term":[{"taxonomy":"product_brand","embeddable":true,"href":"https:\/\/www.vezzosisrl.com\/fr\/wp-json\/wp\/v2\/product_brand?post=9455"},{"taxonomy":"product_cat","embeddable":true,"href":"https:\/\/www.vezzosisrl.com\/fr\/wp-json\/wp\/v2\/product_cat?post=9455"},{"taxonomy":"product_tag","embeddable":true,"href":"https:\/\/www.vezzosisrl.com\/fr\/wp-json\/wp\/v2\/product_tag?post=9455"}],"curies":[{"name":"wp","href":"https:\/\/api.w.org\/{rel}","templated":true}]}}