{"id":9461,"date":"2023-05-26T12:36:21","date_gmt":"2023-05-26T10:36:21","guid":{"rendered":"http:\/\/vsrl.sviluppokeyweb.com\/prodotto\/1320-frida\/"},"modified":"2024-01-10T11:34:15","modified_gmt":"2024-01-10T10:34:15","slug":"poltrona-girevole-frida-tapezzeria-skai-pompa-idraulica","status":"publish","type":"product","link":"https:\/\/www.vezzosisrl.com\/fr\/fauteuil-tournant-frida-tapisserie-skai-pompe-hydraulique\/","title":{"rendered":"1320 FRIDA"},"content":{"rendered":"<p>Fauteuil tournant avec pompe hydraulique, structure en m\u00e9tal peint et rembourrage en ska\u00ef. Frida est configur\u00e9e comme une solution d&#8217;ameublement avec un style audacieux et effront\u00e9. Ses lignes s&#8217;imposent dans une parfaite harmonie d&#8217;acier et de d\u00e9tails.<\/p>\n","protected":false},"excerpt":{"rendered":"<p>Fauteuil tournant avec pompe hydraulique, structure en m\u00e9tal peint et rembourrage en ska\u00ef. Frida est configur\u00e9e comme une solution d&#8217;ameublement avec un style audacieux et effront\u00e9. Ses lignes s&#8217;imposent dans une parfaite harmonie d&#8217;acier et de d\u00e9tails.<\/p>\n","protected":false},"featured_media":6034,"template":"","meta":[],"product_brand":[],"product_cat":[354],"product_tag":[],"class_list":{"0":"post-9461","1":"product","2":"type-product","3":"status-publish","4":"has-post-thumbnail","6":"product_cat-fauteuils-de-travail","7":"pa_collezione-vezzosi-style-fr","8":"pa_tipologie-squadrata-fr","10":"first","11":"instock","12":"product-type-simple"},"acf":[],"yoast_head":"<!-- This site is optimized with the Yoast SEO plugin v26.9 - https:\/\/yoast.com\/product\/yoast-seo-wordpress\/ -->\n<title>1320 FRIDA - Vezzosi Arredamenti<\/title>\n<meta name=\"robots\" content=\"index, follow, max-snippet:-1, max-image-preview:large, max-video-preview:-1\" \/>\n<link rel=\"canonical\" href=\"https:\/\/www.vezzosisrl.com\/fr\/fauteuil-tournant-frida-tapisserie-skai-pompe-hydraulique\/\" \/>\n<meta property=\"og:locale\" content=\"fr_FR\" \/>\n<meta property=\"og:type\" content=\"article\" \/>\n<meta property=\"og:title\" content=\"1320 FRIDA - Vezzosi Arredamenti\" \/>\n<meta property=\"og:description\" content=\"Fauteuil tournant avec pompe hydraulique, structure en m\u00e9tal peint et rembourrage en ska\u00ef. Frida est configur\u00e9e comme une solution d&#8217;ameublement avec un style audacieux et effront\u00e9. Ses lignes s&#8217;imposent dans une parfaite harmonie d&#8217;acier et de d\u00e9tails.\" \/>\n<meta property=\"og:url\" content=\"https:\/\/www.vezzosisrl.com\/fr\/fauteuil-tournant-frida-tapisserie-skai-pompe-hydraulique\/\" \/>\n<meta property=\"og:site_name\" content=\"Vezzosi Arredamenti\" \/>\n<meta property=\"article:modified_time\" content=\"2024-01-10T10:34:15+00:00\" \/>\n<meta property=\"og:image\" content=\"https:\/\/www.vezzosisrl.com\/wp-content\/uploads\/2023\/05\/Frida-poltrona-girevole-in-tappezzeria-skai-e-metallo-verniciato-con-pompa-idraulica.jpg\" \/>\n\t<meta property=\"og:image:width\" content=\"900\" \/>\n\t<meta property=\"og:image:height\" content=\"900\" \/>\n\t<meta property=\"og:image:type\" content=\"image\/jpeg\" \/>\n<meta name=\"twitter:card\" content=\"summary_large_image\" \/>\n<script type=\"application\/ld+json\" class=\"yoast-schema-graph\">{\"@context\":\"https:\/\/schema.org\",\"@graph\":[{\"@type\":\"WebPage\",\"@id\":\"https:\/\/www.vezzosisrl.com\/fr\/fauteuil-tournant-frida-tapisserie-skai-pompe-hydraulique\/\",\"url\":\"https:\/\/www.vezzosisrl.com\/fr\/fauteuil-tournant-frida-tapisserie-skai-pompe-hydraulique\/\",\"name\":\"1320 FRIDA - Vezzosi Arredamenti\",\"isPartOf\":{\"@id\":\"https:\/\/www.vezzosisrl.com\/fr\/#website\"},\"primaryImageOfPage\":{\"@id\":\"https:\/\/www.vezzosisrl.com\/fr\/fauteuil-tournant-frida-tapisserie-skai-pompe-hydraulique\/#primaryimage\"},\"image\":{\"@id\":\"https:\/\/www.vezzosisrl.com\/fr\/fauteuil-tournant-frida-tapisserie-skai-pompe-hydraulique\/#primaryimage\"},\"thumbnailUrl\":\"https:\/\/www.vezzosisrl.com\/wp-content\/uploads\/2023\/05\/Frida-poltrona-girevole-in-tappezzeria-skai-e-metallo-verniciato-con-pompa-idraulica.jpg\",\"datePublished\":\"2023-05-26T10:36:21+00:00\",\"dateModified\":\"2024-01-10T10:34:15+00:00\",\"breadcrumb\":{\"@id\":\"https:\/\/www.vezzosisrl.com\/fr\/fauteuil-tournant-frida-tapisserie-skai-pompe-hydraulique\/#breadcrumb\"},\"inLanguage\":\"fr-FR\",\"potentialAction\":[{\"@type\":\"ReadAction\",\"target\":[\"https:\/\/www.vezzosisrl.com\/fr\/fauteuil-tournant-frida-tapisserie-skai-pompe-hydraulique\/\"]}]},{\"@type\":\"ImageObject\",\"inLanguage\":\"fr-FR\",\"@id\":\"https:\/\/www.vezzosisrl.com\/fr\/fauteuil-tournant-frida-tapisserie-skai-pompe-hydraulique\/#primaryimage\",\"url\":\"https:\/\/www.vezzosisrl.com\/wp-content\/uploads\/2023\/05\/Frida-poltrona-girevole-in-tappezzeria-skai-e-metallo-verniciato-con-pompa-idraulica.jpg\",\"contentUrl\":\"https:\/\/www.vezzosisrl.com\/wp-content\/uploads\/2023\/05\/Frida-poltrona-girevole-in-tappezzeria-skai-e-metallo-verniciato-con-pompa-idraulica.jpg\",\"width\":900,\"height\":900},{\"@type\":\"BreadcrumbList\",\"@id\":\"https:\/\/www.vezzosisrl.com\/fr\/fauteuil-tournant-frida-tapisserie-skai-pompe-hydraulique\/#breadcrumb\",\"itemListElement\":[{\"@type\":\"ListItem\",\"position\":1,\"name\":\"Home\",\"item\":\"https:\/\/www.vezzosisrl.com\/fr\/\"},{\"@type\":\"ListItem\",\"position\":2,\"name\":\"Produits\",\"item\":\"https:\/\/www.vezzosisrl.com\/prodotti\/\"},{\"@type\":\"ListItem\",\"position\":3,\"name\":\"1320 FRIDA\"}]},{\"@type\":\"WebSite\",\"@id\":\"https:\/\/www.vezzosisrl.com\/fr\/#website\",\"url\":\"https:\/\/www.vezzosisrl.com\/fr\/\",\"name\":\"Vezzosi Arredamenti\",\"description\":\"\",\"potentialAction\":[{\"@type\":\"SearchAction\",\"target\":{\"@type\":\"EntryPoint\",\"urlTemplate\":\"https:\/\/www.vezzosisrl.com\/fr\/?s={search_term_string}\"},\"query-input\":{\"@type\":\"PropertyValueSpecification\",\"valueRequired\":true,\"valueName\":\"search_term_string\"}}],\"inLanguage\":\"fr-FR\"}]}<\/script>\n<!-- \/ Yoast SEO plugin. -->","yoast_head_json":{"title":"1320 FRIDA - Vezzosi Arredamenti","robots":{"index":"index","follow":"follow","max-snippet":"max-snippet:-1","max-image-preview":"max-image-preview:large","max-video-preview":"max-video-preview:-1"},"canonical":"https:\/\/www.vezzosisrl.com\/fr\/fauteuil-tournant-frida-tapisserie-skai-pompe-hydraulique\/","og_locale":"fr_FR","og_type":"article","og_title":"1320 FRIDA - Vezzosi Arredamenti","og_description":"Fauteuil tournant avec pompe hydraulique, structure en m\u00e9tal peint et rembourrage en ska\u00ef. Frida est configur\u00e9e comme une solution d&#8217;ameublement avec un style audacieux et effront\u00e9. Ses lignes s&#8217;imposent dans une parfaite harmonie d&#8217;acier et de d\u00e9tails.","og_url":"https:\/\/www.vezzosisrl.com\/fr\/fauteuil-tournant-frida-tapisserie-skai-pompe-hydraulique\/","og_site_name":"Vezzosi Arredamenti","article_modified_time":"2024-01-10T10:34:15+00:00","og_image":[{"width":900,"height":900,"url":"https:\/\/www.vezzosisrl.com\/wp-content\/uploads\/2023\/05\/Frida-poltrona-girevole-in-tappezzeria-skai-e-metallo-verniciato-con-pompa-idraulica.jpg","type":"image\/jpeg"}],"twitter_card":"summary_large_image","schema":{"@context":"https:\/\/schema.org","@graph":[{"@type":"WebPage","@id":"https:\/\/www.vezzosisrl.com\/fr\/fauteuil-tournant-frida-tapisserie-skai-pompe-hydraulique\/","url":"https:\/\/www.vezzosisrl.com\/fr\/fauteuil-tournant-frida-tapisserie-skai-pompe-hydraulique\/","name":"1320 FRIDA - Vezzosi Arredamenti","isPartOf":{"@id":"https:\/\/www.vezzosisrl.com\/fr\/#website"},"primaryImageOfPage":{"@id":"https:\/\/www.vezzosisrl.com\/fr\/fauteuil-tournant-frida-tapisserie-skai-pompe-hydraulique\/#primaryimage"},"image":{"@id":"https:\/\/www.vezzosisrl.com\/fr\/fauteuil-tournant-frida-tapisserie-skai-pompe-hydraulique\/#primaryimage"},"thumbnailUrl":"https:\/\/www.vezzosisrl.com\/wp-content\/uploads\/2023\/05\/Frida-poltrona-girevole-in-tappezzeria-skai-e-metallo-verniciato-con-pompa-idraulica.jpg","datePublished":"2023-05-26T10:36:21+00:00","dateModified":"2024-01-10T10:34:15+00:00","breadcrumb":{"@id":"https:\/\/www.vezzosisrl.com\/fr\/fauteuil-tournant-frida-tapisserie-skai-pompe-hydraulique\/#breadcrumb"},"inLanguage":"fr-FR","potentialAction":[{"@type":"ReadAction","target":["https:\/\/www.vezzosisrl.com\/fr\/fauteuil-tournant-frida-tapisserie-skai-pompe-hydraulique\/"]}]},{"@type":"ImageObject","inLanguage":"fr-FR","@id":"https:\/\/www.vezzosisrl.com\/fr\/fauteuil-tournant-frida-tapisserie-skai-pompe-hydraulique\/#primaryimage","url":"https:\/\/www.vezzosisrl.com\/wp-content\/uploads\/2023\/05\/Frida-poltrona-girevole-in-tappezzeria-skai-e-metallo-verniciato-con-pompa-idraulica.jpg","contentUrl":"https:\/\/www.vezzosisrl.com\/wp-content\/uploads\/2023\/05\/Frida-poltrona-girevole-in-tappezzeria-skai-e-metallo-verniciato-con-pompa-idraulica.jpg","width":900,"height":900},{"@type":"BreadcrumbList","@id":"https:\/\/www.vezzosisrl.com\/fr\/fauteuil-tournant-frida-tapisserie-skai-pompe-hydraulique\/#breadcrumb","itemListElement":[{"@type":"ListItem","position":1,"name":"Home","item":"https:\/\/www.vezzosisrl.com\/fr\/"},{"@type":"ListItem","position":2,"name":"Produits","item":"https:\/\/www.vezzosisrl.com\/prodotti\/"},{"@type":"ListItem","position":3,"name":"1320 FRIDA"}]},{"@type":"WebSite","@id":"https:\/\/www.vezzosisrl.com\/fr\/#website","url":"https:\/\/www.vezzosisrl.com\/fr\/","name":"Vezzosi Arredamenti","description":"","potentialAction":[{"@type":"SearchAction","target":{"@type":"EntryPoint","urlTemplate":"https:\/\/www.vezzosisrl.com\/fr\/?s={search_term_string}"},"query-input":{"@type":"PropertyValueSpecification","valueRequired":true,"valueName":"search_term_string"}}],"inLanguage":"fr-FR"}]}},"_links":{"self":[{"href":"https:\/\/www.vezzosisrl.com\/fr\/wp-json\/wp\/v2\/product\/9461","targetHints":{"allow":["GET"]}}],"collection":[{"href":"https:\/\/www.vezzosisrl.com\/fr\/wp-json\/wp\/v2\/product"}],"about":[{"href":"https:\/\/www.vezzosisrl.com\/fr\/wp-json\/wp\/v2\/types\/product"}],"wp:featuredmedia":[{"embeddable":true,"href":"https:\/\/www.vezzosisrl.com\/fr\/wp-json\/wp\/v2\/media\/6034"}],"wp:attachment":[{"href":"https:\/\/www.vezzosisrl.com\/fr\/wp-json\/wp\/v2\/media?parent=9461"}],"wp:term":[{"taxonomy":"product_brand","embeddable":true,"href":"https:\/\/www.vezzosisrl.com\/fr\/wp-json\/wp\/v2\/product_brand?post=9461"},{"taxonomy":"product_cat","embeddable":true,"href":"https:\/\/www.vezzosisrl.com\/fr\/wp-json\/wp\/v2\/product_cat?post=9461"},{"taxonomy":"product_tag","embeddable":true,"href":"https:\/\/www.vezzosisrl.com\/fr\/wp-json\/wp\/v2\/product_tag?post=9461"}],"curies":[{"name":"wp","href":"https:\/\/api.w.org\/{rel}","templated":true}]}}