{"id":9464,"date":"2023-05-26T12:36:21","date_gmt":"2023-05-26T10:36:21","guid":{"rendered":"http:\/\/vsrl.sviluppokeyweb.com\/prodotto\/1321-eva\/"},"modified":"2024-01-10T11:34:16","modified_gmt":"2024-01-10T10:34:16","slug":"poltrona-eva-schienale-reclinabile-base-a-stella","status":"publish","type":"product","link":"https:\/\/www.vezzosisrl.com\/fr\/fauteuil-eva-dossier-inclinable-base-a-etoile\/","title":{"rendered":"1321 EVA"},"content":{"rendered":"<p>Fauteuil avec une structure enti\u00e8rement recouverte de ska\u00ef et repose-pieds en m\u00e9tal peint. Eva est notre fauteuil tournant avec appui-t\u00eate r\u00e9glable et dossier inclinable, avec ses lignes d\u00e9cisives et \u00e9l\u00e9gantes, adapt\u00e9 \u00e0 tous les types de salon.<\/p>\n","protected":false},"excerpt":{"rendered":"<p>Fauteuil avec une structure enti\u00e8rement recouverte de ska\u00ef et repose-pieds en m\u00e9tal peint. Eva est notre fauteuil tournant avec appui-t\u00eate r\u00e9glable et dossier inclinable, avec ses lignes d\u00e9cisives et \u00e9l\u00e9gantes, adapt\u00e9 \u00e0 tous les types de salon.<\/p>\n","protected":false},"featured_media":6043,"template":"","meta":[],"product_brand":[],"product_cat":[354],"product_tag":[],"class_list":{"0":"post-9464","1":"product","2":"type-product","3":"status-publish","4":"has-post-thumbnail","6":"product_cat-fauteuils-de-travail","7":"pa_collezione-vezzosi-style-fr","8":"pa_tipologie-squadrata-fr","10":"first","11":"instock","12":"product-type-simple"},"acf":[],"yoast_head":"<!-- This site is optimized with the Yoast SEO plugin v26.9 - https:\/\/yoast.com\/product\/yoast-seo-wordpress\/ -->\n<title>1321 EVA - Vezzosi Arredamenti<\/title>\n<meta name=\"robots\" content=\"index, follow, max-snippet:-1, max-image-preview:large, max-video-preview:-1\" \/>\n<link rel=\"canonical\" href=\"https:\/\/www.vezzosisrl.com\/fr\/fauteuil-eva-dossier-inclinable-base-a-etoile\/\" \/>\n<meta property=\"og:locale\" content=\"fr_FR\" \/>\n<meta property=\"og:type\" content=\"article\" \/>\n<meta property=\"og:title\" content=\"1321 EVA - Vezzosi Arredamenti\" \/>\n<meta property=\"og:description\" content=\"Fauteuil avec une structure enti\u00e8rement recouverte de ska\u00ef et repose-pieds en m\u00e9tal peint. Eva est notre fauteuil tournant avec appui-t\u00eate r\u00e9glable et dossier inclinable, avec ses lignes d\u00e9cisives et \u00e9l\u00e9gantes, adapt\u00e9 \u00e0 tous les types de salon.\" \/>\n<meta property=\"og:url\" content=\"https:\/\/www.vezzosisrl.com\/fr\/fauteuil-eva-dossier-inclinable-base-a-etoile\/\" \/>\n<meta property=\"og:site_name\" content=\"Vezzosi Arredamenti\" \/>\n<meta property=\"article:modified_time\" content=\"2024-01-10T10:34:16+00:00\" \/>\n<meta property=\"og:image\" content=\"https:\/\/www.vezzosisrl.com\/wp-content\/uploads\/2023\/05\/Eva-poltrona-con-schienale-reclinabile-in-metallo.jpg\" \/>\n\t<meta property=\"og:image:width\" content=\"900\" \/>\n\t<meta property=\"og:image:height\" content=\"900\" \/>\n\t<meta property=\"og:image:type\" content=\"image\/jpeg\" \/>\n<meta name=\"twitter:card\" content=\"summary_large_image\" \/>\n<script type=\"application\/ld+json\" class=\"yoast-schema-graph\">{\"@context\":\"https:\/\/schema.org\",\"@graph\":[{\"@type\":\"WebPage\",\"@id\":\"https:\/\/www.vezzosisrl.com\/fr\/fauteuil-eva-dossier-inclinable-base-a-etoile\/\",\"url\":\"https:\/\/www.vezzosisrl.com\/fr\/fauteuil-eva-dossier-inclinable-base-a-etoile\/\",\"name\":\"1321 EVA - Vezzosi Arredamenti\",\"isPartOf\":{\"@id\":\"https:\/\/www.vezzosisrl.com\/fr\/#website\"},\"primaryImageOfPage\":{\"@id\":\"https:\/\/www.vezzosisrl.com\/fr\/fauteuil-eva-dossier-inclinable-base-a-etoile\/#primaryimage\"},\"image\":{\"@id\":\"https:\/\/www.vezzosisrl.com\/fr\/fauteuil-eva-dossier-inclinable-base-a-etoile\/#primaryimage\"},\"thumbnailUrl\":\"https:\/\/www.vezzosisrl.com\/wp-content\/uploads\/2023\/05\/Eva-poltrona-con-schienale-reclinabile-in-metallo.jpg\",\"datePublished\":\"2023-05-26T10:36:21+00:00\",\"dateModified\":\"2024-01-10T10:34:16+00:00\",\"breadcrumb\":{\"@id\":\"https:\/\/www.vezzosisrl.com\/fr\/fauteuil-eva-dossier-inclinable-base-a-etoile\/#breadcrumb\"},\"inLanguage\":\"fr-FR\",\"potentialAction\":[{\"@type\":\"ReadAction\",\"target\":[\"https:\/\/www.vezzosisrl.com\/fr\/fauteuil-eva-dossier-inclinable-base-a-etoile\/\"]}]},{\"@type\":\"ImageObject\",\"inLanguage\":\"fr-FR\",\"@id\":\"https:\/\/www.vezzosisrl.com\/fr\/fauteuil-eva-dossier-inclinable-base-a-etoile\/#primaryimage\",\"url\":\"https:\/\/www.vezzosisrl.com\/wp-content\/uploads\/2023\/05\/Eva-poltrona-con-schienale-reclinabile-in-metallo.jpg\",\"contentUrl\":\"https:\/\/www.vezzosisrl.com\/wp-content\/uploads\/2023\/05\/Eva-poltrona-con-schienale-reclinabile-in-metallo.jpg\",\"width\":900,\"height\":900},{\"@type\":\"BreadcrumbList\",\"@id\":\"https:\/\/www.vezzosisrl.com\/fr\/fauteuil-eva-dossier-inclinable-base-a-etoile\/#breadcrumb\",\"itemListElement\":[{\"@type\":\"ListItem\",\"position\":1,\"name\":\"Home\",\"item\":\"https:\/\/www.vezzosisrl.com\/fr\/\"},{\"@type\":\"ListItem\",\"position\":2,\"name\":\"Produits\",\"item\":\"https:\/\/www.vezzosisrl.com\/prodotti\/\"},{\"@type\":\"ListItem\",\"position\":3,\"name\":\"1321 EVA\"}]},{\"@type\":\"WebSite\",\"@id\":\"https:\/\/www.vezzosisrl.com\/fr\/#website\",\"url\":\"https:\/\/www.vezzosisrl.com\/fr\/\",\"name\":\"Vezzosi Arredamenti\",\"description\":\"\",\"potentialAction\":[{\"@type\":\"SearchAction\",\"target\":{\"@type\":\"EntryPoint\",\"urlTemplate\":\"https:\/\/www.vezzosisrl.com\/fr\/?s={search_term_string}\"},\"query-input\":{\"@type\":\"PropertyValueSpecification\",\"valueRequired\":true,\"valueName\":\"search_term_string\"}}],\"inLanguage\":\"fr-FR\"}]}<\/script>\n<!-- \/ Yoast SEO plugin. -->","yoast_head_json":{"title":"1321 EVA - Vezzosi Arredamenti","robots":{"index":"index","follow":"follow","max-snippet":"max-snippet:-1","max-image-preview":"max-image-preview:large","max-video-preview":"max-video-preview:-1"},"canonical":"https:\/\/www.vezzosisrl.com\/fr\/fauteuil-eva-dossier-inclinable-base-a-etoile\/","og_locale":"fr_FR","og_type":"article","og_title":"1321 EVA - Vezzosi Arredamenti","og_description":"Fauteuil avec une structure enti\u00e8rement recouverte de ska\u00ef et repose-pieds en m\u00e9tal peint. Eva est notre fauteuil tournant avec appui-t\u00eate r\u00e9glable et dossier inclinable, avec ses lignes d\u00e9cisives et \u00e9l\u00e9gantes, adapt\u00e9 \u00e0 tous les types de salon.","og_url":"https:\/\/www.vezzosisrl.com\/fr\/fauteuil-eva-dossier-inclinable-base-a-etoile\/","og_site_name":"Vezzosi Arredamenti","article_modified_time":"2024-01-10T10:34:16+00:00","og_image":[{"width":900,"height":900,"url":"https:\/\/www.vezzosisrl.com\/wp-content\/uploads\/2023\/05\/Eva-poltrona-con-schienale-reclinabile-in-metallo.jpg","type":"image\/jpeg"}],"twitter_card":"summary_large_image","schema":{"@context":"https:\/\/schema.org","@graph":[{"@type":"WebPage","@id":"https:\/\/www.vezzosisrl.com\/fr\/fauteuil-eva-dossier-inclinable-base-a-etoile\/","url":"https:\/\/www.vezzosisrl.com\/fr\/fauteuil-eva-dossier-inclinable-base-a-etoile\/","name":"1321 EVA - Vezzosi Arredamenti","isPartOf":{"@id":"https:\/\/www.vezzosisrl.com\/fr\/#website"},"primaryImageOfPage":{"@id":"https:\/\/www.vezzosisrl.com\/fr\/fauteuil-eva-dossier-inclinable-base-a-etoile\/#primaryimage"},"image":{"@id":"https:\/\/www.vezzosisrl.com\/fr\/fauteuil-eva-dossier-inclinable-base-a-etoile\/#primaryimage"},"thumbnailUrl":"https:\/\/www.vezzosisrl.com\/wp-content\/uploads\/2023\/05\/Eva-poltrona-con-schienale-reclinabile-in-metallo.jpg","datePublished":"2023-05-26T10:36:21+00:00","dateModified":"2024-01-10T10:34:16+00:00","breadcrumb":{"@id":"https:\/\/www.vezzosisrl.com\/fr\/fauteuil-eva-dossier-inclinable-base-a-etoile\/#breadcrumb"},"inLanguage":"fr-FR","potentialAction":[{"@type":"ReadAction","target":["https:\/\/www.vezzosisrl.com\/fr\/fauteuil-eva-dossier-inclinable-base-a-etoile\/"]}]},{"@type":"ImageObject","inLanguage":"fr-FR","@id":"https:\/\/www.vezzosisrl.com\/fr\/fauteuil-eva-dossier-inclinable-base-a-etoile\/#primaryimage","url":"https:\/\/www.vezzosisrl.com\/wp-content\/uploads\/2023\/05\/Eva-poltrona-con-schienale-reclinabile-in-metallo.jpg","contentUrl":"https:\/\/www.vezzosisrl.com\/wp-content\/uploads\/2023\/05\/Eva-poltrona-con-schienale-reclinabile-in-metallo.jpg","width":900,"height":900},{"@type":"BreadcrumbList","@id":"https:\/\/www.vezzosisrl.com\/fr\/fauteuil-eva-dossier-inclinable-base-a-etoile\/#breadcrumb","itemListElement":[{"@type":"ListItem","position":1,"name":"Home","item":"https:\/\/www.vezzosisrl.com\/fr\/"},{"@type":"ListItem","position":2,"name":"Produits","item":"https:\/\/www.vezzosisrl.com\/prodotti\/"},{"@type":"ListItem","position":3,"name":"1321 EVA"}]},{"@type":"WebSite","@id":"https:\/\/www.vezzosisrl.com\/fr\/#website","url":"https:\/\/www.vezzosisrl.com\/fr\/","name":"Vezzosi Arredamenti","description":"","potentialAction":[{"@type":"SearchAction","target":{"@type":"EntryPoint","urlTemplate":"https:\/\/www.vezzosisrl.com\/fr\/?s={search_term_string}"},"query-input":{"@type":"PropertyValueSpecification","valueRequired":true,"valueName":"search_term_string"}}],"inLanguage":"fr-FR"}]}},"_links":{"self":[{"href":"https:\/\/www.vezzosisrl.com\/fr\/wp-json\/wp\/v2\/product\/9464","targetHints":{"allow":["GET"]}}],"collection":[{"href":"https:\/\/www.vezzosisrl.com\/fr\/wp-json\/wp\/v2\/product"}],"about":[{"href":"https:\/\/www.vezzosisrl.com\/fr\/wp-json\/wp\/v2\/types\/product"}],"wp:featuredmedia":[{"embeddable":true,"href":"https:\/\/www.vezzosisrl.com\/fr\/wp-json\/wp\/v2\/media\/6043"}],"wp:attachment":[{"href":"https:\/\/www.vezzosisrl.com\/fr\/wp-json\/wp\/v2\/media?parent=9464"}],"wp:term":[{"taxonomy":"product_brand","embeddable":true,"href":"https:\/\/www.vezzosisrl.com\/fr\/wp-json\/wp\/v2\/product_brand?post=9464"},{"taxonomy":"product_cat","embeddable":true,"href":"https:\/\/www.vezzosisrl.com\/fr\/wp-json\/wp\/v2\/product_cat?post=9464"},{"taxonomy":"product_tag","embeddable":true,"href":"https:\/\/www.vezzosisrl.com\/fr\/wp-json\/wp\/v2\/product_tag?post=9464"}],"curies":[{"name":"wp","href":"https:\/\/api.w.org\/{rel}","templated":true}]}}